{"id":40928,"date":"2022-09-20T23:28:33","date_gmt":"2022-09-20T23:28:33","guid":{"rendered":"https:\/\/www.sisinternational.com\/?page_id=40928"},"modified":"2026-01-26T16:57:06","modified_gmt":"2026-01-26T21:57:06","slug":"pesquisa-de-mercado-para-marcas-envelhecidas","status":"publish","type":"page","link":"https:\/\/www.sisinternational.com\/pt\/pericia\/pesquisa-de-mercado-para-marcas-envelhecidas\/","title":{"rendered":"Pesquisa de mercado para marcas envelhecidas"},"content":{"rendered":"<h1 class=\"wp-block-heading\">Pesquisa de mercado para marcas envelhecidas<\/h1>\n\n\n\n<figure class=\"gb-block-image gb-block-image-1123b83b\"><img loading=\"lazy\" decoding=\"async\" width=\"1456\" height=\"816\" class=\"gb-image gb-image-1123b83b\" src=\"https:\/\/www.sisinternational.com\/wp-content\/uploads\/2025\/09\/Predictive-analytics-22.jpg\" alt=\"Pesquisa e Estrat\u00e9gia de Mercado Internacional da SIS\" title=\"Predictive analytics (22)\" srcset=\"https:\/\/www.sisinternational.com\/wp-content\/uploads\/2025\/09\/Predictive-analytics-22.jpg 1456w, https:\/\/www.sisinternational.com\/wp-content\/uploads\/2025\/09\/Predictive-analytics-22-300x168.jpg 300w, https:\/\/www.sisinternational.com\/wp-content\/uploads\/2025\/09\/Predictive-analytics-22-1024x574.jpg 1024w, https:\/\/www.sisinternational.com\/wp-content\/uploads\/2025\/09\/Predictive-analytics-22-768x430.jpg 768w, https:\/\/www.sisinternational.com\/wp-content\/uploads\/2025\/09\/Predictive-analytics-22-18x10.jpg 18w\" sizes=\"auto, (max-width: 1456px) 100vw, 1456px\"><\/figure>\n\n\n\n<hr class=\"wp-block-separator has-alpha-channel-opacity is-style-dots\"\/>\n\n\n\n<p><\/p>\n\n\n\n<p>One can expect car design, computer operating systems, and clothing styles to change. Shouldn&#8217;t it be the same with the look of a brand? When is it time to give a brand an update? The first sign is a subtle change in what a <a href=\"https:\/\/www.sisinternational.com\/pt\/mercado-de-publicidade-digital\/\" title=\"Marketing e Publicidade na Era Digital\"  data-wpil-monitor-id=\"1812\">brand is \u201cabout.\u201d Market<\/a> research is a critical element in expressing the new brand. Well-executed <a href=\"https:\/\/www.sisinternational.com\/pt\/solucoes\/solucoes-de-branding-e-pesquisa-de-clientes\/pesquisa-de-mercado-de-diferenciacao-de-marca\/\" title=\"Pesquisa de mercado de diferencia\u00e7\u00e3o de marca\"  data-wpil-monitor-id=\"2867\">pesquisa de mercado<\/a> enables companies to redesign their brand. The end product should define what they do, who they are, and why people can count on them.<\/p>\n\n\n\n<h2 class=\"wp-block-heading\">Redefinindo Marcas em uma Economia Global<\/h2>\n\n\n\n<p>Strong <a href=\"https:\/\/www.sisinternational.com\/pt\/pericia\/industrias\/pesquisa-de-mercado-da-marca\/\" title=\"Pesquisa de mercado da marca\"  data-wpil-monitor-id=\"7072\">brands outpace the market<\/a> average. They also outstrip the financial markets index. Many businesses now reserve sizable portions of their marketing budgets for digital media. This digital budget is necessary to remain relevant in the marketplace. It also helps them to forge deeper connections with their customers.<\/p>\n\n\n\n<p>Al\u00e9m disso, uma nova gera\u00e7\u00e3o de marcas globais est\u00e1 evoluindo. As marcas mais antigas devem observar as estrat\u00e9gias que est\u00e3o usando. Nos \u00faltimos anos, tornou-se uma prioridade construir uma cultura de marca robusta e confi\u00e1vel. Os clientes devem ser capazes de reconhecer a cultura da marca em qualquer lugar do mundo. A ascens\u00e3o dos canais digitais mudou a \u00eanfase da marca da estrutura para a cultura.<\/p>\n\n\n\n<p>The upswing of digital has also transformed the way marketers communicate. Marketers now connect with their agency partners and customers using digital technology. The primary <a href=\"https:\/\/www.sisinternational.com\/pt\/o-mercado-livre-de-impostos\/\" title=\"Pesquisa de mercado isento de impostos\"  data-wpil-monitor-id=\"6282\">duties and the central features of marketing<\/a> stay the same. The functions have had to increase in scope, though. The new tasks are to accommodate the shifting nature of the world in which brands operate.<\/p>\n\n\n\n<p>Um excelente exemplo de marca que se redefiniu na economia global \u00e9 o Grupo Wyndham. Wyndham \u00e9 a maior empresa hoteleira do mundo, com mais de 7.800 propriedades. A empresa reformulou recentemente suas 16 marcas. Tamb\u00e9m investiu em novas tecnologias e modernizou suas propriedades hoteleiras. Al\u00e9m disso, o grupo anunciou novas parcerias e benef\u00edcios para atender turistas com mentalidade econ\u00f4mica.<\/p>\n\n\n\n<h2 class=\"wp-block-heading\">Marcas mais antigas precisam acompanhar as marcas mais novas<\/h2>\n\n\n\n<p>Algumas empresas vendem hoje os mesmos produtos que vendiam em 1920. Como fazem isso? Suas ofertas s\u00e3o t\u00e3o valiosas e difundidas quanto eram h\u00e1 cem anos. Ainda assim, essas empresas sabem que suas necessidades de marketing atendem ao seu p\u00fablico em constante mudan\u00e7a. Por exemplo, a LEGO come\u00e7ou como uma pequena empresa em 1939, fabricando brinquedos de madeira na Dinamarca. A LEGO Company desenvolveu recentemente um videogame para PlayStation, Xbox e Nintendo.<\/p>\n\n\n\n<p>Outro exemplo \u00e9 o Kraft Macaroni &amp; Cheese. A Kraft queria entrar no mercado de entusiastas de alimentos saud\u00e1veis, mas n\u00e3o queria assustar os clientes. A empresa lan\u00e7ou o novo produto sem alarde. Eles ent\u00e3o realizaram uma campanha no Twitter v\u00e1rios meses depois. Essa t\u00e1tica deu \u00e0s pessoas tempo suficiente para concluir que n\u00e3o notaram a diferen\u00e7a.<\/p>\n\n\n\n<p>Marcas que seguirem seus velhos h\u00e1bitos perder\u00e3o relev\u00e2ncia. Eles precisam ficar por dentro das tend\u00eancias em mudan\u00e7a. A Kraft explorou a tend\u00eancia crescente para op\u00e7\u00f5es alimentares mais saud\u00e1veis e um estilo de vida limpo. As experi\u00eancias tamb\u00e9m desempenham um papel importante no estilo de vida moderno. Marcas experientes est\u00e3o prestando aten\u00e7\u00e3o a este novo desenvolvimento. Este conceito \u00e9 o que est\u00e1 por tr\u00e1s do LEGO&#039;S Legoland. A empresa lan\u00e7ou a Legoland em 1968 e ainda \u00e9 popular hoje.<\/p>\n\n\n\n<h2 class=\"wp-block-heading\">Como reinventar marcas mais antigas<\/h2>\n\n\n\n<p>As marcas devem espelhar o mercado existente \u00e0 medida que os neg\u00f3cios crescem e mudam. Em suma, a concorr\u00eancia vai melhorar a sua marca. Ela adotar\u00e1 logotipos mais recentes e desenvolver\u00e1 novas maneiras de se conectar com o p\u00fablico. Se as empresas decidirem permanecer as mesmas, acabar\u00e3o por perder a sua vantagem competitiva. A atualiza\u00e7\u00e3o da marca informa ao p\u00fablico que a empresa \u00e9 relevante e moderna. Tamb\u00e9m mostra uma conex\u00e3o entre uma empresa e seu setor.<\/p>\n\n\n\n<p>O truque para reinventar marcas mais antigas \u00e9 manter um olhar atento ao cliente. As empresas devem ouvir os desejos e necessidades do cliente. Eles devem usar essas informa\u00e7\u00f5es para criar e manter a relev\u00e2ncia da marca no mundo atual. Eles tamb\u00e9m devem ser capazes de contar a hist\u00f3ria da marca para inspirar afinidade e inten\u00e7\u00e3o de compra. Esses s\u00e3o os segredos por que algumas marcas permanecem relevantes e outras n\u00e3o. Os profissionais de marketing fariam bem em prestar aten\u00e7\u00e3o e sempre buscar relev\u00e2ncia, independentemente do mercado.<\/p>\n\n\n\n<p><\/p>","protected":false},"excerpt":{"rendered":"<p>Uma pesquisa de mercado bem executada permite que as empresas redesenhem sua marca. O produto final deve definir o que fazem, quem s\u00e3o e por que as pessoas podem contar com eles.<\/p>","protected":false},"author":1,"featured_media":70175,"parent":14514,"menu_order":145,"comment_status":"closed","ping_status":"closed","template":"","meta":{"footnotes":""},"class_list":["post-40928","page","type-page","status-publish","has-post-thumbnail"],"_links":{"self":[{"href":"https:\/\/www.sisinternational.com\/pt\/wp-json\/wp\/v2\/pages\/40928","targetHints":{"allow":["GET"]}}],"collection":[{"href":"https:\/\/www.sisinternational.com\/pt\/wp-json\/wp\/v2\/pages"}],"about":[{"href":"https:\/\/www.sisinternational.com\/pt\/wp-json\/wp\/v2\/types\/page"}],"author":[{"embeddable":true,"href":"https:\/\/www.sisinternational.com\/pt\/wp-json\/wp\/v2\/users\/1"}],"replies":[{"embeddable":true,"href":"https:\/\/www.sisinternational.com\/pt\/wp-json\/wp\/v2\/comments?post=40928"}],"version-history":[{"count":7,"href":"https:\/\/www.sisinternational.com\/pt\/wp-json\/wp\/v2\/pages\/40928\/revisions"}],"predecessor-version":[{"id":80636,"href":"https:\/\/www.sisinternational.com\/pt\/wp-json\/wp\/v2\/pages\/40928\/revisions\/80636"}],"up":[{"embeddable":true,"href":"https:\/\/www.sisinternational.com\/pt\/wp-json\/wp\/v2\/pages\/14514"}],"wp:featuredmedia":[{"embeddable":true,"href":"https:\/\/www.sisinternational.com\/pt\/wp-json\/wp\/v2\/media\/70175"}],"wp:attachment":[{"href":"https:\/\/www.sisinternational.com\/pt\/wp-json\/wp\/v2\/media?parent=40928"}],"curies":[{"name":"wp","href":"https:\/\/api.w.org\/{rel}","templated":true}]}}