{"id":40923,"date":"2022-09-20T20:26:22","date_gmt":"2022-09-20T20:26:22","guid":{"rendered":"https:\/\/www.sisinternational.com\/?page_id=40923"},"modified":"2026-01-25T18:27:17","modified_gmt":"2026-01-25T23:27:17","slug":"pesquisa-de-mercado-judaico","status":"publish","type":"page","link":"https:\/\/www.sisinternational.com\/pt\/pericia\/pesquisa-de-mercado-judaico\/","title":{"rendered":"Pesquisa de Mercado Judaico"},"content":{"rendered":"<h1 class=\"wp-block-heading\">Pesquisa de Mercado Judaico<\/h1>\n\n\n\n<figure class=\"gb-block-image gb-block-image-222a31c5\"><img loading=\"lazy\" decoding=\"async\" width=\"1456\" height=\"816\" class=\"gb-image gb-image-222a31c5\" src=\"https:\/\/www.sisinternational.com\/wp-content\/uploads\/2025\/08\/jewish-2.jpg\" alt=\"Pesquisa e Estrat\u00e9gia de Mercado Internacional da SIS\" title=\"jewish (2)\" srcset=\"https:\/\/www.sisinternational.com\/wp-content\/uploads\/2025\/08\/jewish-2.jpg 1456w, https:\/\/www.sisinternational.com\/wp-content\/uploads\/2025\/08\/jewish-2-300x168.jpg 300w, https:\/\/www.sisinternational.com\/wp-content\/uploads\/2025\/08\/jewish-2-1024x574.jpg 1024w, https:\/\/www.sisinternational.com\/wp-content\/uploads\/2025\/08\/jewish-2-768x430.jpg 768w, https:\/\/www.sisinternational.com\/wp-content\/uploads\/2025\/08\/jewish-2-18x10.jpg 18w\" sizes=\"auto, (max-width: 1456px) 100vw, 1456px\"><\/figure>\n\n\n\n<p><\/p>\n\n\n\n<hr class=\"wp-block-separator has-alpha-channel-opacity is-style-dots\"\/>\n\n\n\n<div class=\"wp-block-columns has-global-color-9-color has-text-color has-background has-link-color wp-elements-19bd3eb280d23ab045a99d0ba0076b81 is-layout-flex wp-container-core-columns-is-layout-9d6595d7 wp-block-columns-is-layout-flex\" style=\"background-color:#f7f9fa6e\">\n<div class=\"wp-block-column is-layout-flow wp-block-column-is-layout-flow\" style=\"flex-basis:18%\"><\/div>\n\n\n\n<div class=\"wp-block-column is-vertically-aligned-center is-layout-flow wp-block-column-is-layout-flow\" style=\"flex-basis:71.28%\">\n<div class=\"wp-block-rank-math-toc-block aligncenter has-global-color-9-color has-text-color has-link-color wp-elements-c23447f18bb99ce33478826f14dabac9\" style=\"font-size:16px\" id=\"rank-math-toc\"><h2><br><strong>T<\/strong>able of Contents<\/h2><nav><ul><li class=\"\"><a href=\"#who-are-the-jewish\">Quem s\u00e3o os judeus?<\/a><\/li><li class=\"\"><a href=\"#why-are-the-jewish-important\">Por que os judeus s\u00e3o importantes?<\/a><\/li><li class=\"\"><a href=\"#key-job-titles\">Principais cargos<\/a><\/li><li class=\"\"><a href=\"#key-success-factors-of-the-jewish\">Principais Fatores de Sucesso dos Judeus<\/a><\/li><li class=\"\"><a href=\"#why-is-jewish-market-research-important\">Por que a pesquisa de mercado judaico \u00e9 importante<\/a><\/li><li class=\"\"><a href=\"#about-jewish-market-research\">Sobre a pesquisa de mercado judaico<\/a><\/li><\/ul><\/nav><\/div>\n<\/div>\n<\/div>\n\n\n\n<p><\/p>\n\n\n\n<h2 class=\"wp-block-heading\" id=\"who-are-the-jewish\">Quem s\u00e3o os judeus?<\/h2>\n\n\n\n<p>Pela &#039;lei judaica&#039;, um judeu \u00e9 algu\u00e9m que nasceu de pais judeus ou algu\u00e9m que se converteu ao juda\u00edsmo. Nem todo mundo nascido de judeu \u00e9 judeu. A referida crian\u00e7a teria que ter crescido com as pr\u00e1ticas judaicas para ser um membro de pleno direito.<\/p>\n\n\n\n<h2 class=\"wp-block-heading\" id=\"why-are-the-jewish-important\">Por que os judeus s\u00e3o importantes?<\/h2>\n\n\n\n<p>Homens e mulheres judeus fizeram algumas das contribui\u00e7\u00f5es mais significativas para a nossa sociedade. Estes serviram para mudar a vida de muitos hoje em dia na ci\u00eancia, no artesanato, na alimenta\u00e7\u00e3o, na dan\u00e7a e nas finan\u00e7as empresariais. Eles tamb\u00e9m inventaram o cimento h\u00e1 milhares de anos em Jeric\u00f3. Na \u00e9poca medieval, eles ajudaram os chineses a criar papel-moeda.<\/p>\n\n\n\n<p>Os judeus s\u00e3o os mentores de muitos dos nossos avan\u00e7os m\u00e9dicos. Eles desenvolveram vacinas contra a c\u00f3lera, a peste bub\u00f4nica e a poliomielite e tamb\u00e9m s\u00e3o pioneiros na engenharia gen\u00e9tica.<\/p>\n\n\n\n<h3 class=\"wp-block-heading\">Algumas inven\u00e7\u00f5es com mentes judaicas por tr\u00e1s delas s\u00e3o;<\/h3>\n\n\n\n<ul class=\"wp-block-list\">\n<li>A cria\u00e7\u00e3o dos primeiros reatores para foguetes da NASA (Theodore von K\u00e1rm\u00e1n).<\/li>\n\n\n\n<li>Protocolos da Internet e a World Wide Web (Bob Kahn).<\/li>\n\n\n\n<li>Facebook (Mark Zuckerberg).<\/li>\n\n\n\n<li>A lenda dos quadrinhos Stan Lee cresceu em uma fam\u00edlia judia.<\/li>\n<\/ul>\n\n\n\n<h3 class=\"wp-block-heading\">Os judeus s\u00e3o uma popula\u00e7\u00e3o significativa nos Estados Unidos. Eles representam 2,2% da popula\u00e7\u00e3o total.<\/h3>\n\n\n\n<p>Os judeus s\u00e3o um grupo demogr\u00e1fico importante para os profissionais de marketing. Eles tendem a ser mais instru\u00eddos e ricos do que outros grupos. Eles tamb\u00e9m t\u00eam uma alta propens\u00e3o a gastar em bens de luxo. Outra de suas fortes tradi\u00e7\u00f5es \u00e9 a filantropia. Essa tradi\u00e7\u00e3o tamb\u00e9m pode levar a novas doa\u00e7\u00f5es deles.<\/p>\n\n\n\n<p>O mercado judaico \u00e9 essencial porque \u00e9 uma minoria influente com muito dinheiro para gastar. Al\u00e9m disso, o fato de estar disposto a doar dinheiro \u00e9 uma b\u00ean\u00e7\u00e3o.<\/p>\n\n\n\n<h2 class=\"wp-block-heading\" id=\"key-job-titles\">Principais cargos<\/h2>\n\n\n\n<figure class=\"gb-block-image gb-block-image-835d0060\"><img loading=\"lazy\" decoding=\"async\" width=\"1456\" height=\"816\" class=\"gb-image gb-image-835d0060\" src=\"https:\/\/www.sisinternational.com\/wp-content\/uploads\/2025\/08\/jewish-1.jpg\" alt=\"Pesquisa e Estrat\u00e9gia de Mercado Internacional da SIS\" title=\"jewish (1)\" srcset=\"https:\/\/www.sisinternational.com\/wp-content\/uploads\/2025\/08\/jewish-1.jpg 1456w, https:\/\/www.sisinternational.com\/wp-content\/uploads\/2025\/08\/jewish-1-300x168.jpg 300w, https:\/\/www.sisinternational.com\/wp-content\/uploads\/2025\/08\/jewish-1-1024x574.jpg 1024w, https:\/\/www.sisinternational.com\/wp-content\/uploads\/2025\/08\/jewish-1-768x430.jpg 768w, https:\/\/www.sisinternational.com\/wp-content\/uploads\/2025\/08\/jewish-1-18x10.jpg 18w\" sizes=\"auto, (max-width: 1456px) 100vw, 1456px\"><\/figure>\n\n\n\n<p><\/p>\n\n\n\n<p>A B\u00edblia Judaica permite que as pessoas emprestem dinheiro a juros a um \u201cestranho\u201d. Mas pro\u00edbe isso a um \u201cirm\u00e3o\u201d (companheiro judeu). Assim, os judeus viam o empr\u00e9stimo de dinheiro como um empreendimento com altos lucros e pouco risco. Al\u00e9m disso, as fam\u00edlias judias est\u00e3o por tr\u00e1s de alguns dos nomes mais conhecidos do setor banc\u00e1rio e financeiro. Estes incluem o Goldman Sachs, os Rothschilds e o agora extinto Lehman Brothers.<\/p>\n\n\n\n<p>Em 1290, Eduardo I expulsou toda a popula\u00e7\u00e3o judaica da Inglaterra. Por causa deste ex\u00edlio, eles n\u00e3o podiam comprar terras e n\u00e3o tinham outro meio de vida al\u00e9m do com\u00e9rcio. O com\u00e9rcio \u00e9 um dos fatores mais significativos na riqueza judaica hoje. Muitos se tornam vendedores para dar continuidade \u00e0 tradi\u00e7\u00e3o.<\/p>\n\n\n\n<p>Dado que apenas 2,2% da popula\u00e7\u00e3o dos EUA \u00e9 judia, \u00e9 inacredit\u00e1vel que os marcadores kosher dominem tanto. Uma raz\u00e3o para isso pode ser os benef\u00edcios para a sa\u00fade que a comida kosher traz.<\/p>\n\n\n\n<h2 class=\"wp-block-heading\" id=\"key-success-factors-of-the-jewish\">Principais Fatores de Sucesso dos Judeus<\/h2>\n\n\n\n<p>Os judeus s\u00e3o um dos grupos de pessoas mais ricos do mundo. Esta riqueza deve-se em parte \u00e0 sua forma\u00e7\u00e3o cultural. Alguns fatores cr\u00edticos para esse sucesso s\u00e3o a religi\u00e3o e as boas pr\u00e1ticas comerciais. Na Tor\u00e1, fil\u00f3sofos e l\u00edderes judeus declaram como um judeu deve administrar seus neg\u00f3cios e sua casa.<\/p>\n\n\n\n<p>Os judeus s\u00e3o resilientes e capazes de perseverar em situa\u00e7\u00f5es dif\u00edceis. Essa resili\u00eancia pode ser devida aos seus ensinamentos espirituais. O fracasso n\u00e3o os desencoraja. Suas dificuldades, como vistas na hist\u00f3ria, s\u00e3o exemplos disso. Quando as coisas d\u00e3o errado nos neg\u00f3cios, o que quase sempre acontece, eles n\u00e3o se concentram no fracasso. Em vez disso, procuram maneiras de melhorar para reduzir as chances de isso acontecer novamente.<\/p>\n\n\n\n<p>Os judeus s\u00e3o classificados como o grupo religioso mais educado do mundo. Os judeus recebem em m\u00e9dia 13,4 anos de escolaridade p\u00f3s-secund\u00e1ria. Eles tamb\u00e9m comp\u00f5em os grupos mais qualificados do mundo hoje.<\/p>\n\n\n\n<p>Eles t\u00eam um v\u00ednculo especial um com o outro. No Juda\u00edsmo, a riqueza n\u00e3o serve apenas para acumula\u00e7\u00e3o. As pessoas tamb\u00e9m devem divulg\u00e1-lo pela comunidade para construir e beneficiar a todos. Os judeus foram uma das primeiras pessoas a usar a globaliza\u00e7\u00e3o e as redes para aumentar a riqueza.<\/p>\n\n\n\n<h2 class=\"wp-block-heading\" id=\"why-is-jewish-market-research-important\">Por que a pesquisa de mercado judaico \u00e9 importante<\/h2>\n\n\n\n<p>Os judeus s\u00e3o um dos grupos religiosos mais educados. Eles s\u00e3o trabalhadores, resilientes e movidos pela f\u00e9. Eles tamb\u00e9m t\u00eam ra\u00edzes profundas em sua comunidade. Os valores fundamentais da f\u00e9 judaica s\u00e3o justi\u00e7a, bondade, caridade e cura. O Juda\u00edsmo ensina que todos t\u00eam um papel na ajuda aos que vivem na pobreza.<\/p>\n\n\n\n<p>Os judeus e o juda\u00edsmo tamb\u00e9m partilham um papel significativo no desenvolvimento do cristianismo hoje, e o juda\u00edsmo teve impacto em algumas das doutrinas e ideias centrais. Os judeus tamb\u00e9m foram um dos primeiros a lutar contra a desigualdade. A luta judaica criou um quadro revolucion\u00e1rio. Essa estrutura foi transferida para a sociedade moderna de hoje. A persist\u00eancia dos judeus no passado que lutaram contra a desigualdade \u00e9 inspiradora. Inspirou o mundo hoje.<\/p>\n\n\n\n<p>Os judeus foram a certa altura um dos grupos mais oprimidos. Com resili\u00eancia, eles lutaram pela sua liberdade. S\u00e3o tamb\u00e9m um exemplo para qualquer grupo ou pa\u00eds de que a liberdade humana \u00e9 um direito. A hist\u00f3ria deles incentiva as pessoas a combater a desigualdade no mundo.<\/p>\n\n\n\n<p><\/p>\n\n\n\n<!DOCTYPE html>\n<html lang=\"en\">\n<head>\n    <meta charset=\"UTF-8\">\n    <meta name=\"viewport\" content=\"width=device-width, initial-scale=1.0\">\n    <title>AI Blog Banner<\/title>\n    <style>\n        * {\n            margin: 0;\n            padding: 0;\n            box-sizing: border-box;\n        }\n\n        .banner {\n            position: relative;\n            width: 100%;\n            height: 350px;\n            overflow: hidden;\n            display: flex;\n            align-items: center;\n            justify-content: center;\n            font-family: 'Arial', sans-serif;\n            border-radius: 25px;\n        }\n\n        .animated-background {\n            position: absolute;\n            top: 0;\n            left: 0;\n            width: 100%;\n            height: 100%;\n            background: linear-gradient(45deg, #003f6b, #2d5a7b, #003f6b, #2d5a7b);\n            background-size: 400% 400%;\n            animation: gradientMove 8s ease-in-out infinite;\n        }\n\n        .ai-pattern {\n            position: absolute;\n            top: 0;\n            left: 0;\n            width: 100%;\n            height: 100%;\n            opacity: 0.1;\n            background-image: \n                radial-gradient(circle at 20% 20%, rgba(255,255,255,0.3) 2px, transparent 2px),\n                radial-gradient(circle at 80% 80%, rgba(255,255,255,0.2) 1px, transparent 1px),\n                radial-gradient(circle at 40% 60%, rgba(255,255,255,0.15) 1.5px, transparent 1.5px),\n                radial-gradient(circle at 60% 20%, rgba(255,255,255,0.25) 1px, transparent 1px),\n                radial-gradient(circle at 80% 40%, rgba(255,255,255,0.2) 2px, transparent 2px);\n            background-size: 100px 100px, 150px 150px, 80px 80px, 120px 120px, 90px 90px;\n            animation: patternFloat 12s linear infinite;\n        }\n\n        .neural-network {\n            position: absolute;\n            top: 0;\n            left: 0;\n            width: 100%;\n            height: 100%;\n            opacity: 0.08;\n        }\n\n        .neural-line {\n            position: absolute;\n            height: 1px;\n            background: linear-gradient(90deg, transparent, rgba(255,255,255,0.5), transparent);\n            animation: neuralPulse 6s ease-in-out infinite;\n        }\n\n        .neural-line:nth-child(1) {\n            top: 30%;\n            left: 0;\n            width: 60%;\n            animation-delay: 0s;\n        }\n\n        .neural-line:nth-child(2) {\n            top: 50%;\n            right: 0;\n            width: 70%;\n            animation-delay: 2s;\n        }\n\n        .neural-line:nth-child(3) {\n            top: 70%;\n            left: 20%;\n            width: 50%;\n            animation-delay: 4s;\n        }\n\n        .content {\n            position: relative;\n            z-index: 10;\n            text-align: center;\n            color: white !important;\n            max-width: 800px;\n            padding: 30px;\n        }\n\n        .content * {\n            color: white !important;\n        }\n\n        .cta-text {\n            font-size: 1.9rem;\n            font-weight: 700;\n            margin-bottom: 15px;\n            color: white !important;\n            background: linear-gradient(90deg, rgba(255,255,255,0.6), rgba(255,255,255,1), rgba(230,230,230,1), rgba(255,255,255,1), rgba(240,240,240,0.8), rgba(255,255,255,0.6));\n            background-size: 200% 100%;\n            -webkit-background-clip: text;\n            -webkit-text-fill-color: transparent;\n            background-clip: text;\n            animation: shineEffect 10s ease-in-out infinite;\n            line-height: 1.3;\n        }\n\n        .cta-subheading {\n            font-size: 1rem;\n            font-weight: 400;\n            margin-bottom: 25px;\n            color: white !important;\n            line-height: 1.6;\n            opacity: 0.95;\n        }\n\n        .cta-button {\n            background: linear-gradient(135deg, #8a6b0f, #bd9013, #d4a519);\n            border: 2px solid #8a6b0f;\n            color: white !important;\n            padding: 18px 40px;\n            font-size: 1.2rem;\n            font-weight: 600;\n            border-radius: 50px;\n            cursor: pointer;\n            transition: all 0.3s ease;\n            text-decoration: none;\n            display: inline-block;\n            position: relative;\n            overflow: hidden;\n        }\n\n        .cta-button::before {\n            content: '';\n            position: absolute;\n            top: 0;\n            left: -100%;\n            width: 100%;\n            height: 100%;\n            background: linear-gradient(90deg, \n                transparent 0%, \n                rgba(255, 255, 255, 0.3) 25%,\n                rgba(255, 255, 255, 0.6) 50%,\n                rgba(255, 255, 255, 0.3) 75%,\n                transparent 100%);\n            animation: shine 3s ease-in-out infinite;\n        }\n\n        .cta-button:hover {\n            transform: translateY(-3px);\n            box-shadow: 0 10px 25px rgba(0,0,0,0.2);\n            border-color: #bd9013;\n            background: linear-gradient(135deg, #bd9013, #d4a519, #e6b61f);\n        }\n\n        .floating-elements {\n            position: absolute;\n            top: 0;\n            left: 0;\n            width: 100%;\n            height: 100%;\n            pointer-events: none;\n        }\n\n        .floating-circle {\n            position: absolute;\n            border-radius: 50%;\n            background: rgba(255,255,255,0.1);\n            animation: float 8s ease-in-out infinite;\n        }\n\n        .floating-circle:nth-child(1) {\n            width: 80px;\n            height: 80px;\n            top: 20%;\n            left: 10%;\n            animation-delay: 0s;\n        }\n\n        .floating-circle:nth-child(2) {\n            width: 60px;\n            height: 60px;\n            top: 60%;\n            right: 15%;\n            animation-delay: 3s;\n        }\n\n        .floating-circle:nth-child(3) {\n            width: 40px;\n            height: 40px;\n            top: 80%;\n            left: 80%;\n            animation-delay: 6s;\n        }\n\n        .floating-circle:nth-child(4) {\n            width: 70px;\n            height: 70px;\n            top: 10%;\n            right: 20%;\n            animation-delay: 1.5s;\n        }\n\n        .floating-circle:nth-child(5) {\n            width: 50px;\n            height: 50px;\n            top: 75%;\n            left: 30%;\n            animation-delay: 4.5s;\n        }\n\n        @keyframes gradientMove {\n            0% { background-position: 0% 50%; }\n            25% { background-position: 100% 50%; }\n            50% { background-position: 100% 100%; }\n            75% { background-position: 0% 100%; }\n            100% { background-position: 0% 50%; }\n        }\n\n        @keyframes patternFloat {\n            0% { transform: translateX(0) translateY(0); }\n            33% { transform: translateX(30px) translateY(-20px); }\n            66% { transform: translateX(-20px) translateY(10px); }\n            100% { transform: translateX(0) translateY(0); }\n        }\n\n        @keyframes neuralPulse {\n            0%, 100% { opacity: 0.08; }\n            50% { opacity: 0.2; }\n        }\n\n        @keyframes shineEffect {\n            0% { background-position: 200% 0; }\n            100% { background-position: -200% 0; }\n        }\n\n        @keyframes shine {\n            0% {\n                left: -100%;\n            }\n            20%, 100% {\n                left: 100%;\n            }\n        }\n\n        @keyframes float {\n            0%, 100% { transform: translateY(0px) rotate(0deg); }\n            33% { transform: translateY(-30px) rotate(120deg); }\n            66% { transform: translateY(15px) rotate(240deg); }\n        }\n\n        @media (max-width: 768px) {\n            .banner {\n                height: 320px;\n                padding: 30px 0;\n            }\n            \n            .content {\n                padding: 40px 20px;\n            }\n            \n            .cta-text {\n                font-size: 1.3rem;\n                margin-bottom: 12px;\n            }\n            \n            .cta-subheading {\n                font-size: 0.85rem;\n                margin-bottom: 20px;\n            }\n            \n            .cta-button {\n                padding: 14px 28px;\n                font-size: 0.95rem;\n            }\n        }\n    <\/style>\n<\/head>\n<body>\n    <div class=\"banner\">\n        <div class=\"animated-background\"><\/div>\n        \n        <div class=\"ai-pattern\"><\/div>\n        \n        <div class=\"neural-network\">\n            <div class=\"neural-line\"><\/div>\n            <div class=\"neural-line\"><\/div>\n            <div class=\"neural-line\"><\/div>\n        <\/div>\n        \n        <div class=\"floating-elements\">\n            <div class=\"floating-circle\"><\/div>\n            <div class=\"floating-circle\"><\/div>\n            <div class=\"floating-circle\"><\/div>\n            <div class=\"floating-circle\"><\/div>\n            <div class=\"floating-circle\"><\/div>\n        <\/div>\n        \n        <div class=\"content\">\n            <div class=\"cta-text\">Ready to explore the insights that drive smarter decisions?<\/div>\n            <div class=\"cta-subheading\">Contact our Research experts today.<\/div>\n            <a href=\"mailto:Research@sisinternational.com\" class=\"cta-button\">Contact us now!<\/a>\n        <\/div>\n    <\/div>\n<\/body>\n<\/html>\n\n\n\n<p><\/p>\n\n\n\n<h2 class=\"wp-block-heading\" id=\"about-jewish-market-research\">Sobre a pesquisa de mercado judaico<\/h2>\n\n\n\n<p>The Jewish market is an important and fast-growing demographic to <a href=\"https:\/\/www.sisinternational.com\/pt\/pericia\/industrias\/pesquisa-de-mercado-de-vacuo\/\" title=\"Pesquisa de mercado de v\u00e1cuo\"  data-wpil-monitor-id=\"4883\">pesquisar<\/a>. For years, they have been an underserved group. With the growth of social media and online retail, there is more opportunity. Brands can now reach this demographic.<\/p>\n\n\n\n<p>\u00c9 essencial utilizar pesquisas quantitativas e qualitativas para iniciar esse processo. A pesquisa estrat\u00e9gica tamb\u00e9m \u00e9 vital. As empresas tamb\u00e9m obtiveram sucesso com entrevistas, pesquisas e grupos focais.<\/p>\n\n\n<h2>Localiza\u00e7\u00e3o de nossas instala\u00e7\u00f5es em Nova York<\/h2>\n<p><!-- \/wp:post-content --> <!-- wp:html --> <iframe loading=\"lazy\" src=\"https:\/\/www.google.com\/maps\/embed?pb=!1m18!1m12!1m3!1d3022.976188376966!2d-73.99130312499956!3d40.740549471389315!2m3!1f0!2f0!3f0!3m2!1i1024!2i768!4f13.1!3m3!1m2!1s0x89c259a15798c731%3A0xd695d09bdd495f25!2s11%20E%2022nd%20St%20FL%202%2C%20New%20York%2C%20NY%2010010%2C%20USA!5e0!3m2!1sen!2spe!4v1726171763526!5m2!1sen!2spe\" width=\"600\" height=\"450\" allowfullscreen=\"allowfullscreen\" data-mce-fragment=\"1\"><\/iframe> <!-- \/wp:html --> <!-- wp:paragraph --><\/p>\n<h3 class=\"wp-block-heading\">11 E 22nd Street, andar 2, Nova York, NY 10010 T: +1(212) 505-6805<\/h3>\n<hr \/>\n<h2><span style=\"font-weight: 400;\">Sobre SIS Internacional<\/span><\/h2>\n<p><a href=\"https:\/\/www.sisinternational.com\/pt\/\"><span style=\"font-weight: 400;\">SIS Internacional<\/span><\/a><span style=\"font-weight: 400;\"> oferece pesquisa quantitativa, qualitativa e estrat\u00e9gica. Fornecemos dados, ferramentas, estrat\u00e9gias, relat\u00f3rios e insights para a tomada de decis\u00f5es. Tamb\u00e9m realizamos entrevistas, pesquisas, grupos focais e outros m\u00e9todos e abordagens de Pesquisa de Mercado.<\/span><a href=\"https:\/\/www.sisinternational.com\/pt\/sobre-a-sis-international-research\/contact-sis-international-market-research\/\"><span style=\"font-weight: 400;\"> Entre em contato conosco<\/span><\/a><span style=\"font-weight: 400;\"> para o seu pr\u00f3ximo projeto de pesquisa de mercado.<\/span><\/p>\n\n<!-- wp:paragraph -->\n<p><\/p>\n<!-- \/wp:paragraph -->","protected":false},"excerpt":{"rendered":"<p>Homens e mulheres judeus fizeram algumas das contribui\u00e7\u00f5es mais significativas para a nossa sociedade. Estes serviram para mudar a vida de muitos hoje.<\/p>","protected":false},"author":1,"featured_media":63222,"parent":14514,"menu_order":144,"comment_status":"closed","ping_status":"closed","template":"","meta":{"footnotes":""},"class_list":["post-40923","page","type-page","status-publish","has-post-thumbnail"],"_links":{"self":[{"href":"https:\/\/www.sisinternational.com\/pt\/wp-json\/wp\/v2\/pages\/40923","targetHints":{"allow":["GET"]}}],"collection":[{"href":"https:\/\/www.sisinternational.com\/pt\/wp-json\/wp\/v2\/pages"}],"about":[{"href":"https:\/\/www.sisinternational.com\/pt\/wp-json\/wp\/v2\/types\/page"}],"author":[{"embeddable":true,"href":"https:\/\/www.sisinternational.com\/pt\/wp-json\/wp\/v2\/users\/1"}],"replies":[{"embeddable":true,"href":"https:\/\/www.sisinternational.com\/pt\/wp-json\/wp\/v2\/comments?post=40923"}],"version-history":[{"count":8,"href":"https:\/\/www.sisinternational.com\/pt\/wp-json\/wp\/v2\/pages\/40923\/revisions"}],"predecessor-version":[{"id":78820,"href":"https:\/\/www.sisinternational.com\/pt\/wp-json\/wp\/v2\/pages\/40923\/revisions\/78820"}],"up":[{"embeddable":true,"href":"https:\/\/www.sisinternational.com\/pt\/wp-json\/wp\/v2\/pages\/14514"}],"wp:featuredmedia":[{"embeddable":true,"href":"https:\/\/www.sisinternational.com\/pt\/wp-json\/wp\/v2\/media\/63222"}],"wp:attachment":[{"href":"https:\/\/www.sisinternational.com\/pt\/wp-json\/wp\/v2\/media?parent=40923"}],"curies":[{"name":"wp","href":"https:\/\/api.w.org\/{rel}","templated":true}]}}