{"id":40736,"date":"2022-06-27T04:10:00","date_gmt":"2022-06-27T04:10:00","guid":{"rendered":"https:\/\/www.sisinternational.com\/?page_id=40736"},"modified":"2025-11-16T11:59:37","modified_gmt":"2025-11-16T16:59:37","slug":"k-beleza-oportunidades-de-tendencias-de-cuidados-com-a-pele-coreana","status":"publish","type":"page","link":"https:\/\/www.sisinternational.com\/pt\/pericia\/k-beleza-oportunidades-de-tendencias-de-cuidados-com-a-pele-coreana\/","title":{"rendered":"K Beauty \u2013 Tend\u00eancias e oportunidades de cuidados com a pele na Coreia"},"content":{"rendered":"<h1 class=\"wp-block-heading\">K Beauty \u2013 Tend\u00eancias e oportunidades de cuidados com a pele na Coreia<\/h1>\n\n\n\n<figure class=\"gb-block-image gb-block-image-debb3f2d\"><img loading=\"lazy\" decoding=\"async\" width=\"1456\" height=\"816\" class=\"gb-image gb-image-debb3f2d\" src=\"https:\/\/www.sisinternational.com\/wp-content\/uploads\/2025\/08\/K-beauty-korean-3.jpg\" srcset=\"https:\/\/www.sisinternational.com\/wp-content\/uploads\/2025\/08\/K-beauty-korean-3.jpg 1456w, https:\/\/www.sisinternational.com\/wp-content\/uploads\/2025\/08\/K-beauty-korean-3-300x168.jpg 300w, https:\/\/www.sisinternational.com\/wp-content\/uploads\/2025\/08\/K-beauty-korean-3-1024x574.jpg 1024w, https:\/\/www.sisinternational.com\/wp-content\/uploads\/2025\/08\/K-beauty-korean-3-768x430.jpg 768w, https:\/\/www.sisinternational.com\/wp-content\/uploads\/2025\/08\/K-beauty-korean-3-18x10.jpg 18w\" sizes=\"auto, (max-width: 1456px) 100vw, 1456px\" alt=\"Pesquisa e Estrat\u00e9gia de Mercado Internacional da SIS\"><\/figure>\n\n\n\n<p><\/p>\n\n\n\n<hr class=\"wp-block-separator has-alpha-channel-opacity is-style-dots\"\/>\n\n\n\n<p><\/p>\n\n\n\n<div class=\"wp-block-columns has-global-color-9-color has-text-color has-background has-link-color wp-elements-32302bd57431cb1e458a23ab4f14b035 is-layout-flex wp-container-core-columns-is-layout-9d6595d7 wp-block-columns-is-layout-flex\" style=\"background-color:#f7f9fa6e\">\n<div class=\"wp-block-column is-layout-flow wp-block-column-is-layout-flow\" style=\"flex-basis:18%\"><\/div>\n\n\n\n<div class=\"wp-block-column is-vertically-aligned-center is-layout-flow wp-block-column-is-layout-flow\" style=\"flex-basis:71.28%\">\n<div class=\"wp-block-rank-math-toc-block aligncenter has-global-color-9-color has-text-color has-link-color wp-elements-0ae369c09427529b2ef6243c99112c0e\" style=\"font-size:16px\" id=\"rank-math-toc\"><h2><br><strong>T<\/strong>able of Contents<\/h2><nav><ul><li class=\"\"><a href=\"#makeup-trend\">Makeup Trend<\/a><\/li><li class=\"\"><a href=\"#best-korean-skincare-brands\">Melhores marcas coreanas de cuidados com a pele<\/a><\/li><li class=\"\"><a href=\"#tony-moly\">Tony Molly<\/a><\/li><li class=\"\"><a href=\"#k-beauty-routine\">Rotina K-Beauty<\/a><\/li><li class=\"\"><a href=\"#k-beauty-reviews\">Avalia\u00e7\u00f5es da K-Beauty<\/a><\/li><li class=\"\"><a href=\"#the-future-of-skincare\">O futuro dos cuidados com a pele<\/a><\/li><\/ul><\/nav><\/div>\n<\/div>\n<\/div>\n\n\n\n<p><\/p>\n\n\n\n<h2 class=\"wp-block-heading\" id=\"makeup-trend\">Makeup Trend<\/h2>\n\n\n\n<p>Os produtos de beleza e cuidados com a pele coreanos s\u00e3o a nova tend\u00eancia que se tornou um fen\u00f4meno. Mulheres de todo o mundo est\u00e3o tentando alcan\u00e7ar o brilho luminoso associado \u00e0 \u201cK-beauty\u201d. Uma das tend\u00eancias, que existe desde 2016, tem como foco o visual \u201cpele de vidro\u201d, que significa brilho saud\u00e1vel. A ideia \u00e9 ter uma pele hidratada e sem pigmentos, e n\u00e3o depender tanto de maquiagem.<\/p>\n\n\n\n<p>A tend\u00eancia de maquiagem K Beauty de 2018 pode n\u00e3o ser uma tend\u00eancia. A tend\u00eancia \u201cPele sem nuvens\u201d refere-se a uma tez clara e perfeita. Tamb\u00e9m se relaciona com um brilho interior saud\u00e1vel. Ent\u00e3o, como alcan\u00e7ar o ideal de uma pele sem nuvens? Os entusiastas da beleza K conseguem uma pele sem nuvens atrav\u00e9s de h\u00e1bitos de vida saud\u00e1veis. Eles tamb\u00e9m usam produtos de beleza K de primeira linha.<\/p>\n\n\n\n<h2 class=\"wp-block-heading\" id=\"best-korean-skincare-brands\">Melhores marcas coreanas de cuidados com a pele<\/h2>\n\n\n\n<h3 class=\"wp-block-heading\">Aqui est\u00e1 uma lista de algumas das melhores marcas K-beauty do mercado:<\/h3>\n\n\n\n<ul class=\"wp-block-list\">\n<li>Ess\u00eancia de origem calmante Atoclassic Real Tonic: Ginseng, cris\u00e2ntemo e alca\u00e7uz s\u00e3o as tr\u00eas ervas tradicionais que tornam esta potente ess\u00eancia calmante para a pele.<\/li>\n\n\n\n<li>Pedra Cl\u00e1ssica da Pele de Abril. Esta \u201cpedra m\u00e1gica\u201d \u00e9 apreciada na Coreia. Cont\u00e9m carv\u00e3o, que remove \u00f3leo, sujeira e outras impurezas dos poros. Tamb\u00e9m cont\u00e9m \u00e1cido hialur\u00f4nico, que hidrata e desintoxica a pele.<\/li>\n\n\n\n<li>Klairs: Esta marca totalmente natural n\u00e3o cont\u00e9m \u00e1lcool, corantes, fragr\u00e2ncias artificiais ou parabenos. Os usu\u00e1rios podem atenuar manchas escuras e cicatrizes de acne com seu soro di\u00e1rio Freshly Juiced Vitamin Drop, que tamb\u00e9m fornece nutrientes e umidade.<\/li>\n\n\n\n<li>Son &amp; Park: pele brilhante e \u00famida \u00e9 o objetivo desta marca nacional. O Beauty Filter Cream favorito do culto em Glow e o Lip Crayon s\u00e3o altamente recomendados.<\/li>\n<\/ul>\n\n\n\n<h2 class=\"wp-block-heading\" id=\"tony-moly\">Tony Molly<\/h2>\n\n\n\n<figure class=\"gb-block-image gb-block-image-6c5a1403\"><img loading=\"lazy\" decoding=\"async\" width=\"1456\" height=\"816\" class=\"gb-image gb-image-6c5a1403\" src=\"https:\/\/www.sisinternational.com\/wp-content\/uploads\/2025\/08\/Skincare-6-2.jpg\" alt=\"Pesquisa e Estrat\u00e9gia de Mercado Internacional da SIS\" title=\"Skincare 6 (2)\" srcset=\"https:\/\/www.sisinternational.com\/wp-content\/uploads\/2025\/08\/Skincare-6-2.jpg 1456w, https:\/\/www.sisinternational.com\/wp-content\/uploads\/2025\/08\/Skincare-6-2-300x168.jpg 300w, https:\/\/www.sisinternational.com\/wp-content\/uploads\/2025\/08\/Skincare-6-2-1024x574.jpg 1024w, https:\/\/www.sisinternational.com\/wp-content\/uploads\/2025\/08\/Skincare-6-2-768x430.jpg 768w, https:\/\/www.sisinternational.com\/wp-content\/uploads\/2025\/08\/Skincare-6-2-18x10.jpg 18w\" sizes=\"auto, (max-width: 1456px) 100vw, 1456px\"><\/figure>\n\n\n\n<p><\/p>\n\n\n\n<p>Tony Moly \u00e9 uma das marcas K-beauty mais populares do mercado. A empresa foi fundada em 2006. Abriu lojas em Taiwan, Jap\u00e3o, China, Hong Kong, Mianmar e Vietn\u00e3 em 2009. Kim Huonh Cheon tornou-se o novo CEO em 2010 e, naquele ano, Tony Moly abriu sua 200\u00aa loja. Tony Moly tem agora mais de 950 lojas em 50 pa\u00edses. Os locais incluem Filipinas, R\u00fassia, Indon\u00e9sia e Nova York.<\/p>\n\n\n\n<p>A ind\u00fastria de cuidados com a pele credita a Tony Moly o in\u00edcio da tend\u00eancia de beleza K. A marca agora cresceu para se tornar uma dominadora mundial na beleza coreana. Os clientes dos EUA podem comprar produtos Tony Moly online: a marca envia para todos os 50 estados. Todos os seus produtos s\u00e3o fabricados na Coreia e s\u00e3o adequados para todos os tipos de pele.<\/p>\n\n\n\n<h2 class=\"wp-block-heading\" id=\"k-beauty-routine\">Rotina K-Beauty<\/h2>\n\n\n\n<figure class=\"gb-block-image gb-block-image-40bff92b\"><img loading=\"lazy\" decoding=\"async\" width=\"1456\" height=\"816\" class=\"gb-image gb-image-40bff92b\" src=\"https:\/\/www.sisinternational.com\/wp-content\/uploads\/2025\/08\/K-beauty-korean-4.jpg\" alt=\"Pesquisa e Estrat\u00e9gia de Mercado Internacional da SIS\" title=\"K beauty korean (4)\" srcset=\"https:\/\/www.sisinternational.com\/wp-content\/uploads\/2025\/08\/K-beauty-korean-4.jpg 1456w, https:\/\/www.sisinternational.com\/wp-content\/uploads\/2025\/08\/K-beauty-korean-4-300x168.jpg 300w, https:\/\/www.sisinternational.com\/wp-content\/uploads\/2025\/08\/K-beauty-korean-4-1024x574.jpg 1024w, https:\/\/www.sisinternational.com\/wp-content\/uploads\/2025\/08\/K-beauty-korean-4-768x430.jpg 768w, https:\/\/www.sisinternational.com\/wp-content\/uploads\/2025\/08\/K-beauty-korean-4-18x10.jpg 18w\" sizes=\"auto, (max-width: 1456px) 100vw, 1456px\"><\/figure>\n\n\n\n<p><\/p>\n\n\n\n<p>A rotina de 10 passos K-Beauty \u00e9 uma das mais seguidas no mundo. \u00c9 mais uma mudan\u00e7a de estilo de vida que se tornou um fen\u00f4meno global. A rotina come\u00e7a com uma dupla limpeza da pele. Os usu\u00e1rios come\u00e7am com um limpador \u00e0 base de \u00f3leo e seguem com uma solu\u00e7\u00e3o \u00e0 base de \u00e1gua. Em seguida vem a esfolia\u00e7\u00e3o, seguida da tonifica\u00e7\u00e3o.<\/p>\n\n\n\n<p>O cora\u00e7\u00e3o da rotina K-beauty \u00e9 o Passo 5: ess\u00eancia. Essence \u00e9 um tipo de h\u00edbrido de toner \/ soro feito para auxiliar na renova\u00e7\u00e3o celular e na repara\u00e7\u00e3o da pele, al\u00e9m de hidratar. Depois da ess\u00eancia v\u00eam os tratamentos, seguidos pelas m\u00e1scaras em folha. Em seguida vem o creme para os olhos, seguido do hidratante. A etapa final \u00e9 a prote\u00e7\u00e3o solar.<\/p>\n\n\n\n<p>A principal ind\u00fastria de cosm\u00e9ticos est\u00e1 adotando o K-Beauty. Os especialistas veem isso como mais do que uma moda passageira. As vendas de cosm\u00e9ticos da Coreia aumentaram mais de 50% em rela\u00e7\u00e3o aos n\u00fameros de 2014. Empresas norte-americanas como a Bain Capital Equity e a Goldman Sachs est\u00e3o a receber uma fatia do bolo. Ambas as empresas anunciaram que iriam adquirir uma participa\u00e7\u00e3o maiorit\u00e1ria numa grande empresa coreana de cosm\u00e9ticos. Al\u00e9m disso, a Amway construiu seu Centro de Inova\u00e7\u00e3o em Beleza em Seul.<\/p>\n\n\n\n<h2 class=\"wp-block-heading\" id=\"k-beauty-reviews\">Avalia\u00e7\u00f5es da K-Beauty<\/h2>\n\n\n\n<p>Blogueiros e entusiastas de cuidados com a pele est\u00e3o dando \u00f3timas cr\u00edticas \u00e0 K-Beauty. V\u00e1rios blogueiros tentaram a rotina de 10 passos e postaram fotos de antes e depois. Alguns desses blogueiros s\u00e3o influenciadores. Suas postagens geram novos entusiastas. Os blogueiros tamb\u00e9m est\u00e3o entusiasmados com os produtos coreanos. \u00c9 f\u00e1cil encontrar listas dos 10 melhores produtos K-Beauty online.<\/p>\n\n\n\n<p><\/p>\n\n\n\n<!DOCTYPE html>\n<html lang=\"en\">\n<head>\n    <meta charset=\"UTF-8\">\n    <meta name=\"viewport\" content=\"width=device-width, initial-scale=1.0\">\n    <title>AI Blog Banner<\/title>\n    <style>\n        * {\n            margin: 0;\n            padding: 0;\n            box-sizing: border-box;\n        }\n\n        .banner {\n            position: relative;\n            width: 100%;\n            height: 350px;\n            overflow: hidden;\n            display: flex;\n            align-items: center;\n            justify-content: center;\n            font-family: 'Arial', sans-serif;\n            border-radius: 25px;\n        }\n\n        .animated-background {\n            position: absolute;\n            top: 0;\n            left: 0;\n            width: 100%;\n            height: 100%;\n            background: linear-gradient(45deg, #003f6b, #2d5a7b, #003f6b, #2d5a7b);\n            background-size: 400% 400%;\n            animation: gradientMove 8s ease-in-out infinite;\n        }\n\n        .ai-pattern {\n            position: absolute;\n            top: 0;\n            left: 0;\n            width: 100%;\n            height: 100%;\n            opacity: 0.1;\n            background-image: \n                radial-gradient(circle at 20% 20%, rgba(255,255,255,0.3) 2px, transparent 2px),\n                radial-gradient(circle at 80% 80%, rgba(255,255,255,0.2) 1px, transparent 1px),\n                radial-gradient(circle at 40% 60%, rgba(255,255,255,0.15) 1.5px, transparent 1.5px),\n                radial-gradient(circle at 60% 20%, rgba(255,255,255,0.25) 1px, transparent 1px),\n                radial-gradient(circle at 80% 40%, rgba(255,255,255,0.2) 2px, transparent 2px);\n            background-size: 100px 100px, 150px 150px, 80px 80px, 120px 120px, 90px 90px;\n            animation: patternFloat 12s linear infinite;\n        }\n\n        .neural-network {\n            position: absolute;\n            top: 0;\n            left: 0;\n            width: 100%;\n            height: 100%;\n            opacity: 0.08;\n        }\n\n        .neural-line {\n            position: absolute;\n            height: 1px;\n            background: linear-gradient(90deg, transparent, rgba(255,255,255,0.5), transparent);\n            animation: neuralPulse 6s ease-in-out infinite;\n        }\n\n        .neural-line:nth-child(1) {\n            top: 30%;\n            left: 0;\n            width: 60%;\n            animation-delay: 0s;\n        }\n\n        .neural-line:nth-child(2) {\n            top: 50%;\n            right: 0;\n            width: 70%;\n            animation-delay: 2s;\n        }\n\n        .neural-line:nth-child(3) {\n            top: 70%;\n            left: 20%;\n            width: 50%;\n            animation-delay: 4s;\n        }\n\n        .content {\n            position: relative;\n            z-index: 10;\n            text-align: center;\n            color: white !important;\n            max-width: 800px;\n            padding: 30px;\n        }\n\n        .content * {\n            color: white !important;\n        }\n\n        .cta-text {\n            font-size: 1.9rem;\n            font-weight: 700;\n            margin-bottom: 15px;\n            color: white !important;\n            background: linear-gradient(90deg, rgba(255,255,255,0.6), rgba(255,255,255,1), rgba(230,230,230,1), rgba(255,255,255,1), rgba(240,240,240,0.8), rgba(255,255,255,0.6));\n            background-size: 200% 100%;\n            -webkit-background-clip: text;\n            -webkit-text-fill-color: transparent;\n            background-clip: text;\n            animation: shineEffect 10s ease-in-out infinite;\n            line-height: 1.3;\n        }\n\n        .cta-subheading {\n            font-size: 1rem;\n            font-weight: 400;\n            margin-bottom: 25px;\n            color: white !important;\n            line-height: 1.6;\n            opacity: 0.95;\n        }\n\n        .cta-button {\n            background: linear-gradient(135deg, #8a6b0f, #bd9013, #d4a519);\n            border: 2px solid #8a6b0f;\n            color: white !important;\n            padding: 18px 40px;\n            font-size: 1.2rem;\n            font-weight: 600;\n            border-radius: 50px;\n            cursor: pointer;\n            transition: all 0.3s ease;\n            text-decoration: none;\n            display: inline-block;\n            position: relative;\n            overflow: hidden;\n        }\n\n        .cta-button::before {\n            content: '';\n            position: absolute;\n            top: 0;\n            left: -100%;\n            width: 100%;\n            height: 100%;\n            background: linear-gradient(90deg, \n                transparent 0%, \n                rgba(255, 255, 255, 0.3) 25%,\n                rgba(255, 255, 255, 0.6) 50%,\n                rgba(255, 255, 255, 0.3) 75%,\n                transparent 100%);\n            animation: shine 3s ease-in-out infinite;\n        }\n\n        .cta-button:hover {\n            transform: translateY(-3px);\n            box-shadow: 0 10px 25px rgba(0,0,0,0.2);\n            border-color: #bd9013;\n            background: linear-gradient(135deg, #bd9013, #d4a519, #e6b61f);\n        }\n\n        .floating-elements {\n            position: absolute;\n            top: 0;\n            left: 0;\n            width: 100%;\n            height: 100%;\n            pointer-events: none;\n        }\n\n        .floating-circle {\n            position: absolute;\n            border-radius: 50%;\n            background: rgba(255,255,255,0.1);\n            animation: float 8s ease-in-out infinite;\n        }\n\n        .floating-circle:nth-child(1) {\n            width: 80px;\n            height: 80px;\n            top: 20%;\n            left: 10%;\n            animation-delay: 0s;\n        }\n\n        .floating-circle:nth-child(2) {\n            width: 60px;\n            height: 60px;\n            top: 60%;\n            right: 15%;\n            animation-delay: 3s;\n        }\n\n        .floating-circle:nth-child(3) {\n            width: 40px;\n            height: 40px;\n            top: 80%;\n            left: 80%;\n            animation-delay: 6s;\n        }\n\n        .floating-circle:nth-child(4) {\n            width: 70px;\n            height: 70px;\n            top: 10%;\n            right: 20%;\n            animation-delay: 1.5s;\n        }\n\n        .floating-circle:nth-child(5) {\n            width: 50px;\n            height: 50px;\n            top: 75%;\n            left: 30%;\n            animation-delay: 4.5s;\n        }\n\n        @keyframes gradientMove {\n            0% { background-position: 0% 50%; }\n            25% { background-position: 100% 50%; }\n            50% { background-position: 100% 100%; }\n            75% { background-position: 0% 100%; }\n            100% { background-position: 0% 50%; }\n        }\n\n        @keyframes patternFloat {\n            0% { transform: translateX(0) translateY(0); }\n            33% { transform: translateX(30px) translateY(-20px); }\n            66% { transform: translateX(-20px) translateY(10px); }\n            100% { transform: translateX(0) translateY(0); }\n        }\n\n        @keyframes neuralPulse {\n            0%, 100% { opacity: 0.08; }\n            50% { opacity: 0.2; }\n        }\n\n        @keyframes shineEffect {\n            0% { background-position: 200% 0; }\n            100% { background-position: -200% 0; }\n        }\n\n        @keyframes shine {\n            0% {\n                left: -100%;\n            }\n            20%, 100% {\n                left: 100%;\n            }\n        }\n\n        @keyframes float {\n            0%, 100% { transform: translateY(0px) rotate(0deg); }\n            33% { transform: translateY(-30px) rotate(120deg); }\n            66% { transform: translateY(15px) rotate(240deg); }\n        }\n\n        @media (max-width: 768px) {\n            .banner {\n                height: 320px;\n                padding: 30px 0;\n            }\n            \n            .content {\n                padding: 40px 20px;\n            }\n            \n            .cta-text {\n                font-size: 1.3rem;\n                margin-bottom: 12px;\n            }\n            \n            .cta-subheading {\n                font-size: 0.85rem;\n                margin-bottom: 20px;\n            }\n            \n            .cta-button {\n                padding: 14px 28px;\n                font-size: 0.95rem;\n            }\n        }\n    <\/style>\n<\/head>\n<body>\n    <div class=\"banner\">\n        <div class=\"animated-background\"><\/div>\n        \n        <div class=\"ai-pattern\"><\/div>\n        \n        <div class=\"neural-network\">\n            <div class=\"neural-line\"><\/div>\n            <div class=\"neural-line\"><\/div>\n            <div class=\"neural-line\"><\/div>\n        <\/div>\n        \n        <div class=\"floating-elements\">\n            <div class=\"floating-circle\"><\/div>\n            <div class=\"floating-circle\"><\/div>\n            <div class=\"floating-circle\"><\/div>\n            <div class=\"floating-circle\"><\/div>\n            <div class=\"floating-circle\"><\/div>\n        <\/div>\n        \n        <div class=\"content\">\n            <div class=\"cta-text\">Ready to explore the insights that drive smarter decisions?<\/div>\n            <div class=\"cta-subheading\">Contact our Research experts today.<\/div>\n            <a href=\"mailto:Research@sisinternational.com\" class=\"cta-button\">Contact us now!<\/a>\n        <\/div>\n    <\/div>\n<\/body>\n<\/html>\n\n\n\n<p><\/p>\n\n\n\n<h2 class=\"wp-block-heading\" id=\"the-future-of-skincare\">O futuro dos cuidados com a pele<\/h2>\n\n\n\n<p><a name=\"_GoBack\"><\/a>Skincare remains the largest and most profitable sector of the beauty industry. South Korea maintains a lofty presence in the field of skin care development. Korea is the future. Western brands are adapting products for the Korean market. Korea also has the infrastructure to manufacture beauty products. The developers of these products have influencer and Internet marketing in mind. It\u2019s thus no wonder that K-Beauty is having such an impact on the international market.<\/p>\n\n\n<h2>Localiza\u00e7\u00e3o de nossas instala\u00e7\u00f5es em Nova York<\/h2>\n<p><!-- \/wp:post-content --> <!-- wp:html --> <iframe loading=\"lazy\" src=\"https:\/\/www.google.com\/maps\/embed?pb=!1m18!1m12!1m3!1d3022.976188376966!2d-73.99130312499956!3d40.740549471389315!2m3!1f0!2f0!3f0!3m2!1i1024!2i768!4f13.1!3m3!1m2!1s0x89c259a15798c731%3A0xd695d09bdd495f25!2s11%20E%2022nd%20St%20FL%202%2C%20New%20York%2C%20NY%2010010%2C%20USA!5e0!3m2!1sen!2spe!4v1726171763526!5m2!1sen!2spe\" width=\"600\" height=\"450\" allowfullscreen=\"allowfullscreen\" data-mce-fragment=\"1\"><\/iframe> <!-- \/wp:html --> <!-- wp:paragraph --><\/p>\n<h3 class=\"wp-block-heading\">11 E 22nd Street, andar 2, Nova York, NY 10010 T: +1(212) 505-6805<\/h3>\n<hr \/>\n<h2><span style=\"font-weight: 400;\">Sobre SIS Internacional<\/span><\/h2>\n<p><a href=\"https:\/\/www.sisinternational.com\/pt\/\"><span style=\"font-weight: 400;\">SIS Internacional<\/span><\/a><span style=\"font-weight: 400;\"> oferece pesquisa quantitativa, qualitativa e estrat\u00e9gica. Fornecemos dados, ferramentas, estrat\u00e9gias, relat\u00f3rios e insights para a tomada de decis\u00f5es. Tamb\u00e9m realizamos entrevistas, pesquisas, grupos focais e outros m\u00e9todos e abordagens de Pesquisa de Mercado.<\/span><a href=\"https:\/\/www.sisinternational.com\/pt\/sobre-a-sis-international-research\/contact-sis-international-market-research\/\"><span style=\"font-weight: 400;\"> Entre em contato conosco<\/span><\/a><span style=\"font-weight: 400;\"> para o seu pr\u00f3ximo projeto de pesquisa de mercado.<\/span><\/p>\n<p><!-- wp:paragraph --><\/p>\n<p><!-- \/wp:paragraph --><\/p>\n\n<!-- wp:paragraph -->\n<p><\/p>\n<!-- \/wp:paragraph -->","protected":false},"excerpt":{"rendered":"<p>K-beauty \u00e9 o mais recente fen\u00f4meno de cuidados com a pele e faz com que mulheres em todo o mundo busquem um brilho luminoso de \u201cpele de vidro\u201d.<\/p>","protected":false},"author":1,"featured_media":64727,"parent":14514,"menu_order":140,"comment_status":"closed","ping_status":"closed","template":"","meta":{"footnotes":""},"class_list":["post-40736","page","type-page","status-publish","has-post-thumbnail"],"_links":{"self":[{"href":"https:\/\/www.sisinternational.com\/pt\/wp-json\/wp\/v2\/pages\/40736","targetHints":{"allow":["GET"]}}],"collection":[{"href":"https:\/\/www.sisinternational.com\/pt\/wp-json\/wp\/v2\/pages"}],"about":[{"href":"https:\/\/www.sisinternational.com\/pt\/wp-json\/wp\/v2\/types\/page"}],"author":[{"embeddable":true,"href":"https:\/\/www.sisinternational.com\/pt\/wp-json\/wp\/v2\/users\/1"}],"replies":[{"embeddable":true,"href":"https:\/\/www.sisinternational.com\/pt\/wp-json\/wp\/v2\/comments?post=40736"}],"version-history":[{"count":8,"href":"https:\/\/www.sisinternational.com\/pt\/wp-json\/wp\/v2\/pages\/40736\/revisions"}],"predecessor-version":[{"id":73460,"href":"https:\/\/www.sisinternational.com\/pt\/wp-json\/wp\/v2\/pages\/40736\/revisions\/73460"}],"up":[{"embeddable":true,"href":"https:\/\/www.sisinternational.com\/pt\/wp-json\/wp\/v2\/pages\/14514"}],"wp:featuredmedia":[{"embeddable":true,"href":"https:\/\/www.sisinternational.com\/pt\/wp-json\/wp\/v2\/media\/64727"}],"wp:attachment":[{"href":"https:\/\/www.sisinternational.com\/pt\/wp-json\/wp\/v2\/media?parent=40736"}],"curies":[{"name":"wp","href":"https:\/\/api.w.org\/{rel}","templated":true}]}}