{"id":40731,"date":"2022-06-27T04:04:25","date_gmt":"2022-06-27T04:04:25","guid":{"rendered":"https:\/\/www.sisinternational.com\/?page_id=40731"},"modified":"2026-01-25T17:44:38","modified_gmt":"2026-01-25T22:44:38","slug":"j-oportunidades-de-tendencias-de-beleza","status":"publish","type":"page","link":"https:\/\/www.sisinternational.com\/pt\/pericia\/j-oportunidades-de-tendencias-de-beleza\/","title":{"rendered":"Pesquisa de mercado de beleza japonesa (J-Beauty)"},"content":{"rendered":"<h1 class=\"wp-block-heading\">Pesquisa de mercado de beleza japonesa (J-Beauty)<\/h1>\n\n\n\n<figure class=\"gb-block-image gb-block-image-18ebb6f6\"><img loading=\"lazy\" decoding=\"async\" width=\"1456\" height=\"816\" class=\"gb-image gb-image-18ebb6f6\" src=\"https:\/\/www.sisinternational.com\/wp-content\/uploads\/2025\/09\/Japan-4.jpg\" alt=\"Pesquisa e Estrat\u00e9gia de Mercado Internacional da SIS\" title=\"Japan (4)\" srcset=\"https:\/\/www.sisinternational.com\/wp-content\/uploads\/2025\/09\/Japan-4.jpg 1456w, https:\/\/www.sisinternational.com\/wp-content\/uploads\/2025\/09\/Japan-4-300x168.jpg 300w, https:\/\/www.sisinternational.com\/wp-content\/uploads\/2025\/09\/Japan-4-1024x574.jpg 1024w, https:\/\/www.sisinternational.com\/wp-content\/uploads\/2025\/09\/Japan-4-768x430.jpg 768w, https:\/\/www.sisinternational.com\/wp-content\/uploads\/2025\/09\/Japan-4-18x10.jpg 18w\" sizes=\"auto, (max-width: 1456px) 100vw, 1456px\"><\/figure>\n\n\n\n<hr class=\"wp-block-separator has-alpha-channel-opacity is-style-dots\"\/>\n\n\n\n<div class=\"wp-block-columns has-global-color-9-color has-text-color has-background has-link-color wp-elements-abf50ec3aedc99c0815ec4bba7fedf93 is-layout-flex wp-container-core-columns-is-layout-9d6595d7 wp-block-columns-is-layout-flex\" style=\"background-color:#f7f9fa6e\">\n<div class=\"wp-block-column is-layout-flow wp-block-column-is-layout-flow\" style=\"flex-basis:18%\"><\/div>\n\n\n\n<div class=\"wp-block-column is-vertically-aligned-center is-layout-flow wp-block-column-is-layout-flow\" style=\"flex-basis:71.28%\">\n<div class=\"wp-block-rank-math-toc-block aligncenter has-global-color-9-color has-text-color has-link-color wp-elements-38c9c8f6b99a50873f85dd8bb31bda6b\" style=\"font-size:16px\" id=\"rank-math-toc\"><h2><br><strong>T<\/strong>able of Contents<\/h2><nav><ul><li class=\"\"><a href=\"#japanese-beauty-was-out-of-the-limelight-for-a-while\">A beleza japonesa ficou fora dos holofotes por um tempo.<\/a><\/li><li class=\"\"><a href=\"#heres-a-look-at-some-popular-j-beauty-products\">Aqui est\u00e1 uma olhada em alguns produtos populares da J-beauty:<\/a><\/li><li class=\"\"><a href=\"#j-beauty-opportunities\">Oportunidades J-Beauty<\/a><\/li><\/ul><\/nav><\/div>\n<\/div>\n<\/div>\n\n\n\n<p><\/p>\n\n\n\n<h2 class=\"wp-block-heading\" id=\"japanese-beauty-was-out-of-the-limelight-for-a-while\">A beleza japonesa ficou fora dos holofotes por um tempo.<\/h2>\n\n\n\n<p>O mundo ficou apaixonado pelo fasc\u00ednio coreano. No entanto, \u00e9 dif\u00edcil ignorar o fato de que algumas das melhores lo\u00e7\u00f5es, produtos de limpeza e soros faciais v\u00eam do Jap\u00e3o. Grande parte da fixa\u00e7\u00e3o em uma pele perfeita vem da comunidade das gueixas. Vicky Tsai, fundadora da marca de cuidados com a pele Tatcha, passou algum tempo com gueixas. Ela escreveu em uma postagem no blog: \u201cPor baixo da ic\u00f4nica maquiagem branca est\u00e1 a pele mais pura e de tirar o f\u00f4lego que j\u00e1 vi na minha vida\u201d.<\/p>\n\n\n\n<h2 class=\"wp-block-heading\" id=\"heres-a-look-at-some-popular-j-beauty-products\">Aqui est\u00e1 uma olhada em alguns produtos populares da J-beauty:<\/h2>\n\n\n\n<figure class=\"gb-block-image gb-block-image-a5a54dfc\"><img loading=\"lazy\" decoding=\"async\" width=\"1456\" height=\"816\" class=\"gb-image gb-image-a5a54dfc\" src=\"https:\/\/www.sisinternational.com\/wp-content\/uploads\/2025\/08\/K-beauty-korean-1.jpg\" alt=\"Pesquisa e Estrat\u00e9gia de Mercado Internacional da SIS\" title=\"K beauty korean (1)\" srcset=\"https:\/\/www.sisinternational.com\/wp-content\/uploads\/2025\/08\/K-beauty-korean-1.jpg 1456w, https:\/\/www.sisinternational.com\/wp-content\/uploads\/2025\/08\/K-beauty-korean-1-300x168.jpg 300w, https:\/\/www.sisinternational.com\/wp-content\/uploads\/2025\/08\/K-beauty-korean-1-1024x574.jpg 1024w, https:\/\/www.sisinternational.com\/wp-content\/uploads\/2025\/08\/K-beauty-korean-1-768x430.jpg 768w, https:\/\/www.sisinternational.com\/wp-content\/uploads\/2025\/08\/K-beauty-korean-1-18x10.jpg 18w\" sizes=\"auto, (max-width: 1456px) 100vw, 1456px\"><\/figure>\n\n\n\n<p><\/p>\n\n\n\n<h3 class=\"wp-block-heading\">Produtos de beleza japoneses<\/h3>\n\n\n\n<p><strong><span style=\"color: #cda349;\">SimEstilo<\/span><\/strong><\/p>\n\n\n\n<p>YesStyle \u00e9 o maior vendedor de moda e beleza asi\u00e1tica do mundo. Eles vendem produtos e acess\u00f3rios de beleza, roupas e estilo de vida de qualidade. Esses produtos v\u00eam do Jap\u00e3o, Cor\u00e9ia, Taiwan e muito mais. Eles oferecem uma gama completa de marcas de beleza japonesas. Sua maquiagem, cuidados com a pele, cosm\u00e9ticos e outros produtos fornecem solu\u00e7\u00f5es direcionadas.<\/p>\n\n\n\n<p><strong><span style=\"color: #cda349;\">Shiseido<\/span><\/strong><\/p>\n\n\n\n<p>Shiseido \u00e9 uma empresa multinacional japonesa. Eles fabricam produtos para cabelos e cuidados com a pele, fragr\u00e2ncias e cosm\u00e9ticos. Fundada em 1872, a Shiseido \u00e9 uma das empresas de cosm\u00e9ticos mais antigas do mundo. \u00c9 a maior empresa de cosm\u00e9ticos do Jap\u00e3o e a quinta maior do mundo. Seus produtos est\u00e3o dispon\u00edveis apenas em lojas de departamentos e farm\u00e1cias selecionadas.<\/p>\n\n\n\n<p><strong><span style=\"color: #cda349;\">Tatcha<\/span><\/strong><\/p>\n\n\n\n<p><a name=\"_GoBack\"><\/a>Vicky Tsai, mentioned above, left her corporate job to found Tatcha. She soon learned the Japanese approach to beauty: less is more. An ancient Japanese text captures this philosophy. This distinctive guide inspires and informs the Tatcha collection. Today, <a href=\"https:\/\/www.sisinternational.com\/pt\/como-elaborar-pesquisas-sobre-questoes-culturais-do-japao\/\" title=\"Como elaborar pesquisas para o Jap\u00e3o; Cultura \u00e9 importante!\"  data-wpil-monitor-id=\"4401\">researchers in the US and Japan<\/a> produce each formulation from scratch. They are developing time-honored beauty practices for a contemporary, fast-paced life.<\/p>\n\n\n\n<p><strong><span style=\"color: #cda349;\">SK-II<\/span><\/strong><\/p>\n\n\n\n<p>SK-II is a J-beauty brand launched in 1980. Japanese scientists developed the brand in the 1970s. They were exploring the use of more natural ingredients. P&amp;G acquired the brand in 1991, along with Max Factor. Soon afterward SK-II expanded sales from Japan to Korea, Taiwan, and Hong Kong. The brand hit shelves in the Uk in 2000 and made its way to the US.<\/p>\n\n\n\n<p><strong><span style=\"color: #cda349;\">R\u00edmel Fairydrops<\/span><\/strong><\/p>\n\n\n\n<p>A personalidade da TV japonesa Aya Yasuda \u00e9 a fundadora e CEO da Fairydrops Cosmetics. Ela fundou a empresa partindo da premissa de que os olhos s\u00e3o o segredo para causar uma boa impress\u00e3o. Yasuda desenvolveu sua linha de produtos para conseguir isso. Fairydrops est\u00e1 dispon\u00edvel no Jap\u00e3o e nos Estados Unidos.<\/p>\n\n\n\n<p><\/p>\n\n\n\n<!DOCTYPE html>\n<html lang=\"en\">\n<head>\n    <meta charset=\"UTF-8\">\n    <meta name=\"viewport\" content=\"width=device-width, initial-scale=1.0\">\n    <title>AI Blog Banner<\/title>\n    <style>\n        * {\n            margin: 0;\n            padding: 0;\n            box-sizing: border-box;\n        }\n\n        .banner {\n            position: relative;\n            width: 100%;\n            height: 350px;\n            overflow: hidden;\n            display: flex;\n            align-items: center;\n            justify-content: center;\n            font-family: 'Arial', sans-serif;\n            border-radius: 25px;\n        }\n\n        .animated-background {\n            position: absolute;\n            top: 0;\n            left: 0;\n            width: 100%;\n            height: 100%;\n            background: linear-gradient(45deg, #003f6b, #2d5a7b, #003f6b, #2d5a7b);\n            background-size: 400% 400%;\n            animation: gradientMove 8s ease-in-out infinite;\n        }\n\n        .ai-pattern {\n            position: absolute;\n            top: 0;\n            left: 0;\n            width: 100%;\n            height: 100%;\n            opacity: 0.1;\n            background-image: \n                radial-gradient(circle at 20% 20%, rgba(255,255,255,0.3) 2px, transparent 2px),\n                radial-gradient(circle at 80% 80%, rgba(255,255,255,0.2) 1px, transparent 1px),\n                radial-gradient(circle at 40% 60%, rgba(255,255,255,0.15) 1.5px, transparent 1.5px),\n                radial-gradient(circle at 60% 20%, rgba(255,255,255,0.25) 1px, transparent 1px),\n                radial-gradient(circle at 80% 40%, rgba(255,255,255,0.2) 2px, transparent 2px);\n            background-size: 100px 100px, 150px 150px, 80px 80px, 120px 120px, 90px 90px;\n            animation: patternFloat 12s linear infinite;\n        }\n\n        .neural-network {\n            position: absolute;\n            top: 0;\n            left: 0;\n            width: 100%;\n            height: 100%;\n            opacity: 0.08;\n        }\n\n        .neural-line {\n            position: absolute;\n            height: 1px;\n            background: linear-gradient(90deg, transparent, rgba(255,255,255,0.5), transparent);\n            animation: neuralPulse 6s ease-in-out infinite;\n        }\n\n        .neural-line:nth-child(1) {\n            top: 30%;\n            left: 0;\n            width: 60%;\n            animation-delay: 0s;\n        }\n\n        .neural-line:nth-child(2) {\n            top: 50%;\n            right: 0;\n            width: 70%;\n            animation-delay: 2s;\n        }\n\n        .neural-line:nth-child(3) {\n            top: 70%;\n            left: 20%;\n            width: 50%;\n            animation-delay: 4s;\n        }\n\n        .content {\n            position: relative;\n            z-index: 10;\n            text-align: center;\n            color: white !important;\n            max-width: 800px;\n            padding: 30px;\n        }\n\n        .content * {\n            color: white !important;\n        }\n\n        .cta-text {\n            font-size: 1.9rem;\n            font-weight: 700;\n            margin-bottom: 15px;\n            color: white !important;\n            background: linear-gradient(90deg, rgba(255,255,255,0.6), rgba(255,255,255,1), rgba(230,230,230,1), rgba(255,255,255,1), rgba(240,240,240,0.8), rgba(255,255,255,0.6));\n            background-size: 200% 100%;\n            -webkit-background-clip: text;\n            -webkit-text-fill-color: transparent;\n            background-clip: text;\n            animation: shineEffect 10s ease-in-out infinite;\n            line-height: 1.3;\n        }\n\n        .cta-subheading {\n            font-size: 1rem;\n            font-weight: 400;\n            margin-bottom: 25px;\n            color: white !important;\n            line-height: 1.6;\n            opacity: 0.95;\n        }\n\n        .cta-button {\n            background: linear-gradient(135deg, #8a6b0f, #bd9013, #d4a519);\n            border: 2px solid #8a6b0f;\n            color: white !important;\n            padding: 18px 40px;\n            font-size: 1.2rem;\n            font-weight: 600;\n            border-radius: 50px;\n            cursor: pointer;\n            transition: all 0.3s ease;\n            text-decoration: none;\n            display: inline-block;\n            position: relative;\n            overflow: hidden;\n        }\n\n        .cta-button::before {\n            content: '';\n            position: absolute;\n            top: 0;\n            left: -100%;\n            width: 100%;\n            height: 100%;\n            background: linear-gradient(90deg, \n                transparent 0%, \n                rgba(255, 255, 255, 0.3) 25%,\n                rgba(255, 255, 255, 0.6) 50%,\n                rgba(255, 255, 255, 0.3) 75%,\n                transparent 100%);\n            animation: shine 3s ease-in-out infinite;\n        }\n\n        .cta-button:hover {\n            transform: translateY(-3px);\n            box-shadow: 0 10px 25px rgba(0,0,0,0.2);\n            border-color: #bd9013;\n            background: linear-gradient(135deg, #bd9013, #d4a519, #e6b61f);\n        }\n\n        .floating-elements {\n            position: absolute;\n            top: 0;\n            left: 0;\n            width: 100%;\n            height: 100%;\n            pointer-events: none;\n        }\n\n        .floating-circle {\n            position: absolute;\n            border-radius: 50%;\n            background: rgba(255,255,255,0.1);\n            animation: float 8s ease-in-out infinite;\n        }\n\n        .floating-circle:nth-child(1) {\n            width: 80px;\n            height: 80px;\n            top: 20%;\n            left: 10%;\n            animation-delay: 0s;\n        }\n\n        .floating-circle:nth-child(2) {\n            width: 60px;\n            height: 60px;\n            top: 60%;\n            right: 15%;\n            animation-delay: 3s;\n        }\n\n        .floating-circle:nth-child(3) {\n            width: 40px;\n            height: 40px;\n            top: 80%;\n            left: 80%;\n            animation-delay: 6s;\n        }\n\n        .floating-circle:nth-child(4) {\n            width: 70px;\n            height: 70px;\n            top: 10%;\n            right: 20%;\n            animation-delay: 1.5s;\n        }\n\n        .floating-circle:nth-child(5) {\n            width: 50px;\n            height: 50px;\n            top: 75%;\n            left: 30%;\n            animation-delay: 4.5s;\n        }\n\n        @keyframes gradientMove {\n            0% { background-position: 0% 50%; }\n            25% { background-position: 100% 50%; }\n            50% { background-position: 100% 100%; }\n            75% { background-position: 0% 100%; }\n            100% { background-position: 0% 50%; }\n        }\n\n        @keyframes patternFloat {\n            0% { transform: translateX(0) translateY(0); }\n            33% { transform: translateX(30px) translateY(-20px); }\n            66% { transform: translateX(-20px) translateY(10px); }\n            100% { transform: translateX(0) translateY(0); }\n        }\n\n        @keyframes neuralPulse {\n            0%, 100% { opacity: 0.08; }\n            50% { opacity: 0.2; }\n        }\n\n        @keyframes shineEffect {\n            0% { background-position: 200% 0; }\n            100% { background-position: -200% 0; }\n        }\n\n        @keyframes shine {\n            0% {\n                left: -100%;\n            }\n            20%, 100% {\n                left: 100%;\n            }\n        }\n\n        @keyframes float {\n            0%, 100% { transform: translateY(0px) rotate(0deg); }\n            33% { transform: translateY(-30px) rotate(120deg); }\n            66% { transform: translateY(15px) rotate(240deg); }\n        }\n\n        @media (max-width: 768px) {\n            .banner {\n                height: 320px;\n                padding: 30px 0;\n            }\n            \n            .content {\n                padding: 40px 20px;\n            }\n            \n            .cta-text {\n                font-size: 1.3rem;\n                margin-bottom: 12px;\n            }\n            \n            .cta-subheading {\n                font-size: 0.85rem;\n                margin-bottom: 20px;\n            }\n            \n            .cta-button {\n                padding: 14px 28px;\n                font-size: 0.95rem;\n            }\n        }\n    <\/style>\n<\/head>\n<body>\n    <div class=\"banner\">\n        <div class=\"animated-background\"><\/div>\n        \n        <div class=\"ai-pattern\"><\/div>\n        \n        <div class=\"neural-network\">\n            <div class=\"neural-line\"><\/div>\n            <div class=\"neural-line\"><\/div>\n            <div class=\"neural-line\"><\/div>\n        <\/div>\n        \n        <div class=\"floating-elements\">\n            <div class=\"floating-circle\"><\/div>\n            <div class=\"floating-circle\"><\/div>\n            <div class=\"floating-circle\"><\/div>\n            <div class=\"floating-circle\"><\/div>\n            <div class=\"floating-circle\"><\/div>\n        <\/div>\n        \n        <div class=\"content\">\n            <div class=\"cta-text\">Ready to explore the insights that drive smarter decisions?<\/div>\n            <div class=\"cta-subheading\">Contact our Research experts today.<\/div>\n            <a href=\"mailto:Research@sisinternational.com\" class=\"cta-button\">Contact us now!<\/a>\n        <\/div>\n    <\/div>\n<\/body>\n<\/html>\n\n\n\n<p><\/p>\n\n\n\n<h2 class=\"wp-block-heading\" id=\"j-beauty-opportunities\">Oportunidades J-Beauty<\/h2>\n\n\n\n<figure class=\"gb-block-image gb-block-image-cde3ac8f\"><img loading=\"lazy\" decoding=\"async\" width=\"1456\" height=\"816\" class=\"gb-image gb-image-cde3ac8f\" src=\"https:\/\/www.sisinternational.com\/wp-content\/uploads\/2025\/08\/K-beauty-korean-5.jpg\" alt=\"Pesquisa e Estrat\u00e9gia de Mercado Internacional da SIS\" title=\"K beauty korean (5)\" srcset=\"https:\/\/www.sisinternational.com\/wp-content\/uploads\/2025\/08\/K-beauty-korean-5.jpg 1456w, https:\/\/www.sisinternational.com\/wp-content\/uploads\/2025\/08\/K-beauty-korean-5-300x168.jpg 300w, https:\/\/www.sisinternational.com\/wp-content\/uploads\/2025\/08\/K-beauty-korean-5-1024x574.jpg 1024w, https:\/\/www.sisinternational.com\/wp-content\/uploads\/2025\/08\/K-beauty-korean-5-768x430.jpg 768w, https:\/\/www.sisinternational.com\/wp-content\/uploads\/2025\/08\/K-beauty-korean-5-18x10.jpg 18w\" sizes=\"auto, (max-width: 1456px) 100vw, 1456px\"><\/figure>\n\n\n\n<p><\/p>\n\n\n\n<p>\u201cJ-beauty,\u201d the sleeping giant of the cosmetic industry, has woken up. Its key competitor is \u201cK-beauty\u201d or Korean beauty. The latter has the advantages of efficiency and manufacturing speed. However, K-beauty can\u2019t contend with Japan\u2019s far more elaborate and delicate beauty routines. It also cannot compete with its long-term technology investment. Japan&#8217;s obsession with beauty also makes it difficult for K-beauty to compete.<\/p>\n\n\n\n<p>A ind\u00fastria da beleza japonesa remonta ao s\u00e9culo VI. Elementos como o l\u00e1bio vermelho original (a gueixa usava p\u00e9talas de c\u00e1rtamo esmagadas) s\u00e3o japoneses. Outro fator japon\u00eas s\u00e3o os pinc\u00e9is de maquiagem estilo caligrafia. O uso do p\u00f3 de arroz como matificante e fixador de maquiagem tamb\u00e9m \u00e9 de origem japonesa. Muito do que h\u00e1 de interessante na K-beauty veio do Jap\u00e3o. A beleza japonesa consegue casar o antigo e o novo com facilidade.<\/p>\n\n\n\n<p>O Jap\u00e3o tem uma posi\u00e7\u00e3o segura no mercado dos EUA h\u00e1 d\u00e9cadas. A fome pelos seus produtos permanece. Marcas como a Shiseido investiram em inova\u00e7\u00e3o e estima-se que a I&amp;D do Jap\u00e3o esteja dois anos \u00e0 frente da dos EUA. Uma das inova\u00e7\u00f5es em desenvolvimento \u00e9 a tecnologia de pele artificial. Esta segunda pele, feita de um pol\u00edmero el\u00e1stico dur\u00e1vel, fica sob maquiagem ou UV. Os usu\u00e1rios aplicam-no como uma lo\u00e7\u00e3o e faz com que as rugas desapare\u00e7am.<\/p>\n\n\n\n<p>So what sets J-brands apart from their Western competitors? Japanese science and technology enable the efficacy of their products. Their textures are also of a higher quality. This is especially true of creams, SPF products, and foundation. Japanese products can also be used alongside those of the West. Beauty addicts in the West can, therefore, add a product or two from Japan to their existing skincare regimens if they\u2019re not ready to go full J-beauty.<\/p>\n\n\n<h2>Localiza\u00e7\u00e3o de nossas instala\u00e7\u00f5es em Nova York<\/h2>\n<p><!-- \/wp:post-content --> <!-- wp:html --> <iframe loading=\"lazy\" src=\"https:\/\/www.google.com\/maps\/embed?pb=!1m18!1m12!1m3!1d3022.976188376966!2d-73.99130312499956!3d40.740549471389315!2m3!1f0!2f0!3f0!3m2!1i1024!2i768!4f13.1!3m3!1m2!1s0x89c259a15798c731%3A0xd695d09bdd495f25!2s11%20E%2022nd%20St%20FL%202%2C%20New%20York%2C%20NY%2010010%2C%20USA!5e0!3m2!1sen!2spe!4v1726171763526!5m2!1sen!2spe\" width=\"600\" height=\"450\" allowfullscreen=\"allowfullscreen\" data-mce-fragment=\"1\"><\/iframe> <!-- \/wp:html --> <!-- wp:paragraph --><\/p>\n<h3 class=\"wp-block-heading\">11 E 22nd Street, andar 2, Nova York, NY 10010 T: +1(212) 505-6805<\/h3>\n<hr \/>\n<h2><span style=\"font-weight: 400;\">Sobre SIS Internacional<\/span><\/h2>\n<p><a href=\"https:\/\/www.sisinternational.com\/pt\/\"><span style=\"font-weight: 400;\">SIS Internacional<\/span><\/a><span style=\"font-weight: 400;\"> oferece pesquisa quantitativa, qualitativa e estrat\u00e9gica. Fornecemos dados, ferramentas, estrat\u00e9gias, relat\u00f3rios e insights para a tomada de decis\u00f5es. Tamb\u00e9m realizamos entrevistas, pesquisas, grupos focais e outros m\u00e9todos e abordagens de Pesquisa de Mercado.<\/span><a href=\"https:\/\/www.sisinternational.com\/pt\/sobre-a-sis-international-research\/contact-sis-international-market-research\/\"><span style=\"font-weight: 400;\"> Entre em contato conosco<\/span><\/a><span style=\"font-weight: 400;\"> para o seu pr\u00f3ximo projeto de pesquisa de mercado.<\/span><\/p>\n<p>\u00a0<\/p>\n<p><!-- wp:heading --><\/p>\n<p><!-- wp:paragraph --><\/p>\n<p><!-- \/wp:paragraph --><!-- \/wp:heading --><\/p>","protected":false},"excerpt":{"rendered":"<p>A pesquisa de mercado de beleza japonesa (J-Beauty) fornece dados, ferramentas, estrat\u00e9gias e relat\u00f3rios para oferecer oportunidades de crescimento global.<\/p>","protected":false},"author":1,"featured_media":65779,"parent":14514,"menu_order":139,"comment_status":"closed","ping_status":"closed","template":"","meta":{"footnotes":""},"class_list":["post-40731","page","type-page","status-publish","has-post-thumbnail"],"_links":{"self":[{"href":"https:\/\/www.sisinternational.com\/pt\/wp-json\/wp\/v2\/pages\/40731","targetHints":{"allow":["GET"]}}],"collection":[{"href":"https:\/\/www.sisinternational.com\/pt\/wp-json\/wp\/v2\/pages"}],"about":[{"href":"https:\/\/www.sisinternational.com\/pt\/wp-json\/wp\/v2\/types\/page"}],"author":[{"embeddable":true,"href":"https:\/\/www.sisinternational.com\/pt\/wp-json\/wp\/v2\/users\/1"}],"replies":[{"embeddable":true,"href":"https:\/\/www.sisinternational.com\/pt\/wp-json\/wp\/v2\/comments?post=40731"}],"version-history":[{"count":12,"href":"https:\/\/www.sisinternational.com\/pt\/wp-json\/wp\/v2\/pages\/40731\/revisions"}],"predecessor-version":[{"id":78448,"href":"https:\/\/www.sisinternational.com\/pt\/wp-json\/wp\/v2\/pages\/40731\/revisions\/78448"}],"up":[{"embeddable":true,"href":"https:\/\/www.sisinternational.com\/pt\/wp-json\/wp\/v2\/pages\/14514"}],"wp:featuredmedia":[{"embeddable":true,"href":"https:\/\/www.sisinternational.com\/pt\/wp-json\/wp\/v2\/media\/65779"}],"wp:attachment":[{"href":"https:\/\/www.sisinternational.com\/pt\/wp-json\/wp\/v2\/media?parent=40731"}],"curies":[{"name":"wp","href":"https:\/\/api.w.org\/{rel}","templated":true}]}}