{"id":40713,"date":"2022-06-26T04:02:35","date_gmt":"2022-06-26T04:02:35","guid":{"rendered":"https:\/\/www.sisinternational.com\/?page_id=40713"},"modified":"2025-10-01T19:42:22","modified_gmt":"2025-10-01T23:42:22","slug":"pesquisa-de-mercado-de-manufatura-pesada","status":"publish","type":"page","link":"https:\/\/www.sisinternational.com\/pt\/pericia\/pesquisa-de-mercado-de-manufatura-pesada\/","title":{"rendered":"Pesquisa de mercado de manufatura pesada"},"content":{"rendered":"<h1 class=\"wp-block-heading\">Pesquisa de mercado de manufatura pesada<\/h1>\n\n\n\n<figure class=\"gb-block-image gb-block-image-6da48f19\"><img loading=\"lazy\" decoding=\"async\" width=\"1456\" height=\"816\" class=\"gb-image gb-image-6da48f19\" src=\"https:\/\/www.sisinternational.com\/wp-content\/uploads\/2025\/08\/Manufacturing-4.jpg\" alt=\"Pesquisa e Estrat\u00e9gia de Mercado Internacional da SIS\" title=\"Manufacturing (4)\" srcset=\"https:\/\/www.sisinternational.com\/wp-content\/uploads\/2025\/08\/Manufacturing-4.jpg 1456w, https:\/\/www.sisinternational.com\/wp-content\/uploads\/2025\/08\/Manufacturing-4-300x168.jpg 300w, https:\/\/www.sisinternational.com\/wp-content\/uploads\/2025\/08\/Manufacturing-4-1024x574.jpg 1024w, https:\/\/www.sisinternational.com\/wp-content\/uploads\/2025\/08\/Manufacturing-4-768x430.jpg 768w, https:\/\/www.sisinternational.com\/wp-content\/uploads\/2025\/08\/Manufacturing-4-18x10.jpg 18w\" sizes=\"auto, (max-width: 1456px) 100vw, 1456px\"><\/figure>\n\n\n\n<p><\/p>\n\n\n\n<h2 class=\"wp-block-heading\">O que \u00e9 pesquisa de mercado HM?<\/h2>\n\n\n\n<p>You may know <a href=\"https:\/\/sisaisolutions.com\/application-of-ai-in-manufacturing\/\" target=\"_blank\" rel=\"noopener\">Fabrica\u00e7\u00e3o Pesada<\/a> by another name: Heavy Industry. HM focuses less on the consumer than the light industry sector. But, it uses much more capital. Further, it often involves extracting and using raw materials to produce goods. Thus HM has quite an impact on several industries.<\/p>\n\n\n\n<h3 class=\"wp-block-heading\">Exemplos de HM s\u00e3o<span lang=\"en-US\">:<\/span><\/h3>\n\n\n\n<p><strong><span style=\"color: #cda349;\">1. Constru\u00e7\u00e3o naval<\/span><\/strong><\/p>\n\n\n\n<p><strong><span style=\"color: #cda349;\">2. Constru\u00e7\u00e3o de m\u00e1quinas-ferramenta<\/span><\/strong><\/p>\n\n\n\n<p><strong><span style=\"color: #cda349;\">3. Produ\u00e7\u00e3o de a\u00e7o<\/span><\/strong><\/p>\n\n\n\n<p><strong><span style=\"color: #cda349;\">4. Minera\u00e7\u00e3o<\/span><\/strong><\/p>\n\n\n\n<p><strong><span style=\"color: #cda349;\">5. Produtos qu\u00edmicos<\/span><\/strong><\/p>\n\n\n\n<h3 class=\"wp-block-heading\">A HM tamb\u00e9m inclui a fabrica\u00e7\u00e3o de equipamentos utilizados na agricultura e na constru\u00e7\u00e3o.<\/h3>\n\n\n\n<p>Um dos principais impulsionadores do mercado neste setor \u00e9 o aumento dos gastos com constru\u00e7\u00e3o em todo o mundo. Mas criar novos produtos no setor de HM exige enormes gastos de capital. Assim, as pequenas empresas deste setor s\u00f3 podem produzir m\u00e1quinas especializadas.<\/p>\n\n\n\n<h2 class=\"wp-block-heading\">Por que a pesquisa de mercado da HM \u00e9 importante?<\/h2>\n\n\n\n<p>In all industries and sectors, <a href=\"https:\/\/www.sisinternational.com\/pt\/pericia\/industrias\/pesquisa-de-mercado-de-fundamentos-de-cozinha\/\" title=\"Pesquisa de mercado de fundamentos de cozinha\" data-wpil-monitor-id=\"7752\">Market Research is essential<\/a>. It is vital in the HM industry, where the effects of making misinformed decisions can be severe. At times, such decisions can be nothing short of disastrous. Market Research is vital for entering new markets as well as acquiring other businesses. It\u2019s also needed for major new product launches. Here are four reasons why <a href=\"https:\/\/www.sisinternational.com\/pt\/pericia\/industrias\/gerente-de-beneficios-de-farmacia-pesquisa-de-mercado-pbm\/\" title=\"Pesquisa de mercado do Gerente de Benef\u00edcios Farmac\u00eauticos (PBM)\" data-wpil-monitor-id=\"7750\">Market Research benefits<\/a> the HM industry:<\/p>\n\n\n\n<p><strong><span style=\"color: #0b5d95;\">1. Ajuda os participantes do setor a obter insights prim\u00e1rios. Na verdade, \u00e9 raro obter tais informa\u00e7\u00f5es de fontes secund\u00e1rias.<\/span><\/strong><\/p>\n\n\n\n<p><strong><span style=\"color: #0b5d95;\">2. Ajuda os fabricantes de produtos HM a identificar buyer personas<\/span><\/strong><\/p>\n\n\n\n<p><strong><span style=\"color: #0b5d95;\">3. Ajuda-os a identificar conte\u00fados e m\u00e9todos que os manter\u00e3o relevantes<\/span><\/strong><\/p>\n\n\n\n<p><strong><span style=\"color: #0b5d95;\">4. Ajuda-os a reduzir o risco<\/span><\/strong><\/p>\n\n\n\n<h2 class=\"wp-block-heading\">Principais cargos<\/h2>\n\n\n\n<h3 class=\"wp-block-heading\">Os cargos cr\u00edticos em HM s\u00e3o os seguintes:<\/h3>\n\n\n\n<ul class=\"wp-block-list\">\n<li>Montador. Um montador monta equipamentos HM. <span lang=\"en-US\">Ele ou ela<\/span> montar<span lang=\"en-US\">\u00e9<\/span> as diferentes partes de um produto para torn\u00e1-lo funcional.<\/li>\n\n\n\n<li>Operador\/Maquinista. Operadores e maquinistas s\u00e3o especialistas no uso de m\u00e1quinas. Os operadores\/maquinistas tamb\u00e9m devem ser bons na resolu\u00e7\u00e3o de problemas de funcionamento das m\u00e1quinas. A maioria dos operadores sabe usar quase todos os tipos de m\u00e1quinas. Assim, a maioria deles s\u00e3o especialistas em opera\u00e7\u00e3o de m\u00e1quinas.<\/li>\n\n\n\n<li>Quality Inspector: a specialist in checking out how well the machinery works. That person can also identify a machine\u2019s <a href=\"https:\/\/www.sisinternational.com\/pt\/solucoes\/pesquisa-de-mercado-de-valor-vitalicio-do-cliente\/\" title=\"Pesquisa de mercado sobre o valor da vida \u00fatil do cliente\" data-wpil-monitor-id=\"7757\">value in the market<\/a>. Quality inspectors tend to know every kind of material used in any heavy equipment.<\/li>\n<\/ul>\n\n\n\n<h2 class=\"wp-block-heading\">Por que as empresas precisam de pesquisas de mercado de HM<\/h2>\n\n\n\n<p><a href=\"https:\/\/www.sisinternational.com\/pt\/cobertura\/as-americas\/cobertura-dos-eua\/\" title=\"Pesquisa de mercado nos Estados Unidos\" data-wpil-monitor-id=\"7754\">Pesquisa de mercado<\/a> provides knowledge of the current market state. Companies can also use it to predict future consumer needs. Sales cycles in this sector are often long. Market Research can help determine the best ways to keep prospects engaged throughout the process.<\/p>\n\n\n\n<p>As empresas com alcance global precisam estar em conformidade com os padr\u00f5es locais. Eles devem se manter informados em todas as etapas dos processos de produ\u00e7\u00e3o e vendas. A pesquisa de mercado pode ajud\u00e1-lo a identificar e acompanhar tend\u00eancias emergentes. Assim, voc\u00ea gasta menos dinheiro com surpresas de compliance.<\/p>\n\n\n\n<h2 class=\"wp-block-heading\">Principais fatores de sucesso<\/h2>\n\n\n\n<h3 class=\"wp-block-heading\">Os especialistas destacaram v\u00e1rios fatores que podem ajudar os participantes deste setor. Estes factores podem ajud\u00e1-los a competir nos seus respectivos mercados. Eles incluem:<\/h3>\n\n\n\n<p>1. <strong>Produtividade.<\/strong> A expans\u00e3o muitas vezes significa aumentar a produ\u00e7\u00e3o sem aumentar o tamanho da f\u00e1brica. Assim, os players do setor devem se concentrar em serem mais eficientes em suas opera\u00e7\u00f5es.<\/p>\n\n\n\n<p>2. <strong>Conectividade.<\/strong> Bilh\u00f5es de m\u00e1quinas e equipamentos agora est\u00e3o conectados \u00e0 Internet, gra\u00e7as ao poder da IA. Para que os fabricantes de equipamentos HM possam competir, devem ver os seus sistemas como parte de um mundo conectado.<\/p>\n\n\n\n<p>3. <strong>Estandardiza\u00e7\u00e3o.<\/strong> The process of making machines that conform to a standard makes HM operations more efficient. For one thing, it\u2019s quicker to get the <a href=\"https:\/\/www.sisinternational.com\/pt\/pericia\/curriculos-de-experiencia\/pesquisa-de-mercado-de-produtos-de-higiene-pessoal\/\" title=\"Pesquisa de mercado de produtos de cuidados pessoais\" data-wpil-monitor-id=\"7756\">product to market<\/a>. It also enables industry players to improve continuously.<\/p>\n\n\n\n<h2 class=\"wp-block-heading\">Sobre a HM Pesquisa de Mercado<\/h2>\n\n\n\n<p>Through the years, HM <a href=\"https:\/\/www.sisinternational.com\/pt\/solucoes\/solucoes-de-pesquisa-quantitativa-qualitativa\/pesquisa-de-mercado-de-servicos-de-campo\/\" title=\"Pesquisa de mercado de servi\u00e7os de campo\" data-wpil-monitor-id=\"7753\">Market Research has helped the field<\/a> of science. It has made room for avant-garde players in tech and machinery, and it enables them to at least survive future risks.<\/p>\n\n\n\n<p>We do Qualitative, Quantitative, and Strategy Research through interviews and surveys. We also organize <a href=\"https:\/\/www.sisinternational.com\/pt\/solucoes\/pesquisa-de-mercado-em-grupo-focal\/\" title=\"Pesquisa de mercado com grupo focal\" data-wpil-monitor-id=\"7751\">Focus Groups to help gauge market<\/a> response to products.<\/p>\n\n\n\n<p>Companies need to see the importance of HM <a href=\"https:\/\/www.sisinternational.com\/pt\/pericia\/curriculos-de-experiencia\/curriculo-de-experiencia-em-industrias-quimicas-e-energeticas\/\" title=\"Empresa de pesquisa de mercado qu\u00edmico e energ\u00e9tico\" data-wpil-monitor-id=\"7755\">pesquisa de mercado<\/a>. It takes time, money, and effort, but it builds endless potential. It also enables the makers of heavy equipment to improve their bottom line.<\/p>\n\n\n\n<p><\/p>","protected":false},"excerpt":{"rendered":"<p>A pesquisa de mercado de manufatura pesada prev\u00ea necessidades, envolve clientes potenciais, detecta tend\u00eancias e garante conformidade para empresas globais.<\/p>","protected":false},"author":1,"featured_media":63589,"parent":14514,"menu_order":137,"comment_status":"closed","ping_status":"closed","template":"","meta":{"footnotes":""},"class_list":["post-40713","page","type-page","status-publish","has-post-thumbnail"],"_links":{"self":[{"href":"https:\/\/www.sisinternational.com\/pt\/wp-json\/wp\/v2\/pages\/40713","targetHints":{"allow":["GET"]}}],"collection":[{"href":"https:\/\/www.sisinternational.com\/pt\/wp-json\/wp\/v2\/pages"}],"about":[{"href":"https:\/\/www.sisinternational.com\/pt\/wp-json\/wp\/v2\/types\/page"}],"author":[{"embeddable":true,"href":"https:\/\/www.sisinternational.com\/pt\/wp-json\/wp\/v2\/users\/1"}],"replies":[{"embeddable":true,"href":"https:\/\/www.sisinternational.com\/pt\/wp-json\/wp\/v2\/comments?post=40713"}],"version-history":[{"count":5,"href":"https:\/\/www.sisinternational.com\/pt\/wp-json\/wp\/v2\/pages\/40713\/revisions"}],"predecessor-version":[{"id":70427,"href":"https:\/\/www.sisinternational.com\/pt\/wp-json\/wp\/v2\/pages\/40713\/revisions\/70427"}],"up":[{"embeddable":true,"href":"https:\/\/www.sisinternational.com\/pt\/wp-json\/wp\/v2\/pages\/14514"}],"wp:featuredmedia":[{"embeddable":true,"href":"https:\/\/www.sisinternational.com\/pt\/wp-json\/wp\/v2\/media\/63589"}],"wp:attachment":[{"href":"https:\/\/www.sisinternational.com\/pt\/wp-json\/wp\/v2\/media?parent=40713"}],"curies":[{"name":"wp","href":"https:\/\/api.w.org\/{rel}","templated":true}]}}