{"id":40706,"date":"2022-06-26T01:34:59","date_gmt":"2022-06-26T01:34:59","guid":{"rendered":"https:\/\/www.sisinternational.com\/?page_id=40706"},"modified":"2026-02-15T16:42:29","modified_gmt":"2026-02-15T21:42:29","slug":"pesquisa-de-mercado-de-alimentos-e-bebidas","status":"publish","type":"page","link":"https:\/\/www.sisinternational.com\/pt\/pericia\/pesquisa-de-mercado-de-alimentos-e-bebidas\/","title":{"rendered":"Pesquisa de mercado de alimentos e bebidas"},"content":{"rendered":"<h1 class=\"wp-block-heading\">Pesquisa de mercado de alimentos e bebidas<\/h1>\n\n\n\n<figure class=\"gb-block-image gb-block-image-e5859696\"><img loading=\"lazy\" decoding=\"async\" width=\"1456\" height=\"816\" class=\"gb-image gb-image-e5859696\" src=\"https:\/\/www.sisinternational.com\/wp-content\/uploads\/2025\/08\/Alcoholic-beverage-3.jpg\" alt=\"Pesquisa e Estrat\u00e9gia de Mercado Internacional da SIS\" title=\"Alcoholic beverage (3)\" srcset=\"https:\/\/www.sisinternational.com\/wp-content\/uploads\/2025\/08\/Alcoholic-beverage-3.jpg 1456w, https:\/\/www.sisinternational.com\/wp-content\/uploads\/2025\/08\/Alcoholic-beverage-3-300x168.jpg 300w, https:\/\/www.sisinternational.com\/wp-content\/uploads\/2025\/08\/Alcoholic-beverage-3-1024x574.jpg 1024w, https:\/\/www.sisinternational.com\/wp-content\/uploads\/2025\/08\/Alcoholic-beverage-3-768x430.jpg 768w, https:\/\/www.sisinternational.com\/wp-content\/uploads\/2025\/08\/Alcoholic-beverage-3-18x10.jpg 18w\" sizes=\"auto, (max-width: 1456px) 100vw, 1456px\"><\/figure>\n\n\n\n<p><\/p>\n\n\n\n<hr class=\"wp-block-separator has-alpha-channel-opacity is-style-dots\"\/>\n\n\n\n<p>A ind\u00fastria de alimentos e bebidas est\u00e1 em constante mudan\u00e7a. V\u00e1rios fatores est\u00e3o criando mudan\u00e7as na ind\u00fastria. Esses fatores incluem urbaniza\u00e7\u00e3o, aumento do crescimento populacional e mudan\u00e7as nas tend\u00eancias de consumo. A tend\u00eancia para alimentos e bebidas feitos a partir de elementos naturais est\u00e1 a aumentar em todo o mundo. Tamb\u00e9m est\u00e1 crescendo a tend\u00eancia de entrega de alimentos on-line, que ser\u00e1 o foco deste relat\u00f3rio.<\/p>\n\n\n\n<h2 class=\"wp-block-heading\">Entrega de alimentos<\/h2>\n\n\n\n<p><a name=\"_GoBack\"><\/a>Consumers can now order from a broad selection of eateries with a single tap of their mobile phones. Online food delivery platforms continue to increase accessibility and choice. New <a title=\"Pesquisa de mercado on-line da plataforma automotiva\" data-wpil-monitor-id=\"8312\" href=\"https:\/\/www.sisinternational.com\/pt\/pericia\/industrias\/pesquisa-de-mercado-de-plataforma-automotiva-on-line\/\">online platforms<\/a> are racing to capture consumers and new markets. Platforms are springing up across Asia, <a class=\"wpil_keyword_link\" title=\"As Am\u00e9ricas\" data-wpil-keyword-link=\"linked\" data-wpil-monitor-id=\"408\" href=\"https:\/\/www.sisinternational.com\/pt\/cobertura\/as-americas\/\">the Americas<\/a>, the Middle East, and Europe. The industry that transports restaurant meals to homes is experiencing rapid change.<\/p>\n\n\n\n<h2 class=\"wp-block-heading\">An\u00e1lise do mercado de aplicativos de entrega de comida online<\/h2>\n\n\n\n<p>Convenience is the primary factor driving the <a href=\"https:\/\/www.sisinternational.com\/pt\/transportadoras-de-baixo-custo-na-industria-da-aviacao\/\" title=\"Pesquisa de mercado de companhias a\u00e9reas de baixo custo\" data-wpil-monitor-id=\"8310\">global online food delivery app market<\/a>. The Americas are the most extensive online on-demand <a href=\"https:\/\/www.sisinternational.com\/pt\/pericia\/industrias\/pesquisa-de-mercado-de-alimentos-congelados\/\" title=\"Pesquisa de mercado de alimentos congelados\" data-wpil-monitor-id=\"8313\">food delivery services market<\/a>. This demand is due to the high penetration of smartphones. The <a href=\"https:\/\/www.sisinternational.com\/pt\/solucoes\/pesquisa-de-consultoria-em-estrategia-fintech\/pesquisa-de-mercado-de-servicos-financeiros\/\" title=\"Pesquisa de mercado de servi\u00e7os financeiros\" data-wpil-monitor-id=\"8314\">market for these services<\/a> is also growing in South America. In that region, several startups are building successful on-demand solutions for food delivery. These startups are taking advantage of South America&#8217;s well-connected population.<\/p>\n\n\n\n<p>Comparado a ligar para um restaurante, o aplicativo de entrega de comida \u00e9 uma solu\u00e7\u00e3o atraente. Os restaurantes colocam os consumidores em espera por longos per\u00edodos. Os consumidores tamb\u00e9m consideram tedioso o processo de divulga\u00e7\u00e3o das informa\u00e7\u00f5es do cart\u00e3o de cr\u00e9dito. Os aplicativos permitem que os consumidores experimentem novos alimentos e restaurantes. A desvantagem \u00e9 que eles reduzem o contato entre humanos.<\/p>\n\n\n\n<h3 class=\"wp-block-heading\"><span style=\"color: #cda349;\">Uber come<\/span><\/h3>\n\n\n\n<p>Uber Eats is now a significant player in the <a href=\"https:\/\/www.sisinternational.com\/pt\/pericia\/industrias\/pesquisa-de-mercado-de-alimentos-para-animais-de-estimacao\/\" title=\"Pesquisa de mercado de alimentos para animais de estima\u00e7\u00e3o\" data-wpil-monitor-id=\"8315\">food delivery app market<\/a>. Being featured in the app is a boon for restaurateurs. Loyal customers can enjoy that restaurant more often, and new clients can discover it. It\u2019s a <a href=\"https:\/\/www.sisinternational.com\/pt\/pericia\/curriculos-de-experiencia\/curriculo-de-experiencia-na-industria-de-bebidas-fast-food\/\" title=\"Experi\u00eancia em pesquisa de mercado de fast food e bebidas\" data-wpil-monitor-id=\"8316\">fast and reliable way to get food<\/a> to customers. It\u2019s also easy to set up. Uber promotes the menu and supplies the drivers to take food from the restaurant to the consumer.<\/p>\n\n\n\n<p>O <a href=\"https:\/\/www.sisinternational.com\/pt\/pericia\/industrias\/consultoria-em-estrategia-de-pesquisa-de-mercado-de-alimentos-d2c\/\" title=\"Pesquisa de mercado alimentar e consultoria estrat\u00e9gica D2C\" data-wpil-monitor-id=\"8317\">food delivery app market<\/a> is also providing employment. It\u2019s easy to sign up as an Uber Eats driver, and deliver using a car, bike, or scooter. Other food delivery app platforms are hiring drivers as well. The glut in delivery jobs is excellent news for people who wish to supplement their income.<\/p>\n\n\n\n<p>O processo \u00e9 simples. Os consumidores fazem um pedido em seu restaurante preferido por meio do aplicativo Uber Eats. O aplicativo notifica o motorista do Uber Eats. Ele ent\u00e3o pega o pedido no restaurante e entrega ao consumidor.<\/p>\n\n\n\n<h3 class=\"wp-block-heading\"><span style=\"color: #cda349;\">Outras empresas de entrega de comida online<\/span><\/h3>\n\n\n\n<p>Al\u00e9m do Uber Eats, existem v\u00e1rias outras empresas de entrega de comida online. Um dos mais populares \u00e9 o DoorDash, que ser\u00e1 entregue onde quer que os consumidores estejam. Assim como o Uber Eats, o DoorDash oferece oportunidades de emprego para motoristas. Esses motoristas operam de acordo com seus hor\u00e1rios e termos. Como \u00e9 comum no neg\u00f3cio de entrega de comida online, o DoorDash fornece a plataforma. Tudo o que o dono do restaurante precisa fazer \u00e9 se inscrever e pagar as taxas e comiss\u00f5es exigidas.<\/p>\n\n\n\n<p>Postmates \u00e9 outra solu\u00e7\u00e3o de entrega de comida online. Al\u00e9m de alimentos, eles tamb\u00e9m entregam bebidas, mantimentos e outros itens de consumo. Seu modelo \u00e9 diferente de outras empresas de entrega de alimentos porque cobram uma taxa anual fixa pelas entregas. Postmates \u00e9 a maior rede de entrega sob demanda do pa\u00eds.<\/p>\n\n\n\n<h2 class=\"wp-block-heading\">Por que fazer parceria com uma empresa de entrega de alimentos?<\/h2>\n\n\n\n<p>A parceria com uma empresa de entrega de alimentos tem v\u00e1rias vantagens. Permite aos donos de restaurantes expandir o seu mercado, dando-lhes acesso a toda a cidade. Este mercado \u00e9 muito mais significativo do que os poucos quarteir\u00f5es que rodeiam o seu estabelecimento. Tamb\u00e9m lhes permite conquistar novos clientes. Uma vez que um aplicativo de entrega de comida dominante apresenta o restaurante, ele aumenta sua visibilidade.<\/p>\n\n\n\n<p>Restaurateurs are turning to food delivery as a method to boost declining traffic. Food delivery apps are a secret weapon in the fight to induce more patrons to eat out. Food delivery sales have grown in recent years, while restaurant traffic has flatlined. Uber Eats, DoorDash, and other mobile ordering apps are aiding this growth. It\u2019s easy to see that delivery apps are a significant turning point in the <a href=\"https:\/\/www.sisinternational.com\/pt\/pericia\/curriculos-de-experiencia\/alimentos-e-bebidas-na-asia-pacifico-2\/\" title=\"Pesquisa de mercado de alimentos e bebidas na \u00c1sia\" data-wpil-monitor-id=\"8311\">food and beverage market<\/a>. They are lifelines in an otherwise lackluster industry.<\/p>\n\n\n\n<p><\/p>","protected":false},"excerpt":{"rendered":"<p>Os aplicativos de entrega de comida online s\u00e3o movidos principalmente pela conveni\u00eancia. As Am\u00e9ricas lideram o mercado de servi\u00e7os de entrega de alimentos sob demanda.<\/p>","protected":false},"author":1,"featured_media":63164,"parent":14514,"menu_order":135,"comment_status":"closed","ping_status":"closed","template":"","meta":{"footnotes":""},"class_list":["post-40706","page","type-page","status-publish","has-post-thumbnail"],"_links":{"self":[{"href":"https:\/\/www.sisinternational.com\/pt\/wp-json\/wp\/v2\/pages\/40706","targetHints":{"allow":["GET"]}}],"collection":[{"href":"https:\/\/www.sisinternational.com\/pt\/wp-json\/wp\/v2\/pages"}],"about":[{"href":"https:\/\/www.sisinternational.com\/pt\/wp-json\/wp\/v2\/types\/page"}],"author":[{"embeddable":true,"href":"https:\/\/www.sisinternational.com\/pt\/wp-json\/wp\/v2\/users\/1"}],"replies":[{"embeddable":true,"href":"https:\/\/www.sisinternational.com\/pt\/wp-json\/wp\/v2\/comments?post=40706"}],"version-history":[{"count":5,"href":"https:\/\/www.sisinternational.com\/pt\/wp-json\/wp\/v2\/pages\/40706\/revisions"}],"predecessor-version":[{"id":82698,"href":"https:\/\/www.sisinternational.com\/pt\/wp-json\/wp\/v2\/pages\/40706\/revisions\/82698"}],"up":[{"embeddable":true,"href":"https:\/\/www.sisinternational.com\/pt\/wp-json\/wp\/v2\/pages\/14514"}],"wp:featuredmedia":[{"embeddable":true,"href":"https:\/\/www.sisinternational.com\/pt\/wp-json\/wp\/v2\/media\/63164"}],"wp:attachment":[{"href":"https:\/\/www.sisinternational.com\/pt\/wp-json\/wp\/v2\/media?parent=40706"}],"curies":[{"name":"wp","href":"https:\/\/api.w.org\/{rel}","templated":true}]}}