{"id":40696,"date":"2022-06-25T02:16:31","date_gmt":"2022-06-25T02:16:31","guid":{"rendered":"https:\/\/www.sisinternational.com\/?page_id=40696"},"modified":"2026-01-25T18:50:54","modified_gmt":"2026-01-25T23:50:54","slug":"pesquisa-de-mercado-diade","status":"publish","type":"page","link":"https:\/\/www.sisinternational.com\/pt\/pericia\/pesquisa-de-mercado-diade\/","title":{"rendered":"Pesquisa de Mercado D\u00edade"},"content":{"rendered":"<h1 class=\"wp-block-heading\">Pesquisa de Mercado D\u00edade<\/h1>\n\n\n\n<figure class=\"gb-block-image gb-block-image-3e62a76b\"><img loading=\"lazy\" decoding=\"async\" width=\"1456\" height=\"816\" class=\"gb-image gb-image-3e62a76b\" src=\"https:\/\/www.sisinternational.com\/wp-content\/uploads\/2025\/09\/Research-16.jpg\" alt=\"Pesquisa e Estrat\u00e9gia de Mercado Internacional da SIS\" title=\"Research (16)\" srcset=\"https:\/\/www.sisinternational.com\/wp-content\/uploads\/2025\/09\/Research-16.jpg 1456w, https:\/\/www.sisinternational.com\/wp-content\/uploads\/2025\/09\/Research-16-300x168.jpg 300w, https:\/\/www.sisinternational.com\/wp-content\/uploads\/2025\/09\/Research-16-1024x574.jpg 1024w, https:\/\/www.sisinternational.com\/wp-content\/uploads\/2025\/09\/Research-16-768x430.jpg 768w, https:\/\/www.sisinternational.com\/wp-content\/uploads\/2025\/09\/Research-16-18x10.jpg 18w\" sizes=\"auto, (max-width: 1456px) 100vw, 1456px\"><\/figure>\n\n\n\n<hr class=\"wp-block-separator has-alpha-channel-opacity is-style-dots\"\/>\n\n\n\n<h2 class=\"wp-block-heading\">O que \u00e9 uma d\u00edade?<\/h2>\n\n\n\n<p>The dyad is a qualitative type of market research used in business. As the name suggests, it takes place between two participants. A moderator is there to help keep the discussion on track. When two people know each other, we call it a known pair. In other cases, the people are strangers.<\/p>\n\n\n\n<h2 class=\"wp-block-heading\">Por que a pesquisa de mercado Dyad \u00e9 importante?<\/h2>\n\n\n\n<p>A large part of running a business is doing market research. It gives the company <a href=\"https:\/\/www.sisinternational.com\/pt\/solucoes\/percepcoes-dos-clientes\/\" title=\"Percep\u00e7\u00f5es dos clientes\"  data-wpil-monitor-id=\"8305\">insight into how to keep customers<\/a> and clients happy. And so, the way they do this research matters. Dyad market research only uses two people. Thus, it is cost-effective for the small-scale <a href=\"https:\/\/www.sisinternational.com\/pt\/solucoes\/consultoria-estrategica\/estudos-de-dimensionamento-de-viabilidade-de-entrada-no-mercado\/\" title=\"Estudos de entrada no mercado, viabilidade e dimensionamento\"  data-wpil-monitor-id=\"8307\">study of the market<\/a>.<\/p>\n\n\n\n<h2 class=\"wp-block-heading\">Principais empregos em pesquisa de mercado Dyad<\/h2>\n\n\n\n<p>O trabalho cr\u00edtico na pesquisa de mercado em d\u00edade \u00e9 o moderador. Eles garantem que a discuss\u00e3o seja frut\u00edfera. Eles o orientam com perguntas e acrescentam informa\u00e7\u00f5es quando necess\u00e1rio.<\/p>\n\n\n\n<h2 class=\"wp-block-heading\">Por que as empresas precisam da Dyad Market Research<\/h2>\n\n\n\n<h3 class=\"wp-block-heading\"><span style=\"color: #0b5d95;\">\u00c9 um ambiente mais intimista<\/span><\/h3>\n\n\n\n<p>Num grupo focal, h\u00e1 de 6 a 8 pessoas e todos t\u00eam a oportunidade de conversar. Mas algumas pessoas podem falar mais do que outras. Assim, nem todos ter\u00e3o oportunidades iguais para contribuir na conversa. Uma d\u00edade pode corrigir esse problema, pois d\u00e1 a todos mais tempo para conversar. Cada pessoa pode expressar suas opini\u00f5es.<\/p>\n\n\n\n<h3 class=\"wp-block-heading\"><span style=\"color: #0b5d95;\">Fale com os clientes em primeira m\u00e3o<\/span><\/h3>\n\n\n\n<p>With other types of research, the company might use a system to get feedback. This method is not wrong, but the data is general. In a dyad, there is a face-to-face conversation with a person. So, the company gets more insight into things like buying habits. The company will get more detailed data from the dyad than from a <a href=\"https:\/\/www.sisinternational.com\/pt\/cobertura\/europa\/pesquisa-de-mercado-em-liverpool-reino-unido\/\" title=\"Pesquisa de Mercado em Liverpool | Grupos focais e coleta de dados no Reino Unido\"  data-wpil-monitor-id=\"8308\">focus<\/a> group or survey.<\/p>\n\n\n\n<h3 class=\"wp-block-heading\"><span style=\"color: #0b5d95;\">Conversa Adaptativa<\/span><\/h3>\n\n\n\n<p>As empresas realizam pesquisas de mercado para que possam fazer melhor. Numa d\u00edade, o moderador pode controlar um pouco mais a conversa. Assim, uma d\u00edade facilita a obten\u00e7\u00e3o dos dados que a empresa precisa para melhorar.<\/p>\n\n\n\n<h2 class=\"wp-block-heading\">Principais fatores de sucesso na pesquisa de mercado Dyad<\/h2>\n\n\n\n<h3 class=\"wp-block-heading\"><span style=\"color: #cda349;\">Boas perguntas<\/span><\/h3>\n\n\n\n<p>As perguntas de um pesquisador s\u00e3o a ferramenta mais importante que ele possui. Sem boas perguntas, eles n\u00e3o conseguir\u00e3o produzir bons resultados. As perguntas s\u00e3o a espinha dorsal da pesquisa de mercado da d\u00edade. Assim, a empresa deve garantir que as perguntas lhes forne\u00e7am dados utiliz\u00e1veis. Por exemplo, perguntas fechadas n\u00e3o fornecem informa\u00e7\u00f5es suficientes. Al\u00e9m disso, as perguntas n\u00e3o podem ser muito dif\u00edceis de seguir. Tenha perguntas que fa\u00e7am o participante querer falar detalhadamente.<\/p>\n\n\n\n<h3 class=\"wp-block-heading\"><span style=\"color: #cda349;\"><span lang=\"en-US\">Um e<\/span>moderador eficaz<\/span><\/h3>\n\n\n\n<p>With dyads, the conversation is more in-depth, which is good. But it can also go off-topic. Thus, the moderator must guide the speakers. This guidance ensures that the company gets its <a href=\"https:\/\/www.sisinternational.com\/pt\/solucoes\/pesquisa-de-consultoria-em-estrategia-fintech\/pesquisa-de-mercado-antilavagem-de-dinheiro-e-lavagem-de-dinheiro\/\" title=\"Anti Money Laundering Market Research\"  data-wpil-monitor-id=\"5207\">money\u2019s worth from market research<\/a>.<\/p>\n\n\n\n<h3 class=\"wp-block-heading\"><span style=\"color: #cda349;\"><span lang=\"en-US\">\u00ba<\/span>e emparelhamento certo<\/span><\/h3>\n\n\n\n<p>Market research has different objectives. The goal might be to <a href=\"https:\/\/www.sisinternational.com\/pt\/solucoes\/consultoria-estrategica\/pesquisa-de-mercado-para-lancamento-de-novos-produtos\/\" title=\"Pesquisa de lan\u00e7amento de novos produtos\"  data-wpil-monitor-id=\"8303\">launch a product<\/a>. In another instance, <span lang=\"en-US\">isto<\/span> vai <span lang=\"en-US\">Olhe para<\/span> fidelidade \u00e0 marca. Portanto, o pesquisador deve triar o participante. \u00c9 a melhor maneira para os clientes e a empresa conseguirem o que desejam.<\/p>\n\n\n\n<h2 class=\"wp-block-heading\">Sobre a Pesquisa de Mercado Dyad<\/h2>\n\n\n\n<p>The purpose of every business is to develop and become more profitable. But what exactly does that mean? For some companies, growth means <a href=\"https:\/\/www.sisinternational.com\/pt\/expandindo-o-alcance-do-mercado-por-meio-de-uma-estrategia-de-marketing-multifacetada\/\" title=\"Expandindo o alcance do mercado por meio de uma estrat\u00e9gia de marketing multifacetada\"  data-wpil-monitor-id=\"8306\">expanding their operations into new markets<\/a> or locations. For others, it might mean increasing their workforce. It could also mean developing new products and services. And for others still, it could mean something very different. But one thing is for sure: a <a href=\"https:\/\/www.sisinternational.com\/pt\/publicacoes\/exportacao-do-mercado-intermediario-do-japao\/\" title=\"Expandindo seus neg\u00f3cios no Jap\u00e3o\"  data-wpil-monitor-id=\"8309\">business needs to grow<\/a> and evolve if it wants to achieve long-term success.<\/p>\n\n\n\n<p>The best way to grow and turn a profit is to keep clients and customers happy. Thus, as <a href=\"https:\/\/www.sisinternational.com\/pt\/pericia\/industrias\/pesquisa-de-mercado-sobre-mudancas-climaticas\/\" title=\"Pesquisa de mercado sobre mudan\u00e7as clim\u00e1ticas\"  data-wpil-monitor-id=\"8304\">market trends change<\/a>, they must research how to adapt to these changes. This research must be strategic. It can happen in the form of <a href=\"https:\/\/www.sisinternational.com\/pt\/solucoes\/solucoes-de-pesquisa-quantitativa-qualitativa\/recrutamento-de-pesquisa-qualitativa\/\" title=\"Recrutamento de Pesquisa Qualitativa\"  data-wpil-monitor-id=\"8302\">qualitative or quantitative research<\/a>.<\/p>\n\n\n\n<p>\u00c0s vezes a empresa utiliza pesquisas para adquirir conhecimento. Os grupos focais tamb\u00e9m s\u00e3o \u00fateis. Para pesquisas em larga escala, \u00e9 demorado e econ\u00f4mico. Finalmente, as empresas usam entrevistas para coletar dados. A d\u00edade se enquadra neste grupo.<\/p>\n\n\n\n<p>As stated above, using the dyad has some advantages for the company. Face-to-face conversations allow clients and customers to feel valued. These interactions encourage brand loyalty, which leads to company growth.<\/p>\n\n\n\n<p><\/p>","protected":false},"excerpt":{"rendered":"<p>Dyad \u00e9 um m\u00e9todo de pesquisa de mercado que envolve dois participantes, conhecidos ou desconhecidos, com um moderador para manter a discuss\u00e3o no caminho certo.<\/p>","protected":false},"author":1,"featured_media":69511,"parent":14514,"menu_order":134,"comment_status":"closed","ping_status":"closed","template":"","meta":{"footnotes":""},"class_list":["post-40696","page","type-page","status-publish","has-post-thumbnail"],"_links":{"self":[{"href":"https:\/\/www.sisinternational.com\/pt\/wp-json\/wp\/v2\/pages\/40696","targetHints":{"allow":["GET"]}}],"collection":[{"href":"https:\/\/www.sisinternational.com\/pt\/wp-json\/wp\/v2\/pages"}],"about":[{"href":"https:\/\/www.sisinternational.com\/pt\/wp-json\/wp\/v2\/types\/page"}],"author":[{"embeddable":true,"href":"https:\/\/www.sisinternational.com\/pt\/wp-json\/wp\/v2\/users\/1"}],"replies":[{"embeddable":true,"href":"https:\/\/www.sisinternational.com\/pt\/wp-json\/wp\/v2\/comments?post=40696"}],"version-history":[{"count":5,"href":"https:\/\/www.sisinternational.com\/pt\/wp-json\/wp\/v2\/pages\/40696\/revisions"}],"predecessor-version":[{"id":81394,"href":"https:\/\/www.sisinternational.com\/pt\/wp-json\/wp\/v2\/pages\/40696\/revisions\/81394"}],"up":[{"embeddable":true,"href":"https:\/\/www.sisinternational.com\/pt\/wp-json\/wp\/v2\/pages\/14514"}],"wp:featuredmedia":[{"embeddable":true,"href":"https:\/\/www.sisinternational.com\/pt\/wp-json\/wp\/v2\/media\/69511"}],"wp:attachment":[{"href":"https:\/\/www.sisinternational.com\/pt\/wp-json\/wp\/v2\/media?parent=40696"}],"curies":[{"name":"wp","href":"https:\/\/api.w.org\/{rel}","templated":true}]}}