{"id":40692,"date":"2022-06-25T01:57:26","date_gmt":"2022-06-25T01:57:26","guid":{"rendered":"https:\/\/www.sisinternational.com\/?page_id=40692"},"modified":"2026-01-24T20:50:49","modified_gmt":"2026-01-25T01:50:49","slug":"pesquisa-de-mercado-para-empresa-de-design","status":"publish","type":"page","link":"https:\/\/www.sisinternational.com\/pt\/pericia\/pesquisa-de-mercado-para-empresa-de-design\/","title":{"rendered":"Pesquisa de mercado de empresa de design"},"content":{"rendered":"<h1 class=\"wp-block-heading\">Pesquisa de mercado de empresa de design<\/h1>\n\n\n\n<figure class=\"gb-block-image gb-block-image-6a60835a\"><img loading=\"lazy\" decoding=\"async\" width=\"1456\" height=\"816\" class=\"gb-image gb-image-6a60835a\" src=\"https:\/\/www.sisinternational.com\/wp-content\/uploads\/2025\/09\/Predictive-analytics-146.jpg\" alt=\"Pesquisa e Estrat\u00e9gia de Mercado Internacional da SIS\" title=\"Predictive analytics (146)\" srcset=\"https:\/\/www.sisinternational.com\/wp-content\/uploads\/2025\/09\/Predictive-analytics-146.jpg 1456w, https:\/\/www.sisinternational.com\/wp-content\/uploads\/2025\/09\/Predictive-analytics-146-300x168.jpg 300w, https:\/\/www.sisinternational.com\/wp-content\/uploads\/2025\/09\/Predictive-analytics-146-1024x574.jpg 1024w, https:\/\/www.sisinternational.com\/wp-content\/uploads\/2025\/09\/Predictive-analytics-146-768x430.jpg 768w, https:\/\/www.sisinternational.com\/wp-content\/uploads\/2025\/09\/Predictive-analytics-146-18x10.jpg 18w\" sizes=\"auto, (max-width: 1456px) 100vw, 1456px\"><\/figure>\n\n\n\n<hr class=\"wp-block-separator has-alpha-channel-opacity is-style-dots\"\/>\n\n\n\n<h2 class=\"wp-block-heading\">A ascens\u00e3o das empresas de inova\u00e7\u00e3o e design<\/h2>\n\n\n\n<p>The term \u201cinnovation\u201d only came into everyday use at the start of the twentieth century. Since then, it has become symbolic of contemporary society. Dedicated innovation and design firms are one of the features of modern business. Some larger firms offer these <a href=\"https:\/\/www.sisinternational.com\/pt\/solucoes\/pesquisa-de-consultoria-em-estrategia-fintech\/consultoria-em-gerenciamento-de-transacoes-de-servicos-financeiros\/\" title=\"Consultoria em gerenciamento de transa\u00e7\u00f5es de servi\u00e7os financeiros\"  data-wpil-monitor-id=\"8295\">services as part of management consulting<\/a>. Others select either innovation or design as their only focus. They provide expertise in this essential area.<\/p>\n\n\n\n<p>As empresas de design ajudam as empresas a criar novos produtos. Eles desenvolvem prot\u00f3tipos que podem testar por meio de pesquisas de mercado. Essas empresas ajudam a criar uma gama ilimitada de produtos. De eletrodom\u00e9sticos a m\u00f3veis e suprimentos para animais de estima\u00e7\u00e3o, eles t\u00eam tudo sob controle. Eles ajudam na inven\u00e7\u00e3o, patenteamento, marca e embalagem. Eles tamb\u00e9m fazem projetos mec\u00e2nicos, engenharia e testes de produtos.<\/p>\n\n\n\n<p>Design firms often use storytelling to communicate consumer insights to their clients. <a href=\"https:\/\/www.sisinternational.com\/pt\/solucoes\/solucoes-de-branding-e-pesquisa-de-clientes\/pesquisa-de-mercado-para-contar-historias\/\" title=\"Pesquisa de mercado para contar hist\u00f3rias\"  data-wpil-monitor-id=\"8296\">Telling the story<\/a> of a brand is a critical part of building it. Science has confirmed an innate desire in humans for stories. A good story is universal, and it makes consumers feel something. Forbes has dubbed storytelling \u201cthe new strategic imperative of business.\u201d According to author Seth Godin, marketing is no longer about the stuff that you make. It is about the stories that you tell.<\/p>\n\n\n\n<h2 class=\"wp-block-heading\">As empresas de design precisam de pesquisa de mercado qualitativa<\/h2>\n\n\n\n<p>Design firms use Ethnography, a form of Qualitative Research, to gain design insights. Design Ethnographers visit participants to observe and interview them. With Design Ethnography, the <a href=\"https:\/\/www.sisinternational.com\/pt\/pericia\/industrias\/pesquisa-de-mercado-sobre-povos-indigenas\/\" title=\"Pesquisa de mercado de povos ind\u00edgenas\"  data-wpil-monitor-id=\"8300\">researcher does not only ask people<\/a> what they want. He or she also tries to find out why people desire those things. They answer questions like, what goals are users trying to achieve? How do they do it at present? What parts do they like or dislike?<\/p>\n\n\n\n<p>Another form of Qualitative <a href=\"https:\/\/www.sisinternational.com\/pt\/o-papel-do-desenvolvimento-de-processos-e-sistemas-no-sucesso-organizacional\/\" title=\"Pesquisa de mercado de design organizacional\"  data-wpil-monitor-id=\"2939\">Research that design<\/a> firms use is Focus Groups. These groups tell the designers what they like or dislike about their product. It\u2019s best to observe these groups in real-life situations. For example, don&#8217;t show participants an artist\u2019s rendering of the design concept. Instead, let them look at a prototype of the product. After that, all the researchers need to do is to ask the right questions. In that way, they will gain the insight required to fuel the design process.<\/p>\n\n\n\n<p>A third method is Customer Interviews. Taking the time to interview prospective users or customers is beneficial. <a href=\"https:\/\/www.sisinternational.com\/pt\/pericia\/curriculos-de-experiencia\/pesquisa-de-mercado-de-produtos-de-higiene-pessoal\/\" title=\"Pesquisa de mercado de produtos de cuidados pessoais\"  data-wpil-monitor-id=\"8299\">Researchers can talk to interviewees in person<\/a> or over the phone. These discussions help design firms to understand consumer needs. It\u2019s a chance to move away from the company\u2019s internal views and perceptions of how things are. Consumer Interviews can be quite simple. However, if they show how consumers think or behave, they can shape the direction of a project.<\/p>\n\n\n\n<h2 class=\"wp-block-heading\">Benef\u00edcios da pesquisa em design<\/h2>\n\n\n\n<h3 class=\"wp-block-heading\">A Pesquisa em Design tem v\u00e1rios benef\u00edcios. Esses incluem:<\/h3>\n\n\n\n<ul class=\"wp-block-list\">\n<li><span style=\"color: #0b5d95;\"><a href=\"https:\/\/www.sisinternational.com\/pt\/solucoes\/solucoes-de-branding-e-pesquisa-de-clientes\/pesquisa-de-mercado-para-testes-de-produtos\/new-product-concept-testing-methods\/\" title=\"New Product Concept Testing Methods\"  data-wpil-monitor-id=\"8294\">Testando novos conceitos de produtos<\/a><\/span><\/li>\n\n\n\n<li><span style=\"color: #0b5d95;\">Compreender as necessidades n\u00e3o atendidas do cliente<\/span><\/li>\n\n\n\n<li><span style=\"color: #0b5d95;\">Compreendendo os requisitos de usabilidade<\/span><\/li>\n\n\n\n<li><span style=\"color: #0b5d95;\">Compreender as necessidades emocionais e funcionais dos clientes<\/span><\/li>\n\n\n\n<li><span style=\"color: #0b5d95;\">\u201cCustomer Discovery\u201d <a href=\"https:\/\/www.sisinternational.com\/pt\/solucoes\/percepcoes-dos-clientes\/\" title=\"Percep\u00e7\u00f5es dos clientes\"  data-wpil-monitor-id=\"8297\">insights<\/a>. Companies can understand their best customers and what their lifestyles are like<\/span><\/li>\n<\/ul>\n\n\n\n<h2 class=\"wp-block-heading\">SIS International Research fornece servi\u00e7os de recrutamento<\/h2>\n\n\n\n<p><a name=\"_GoBack\"><\/a>We provide the recruitment of participants for market research studies. We recruit from our database consisting of more than _____ individuals. We also recruit Ethnography respondents. These respondents help design firms understand specific groups. Ethnographic respondents show how different <a href=\"https:\/\/www.sisinternational.com\/pt\/solucoes\/grupos-de-foco\/professional-focus-group-services\/\" title=\"Professional Focus Group Services\"  data-wpil-monitor-id=\"8298\">groups use a product or service<\/a>. Another recruitment service that we provide is participants for customer interviews. Design firms can get interviewees targeted by demographics or geography. We also offer interviewees targeted by profession or any other criteria.<\/p>\n\n\n\n<p>SIS International provides respondents from around the world. These respondents provide insight and reactions to new products. Our focus is to give our clients respondents even in hard-to-reach demographics. We can provide insights from smaller countries. We also gain <a href=\"https:\/\/www.sisinternational.com\/pt\/focus-groups-that-deliver-real-voices-real-insight-real-advantage\/\" title=\"Focus Groups That Deliver Real Voices, Real Insight, Real Advantage\"  data-wpil-monitor-id=\"8301\">insights from difficult target groups<\/a>. These groups include teens, males, and Hispanics. Our reach ensures that you are speaking to a diverse sample. We always ensure that your cross-section is representative of your global users.<\/p>\n\n\n\n<p><\/p>","protected":false},"excerpt":{"rendered":"<p>As empresas de design criam novos produtos e os testam por meio de pesquisas de mercado. Eles cobrem uma ampla gama de produtos, alimentos e eletrodom\u00e9sticos.<\/p>","protected":false},"author":1,"featured_media":70233,"parent":14514,"menu_order":133,"comment_status":"closed","ping_status":"closed","template":"","meta":{"footnotes":""},"class_list":["post-40692","page","type-page","status-publish","has-post-thumbnail"],"_links":{"self":[{"href":"https:\/\/www.sisinternational.com\/pt\/wp-json\/wp\/v2\/pages\/40692","targetHints":{"allow":["GET"]}}],"collection":[{"href":"https:\/\/www.sisinternational.com\/pt\/wp-json\/wp\/v2\/pages"}],"about":[{"href":"https:\/\/www.sisinternational.com\/pt\/wp-json\/wp\/v2\/types\/page"}],"author":[{"embeddable":true,"href":"https:\/\/www.sisinternational.com\/pt\/wp-json\/wp\/v2\/users\/1"}],"replies":[{"embeddable":true,"href":"https:\/\/www.sisinternational.com\/pt\/wp-json\/wp\/v2\/comments?post=40692"}],"version-history":[{"count":5,"href":"https:\/\/www.sisinternational.com\/pt\/wp-json\/wp\/v2\/pages\/40692\/revisions"}],"predecessor-version":[{"id":81392,"href":"https:\/\/www.sisinternational.com\/pt\/wp-json\/wp\/v2\/pages\/40692\/revisions\/81392"}],"up":[{"embeddable":true,"href":"https:\/\/www.sisinternational.com\/pt\/wp-json\/wp\/v2\/pages\/14514"}],"wp:featuredmedia":[{"embeddable":true,"href":"https:\/\/www.sisinternational.com\/pt\/wp-json\/wp\/v2\/media\/70233"}],"wp:attachment":[{"href":"https:\/\/www.sisinternational.com\/pt\/wp-json\/wp\/v2\/media?parent=40692"}],"curies":[{"name":"wp","href":"https:\/\/api.w.org\/{rel}","templated":true}]}}