{"id":40688,"date":"2022-06-25T00:49:55","date_gmt":"2022-06-25T00:49:55","guid":{"rendered":"https:\/\/www.sisinternational.com\/?page_id=40688"},"modified":"2025-10-01T19:33:11","modified_gmt":"2025-10-01T23:33:11","slug":"consultoria-em-visualizacao-de-dados","status":"publish","type":"page","link":"https:\/\/www.sisinternational.com\/pt\/pericia\/consultoria-em-visualizacao-de-dados\/","title":{"rendered":"Consultoria em Visualiza\u00e7\u00e3o de Dados"},"content":{"rendered":"<h1 class=\"wp-block-heading\">Consultoria em Visualiza\u00e7\u00e3o de Dados<\/h1>\n\n\n\n<figure class=\"gb-block-image gb-block-image-c677d547\"><img loading=\"lazy\" decoding=\"async\" width=\"1456\" height=\"816\" class=\"gb-image gb-image-c677d547\" src=\"https:\/\/www.sisinternational.com\/wp-content\/uploads\/2025\/09\/Predictive-analytics-44.jpg\" alt=\"Pesquisa e Estrat\u00e9gia de Mercado Internacional da SIS\" title=\"Predictive analytics (44)\" srcset=\"https:\/\/www.sisinternational.com\/wp-content\/uploads\/2025\/09\/Predictive-analytics-44.jpg 1456w, https:\/\/www.sisinternational.com\/wp-content\/uploads\/2025\/09\/Predictive-analytics-44-300x168.jpg 300w, https:\/\/www.sisinternational.com\/wp-content\/uploads\/2025\/09\/Predictive-analytics-44-1024x574.jpg 1024w, https:\/\/www.sisinternational.com\/wp-content\/uploads\/2025\/09\/Predictive-analytics-44-768x430.jpg 768w, https:\/\/www.sisinternational.com\/wp-content\/uploads\/2025\/09\/Predictive-analytics-44-18x10.jpg 18w\" sizes=\"auto, (max-width: 1456px) 100vw, 1456px\"><\/figure>\n\n\n\n<p><\/p>\n\n\n\n<p>A obten\u00e7\u00e3o de informa\u00e7\u00f5es ou dados n\u00e3o \u00e9 mais um processo lento e tedioso. Os dados n\u00e3o s\u00e3o mais encontrados apenas em enciclop\u00e9dias ou livros da biblioteca comunit\u00e1ria. Estamos agora em uma era em que muitos dados ou informa\u00e7\u00f5es est\u00e3o dispon\u00edveis ao nosso alcance. Corremos o risco de sobrecarga de informa\u00e7\u00f5es. Temos que encontrar maneiras de classificar, compactar e usar esse novo volume de informa\u00e7\u00f5es. Existem v\u00e1rios m\u00e9todos para transformar esses dados. Podemos transform\u00e1-los em informa\u00e7\u00f5es acion\u00e1veis, memor\u00e1veis e utiliz\u00e1veis. Um desses m\u00e9todos \u00e9 a visualiza\u00e7\u00e3o de dados.<\/p>\n\n\n\n<h2 class=\"wp-block-heading\">O que \u00e9 visualiza\u00e7\u00e3o de dados?<\/h2>\n\n\n\n<p>Os especialistas descrevem a visualiza\u00e7\u00e3o de dados como a representa\u00e7\u00e3o gr\u00e1fica ou visual de dados. \u00c9 um meio de permitir que o c\u00e9rebro capte informa\u00e7\u00f5es de maneira mais r\u00e1pida. A visualiza\u00e7\u00e3o de dados mostra relacionamentos. Mostra como as informa\u00e7\u00f5es apresentadas se relacionam com o resultado de uma meta ou meta espec\u00edfica. Por sua vez, permite que a an\u00e1lise dos dados aconte\u00e7a mais rapidamente.<\/p>\n\n\n\n<h2 class=\"wp-block-heading\">Categorias de visualiza\u00e7\u00e3o de dados<\/h2>\n\n\n\n<h3 class=\"wp-block-heading\">As cinco categorias principais de visualiza\u00e7\u00e3o de dados s\u00e3o as seguintes:<\/h3>\n\n\n\n<ul class=\"wp-block-list\">\n<li><strong>Hier\u00e1rquico: <\/strong>usado para exibir grupos de informa\u00e7\u00f5es provenientes de uma \u00fanica fonte. Exemplos comuns usados s\u00e3o gr\u00e1ficos de an\u00e9is, diagramas de \u00e1rvore e sunburst.<\/li>\n\n\n\n<li><strong>Temporal: <\/strong>Este tipo de visualiza\u00e7\u00e3o \u00e9 unidimensional e linear. Esta categoria apresenta linhas que se sobrep\u00f5em ou que s\u00e3o independentes. Gr\u00e1ficos de dispers\u00e3o, gr\u00e1ficos de linha e cronogramas se enquadram nesta categoria.<\/li>\n\n\n\n<li><strong>Multidimensional: <\/strong>Essas visualiza\u00e7\u00f5es tendem a mostrar dados que possuem duas ou mais vari\u00e1veis. Esses tendem a ser os m\u00e9todos mais atraentes ou atraentes. Os exemplos incluem diagramas de Venn, histogramas e gr\u00e1ficos de barras empilhadas.<\/li>\n\n\n\n<li><strong>Rede: <\/strong>Mostrar como um conjunto de dados se conecta ou se relaciona com outros bits de informa\u00e7\u00e3o. Este tipo usa poucas ou nenhuma palavra para mostrar relacionamentos. Gr\u00e1ficos matriciais, nuvens de palavras e diagramas de links de n\u00f3s mostram a conex\u00e3o entre as redes.<\/li>\n\n\n\n<li><strong>Geoespacial: <\/strong>This category shows changes in sales over a specific period. It can show other changes, such as demographics or even acquisitions. <a href=\"https:\/\/www.sisinternational.com\/pt\/cobertura\/europa\/pesquisa-de-mercado-em-liverpool-reino-unido\/\" title=\"Pesquisa de Mercado em Liverpool | Grupos focais e coleta de dados no Reino Unido\"  data-wpil-monitor-id=\"7731\">Researchers drape familiar maps with different data<\/a> points. These points represent real-time physical locations. Examples include Flow maps, Density maps, and heat maps.<\/li>\n<\/ul>\n\n\n\n<h2 class=\"wp-block-heading\">Por que os gerentes precisam de visualiza\u00e7\u00e3o no mundo acelerado de hoje<\/h2>\n\n\n\n<p>To be effective, managers <a href=\"https:\/\/www.sisinternational.com\/pt\/analysis-b2b\/\" title=\"What Business Leaders Need to Know Right Now\"  data-wpil-monitor-id=\"7735\">need<\/a> to understand information about their specific business. They also need the ability to manipulate this data into actionable information. One of these ways is mastering Data Visualization techniques. Placing complex data into a visual presentation has many advantages. It allows managers and their teams to comprehend the current state of the <a href=\"https:\/\/www.sisinternational.com\/pt\/cobertura\/as-americas\/pesquisa-de-mercado-no-caribe\/empresa-de-consultoria-de-gestao-caribenha\/\" title=\"Empresa de consultoria de gest\u00e3o caribenha\"  data-wpil-monitor-id=\"7732\">company<\/a>. It assists in pinpointing patterns that are detrimental to the business. Data Visualization can also help executives in making informed decisions. They can come up with better strategies geared towards the success of the <a href=\"https:\/\/www.sisinternational.com\/pt\/cobertura\/as-americas\/pesquisa-de-mercado-no-caribe\/empresa-de-consultoria-estrategica-caribenha\/\" title=\"Empresa de consultoria estrat\u00e9gica do Caribe\"  data-wpil-monitor-id=\"7733\">company<\/a>.<\/p>\n\n\n\n<h2 class=\"wp-block-heading\">Can Data Visualization Consulting make businesses more productive?<\/h2>\n\n\n\n<p>Information is power. What good is a power that you can&#8217;t use? Data <a href=\"https:\/\/www.sisinternational.com\/pt\/solucoes\/pesquisa-de-mercado-de-transformacao-de-negocios\/\" title=\"Pesquisa de mercado sobre transforma\u00e7\u00e3o de neg\u00f3cios\"  data-wpil-monitor-id=\"7734\">transformed<\/a> into actionable information can take a business to new, effective heights. Data Visualization lets you know where your <a href=\"https:\/\/www.sisinternational.com\/pt\/solucoes\/consultoria-em-hotelaria-e-turismo-em-viagens\/pesquisa-de-mercado-de-empresa-de-guia-turistico\/\" title=\"Pesquisa de mercado da empresa de guia tur\u00edstico\"  data-wpil-monitor-id=\"7730\">company stands in the market<\/a> world. It allows you to paint a picture of your future goals. It will assist not only management but also staff to work together to achieve the shared goals.<\/p>\n\n\n\n<p><a name=\"_GoBack\"><\/a>A visualiza\u00e7\u00e3o de dados \u00e9 diferente da voz mon\u00f3tona e mon\u00f3tona de uma reuni\u00e3o. Isso leva ao envolvimento, \u00e0 contribui\u00e7\u00e3o e \u00e0s a\u00e7\u00f5es dos colegas da equipe. Permite que as pessoas se envolvam mais no resultado, em vez de ficarem indiferentes e desinteressadas. Ele destaca informa\u00e7\u00f5es que n\u00e3o s\u00e3o f\u00e1ceis de processar. Ele elimina a grande pilha de pap\u00e9is e n\u00fameros e atrai um p\u00fablico mais amplo.<\/p>\n\n\n\n<p>A visualiza\u00e7\u00e3o de dados \u00e9 o pr\u00f3ximo passo l\u00f3gico se voc\u00ea precisar absorver informa\u00e7\u00f5es rapidamente. Ele permite que voc\u00ea trace seu pr\u00f3ximo passo em dire\u00e7\u00e3o \u00e0 efici\u00eancia, ajudando voc\u00ea a conectar os pontos. Tamb\u00e9m permite que voc\u00ea atue com base nas informa\u00e7\u00f5es apresentadas. Por que? Porque reduz o tempo de compreens\u00e3o dos dados apresentados.<\/p>\n\n\n\n<h2 class=\"wp-block-heading\">Consultoria em SIS e Visualiza\u00e7\u00e3o de Dados<\/h2>\n\n\n\n<p>We at <a href=\"https:\/\/www.sisinternational.com\/pt\/sis-revela-plataforma-de-ciencia-de-dados-e-analise-quantitativa\/\" title=\"SIS revela plataforma de ci\u00eancia de dados e an\u00e1lise quantitativa\"  data-wpil-monitor-id=\"7729\">SIS<\/a> will ensure that you present your data well. We want you to be effective when giving complex data to your target groups. We will use the best type of visualization to encourage engagement: our methods aid fast decision-making and prompt responses from your target audiences.<\/p>\n\n\n\n<p><\/p>","protected":false},"excerpt":{"rendered":"<p>Existem v\u00e1rios m\u00e9todos para transformar dados em informa\u00e7\u00f5es acion\u00e1veis, memor\u00e1veis e utiliz\u00e1veis. Um desses m\u00e9todos \u00e9 a visualiza\u00e7\u00e3o de dados.<\/p>","protected":false},"author":1,"featured_media":70260,"parent":14514,"menu_order":132,"comment_status":"closed","ping_status":"closed","template":"","meta":{"footnotes":""},"class_list":["post-40688","page","type-page","status-publish","has-post-thumbnail"],"_links":{"self":[{"href":"https:\/\/www.sisinternational.com\/pt\/wp-json\/wp\/v2\/pages\/40688","targetHints":{"allow":["GET"]}}],"collection":[{"href":"https:\/\/www.sisinternational.com\/pt\/wp-json\/wp\/v2\/pages"}],"about":[{"href":"https:\/\/www.sisinternational.com\/pt\/wp-json\/wp\/v2\/types\/page"}],"author":[{"embeddable":true,"href":"https:\/\/www.sisinternational.com\/pt\/wp-json\/wp\/v2\/users\/1"}],"replies":[{"embeddable":true,"href":"https:\/\/www.sisinternational.com\/pt\/wp-json\/wp\/v2\/comments?post=40688"}],"version-history":[{"count":4,"href":"https:\/\/www.sisinternational.com\/pt\/wp-json\/wp\/v2\/pages\/40688\/revisions"}],"predecessor-version":[{"id":81302,"href":"https:\/\/www.sisinternational.com\/pt\/wp-json\/wp\/v2\/pages\/40688\/revisions\/81302"}],"up":[{"embeddable":true,"href":"https:\/\/www.sisinternational.com\/pt\/wp-json\/wp\/v2\/pages\/14514"}],"wp:featuredmedia":[{"embeddable":true,"href":"https:\/\/www.sisinternational.com\/pt\/wp-json\/wp\/v2\/media\/70260"}],"wp:attachment":[{"href":"https:\/\/www.sisinternational.com\/pt\/wp-json\/wp\/v2\/media?parent=40688"}],"curies":[{"name":"wp","href":"https:\/\/api.w.org\/{rel}","templated":true}]}}