{"id":40680,"date":"2022-06-24T23:31:25","date_gmt":"2022-06-24T23:31:25","guid":{"rendered":"https:\/\/www.sisinternational.com\/?page_id=40680"},"modified":"2026-01-25T16:41:17","modified_gmt":"2026-01-25T21:41:17","slug":"terceirizacao-de-analise-de-dados","status":"publish","type":"page","link":"https:\/\/www.sisinternational.com\/pt\/pericia\/terceirizacao-de-analise-de-dados\/","title":{"rendered":"Terceiriza\u00e7\u00e3o de pesquisa de mercado de dados e an\u00e1lises"},"content":{"rendered":"<h1 class=\"wp-block-heading\">Terceiriza\u00e7\u00e3o de pesquisa de mercado de dados e an\u00e1lises<\/h1>\n\n\n\n<figure class=\"gb-block-image gb-block-image-061f912c\"><img loading=\"lazy\" decoding=\"async\" width=\"1456\" height=\"816\" class=\"gb-image gb-image-061f912c\" src=\"https:\/\/www.sisinternational.com\/wp-content\/uploads\/2025\/09\/Predictive-analytics-80.jpg\" alt=\"Pesquisa e Estrat\u00e9gia de Mercado Internacional da SIS\" title=\"Predictive analytics (80)\" srcset=\"https:\/\/www.sisinternational.com\/wp-content\/uploads\/2025\/09\/Predictive-analytics-80.jpg 1456w, https:\/\/www.sisinternational.com\/wp-content\/uploads\/2025\/09\/Predictive-analytics-80-300x168.jpg 300w, https:\/\/www.sisinternational.com\/wp-content\/uploads\/2025\/09\/Predictive-analytics-80-1024x574.jpg 1024w, https:\/\/www.sisinternational.com\/wp-content\/uploads\/2025\/09\/Predictive-analytics-80-768x430.jpg 768w, https:\/\/www.sisinternational.com\/wp-content\/uploads\/2025\/09\/Predictive-analytics-80-18x10.jpg 18w\" sizes=\"auto, (max-width: 1456px) 100vw, 1456px\"><\/figure>\n\n\n\n<hr class=\"wp-block-separator has-alpha-channel-opacity is-style-dots\"\/>\n\n\n\n<h2 class=\"wp-block-heading\">Sua empresa est\u00e1 precisando de <span lang=\"en-US\">D<\/span>ata <span lang=\"en-US\">A<\/span>anal\u00edtica?<\/h2>\n\n\n\n<p>Voc\u00ea sente que falta efic\u00e1cia no seu neg\u00f3cio, mas n\u00e3o sabe onde est\u00e1 o problema? Ter apoio de um profissional <span lang=\"en-US\">D<\/span>ata &amp; <span lang=\"en-US\">A<\/span>a equipe anal\u00edtica \u00e9 sua melhor aposta. Pode melhorar a efic\u00e1cia e a lucratividade do seu neg\u00f3cio.<\/p>\n\n\n\n<p><span lang=\"en-US\">However, setting up an internal <a href=\"https:\/\/www.sisinternational.com\/pt\/pericia\/industrias\/consultoria-em-analise-de-ciencia-de-dados\/\" title=\"Consultoria em Ci\u00eancia de Dados e Analytics\"  data-wpil-monitor-id=\"3687\">Data &amp; Analytics<\/a> team is an expensive and challenging task. Furthermore, it will take time for the new team to become productive. Until then, it will not add value to the organization.<\/p>\n\n\n\n<p><span lang=\"en-US\">Have you considered outsourcing your <a href=\"https:\/\/www.sisinternational.com\/pt\/solucoes\/consultoria-estrategica\/analise-de-dados\/\" title=\"Empresa de an\u00e1lise de dados\"  data-wpil-monitor-id=\"10051\">Data &amp; Analytics<\/a> department? A professional consultancy office can provide you with the necessary analysis and reports. They can do so in a cost-effective manner. By outsourcing <span lang=\"en-US\">D<\/span>ata <span lang=\"en-US\">A<\/span>an\u00e1lise, voc\u00ea tamb\u00e9m receber\u00e1 os relat\u00f3rios necess\u00e1rios rapidamente.<\/p>\n\n\n\n<p>Na SIS Research, nossos <span lang=\"en-US\">relat\u00f3rios<\/span> s\u00e3o claros e f\u00e1ceis de digerir. Temos agentes experientes. Eles podem coletar e analisar seus dados com muito mais rapidez do que uma equipe interna poderia fazer.<\/p>\n\n\n\n<p>Nosso <a href=\"https:\/\/www.sisinternational.com\/pt\/solucoes\/pesquisa-de-consultoria-em-estrategia-fintech\/pesquisa-de-mercado-de-analise-de-dados-bancarios\/\" title=\"Pesquisa de mercado de an\u00e1lise de dados banc\u00e1rios\"  data-wpil-monitor-id=\"10053\">Data &amp; Analytics<\/a> outsourcing teams know many analytical techniques. We can create insight into all your business processes. With more awareness, decision-making becomes more natural and more effective. You will lead your department or company in the right direction.<\/p>\n\n\n\n<h2 class=\"wp-block-heading\"><span lang=\"en-US\">Na SIS Research, oferecemos<\/span>ele est\u00e1 seguindo <span lang=\"en-US\">Servi\u00e7os:<\/span><\/h2>\n\n\n\n<ul class=\"wp-block-list\">\n<li>Criando um <span lang=\"en-US\">D<\/span>ata <span lang=\"en-US\">V<\/span>isualiza\u00e7\u00e3o e <span lang=\"en-US\">T<\/span>capaz. Esta ferramenta mostra seus resultados de forma gr\u00e1fica, f\u00e1cil de digerir e entender. Podemos fazer isso de acordo com suas necessidades e desejos.<\/li>\n\n\n\n<li>Regress\u00e3o <span lang=\"en-US\">A<\/span>A an\u00e1lise mostra a rela\u00e7\u00e3o entre duas ou mais vari\u00e1veis. Esta ferramenta ajuda voc\u00ea a entender como os componentes do sistema se relacionam entre si. Mostra os elementos que precisam ser melhorados para criar um impacto positivo na organiza\u00e7\u00e3o.<\/li>\n\n\n\n<li>With the Conjoint Analysis, you check how your <a href=\"https:\/\/www.sisinternational.com\/pt\/solucoes\/teste-de-sabor\/servicos-de-teste-de-produtos-em-nova-york\/\" title=\"Servi\u00e7os de teste de produtos em Nova York\"  data-wpil-monitor-id=\"10062\">products and services<\/a> perform. You also see how your customers perceive them. It breaks down the different components and features of your products and services. Customers can thus rate separate parts. This rating will provide valuable <a href=\"https:\/\/www.sisinternational.com\/pt\/pericia\/industrias\/diretor-de-informacoes-cio-pesquisa-de-mercado\/\" title=\"Diretor de Informa\u00e7\u00f5es (CIO) Pesquisa de Mercado\"  data-wpil-monitor-id=\"10061\">information to marketing<\/a> teams.<\/li>\n\n\n\n<li>Predictive Analytics predict <a href=\"https:\/\/www.sisinternational.com\/pt\/future-trends-in-qualitative-market-research\/\" title=\"Future Trends in Qualitative Market Research\"  data-wpil-monitor-id=\"10055\">future patterns and trends<\/a>. By analyzing historical data, we can predict future outcomes.<\/li>\n\n\n\n<li>A an\u00e1lise de vari\u00e2ncia (ANOVA) compara a diferen\u00e7a entre mais de duas vari\u00e1veis. Para ser mais espec\u00edfico, examina a varia\u00e7\u00e3o dentro dos grupos. Tamb\u00e9m analisa a mudan\u00e7a entre grupos. ANOVA \u00e9 uma ferramenta \u00fatil para compreender conjuntos de dados mais complicados.<\/li>\n\n\n\n<li>Montecarlo <a href=\"https:\/\/www.sisinternational.com\/pt\/solucoes\/pesquisa-de-mercado-de-ia-e-consultoria-estrategica\/analise-de-pesquisa-de-mercado-de-sentimento-de-ia\/\" title=\"An\u00e1lise de pesquisa de mercado de sentimento de IA\"  data-wpil-monitor-id=\"10050\">Analysis allows researchers<\/a> to run several trials. Thus, we can define all possible outcomes of an event or investment.<\/li>\n\n\n\n<li>Dados <span lang=\"en-US\">M<\/span>odeling analisa os conceitos cujos dados voc\u00ea deseja rastrear e eles se tornam tabelas em um banco de dados.<\/li>\n\n\n\n<li>SQL e Python s\u00e3o outra ferramenta de an\u00e1lise que oferece muitas op\u00e7\u00f5es aos cientistas de dados. Essa ferramenta facilita o processamento, a consulta e o uso dos dados coletados.<\/li>\n\n\n\n<li>Oferecemos an\u00e1lises de ROA e ROE. ROA <span lang=\"en-US\">apoia<\/span> Retorno sobre Ativos e ROE \u00e9 Retorno sobre Patrim\u00f4nio L\u00edquido.<\/li>\n\n\n\n<li>A <span lang=\"en-US\">D<\/span>sazonalizado <span lang=\"en-US\">R<\/span>O relat\u00f3rio \u00e9 onde eliminamos os padr\u00f5es sazonais dos seus dados.<\/li>\n<\/ul>\n\n\n\n<h3 class=\"wp-block-heading\">Tamb\u00e9m oferecemos um <span lang=\"en-US\">C<\/span>abrangente <span lang=\"en-US\">A<\/span>an\u00e1lise <span lang=\"en-US\">P<\/span>confirma\u00e7\u00e3o. Inclui o seguinte:<\/h3>\n\n\n\n<ul class=\"wp-block-list\">\n<li><span style=\"color: #0b5d95;\">An\u00e1lise de Caixa<\/span><\/li>\n\n\n\n<li><span style=\"color: #0b5d95;\">Intervalos de confian\u00e7a<\/span><\/li>\n\n\n\n<li><span style=\"color: #0b5d95;\">An\u00e1lise de valores discrepantes<\/span><\/li>\n\n\n\n<li><span style=\"color: #0b5d95;\">Distribui\u00e7\u00e3o, assimetria e curtose <span lang=\"en-US\">A<\/span>an\u00e1lise<\/span><\/li>\n\n\n\n<li><span style=\"color: #0b5d95;\">Alfa, estat\u00edstica F, valor p, etc.<\/span><\/li>\n<\/ul>\n\n\n\n<p><a name=\"_GoBack\"><\/a>Uma empresa de pesquisa de mercado pode fornecer ao seu neg\u00f3cio os tipos de an\u00e1lise acima, o que criar\u00e1 uma compreens\u00e3o mais aprofundada de sua empresa, produtos e servi\u00e7os. Tamb\u00e9m pode ajudar com suas finan\u00e7as, efici\u00eancia e muito mais. Dados &amp; <span lang=\"en-US\">A<\/span>nalytics outsourcing is low-cost, efficient, and reliable, and it&#8217;s the way to a better understanding of your operation. Of course, these <a href=\"https:\/\/www.sisinternational.com\/pt\/sampling-techniques-in-qualitative-research-the-complete-guide-to-choosing-the-right-method\/\" title=\"Sampling Techniques in Qualitative Research: The Complete Guide to Choosing the Right Method\"  data-wpil-monitor-id=\"10059\">techniques are only a small sample<\/a>. You can expect much more from a professional <a href=\"https:\/\/www.sisinternational.com\/pt\/pericia\/curriculos-de-experiencia\/curriculo-de-experiencia-na-industria-automotiva\/\" title=\"Empresa de pesquisa de mercado da ind\u00fastria automotiva\"  data-wpil-monitor-id=\"10048\">market research company<\/a>.<\/p>\n\n\n\n<p>A <a href=\"https:\/\/www.sisinternational.com\/pt\/solucoes\/loja-verificar-pesquisa-de-mercado\/\" title=\"Pesquisa de mercado de cheques de loja\"  data-wpil-monitor-id=\"2157\">market research company will check<\/a> the efficiency of your business processes. It will also look at the products\/services you offer. It examine<span lang=\"en-US\">\u00e9<\/span> as rela\u00e7\u00f5es dos diferentes componentes do neg\u00f3cio, facilita o processo de tomada de decis\u00e3o e o torna mais eficaz. As an\u00e1lises e relat\u00f3rios de alta qualidade orientar\u00e3o suas decis\u00f5es.<\/p>\n\n\n\n<p><\/p>","protected":false},"excerpt":{"rendered":"<p>A terceiriza\u00e7\u00e3o de pesquisa de mercado de dados e an\u00e1lises fornece ferramentas, estrat\u00e9gias e relat\u00f3rios para tomada de decis\u00f5es.<\/p>","protected":false},"author":1,"featured_media":70296,"parent":14514,"menu_order":130,"comment_status":"closed","ping_status":"closed","template":"","meta":{"footnotes":""},"class_list":["post-40680","page","type-page","status-publish","has-post-thumbnail"],"_links":{"self":[{"href":"https:\/\/www.sisinternational.com\/pt\/wp-json\/wp\/v2\/pages\/40680","targetHints":{"allow":["GET"]}}],"collection":[{"href":"https:\/\/www.sisinternational.com\/pt\/wp-json\/wp\/v2\/pages"}],"about":[{"href":"https:\/\/www.sisinternational.com\/pt\/wp-json\/wp\/v2\/types\/page"}],"author":[{"embeddable":true,"href":"https:\/\/www.sisinternational.com\/pt\/wp-json\/wp\/v2\/users\/1"}],"replies":[{"embeddable":true,"href":"https:\/\/www.sisinternational.com\/pt\/wp-json\/wp\/v2\/comments?post=40680"}],"version-history":[{"count":6,"href":"https:\/\/www.sisinternational.com\/pt\/wp-json\/wp\/v2\/pages\/40680\/revisions"}],"predecessor-version":[{"id":81663,"href":"https:\/\/www.sisinternational.com\/pt\/wp-json\/wp\/v2\/pages\/40680\/revisions\/81663"}],"up":[{"embeddable":true,"href":"https:\/\/www.sisinternational.com\/pt\/wp-json\/wp\/v2\/pages\/14514"}],"wp:featuredmedia":[{"embeddable":true,"href":"https:\/\/www.sisinternational.com\/pt\/wp-json\/wp\/v2\/media\/70296"}],"wp:attachment":[{"href":"https:\/\/www.sisinternational.com\/pt\/wp-json\/wp\/v2\/media?parent=40680"}],"curies":[{"name":"wp","href":"https:\/\/api.w.org\/{rel}","templated":true}]}}