{"id":40678,"date":"2022-06-24T23:25:04","date_gmt":"2022-06-24T23:25:04","guid":{"rendered":"https:\/\/www.sisinternational.com\/?page_id=40678"},"modified":"2026-03-13T01:00:09","modified_gmt":"2026-03-13T05:00:09","slug":"psicologia-do-consumidor-covid-19","status":"publish","type":"page","link":"https:\/\/www.sisinternational.com\/pt\/consumer-market-research-page\/psicologia-do-consumidor-covid-19\/","title":{"rendered":"Psicologia do Consumidor e COVID-19"},"content":{"rendered":"<h1 class=\"wp-block-heading\"><span lang=\"en-US\">Psicologia do Consumidor e COVID-19<\/span><\/h1>\n\n\n\n<figure class=\"gb-block-image gb-block-image-29eebeeb\"><img loading=\"lazy\" decoding=\"async\" width=\"1456\" height=\"816\" class=\"gb-image gb-image-29eebeeb\" src=\"https:\/\/www.sisinternational.com\/wp-content\/uploads\/2025\/08\/Consumer-electronics-1.jpg\" alt=\"Pesquisa e Estrat\u00e9gia de Mercado Internacional da SIS\" title=\"Consumer electronics (1)\" srcset=\"https:\/\/www.sisinternational.com\/wp-content\/uploads\/2025\/08\/Consumer-electronics-1.jpg 1456w, https:\/\/www.sisinternational.com\/wp-content\/uploads\/2025\/08\/Consumer-electronics-1-300x168.jpg 300w, https:\/\/www.sisinternational.com\/wp-content\/uploads\/2025\/08\/Consumer-electronics-1-1024x574.jpg 1024w, https:\/\/www.sisinternational.com\/wp-content\/uploads\/2025\/08\/Consumer-electronics-1-768x430.jpg 768w, https:\/\/www.sisinternational.com\/wp-content\/uploads\/2025\/08\/Consumer-electronics-1-18x10.jpg 18w\" sizes=\"auto, (max-width: 1456px) 100vw, 1456px\"><\/figure>\n\n\n\n<p><\/p>\n\n\n\n<hr class=\"wp-block-separator has-alpha-channel-opacity is-style-dots\"\/>\n\n\n\n<p><span lang=\"en-US\">Educamos, socializamos e exercitamos de maneiras novas e diferentes, gra\u00e7as \u00e0 COVID-19. O novo coronav\u00edrus parece ter alterado todos os aspectos de nossas vidas. Uma das interrup\u00e7\u00f5es mais comuns tem sido o impacto em nossas compras e h\u00e1bitos de compra. O distanciamento social, a escassez e as exig\u00eancias em constante mudan\u00e7a mudaram a forma como fazemos compras. Estamos comprando produtos de uso di\u00e1rio, alimentos e tudo mais de maneiras novas e diferentes.<\/span><\/p>\n\n\n\n<h2 class=\"wp-block-heading\"><span lang=\"en-US\">Fatores psicol\u00f3gicos<\/span><\/h2>\n\n\n\n<p><span lang=\"en-US\">Many psychological factors affect our buying decisions during the pandemic. The lockdown has forced more family interaction, but there is not much social cohesion. Communities are experiencing social disruption as cultural norms change. Loneliness may affect the decisions of those who live outside of a family unit. Some families are going through periods of bereavement as they bury members stricken by the disease. The environment is another <a href=\"https:\/\/www.sisinternational.com\/pt\/solucoes\/solucoes-de-pesquisa-quantitativa-qualitativa\/pesquisa-de-mercado-de-fatores-humanos\/\" title=\"Pesquisa de mercado de fatores humanos\"  data-wpil-monitor-id=\"10025\">factor that marketers<\/a> need to take into consideration. So are social status and social integration.<\/span><\/p>\n\n\n\n<h2 class=\"wp-block-heading\"><span lang=\"en-US\">Comportamentos psicol\u00f3gicos do coronav\u00edrus<\/span><\/h2>\n\n\n\n<h3 class=\"wp-block-heading\"><span lang=\"en-US\" style=\"color: #0b5d95;\">Acumula\u00e7\u00e3o<\/span><\/h3>\n\n\n\n<p><span lang=\"en-US\">As pessoas atribuem valor a itens menos dispon\u00edveis, como papel higi\u00eanico. Logo ap\u00f3s o an\u00fancio da pandemia, vimos Escassez vs. Abund\u00e2ncia. Pessoas envolvidas em comportamentos de compra excessiva. A acumula\u00e7\u00e3o \u00e9 um comportamento adaptativo natural. Ele entra em a\u00e7\u00e3o sempre que h\u00e1 um fornecimento irregular de recursos. Est\u00e1 na programa\u00e7\u00e3o do nosso c\u00e9rebro estocar quando a not\u00edcia induz ao p\u00e2nico de que as lojas est\u00e3o ficando sem comida.<\/span><\/p>\n\n\n\n<h3 class=\"wp-block-heading\"><span lang=\"en-US\" style=\"color: #0b5d95;\">Roturas de estoque<\/span><\/h3>\n\n\n\n<p><span lang=\"en-US\">Nas grandes cidades, a COVID-19 est\u00e1 limitando os passatempos. As autoridades municipais est\u00e3o desencorajando o uso de \u00f4nibus e metr\u00f4. Assim, centenas de milhares de americanos est\u00e3o agora comprando bicicletas. Nos primeiros dias da pandemia, tamb\u00e9m era dif\u00edcil encontrar arroz, macarr\u00e3o, len\u00e7os umedecidos, atum em lata e desinfetante para as m\u00e3os. Algumas lojas impuseram limita\u00e7\u00f5es \u00e0 quantidade de itens que os consumidores poderiam comprar.<\/span><\/p>\n\n\n\n<h3 class=\"wp-block-heading\"><span lang=\"en-US\" style=\"color: #0b5d95;\">Trauma<\/span><\/h3>\n\n\n\n<p><span lang=\"en-US\">COVID-19 foi um golpe emocional repentino, inesperado, avassalador e intenso. Isso resultou em linhas de assist\u00eancia social na 5thAvenue e em traumas sociais, econ\u00f4micos e de sa\u00fade. Muitas pessoas relataram sentimentos de trai\u00e7\u00e3o, impot\u00eancia e estigmatiza\u00e7\u00e3o. Ativou a resposta de luta ou fuga nas pessoas. Eles sentem isso quando as redes de TV anunciam cada nova amea\u00e7a. A pandemia mostrou que devemos criar ambientes seguros. Esses ambientes ajudam a neutralizar os efeitos de longo prazo do estresse cr\u00f4nico.<\/span><\/p>\n\n\n\n<h3 class=\"wp-block-heading\"><span lang=\"en-US\" style=\"color: #0b5d95;\">Estresse fisiol\u00f3gico<\/span><\/h3>\n\n\n\n<p><span lang=\"en-US\">A COVID-19 tamb\u00e9m se manifesta em transtornos de ansiedade e p\u00e2nico. Est\u00e1 aumentando o cortisol das pessoas e causando priva\u00e7\u00e3o de sono. A falta de exerc\u00edcio est\u00e1 fazendo com que os n\u00edveis de endorfina despenquem. Assim, as pessoas n\u00e3o t\u00eam prote\u00e7\u00e3o contra o estresse. Est\u00e3o consumindo mais produtos enlatados e menos vegetais frescos. Portanto, o decl\u00ednio da nutri\u00e7\u00e3o e das vitaminas essenciais pode afetar o seu humor. Voc\u00ea pode retomar o controle cuidando de sua sa\u00fade emocional. Reserve um tempo para relaxar e se conectar com outras pessoas.<\/span><\/p>\n\n\n\n<h3 class=\"wp-block-heading\"><span lang=\"en-US\" style=\"color: #0b5d95;\">Teoria do Desamparo Aprendido<\/span><\/h3>\n\n\n\n<p><span lang=\"en-US\">Quando nenhuma de suas a\u00e7\u00f5es funciona, n\u00e3o importa o que voc\u00ea fa\u00e7a, voc\u00ea pode decidir n\u00e3o fazer nada. O desamparo aprendido \u00e9 uma teoria para a depress\u00e3o. Afirma que quando nada funciona, a pessoa para de tentar. \u00c9 por isso que vemos o desespero em pontos cr\u00edticos como a Fl\u00f3rida e a Calif\u00f3rnia. Algumas pessoas podem optar por n\u00e3o sair de ambientes infectados. Ent\u00e3o, eles ficam, mesmo que fa\u00e7a sentido racional ir. Como algu\u00e9m pode consertar o desamparo aprendido? Somente recuperando o dom\u00ednio e capacitando-se.<\/span><\/p>\n\n\n\n<h3 class=\"wp-block-heading\"><span lang=\"en-US\" style=\"color: #0b5d95;\">Psicologia anormal<\/span><\/h3>\n\n\n\n<p><span lang=\"en-US\">Muitas pessoas se sentem seguras em casa durante a pandemia. No entanto, eles relatam solid\u00e3o, altos n\u00edveis de medo, raiva e t\u00e9dio. A falta de autoridade est\u00e1 causando desesperan\u00e7a em muitos. As pessoas est\u00e3o exibindo um comportamento anti-social e a atividade de gangues est\u00e1 aumentando em Nova York. Apesar destes desenvolvimentos preocupantes, \u00e9 essencial manter a perspetiva. Precisamos ser compassivos conosco mesmos quando as coisas n\u00e3o saem como planejado.<\/span><\/p>\n\n\n\n<h2 class=\"wp-block-heading\"><span lang=\"en-US\">Chega de consumo consp\u00edcuo<\/span><\/h2>\n\n\n\n<p><span lang=\"en-US\">Luxury goods were the first <a href=\"https:\/\/www.sisinternational.com\/pt\/pericia\/industrias\/experiencia-digital-do-cliente-pesquisa-de-mercado-cx\/\" title=\"Pesquisa de mercado de experi\u00eancia digital do cliente (CX)\"  data-wpil-monitor-id=\"10028\">customer segment to experience<\/a> cutbacks due to the pandemic. It might be the last to recover since this segment is the most discretionary of all consumer purchases. The shutdown in the lifestyles of affluent consumers has given them downtime. They can now reassess their priorities. It\u2019s because the <a href=\"https:\/\/www.sisinternational.com\/pt\/pericia\/industrias\/pesquisa-de-mercado-de-hoteis-de-luxo\/\" title=\"Pesquisa de mercado de hot\u00e9is de luxo\"  data-wpil-monitor-id=\"10032\">market for luxury<\/a> items thrives on the psychology of wealthy buyers. If they feel good about themselves, they splurge. If they don\u2019t, they won\u2019t.<\/span><\/p>\n\n\n\n<p><span lang=\"en-US\">COVID-19 has breached the consumer\u2019s mind and psychology, which may upset his or her ways of buying. Brands have to use new ways of communicating. It\u2019s the best way to reduce the psychological impact on <a href=\"https:\/\/www.sisinternational.com\/pt\/analise-de-satisfacao-do-cliente\/\" title=\"8 maneiras de aumentar a satisfa\u00e7\u00e3o do cliente no varejo\"  data-wpil-monitor-id=\"10019\">consumers<\/a>. Meanwhile, technology companies are coming up with new offerings. It may open new avenues to brands, enabling them to influence consumer behavior.<\/span><\/p>\n\n\n\n<p><span lang=\"en-US\">Os varejistas precisam compreender a psicologia dos compradores. Eles podem ent\u00e3o usar esses insights para influenciar seu comportamento de compra. Mas avaliar o potencial a longo prazo do comportamento dos consumidores \u00e9 dif\u00edcil. Ainda assim, os retalhistas t\u00eam o poder de ajudar a moldar as decis\u00f5es de compra dos seus consumidores. Eles tamb\u00e9m podem aproveitar a oportunidade para fornecer uma presen\u00e7a online significativa. Eles podem estar presentes para clientes que n\u00e3o podem entrar em suas lojas.<\/span><\/p>\n\n\n<h2>Localiza\u00e7\u00e3o de nossas instala\u00e7\u00f5es em Nova York<\/h2>\n<p><!-- \/wp:post-content --> <!-- wp:html --> <iframe loading=\"lazy\" src=\"https:\/\/www.google.com\/maps\/embed?pb=!1m18!1m12!1m3!1d3022.976188376966!2d-73.99130312499956!3d40.740549471389315!2m3!1f0!2f0!3f0!3m2!1i1024!2i768!4f13.1!3m3!1m2!1s0x89c259a15798c731%3A0xd695d09bdd495f25!2s11%20E%2022nd%20St%20FL%202%2C%20New%20York%2C%20NY%2010010%2C%20USA!5e0!3m2!1sen!2spe!4v1726171763526!5m2!1sen!2spe\" width=\"600\" height=\"450\" allowfullscreen=\"allowfullscreen\" data-mce-fragment=\"1\"><\/iframe> <!-- \/wp:html --> <!-- wp:paragraph --><\/p>\n<h3 class=\"wp-block-heading\">11 E 22nd Street, andar 2, Nova York, NY 10010 T: +1(212) 505-6805<\/h3>\n<hr \/>\n<h2><span style=\"font-weight: 400;\">Sobre SIS Internacional<\/span><\/h2>\n<p><a href=\"https:\/\/www.sisinternational.com\/pt\/\"><span style=\"font-weight: 400;\">SIS Internacional<\/span><\/a><span style=\"font-weight: 400;\"> offers Quantitative, Qualitative, and Strategy Research. We provide data, tools, strategies, reports, and insights for decision-making. We also conduct interviews, surveys, focus groups, and other <a href=\"https:\/\/www.sisinternational.com\/pt\/quantitative-market-research-methods-and-techniques\/\" title=\"Quantitative Market Research Methods and Techniques\"  data-wpil-monitor-id=\"10022\">Market Research methods<\/a> and approaches.<\/span><a href=\"https:\/\/www.sisinternational.com\/pt\/sobre-a-sis-international-research\/contact-sis-international-market-research\/\"><span style=\"font-weight: 400;\"> Entre em contato conosco<\/span><\/a><span style=\"font-weight: 400;\"> para o seu pr\u00f3ximo projeto de pesquisa de mercado.<\/span><\/p>\n<p><!-- wp:heading --><\/p>\n<h2 id=\"about-sis-international\" class=\"wp-block-heading\">\u00a0<\/h2>\n<p><!-- \/wp:heading --><\/p>","protected":false},"excerpt":{"rendered":"<p>COVID-19 alterou todos os aspectos de nossas vidas. Mudou a maneira como educamos, socializamos, nos exercitamos e fazemos compras.<\/p>","protected":false},"author":1,"featured_media":64245,"parent":84529,"menu_order":12,"comment_status":"closed","ping_status":"closed","template":"","meta":{"footnotes":""},"class_list":["post-40678","page","type-page","status-publish","has-post-thumbnail"],"_links":{"self":[{"href":"https:\/\/www.sisinternational.com\/pt\/wp-json\/wp\/v2\/pages\/40678","targetHints":{"allow":["GET"]}}],"collection":[{"href":"https:\/\/www.sisinternational.com\/pt\/wp-json\/wp\/v2\/pages"}],"about":[{"href":"https:\/\/www.sisinternational.com\/pt\/wp-json\/wp\/v2\/types\/page"}],"author":[{"embeddable":true,"href":"https:\/\/www.sisinternational.com\/pt\/wp-json\/wp\/v2\/users\/1"}],"replies":[{"embeddable":true,"href":"https:\/\/www.sisinternational.com\/pt\/wp-json\/wp\/v2\/comments?post=40678"}],"version-history":[{"count":6,"href":"https:\/\/www.sisinternational.com\/pt\/wp-json\/wp\/v2\/pages\/40678\/revisions"}],"predecessor-version":[{"id":81658,"href":"https:\/\/www.sisinternational.com\/pt\/wp-json\/wp\/v2\/pages\/40678\/revisions\/81658"}],"up":[{"embeddable":true,"href":"https:\/\/www.sisinternational.com\/pt\/wp-json\/wp\/v2\/pages\/84529"}],"wp:featuredmedia":[{"embeddable":true,"href":"https:\/\/www.sisinternational.com\/pt\/wp-json\/wp\/v2\/media\/64245"}],"wp:attachment":[{"href":"https:\/\/www.sisinternational.com\/pt\/wp-json\/wp\/v2\/media?parent=40678"}],"curies":[{"name":"wp","href":"https:\/\/api.w.org\/{rel}","templated":true}]}}