{"id":40657,"date":"2022-06-24T20:55:03","date_gmt":"2022-06-24T20:55:03","guid":{"rendered":"https:\/\/www.sisinternational.com\/?page_id=40657"},"modified":"2026-01-26T14:24:02","modified_gmt":"2026-01-26T19:24:02","slug":"pesquisa-de-mercado-de-computacao-em-nuvem","status":"publish","type":"page","link":"https:\/\/www.sisinternational.com\/pt\/pericia\/pesquisa-de-mercado-de-computacao-em-nuvem\/","title":{"rendered":"Pesquisa de mercado de computa\u00e7\u00e3o em nuvem"},"content":{"rendered":"<h1 class=\"wp-block-heading\">Pesquisa de mercado de computa\u00e7\u00e3o em nuvem<\/h1>\n\n\n\n<figure class=\"gb-block-image gb-block-image-4b310d80\"><img loading=\"lazy\" decoding=\"async\" width=\"1456\" height=\"816\" class=\"gb-image gb-image-4b310d80\" src=\"https:\/\/www.sisinternational.com\/wp-content\/uploads\/2025\/08\/Cloud-5-3.jpg\" alt=\"Pesquisa e Estrat\u00e9gia de Mercado Internacional da SIS\" title=\"Cloud 5 (3)\" srcset=\"https:\/\/www.sisinternational.com\/wp-content\/uploads\/2025\/08\/Cloud-5-3.jpg 1456w, https:\/\/www.sisinternational.com\/wp-content\/uploads\/2025\/08\/Cloud-5-3-300x168.jpg 300w, https:\/\/www.sisinternational.com\/wp-content\/uploads\/2025\/08\/Cloud-5-3-1024x574.jpg 1024w, https:\/\/www.sisinternational.com\/wp-content\/uploads\/2025\/08\/Cloud-5-3-768x430.jpg 768w, https:\/\/www.sisinternational.com\/wp-content\/uploads\/2025\/08\/Cloud-5-3-18x10.jpg 18w\" sizes=\"auto, (max-width: 1456px) 100vw, 1456px\"><\/figure>\n\n\n\n<hr class=\"wp-block-separator has-alpha-channel-opacity is-style-dots\"\/>\n\n\n\n<h2 class=\"wp-block-heading\">O que \u00e9 computa\u00e7\u00e3o em nuvem?<\/h2>\n\n\n\n<p>In simple words, cloud computing refers to on-demand services that provide software and storage, as well as servers. As a matter of fact, the \u201ccloud\u201d gives faster, more flexible, and state-of-the-art resources through the internet and offers economies of scale. Another feature is that companies only pay for the cloud services that they use. This structure further allows them to lower their business costs. They can also <a href=\"https:\/\/www.sisinternational.com\/pt\/solucoes\/inovacao\/como-escalar-um-negocio\/\" title=\"Como escalar um neg\u00f3cio | Alcan\u00e7ando o crescimento exponencial\"  data-wpil-monitor-id=\"10083\">scale when their business<\/a> needs to.<\/p>\n\n\n\n<p>What\u2019s another great thing about Cloud Computing? It allows efficient use of hardware. For example, companies no longer have to own a computing setup or even data centers. Instead, they rent access to a cloud. Furthermore, the cloud storage providers offer many options, from storage to applications.<\/p>\n\n\n\n<h2 class=\"wp-block-heading\">Por que a computa\u00e7\u00e3o em nuvem \u00e9 importante?<\/h2>\n\n\n\n<p>Cloud Computing is advanced tech when compared to the usual <a href=\"https:\/\/www.sisinternational.com\/pt\/publicacoes\/pesquisa-de-mercado-de-negocios-escalaveis-7-maneiras-de-construir-um-negocio-escalavel\/\" title=\"Pesquisa de mercado de neg\u00f3cios escal\u00e1veis: 7 maneiras de construir um neg\u00f3cio escal\u00e1vel\"  data-wpil-monitor-id=\"10086\">way of doing business<\/a>. It is important in this era, first because of costs. Firms no longer have to bear the cost of owning hardware and software. Nor do they have to pay for setting up and running on-demand data centers.<\/p>\n\n\n\n<h3 class=\"wp-block-heading\">Velocidade<\/h3>\n\n\n\n<p>Providers offer several cloud computing services on demand. They also provide self-service. Thus, companies have access to loads of computing data within a short time \u2013 often with only a few mouse clicks.\u00a0It also opens them to a global stage, because Cloud computing has the potential for elastic scaling.<\/p>\n\n\n\n<p>A computa\u00e7\u00e3o em nuvem elimina a necessidade de data centers locais. Outro ponto importante \u00e9 que a equipe de TI pode passar a maior parte do tempo atingindo os objetivos de neg\u00f3cios.<\/p>\n\n\n\n<p>A nuvem torna mais barato o backup, a recupera\u00e7\u00e3o e a continuidade dos neg\u00f3cios de dados. Al\u00e9m disso, pode replicar seus dados em v\u00e1rios locais.<\/p>\n\n\n\n<h3 class=\"wp-block-heading\">Seguran\u00e7a<\/h3>\n\n\n\n<p>A maioria dos provedores de servi\u00e7os em nuvem oferece um conjunto completo de tecnologias e pol\u00edticas. Al\u00e9m disso, oferecem controles que aumentam sua seguran\u00e7a. Conseq\u00fcentemente, eles protegem sua infraestrutura, aplicativos e dados contra amea\u00e7as potenciais.<\/p>\n\n\n\n<h2 class=\"wp-block-heading\">Principais cargos<\/h2>\n\n\n\n<h3 class=\"wp-block-heading\">Alguns cargos relacionados \u00e0 computa\u00e7\u00e3o em nuvem incluem:<\/h3>\n\n\n\n<ul class=\"wp-block-list\">\n<li><a href=\"https:\/\/www.sisinternational.com\/pt\/pericia\/industrias\/diretor-de-informacoes-cio-pesquisa-de-mercado\/\" title=\"Diretor de Informa\u00e7\u00f5es (CIO) Pesquisa de Mercado\"  data-wpil-monitor-id=\"10087\">Diretor de nuvem<\/a><\/li>\n\n\n\n<li>Oficial de habilidades digitais<\/li>\n\n\n\n<li>Profissional de seguran\u00e7a em nuvem<\/li>\n\n\n\n<li>Arquiteto de nuvem<\/li>\n\n\n\n<li>Engenheiro de nuvem<\/li>\n\n\n\n<li>Desenvolvedor de nuvem<\/li>\n\n\n\n<li>Administrador de nuvem<\/li>\n<\/ul>\n\n\n\n<h2 class=\"wp-block-heading\">Por que as empresas precisam de computa\u00e7\u00e3o em nuvem?<\/h2>\n\n\n\n<h3 class=\"wp-block-heading\">As empresas precisam adotar a nuvem pelos seguintes motivos principais:<\/h3>\n\n\n\n<p><strong>It lowers cost<\/strong><\/p>\n\n\n\n<p>Cloud Computing n\u00e3o \u00e9 como configurar e administrar um data center. Em vez disso, as empresas s\u00f3 precisam pagar pelos servi\u00e7os que utilizam. Assim, a computa\u00e7\u00e3o em nuvem \u00e9 barata.<\/p>\n\n\n\n<p>A nuvem tamb\u00e9m \u00e9 flex\u00edvel, o que \u00e9 outro motivo para as empresas adotarem a computa\u00e7\u00e3o em nuvem. E pelo menos seus funcion\u00e1rios podem trabalhar juntos, mesmo quando estiverem em locais diferentes.<\/p>\n\n\n\n<p><strong>Uma ampla gama de op\u00e7\u00f5es<\/strong><\/p>\n\n\n\n<p>Isso \u00e9 <span lang=\"en-US\">acima <\/span>to you to choose the best cloud services. But, it offers users a wide range of options.&nbsp;The use of cloud computing also brings teamwork to life. Staff members can share data with ease, so it\u2019s not difficult to work together.<\/p>\n\n\n\n<h2 class=\"wp-block-heading\">Fatores cr\u00edticos de sucesso da computa\u00e7\u00e3o em nuvem<\/h2>\n\n\n\n<h3 class=\"wp-block-heading\">Com a nuvem, voc\u00ea pode esperar:<\/h3>\n\n\n\n<ul class=\"wp-block-list\">\n<li>Custos reduzidos<\/li>\n\n\n\n<li>Confiabilidade<\/li>\n\n\n\n<li>Escalabilidade<\/li>\n\n\n\n<li>Efici\u00eancia<\/li>\n<\/ul>\n\n\n\n<h2 class=\"wp-block-heading\">Sobre computa\u00e7\u00e3o em nuvem<\/h2>\n\n\n\n<p>Quantitativo <a href=\"https:\/\/www.sisinternational.com\/pt\/solucoes\/pesquisa-de-mercado-de-ia-e-consultoria-estrategica\/pesquisa-de-mercado-de-ia-de-visao-computacional\/\" title=\"Pesquisa de mercado de IA de vis\u00e3o computacional\"  data-wpil-monitor-id=\"2764\">research has revealed interesting data on cloud<\/a> computing services. Focus groups, coupled with interviews, surveys, and strategy <a href=\"https:\/\/www.sisinternational.com\/pt\/solucoes\/solucoes-de-branding-e-pesquisa-de-clientes\/pesquisa-de-mercado-para-contar-historias\/\" title=\"Pesquisa de mercado para contar hist\u00f3rias\"  data-wpil-monitor-id=\"5959\">research tell the same story<\/a>. They have shown that this service is on an upward trend. In fact, many <a href=\"https:\/\/www.sisinternational.com\/pt\/solucoes\/consultoria-estrategica\/analise-de-dados\/\" title=\"Empresa de an\u00e1lise de dados\"  data-wpil-monitor-id=\"10084\">companies are outsourcing their data<\/a> services. Yet, qualitative <a href=\"https:\/\/www.sisinternational.com\/pt\/solucoes\/solucoes-de-pesquisa-quantitativa-qualitativa\/pesquisa-de-mercado-de-fatores-humanos\/\" title=\"Pesquisa de mercado de fatores humanos\"  data-wpil-monitor-id=\"10089\">research has pointed out a high-risk factor<\/a>. Cloud computing can lead to security threats.&nbsp;Still, the benefits of the cloud outweigh the risks, and it is an excellent way for companies to save money while having access to first-class data storage services.<\/p>\n\n\n\n<p><\/p>","protected":false},"excerpt":{"rendered":"<p>A computa\u00e7\u00e3o em nuvem \u00e9 uma op\u00e7\u00e3o econ\u00f4mica aos m\u00e9todos formais de neg\u00f3cios, eliminando a necessidade de possuir hardware, software e data centers.<\/p>","protected":false},"author":1,"featured_media":64202,"parent":14514,"menu_order":129,"comment_status":"closed","ping_status":"closed","template":"","meta":{"footnotes":""},"class_list":["post-40657","page","type-page","status-publish","has-post-thumbnail"],"_links":{"self":[{"href":"https:\/\/www.sisinternational.com\/pt\/wp-json\/wp\/v2\/pages\/40657","targetHints":{"allow":["GET"]}}],"collection":[{"href":"https:\/\/www.sisinternational.com\/pt\/wp-json\/wp\/v2\/pages"}],"about":[{"href":"https:\/\/www.sisinternational.com\/pt\/wp-json\/wp\/v2\/types\/page"}],"author":[{"embeddable":true,"href":"https:\/\/www.sisinternational.com\/pt\/wp-json\/wp\/v2\/users\/1"}],"replies":[{"embeddable":true,"href":"https:\/\/www.sisinternational.com\/pt\/wp-json\/wp\/v2\/comments?post=40657"}],"version-history":[{"count":6,"href":"https:\/\/www.sisinternational.com\/pt\/wp-json\/wp\/v2\/pages\/40657\/revisions"}],"predecessor-version":[{"id":81668,"href":"https:\/\/www.sisinternational.com\/pt\/wp-json\/wp\/v2\/pages\/40657\/revisions\/81668"}],"up":[{"embeddable":true,"href":"https:\/\/www.sisinternational.com\/pt\/wp-json\/wp\/v2\/pages\/14514"}],"wp:featuredmedia":[{"embeddable":true,"href":"https:\/\/www.sisinternational.com\/pt\/wp-json\/wp\/v2\/media\/64202"}],"wp:attachment":[{"href":"https:\/\/www.sisinternational.com\/pt\/wp-json\/wp\/v2\/media?parent=40657"}],"curies":[{"name":"wp","href":"https:\/\/api.w.org\/{rel}","templated":true}]}}