{"id":40636,"date":"2022-06-16T17:02:34","date_gmt":"2022-06-16T17:02:34","guid":{"rendered":"https:\/\/www.sisinternational.com\/?page_id=40636"},"modified":"2025-09-25T00:59:40","modified_gmt":"2025-09-25T04:59:40","slug":"blockchain-em-consultoria-de-estrategia-de-saude","status":"publish","type":"page","link":"https:\/\/www.sisinternational.com\/pt\/solucoes\/consultoria-sis-blockchain\/blockchain-em-consultoria-de-estrategia-de-saude\/","title":{"rendered":"Blockchain em consultoria de estrat\u00e9gia de sa\u00fade"},"content":{"rendered":"<h1 class=\"gb-headline gb-headline-0ed72a78 gb-headline-text\">Blockchain em consultoria de estrat\u00e9gia de sa\u00fade<\/h1>\n\n\n\n<figure class=\"gb-block-image gb-block-image-22fa9d03\"><img loading=\"lazy\" decoding=\"async\" width=\"1456\" height=\"816\" class=\"gb-image gb-image-22fa9d03\" src=\"https:\/\/www.sisinternational.com\/wp-content\/uploads\/2025\/08\/Healthcare-16.jpg\" alt=\"Pesquisa e Estrat\u00e9gia de Mercado Internacional da SIS\" title=\"Healthcare (16)\" srcset=\"https:\/\/www.sisinternational.com\/wp-content\/uploads\/2025\/08\/Healthcare-16.jpg 1456w, https:\/\/www.sisinternational.com\/wp-content\/uploads\/2025\/08\/Healthcare-16-300x168.jpg 300w, https:\/\/www.sisinternational.com\/wp-content\/uploads\/2025\/08\/Healthcare-16-1024x574.jpg 1024w, https:\/\/www.sisinternational.com\/wp-content\/uploads\/2025\/08\/Healthcare-16-768x430.jpg 768w, https:\/\/www.sisinternational.com\/wp-content\/uploads\/2025\/08\/Healthcare-16-18x10.jpg 18w\" sizes=\"auto, (max-width: 1456px) 100vw, 1456px\"><\/figure>\n\n\n\n<p><\/p>\n\n\n\n<hr class=\"wp-block-separator has-alpha-channel-opacity is-style-dots\"\/>\n\n\n\n<blockquote class=\"wp-block-quote is-layout-flow wp-block-quote-is-layout-flow\">\n<p>The healthcare industry is undergoing a <strong>digital revolution<\/strong>, e <strong>blockchain technology<\/strong> is at the forefront of this transformation.<\/p>\n<\/blockquote>\n\n\n\n<p>Blockchain in healthcare strategy consulting is helping healthcare organizations improve data security, patient privacy, interoperability, and operational efficiency.<\/p>\n\n\n\n<p>At SIS International Research, we provide strategic insights into how healthcare providers, pharmaceutical companies, and insurers can leverage blockchain to address key industry challenges and drive innovation.<\/p>\n\n\n\n<h2 class=\"wp-block-heading\">O que \u00e9 Blockchain na \u00e1rea da sa\u00fade?<\/h2>\n\n\n\n<p>Blockchain in <a href=\"https:\/\/www.sisinternational.com\/pt\/industry-forecast\/healthcare-industry-forecast\/\" title=\"Healthcare Industry Forecast\"  data-wpil-monitor-id=\"10095\">healthcare<\/a> can solve many of the problems the industry faces. Such issues include medical research, medical supply chain, drug integrity, and medical data. Blockchain also addresses the obstacles of interoperability, accessibility, and security. Because of its ability to produce fantastic data efficiency, Blockchain can disrupt healthcare. It can ensure flexible data access, transparency, interconnection, and better security. It is important to note that healthcare and technology are inseparable.<\/p>\n\n\n\n<h2 class=\"wp-block-heading\"><strong>Why Blockchain in Healthcare Matters<\/strong><\/h2>\n\n\n\n<figure class=\"gb-block-image gb-block-image-8a8fe947\"><img loading=\"lazy\" decoding=\"async\" width=\"1024\" height=\"574\" class=\"gb-image gb-image-8a8fe947\" src=\"https:\/\/www.sisinternational.com\/wp-content\/uploads\/2025\/08\/Healthcare-8-1024x574.jpg\" alt=\"Pesquisa e Estrat\u00e9gia de Mercado Internacional da SIS\" title=\"Healthcare (8)\" srcset=\"https:\/\/www.sisinternational.com\/wp-content\/uploads\/2025\/08\/Healthcare-8-1024x574.jpg 1024w, https:\/\/www.sisinternational.com\/wp-content\/uploads\/2025\/08\/Healthcare-8-300x168.jpg 300w, https:\/\/www.sisinternational.com\/wp-content\/uploads\/2025\/08\/Healthcare-8-768x430.jpg 768w, https:\/\/www.sisinternational.com\/wp-content\/uploads\/2025\/08\/Healthcare-8-18x10.jpg 18w, https:\/\/www.sisinternational.com\/wp-content\/uploads\/2025\/08\/Healthcare-8.jpg 1456w\" sizes=\"auto, (max-width: 1024px) 100vw, 1024px\"><\/figure>\n\n\n\n<p><\/p>\n\n\n\n<p>The healthcare sector faces significant challenges, including <strong>data breaches, inefficiencies, fraud, and lack of transparency<\/strong>. Blockchain offers a <strong>decentralized, secure, and tamper-proof solution<\/strong> that enhances patient care and streamlines processes.<\/p>\n\n\n\n<p>\u2705 Securing patient records and preventing data breaches&nbsp;<br>\u2705 Improving interoperability between healthcare providers&nbsp;<br>\u2705 Eliminating inefficiencies in medical billing and insurance claims&nbsp;<br>\u2705 Ensuring pharmaceutical supply chain integrity&nbsp;<br>\u2705 Enhancing clinical trial transparency and data integ<strong>rity<\/strong>&nbsp;<\/p>\n\n\n\n<h2 class=\"wp-block-heading\"><strong>Key Use Cases of Blockchain in Healthcare<\/strong><\/h2>\n\n\n\n<h3 class=\"wp-block-heading\"><strong>1. Securing Electronic Health Records (EHRs)<\/strong><\/h3>\n\n\n\n<p>A <strong>decentralized health record system<\/strong> ensures that only authorized users can access patient data, reducing fraud and enhancing security.<\/p>\n\n\n\n<p>\ud83d\udccc <strong>Impacto:<\/strong> Patients gain control over their records while healthcare providers access real-time, verified data.<\/p>\n\n\n\n<h3 class=\"wp-block-heading\"><strong>2. Interoperability and Seamless Data Sharing<\/strong><\/h3>\n\n\n\n<p>A <strong>secure, standardized system<\/strong> that allows hospitals, insurers, and laboratories to seamlessly share patient data.<\/p>\n\n\n\n<p>\ud83d\udccc <strong>Impacto:<\/strong> Faster diagnoses, reduced errors, and improved patient care coordination.<\/p>\n\n\n\n<h3 class=\"wp-block-heading\"><strong>3. Medical Billing and Insurance Claims Processing<\/strong><\/h3>\n\n\n\n<p><strong>Smart contracts<\/strong> can automate insurance claim verifications and payments, eliminating <strong>fraud and reducing delays<\/strong>.<\/p>\n\n\n\n<p>\ud83d\udccc <strong>Impacto:<\/strong> Faster claims processing, lower administrative costs, and improved patient trust.<\/p>\n\n\n\n<h3 class=\"wp-block-heading\"><strong>4. Pharmaceutical Supply Chain Transparency<\/strong><\/h3>\n\n\n\n<p><strong>Real-time tracking<\/strong> of drugs from manufacturer to pharmacy, ensuring authenticity and preventing fraud.<\/p>\n\n\n\n<p>\ud83d\udccc <strong>Impacto:<\/strong> Improved drug safety, regulatory compliance, and efficient recalls.<\/p>\n\n\n\n<h3 class=\"wp-block-heading\"><strong>5. Clinical Trials and Research Data Integrity<\/strong><\/h3>\n\n\n\n<p>A <strong>tamper-proof, timestamped ledger<\/strong> ensures the integrity of trial <a href=\"https:\/\/www.sisinternational.com\/pt\/cobertura\/europa\/pesquisa-de-mercado-em-liverpool-reino-unido\/\" title=\"Pesquisa de Mercado em Liverpool | Grupos focais e coleta de dados no Reino Unido\"  data-wpil-monitor-id=\"10092\">data and research<\/a> findings.<\/p>\n\n\n\n<p>\ud83d\udccc <strong>Impacto:<\/strong> Increased credibility, regulatory compliance, and patient safety.<\/p>\n\n\n\n<h2 class=\"wp-block-heading\">Tecnologia<\/h2>\n\n\n\n<p>Blockchain \u00e9 um registro compartilhado de transa\u00e7\u00f5es. Com o Blockchain, os provedores n\u00e3o armazenam mais registros de sa\u00fade em um \u00fanico computador hacke\u00e1vel. M\u00e9dicos e seguradoras podem manter esses mesmos registros em v\u00e1rios computadores. Este m\u00e9todo torna muito dif\u00edcil adulterar os dados. Uma seguradora pode ligar para um consult\u00f3rio m\u00e9dico para verificar um endere\u00e7o. A beleza do Blockchain \u00e9 que se ele atualizar o registro, todos os membros da alian\u00e7a ver\u00e3o a mudan\u00e7a.<\/p>\n\n\n\n<h2 class=\"wp-block-heading\">Desafios da sa\u00fade hoje<\/h2>\n\n\n\n<p>Muitas institui\u00e7\u00f5es m\u00e9dicas utilizam m\u00e9todos inconvenientes e desatualizados para manter dados m\u00e9dicos, incluindo dados de medicamentos prescritos e registros de sa\u00fade. Tamb\u00e9m inclui dados m\u00e9dicos do paciente e informa\u00e7\u00f5es de seguro. O tratamento inadequado dos dados pode prejudicar o tratamento dos pacientes. Tamb\u00e9m pode retardar a recupera\u00e7\u00e3o do paciente. Pior ainda, muitas instala\u00e7\u00f5es m\u00e9dicas desenvolveram os seus pr\u00f3prios sistemas de manuten\u00e7\u00e3o de registos.<\/p>\n\n\n\n<p>Estas circunst\u00e2ncias levaram \u00e0 falta de transpar\u00eancia. Instala\u00e7\u00f5es m\u00e9dicas e ag\u00eancias de seguros est\u00e3o operando no v\u00e1cuo. Seu modo de opera\u00e7\u00e3o prejudica os pacientes. Eles criam um caminho para erros m\u00e9dicos graves. Esses erros s\u00e3o a principal causa de morte de pacientes com c\u00e2ncer e doen\u00e7as card\u00edacas nos EUA.<\/p>\n\n\n\n<p>Este sistema desatualizado espalha os dados m\u00e9dicos dos pacientes por v\u00e1rias instala\u00e7\u00f5es m\u00e9dicas. M\u00e9dicos e seguradoras mant\u00eam registros separados. No mundo de hoje, o hist\u00f3rico m\u00e9dico e os registros dos pacientes s\u00e3o como quebra-cabe\u00e7as. Este malabarismo de dados entre diferentes entidades \u00e9 terr\u00edvel e resulta em perda de precis\u00e3o e integridade. \u00c9 uma preocupa\u00e7\u00e3o particular quando se trata de diagn\u00f3sticos e prescri\u00e7\u00f5es de medicamentos. Tudo isso pode impactar o tratamento eficiente dos pacientes.<\/p>\n\n\n\n<h2 class=\"wp-block-heading\">Benef\u00edcios do Blockchain na \u00e1rea da sa\u00fade<\/h2>\n\n\n\n<ul class=\"wp-block-list\">\n<li>A tecnologia Blockchain no setor de sa\u00fade pode fazer uma diferen\u00e7a significativa. Ele permite o gerenciamento eficaz de dados. Esta tecnologia torna poss\u00edvel a troca segura e transparente de dados m\u00e9dicos. Os provedores agora podem trocar dados entre v\u00e1rios setores.<\/li>\n\n\n\n<li>Com a tecnologia blockchain, \u00e9 f\u00e1cil estabelecer registros m\u00e9dicos. O sistema elimina encargos administrativos desnecess\u00e1rios. Tamb\u00e9m possibilita o uso eficaz dos cuidados de sa\u00fade. Al\u00e9m disso, esta tecnologia elimina a necessidade de diferentes intermedi\u00e1rios.<\/li>\n\n\n\n<li>O Blockchain na \u00e1rea da sa\u00fade pode contribuir muito para tornar o trabalho dos prestadores mais simples. Eles t\u00eam mais tempo para a sua principal responsabilidade, que \u00e9 melhorar a sa\u00fade dos pacientes. Os provedores tamb\u00e9m podem ter acesso ao quadro completo do prontu\u00e1rio m\u00e9dico de qualquer paciente. Todos os dados de sa\u00fade anteriores s\u00e3o imut\u00e1veis no sistema de sa\u00fade. As altera\u00e7\u00f5es nos dados podem ser vis\u00edveis.<\/li>\n\n\n\n<li>O gerenciamento adequado de informa\u00e7\u00f5es m\u00e9dicas \u00e9 um dos benef\u00edcios mais significativos do Blockchain. Elimina a maioria dos problemas que o setor da sa\u00fade enfrenta. Isso torna a fraude e a perda de dados durante desastres coisas do passado. Ele tamb\u00e9m melhora a conclus\u00e3o e a interoperabilidade dos dados.<\/li>\n<\/ul>\n\n\n\n<h2 class=\"wp-block-heading\"><strong>The Future of Blockchain in Healthcare<\/strong><\/h2>\n\n\n\n<figure class=\"gb-block-image gb-block-image-dbadcb41\"><img loading=\"lazy\" decoding=\"async\" width=\"1456\" height=\"816\" class=\"gb-image gb-image-dbadcb41\" src=\"https:\/\/www.sisinternational.com\/wp-content\/uploads\/2025\/09\/Medicine-1.jpg\" alt=\"Pesquisa e Estrat\u00e9gia de Mercado Internacional da SIS\" title=\"Medicine (1)\" srcset=\"https:\/\/www.sisinternational.com\/wp-content\/uploads\/2025\/09\/Medicine-1.jpg 1456w, https:\/\/www.sisinternational.com\/wp-content\/uploads\/2025\/09\/Medicine-1-300x168.jpg 300w, https:\/\/www.sisinternational.com\/wp-content\/uploads\/2025\/09\/Medicine-1-1024x574.jpg 1024w, https:\/\/www.sisinternational.com\/wp-content\/uploads\/2025\/09\/Medicine-1-768x430.jpg 768w, https:\/\/www.sisinternational.com\/wp-content\/uploads\/2025\/09\/Medicine-1-18x10.jpg 18w\" sizes=\"auto, (max-width: 1456px) 100vw, 1456px\"><\/figure>\n\n\n\n<p><\/p>\n\n\n\n<p>The next wave of blockchain-driven healthcare innovations will include:<\/p>\n\n\n\n<p><strong>AI + Blockchain integration<\/strong> for <a href=\"https:\/\/www.sisinternational.com\/pt\/predictive-analytics\/\" title=\"Predictive Analytics: Your Crystal Ball for Business Success\"  data-wpil-monitor-id=\"10091\">predictive<\/a> healthcare analytics&nbsp;<br><strong>Decentralized identity management<\/strong> for secure patient authentication&nbsp;<br><strong>Tokenized healthcare models<\/strong> for incentivized patient engagement&nbsp;<br><strong>Increased partnerships between healthcare and blockchain startups<\/strong>&nbsp;<\/p>\n\n\n\n<h2 class=\"wp-block-heading\"><strong>Final Thoughts from Ruth Stanat, CEO of SIS International Research<\/strong><\/h2>\n\n\n\n<p>No <a href=\"https:\/\/www.linkedin.com\/company\/sisinternationalresearch\/posts\/?feedView=all\" target=\"_blank\" rel=\"noopener\"><strong>A SIS International Research<\/strong><\/a>, we provide blockchain market intelligence, regulatory insights, and strategic consulting to help healthcare organizations implement scalable blockchain solutions.<\/p>\n\n\n\n<h2 class=\"wp-block-heading\">Por que a consultoria estrat\u00e9gica ajuda<\/h2>\n\n\n\n<p>Blockchain continues to evolve. Thus, providers and insurers will have to <a href=\"https:\/\/www.sisinternational.com\/pt\/solucoes\/pesquisa-de-consultoria-em-estrategia-fintech\/consultoria-em-estrategia-de-pesquisa-de-mercado-em-gestao-de-mudancas-em-servicos-financeiros\/\" title=\"Pesquisa de mercado e consultoria estrat\u00e9gica em gest\u00e3o de mudan\u00e7as em servi\u00e7os financeiros\" data-wpil-monitor-id=\"10093\">change their strategies<\/a> from time to time. <a href=\"https:\/\/www.sisinternational.com\/pt\/entre-em-contato-com-a-sis-international-market-research\/\" title=\"Contate-nos\" data-wpil-monitor-id=\"10085\">A SIS International Research<\/a> understands the Blockchain space. We are familiar with the security frameworks for regulatory needs and legal compliance. Thus, we are best suited to help companies <a href=\"https:\/\/www.sisinternational.com\/pt\/solucoes\/consultoria-estrategica\/consultoria-de-execucao-de-desenvolvimento-de-estrategia\/\" title=\"Consultoria de Desenvolvimento e Execu\u00e7\u00e3o de Estrat\u00e9gia\" data-wpil-monitor-id=\"10090\">develop and maintain a Blockchain strategy<\/a>. With Blockchain, it&#8217;s easy to stand out among the competition. <a href=\"https:\/\/www.sisinternational.com\/pt\/solucoes\/teste-de-sabor\/servicos-de-teste-de-alimentos-sis-em-nova-york\/\" title=\"Servi\u00e7os de teste de alimentos SIS em Nova York\" data-wpil-monitor-id=\"10094\">SIS&#8217;s consulting services<\/a> help to make that happen.<\/p>\n\n\n\n<h2 class=\"wp-block-heading\">Localiza\u00e7\u00e3o de nossas instala\u00e7\u00f5es em Nova York<\/h2>\n\n\n\n<p>\n\n\n\n<iframe loading=\"lazy\" src=\"https:\/\/www.google.com\/maps\/embed?pb=!1m18!1m12!1m3!1d3022.976188376966!2d-73.99130312499956!3d40.740549471389315!2m3!1f0!2f0!3f0!3m2!1i1024!2i768!4f13.1!3m3!1m2!1s0x89c259a15798c731%3A0xd695d09bdd495f25!2s11%20E%2022nd%20St%20FL%202%2C%20New%20York%2C%20NY%2010010%2C%20USA!5e0!3m2!1sen!2spe!4v1726171763526!5m2!1sen!2spe\" width=\"600\" height=\"450\" allowfullscreen=\"allowfullscreen\" data-mce-fragment=\"1\"><\/iframe>\n\n\n\n<\/p>\n\n\n\n<h3 class=\"wp-block-heading\">11 E 22nd Street, 2\u00ba andar, Nova York, NY 10010 T: +1(212) 505-6805<\/h3>\n\n\n\n<hr class=\"wp-block-separator has-alpha-channel-opacity\"\/>\n\n\n\n<h2 class=\"wp-block-heading\"><span style=\"font-weight: 400;\">Sobre SIS Internacional<\/span><\/h2>\n\n\n\n<p><a href=\"https:\/\/www.sisinternational.com\/pt\/\"><span style=\"font-weight: 400;\">SIS Internacional<\/span><\/a><span style=\"font-weight: 400;\"> offers Quantitative, Qualitative, and Strategy Research. We provide data, tools, strategies, reports, and insights for decision-making. We also conduct interviews, surveys, focus groups, and other <a href=\"https:\/\/www.sisinternational.com\/pt\/quantitative-market-research-methods-and-techniques\/\" title=\"Quantitative Market Research Methods and Techniques\" data-wpil-monitor-id=\"10088\">Market Research methods<\/a> and approaches.<\/span><a href=\"https:\/\/www.sisinternational.com\/pt\/sobre-a-sis-international-research\/contact-sis-international-market-research\/\"><span style=\"font-weight: 400;\"> Entre em contato conosco<\/span><\/a><span style=\"font-weight: 400;\"> para o seu pr\u00f3ximo projeto de pesquisa de mercado.\u00a0<\/span><\/p>\n\n\n\n<p><\/p>","protected":false},"excerpt":{"rendered":"<p>Blockchain in Healthcare Strategy Consulting The healthcare industry is undergoing a digital revolution, and blockchain technology is at the forefront of this transformation. Blockchain in healthcare strategy consulting is helping healthcare organizations improve data security, patient privacy, interoperability, and operational efficiency. At SIS International Research, we provide strategic insights into how healthcare providers, pharmaceutical companies, &#8230; <a title=\"Blockchain em consultoria de estrat\u00e9gia de sa\u00fade\" class=\"read-more\" href=\"https:\/\/www.sisinternational.com\/pt\/solucoes\/consultoria-sis-blockchain\/blockchain-em-consultoria-de-estrategia-de-saude\/\" aria-label=\"Leia mais sobre Blockchain em Consultoria de Estrat\u00e9gia de Sa\u00fade\">Leia mais<\/a><\/p>","protected":false},"author":1,"featured_media":62434,"parent":32590,"menu_order":1,"comment_status":"closed","ping_status":"closed","template":"","meta":{"footnotes":""},"class_list":["post-40636","page","type-page","status-publish","has-post-thumbnail"],"_links":{"self":[{"href":"https:\/\/www.sisinternational.com\/pt\/wp-json\/wp\/v2\/pages\/40636","targetHints":{"allow":["GET"]}}],"collection":[{"href":"https:\/\/www.sisinternational.com\/pt\/wp-json\/wp\/v2\/pages"}],"about":[{"href":"https:\/\/www.sisinternational.com\/pt\/wp-json\/wp\/v2\/types\/page"}],"author":[{"embeddable":true,"href":"https:\/\/www.sisinternational.com\/pt\/wp-json\/wp\/v2\/users\/1"}],"replies":[{"embeddable":true,"href":"https:\/\/www.sisinternational.com\/pt\/wp-json\/wp\/v2\/comments?post=40636"}],"version-history":[{"count":7,"href":"https:\/\/www.sisinternational.com\/pt\/wp-json\/wp\/v2\/pages\/40636\/revisions"}],"predecessor-version":[{"id":81670,"href":"https:\/\/www.sisinternational.com\/pt\/wp-json\/wp\/v2\/pages\/40636\/revisions\/81670"}],"up":[{"embeddable":true,"href":"https:\/\/www.sisinternational.com\/pt\/wp-json\/wp\/v2\/pages\/32590"}],"wp:featuredmedia":[{"embeddable":true,"href":"https:\/\/www.sisinternational.com\/pt\/wp-json\/wp\/v2\/media\/62434"}],"wp:attachment":[{"href":"https:\/\/www.sisinternational.com\/pt\/wp-json\/wp\/v2\/media?parent=40636"}],"curies":[{"name":"wp","href":"https:\/\/api.w.org\/{rel}","templated":true}]}}