{"id":40631,"date":"2022-06-16T16:44:42","date_gmt":"2022-06-16T16:44:42","guid":{"rendered":"https:\/\/www.sisinternational.com\/?page_id=40631"},"modified":"2026-03-12T13:29:38","modified_gmt":"2026-03-12T17:29:38","slug":"pesquisa-de-mercado-de-bebidas-alimentares-blockchain","status":"publish","type":"page","link":"https:\/\/www.sisinternational.com\/pt\/solucoes\/pesquisa-de-mercado-da-industria-de-bebidas-alimenticias\/pesquisa-de-mercado-de-bebidas-alimentares-blockchain\/","title":{"rendered":"Blockchain em pesquisa de mercado de alimentos e bebidas"},"content":{"rendered":"<h1 class=\"gb-headline gb-headline-ca213229 gb-headline-text\">Blockchain em pesquisa de mercado de alimentos e bebidas<\/h1>\n\n\n\n<figure class=\"gb-block-image gb-block-image-3a2759bd\"><img loading=\"lazy\" decoding=\"async\" width=\"1456\" height=\"816\" class=\"gb-image gb-image-3a2759bd\" src=\"https:\/\/www.sisinternational.com\/wp-content\/uploads\/2025\/08\/Alcoholic-beverage-4.jpg\" alt=\"Pesquisa e Estrat\u00e9gia de Mercado Internacional da SIS\" title=\"Alcoholic beverage (4)\" srcset=\"https:\/\/www.sisinternational.com\/wp-content\/uploads\/2025\/08\/Alcoholic-beverage-4.jpg 1456w, https:\/\/www.sisinternational.com\/wp-content\/uploads\/2025\/08\/Alcoholic-beverage-4-300x168.jpg 300w, https:\/\/www.sisinternational.com\/wp-content\/uploads\/2025\/08\/Alcoholic-beverage-4-1024x574.jpg 1024w, https:\/\/www.sisinternational.com\/wp-content\/uploads\/2025\/08\/Alcoholic-beverage-4-768x430.jpg 768w, https:\/\/www.sisinternational.com\/wp-content\/uploads\/2025\/08\/Alcoholic-beverage-4-18x10.jpg 18w\" sizes=\"auto, (max-width: 1456px) 100vw, 1456px\"><\/figure>\n\n\n\n<p><\/p>\n\n\n\n<hr class=\"wp-block-separator has-alpha-channel-opacity is-style-dots\"\/>\n\n\n\n<blockquote class=\"wp-block-quote is-layout-flow wp-block-quote-is-layout-flow\">\n<p>Blockchain technology addresses these concerns by <strong>creating a secure, tamper-proof ledger<\/strong> that ensures <strong>authenticity, quality control, and accurate data tracking.<\/strong><\/p>\n<\/blockquote>\n\n\n\n<p>Blockchain in food and beverage market research delivers unparalleled transparency, authenticity verification, and real-time insights into consumer preferences. At SIS International Research, we explore how blockchain is enhancing food safety, supply chain tracking, and data-driven decision-making in the food and beverage sector.<\/p>\n\n\n\n<h2 class=\"wp-block-heading\">A comunidade de usu\u00e1rios Blockchain j\u00e1 percorreu um longo caminho.<\/h2>\n\n\n\n<p>Deixou de se concentrar apenas na criptografia. As pessoas agora t\u00eam uma compreens\u00e3o mais ampla dos v\u00e1rios m\u00e9todos de aproveitamento da tecnologia blockchain. Ele passou a ser usado diariamente nas ind\u00fastrias aliment\u00edcias. O Blockchain torna poss\u00edvel ter um livro-raz\u00e3o compartilhado de transa\u00e7\u00f5es. Este livro-raz\u00e3o se espalha por v\u00e1rias redes descentralizadas.<\/p>\n\n\n\n<p>Na ind\u00fastria de alimentos e bebidas, esse livro raz\u00e3o \u00e9 muito importante. Torna poss\u00edvel rastrear a origem de diferentes itens alimentares. Os investigadores podem come\u00e7ar do ponto de produ\u00e7\u00e3o. Eles podem ver todo o percurso que a comida faz, terminando nas g\u00f4ndolas do supermercado. Caso aconte\u00e7a alguma contamina\u00e7\u00e3o ou doen\u00e7a alimentar; ser\u00e1 mais simples e r\u00e1pido encontrar a fonte.<\/p>\n\n\n\n<p>\u00c0 medida que as massas continuam a usar o Blockchain, ele moldou a ind\u00fastria de alimentos e bebidas. Essa ind\u00fastria se tornou um destino significativo para a tecnologia Blockchain.<\/p>\n\n\n\n<h2 class=\"wp-block-heading\"><strong>Why Blockchain Matters in Food and Beverage Market Research<\/strong><\/h2>\n\n\n\n<figure class=\"gb-block-image gb-block-image-8affd00d\"><img loading=\"lazy\" decoding=\"async\" width=\"1456\" height=\"816\" class=\"gb-image gb-image-8affd00d\" src=\"https:\/\/www.sisinternational.com\/wp-content\/uploads\/2025\/08\/Alcoholic-beverage-3.jpg\" alt=\"Pesquisa e Estrat\u00e9gia de Mercado Internacional da SIS\" title=\"Alcoholic beverage (3)\" srcset=\"https:\/\/www.sisinternational.com\/wp-content\/uploads\/2025\/08\/Alcoholic-beverage-3.jpg 1456w, https:\/\/www.sisinternational.com\/wp-content\/uploads\/2025\/08\/Alcoholic-beverage-3-300x168.jpg 300w, https:\/\/www.sisinternational.com\/wp-content\/uploads\/2025\/08\/Alcoholic-beverage-3-1024x574.jpg 1024w, https:\/\/www.sisinternational.com\/wp-content\/uploads\/2025\/08\/Alcoholic-beverage-3-768x430.jpg 768w, https:\/\/www.sisinternational.com\/wp-content\/uploads\/2025\/08\/Alcoholic-beverage-3-18x10.jpg 18w\" sizes=\"auto, (max-width: 1456px) 100vw, 1456px\"><\/figure>\n\n\n\n<p><\/p>\n\n\n\n<p>Traditional food and beverage supply chains face significant challenges, including:<\/p>\n\n\n\n<p>\u2705 <strong>Lack of transparency<\/strong> in ingredient sourcing&nbsp;<br>\u2705 <strong>Food safety concerns<\/strong> due to contamination risks&nbsp;<br>\u2705 <strong>Counterfeit products &amp; mislabeling<\/strong> causing consumer distrust&nbsp;<br>\u2705 <strong>Slow and inefficient recall processes<\/strong>&nbsp;<\/p>\n\n\n\n<h2 class=\"wp-block-heading\">Blockchain in Food and Beverage Market Research Uses in the food supply industry<\/h2>\n\n\n\n<p>Ent\u00e3o, o que torna a tecnologia Blockchain t\u00e3o atraente para a ind\u00fastria de alimentos e bebidas?<\/p>\n\n\n\n<ul class=\"wp-block-list\">\n<li><strong>Rastreamento de doen\u00e7as transmitidas por alimentos:<\/strong> As doen\u00e7as contra\u00eddas como resultado de alimentos contaminados continuam a ser uma preocupa\u00e7\u00e3o significativa. A situa\u00e7\u00e3o \u00e9 preocupante n\u00e3o s\u00f3 para os governos, mas tamb\u00e9m para cada um de n\u00f3s. Centenas de milh\u00f5es de pessoas s\u00e3o infectadas por alimentos contaminados todos os anos. Este problema tem chamado a aten\u00e7\u00e3o dos governos. Afeta empresas de alimentos e consumidores em todo o mundo. O potencial de contamina\u00e7\u00e3o na cadeia de abastecimento \u00e9 elevado. Por que? Por causa do aumento da globaliza\u00e7\u00e3o do com\u00e9rcio e distribui\u00e7\u00e3o de alimentos. O Blockchain permite rastrear a origem de qualquer contamina\u00e7\u00e3o. As partes interessadas podem lidar com a situa\u00e7\u00e3o antes que ela saia do controle.<\/li>\n\n\n\n<li><strong>Cadeia de mantimentos:<\/strong> Blockchain \u00e9 vital para qualquer cadeia de suprimentos digitalizada. Ele possibilita que empresas iniciantes e clientes rastreiem qualquer produto. As partes interessadas podem acompanhar os produtos desde o momento da coleta at\u00e9 o momento em que os produtos chegam ao consumidor final. Fazer uso do Blockchain salvou livros digitais. Agora \u00e9 seguro compartilhar informa\u00e7\u00f5es com as partes e realizar transa\u00e7\u00f5es. Blockchain na cadeia de suprimentos reduz erros, fraudes e taxas de rastreamento.<\/li>\n\n\n\n<li><strong>Fontes de crescimento:<\/strong> Os benef\u00edcios do Blockchain podem economizar tempo, dinheiro e esfor\u00e7os das empresas. Os cibercriminosos n\u00e3o podem penetrar em empresas que usam a tecnologia blockchain. Para propriet\u00e1rios de empresas, \u00e9 essencial obter feedback de seus clientes. Utilizam este feedback para melhorar os seus bens e servi\u00e7os, aumentando assim o crescimento. Blockchain ajuda organiza\u00e7\u00f5es de m\u00e9dio a grande porte a evitar falhas de comunica\u00e7\u00e3o. Juntamente com a consultoria estrat\u00e9gica, reduz a fraude. Todo o sistema de abastecimento progride. As partes interessadas tamb\u00e9m notar\u00e3o uma maior transpar\u00eancia entre empresas e consumidores.<\/li>\n<\/ul>\n\n\n\n<h2 class=\"wp-block-heading\"><strong>Key Applications of Blockchain in Food and Beverage Market Research<\/strong><\/h2>\n\n\n\n<p><\/p>\n\n\n\n<h3 class=\"wp-block-heading\"><strong>1. Supply Chain Transparency &amp; Traceability<\/strong><\/h3>\n\n\n\n<p>Blockchain enhances food traceability by recording every supply chain step\u2014from farm to fork.<\/p>\n\n\n\n<p>\ud83d\udd39 <strong>Benef\u00edcios:<\/strong><\/p>\n\n\n\n<ul class=\"wp-block-list\">\n<li><p>Real-time tracking of ingredients and product origins&nbsp;<\/p><\/li>\n\n\n\n<li><p>Verification of organic and ethically sourced products&nbsp;<\/p><\/li>\n\n\n\n<li><p>Instant recall capability in case of contamination&nbsp;<\/p><\/li>\n<\/ul>\n\n\n\n<h3 class=\"wp-block-heading\"><strong>2. Consumer Behavior and Product Authenticity<\/strong><\/h3>\n\n\n\n<p>Blockchain-backed food and <a class=\"wpil_keyword_link\" href=\"https:\/\/www.sisinternational.com\/pt\/pericia\/industrias\/pesquisa-de-mercado-de-bebidas\/\"   title=\"Pesquisa de mercado de bebidas\" data-wpil-keyword-link=\"linked\"  data-wpil-monitor-id=\"731\">pesquisa de mercado de bebidas<\/a> provides real-time insights into consumer buying behaviors and preferences.<\/p>\n\n\n\n<p>\ud83d\udd39 <strong>How it works:<\/strong><\/p>\n\n\n\n<ul class=\"wp-block-list\">\n<li><p>Smart labels and QR codes allow consumers to access verified product data&nbsp;<\/p><\/li>\n\n\n\n<li><p>Companies can track purchasing patterns for data-driven decision-making&nbsp;<\/p><\/li>\n\n\n\n<li><p>Authenticity verification prevents food fraud and counterfeit goods&nbsp;<\/p><\/li>\n<\/ul>\n\n\n\n<h3 class=\"wp-block-heading\"><strong>3. Sustainable and Ethical Sourcing<\/strong><\/h3>\n\n\n\n<p>Blockchain ensures ethical sourcing by verifying labor practices, carbon footprint tracking, and fair trade certification.<\/p>\n\n\n\n<p>\ud83d\udd39 <strong>Blockchain\u2019s role in sustainability:<\/strong><\/p>\n\n\n\n<ul class=\"wp-block-list\">\n<li><p>Transparent tracking of sustainability efforts&nbsp;<\/p><\/li>\n\n\n\n<li><p>Certification of ethically sourced ingredients&nbsp;<\/p><\/li>\n\n\n\n<li><p>Verification of carbon-neutral supply chain initiatives&nbsp;<\/p><\/li>\n<\/ul>\n\n\n\n<h3 class=\"wp-block-heading\"><strong>4. Food Safety and Quality Assurance<\/strong><\/h3>\n\n\n\n<p>Blockchain prevents contamination, reduces foodborne illness risks, and ensures compliance with global food safety standards.<\/p>\n\n\n\n<p>\ud83d\udd39 <strong>Key advantages:<\/strong><\/p>\n\n\n\n<ul class=\"wp-block-list\">\n<li><p>Immediate identification of contamination sources&nbsp;<\/p><\/li>\n\n\n\n<li><p>AI-enhanced blockchain solutions predict food safety risks&nbsp;<\/p><\/li>\n\n\n\n<li><p>Smart contracts automate compliance and certification processes&nbsp;<\/p><\/li>\n<\/ul>\n\n\n\n<h2 class=\"wp-block-heading\"><strong>The Future of Blockchain in Food and Beverage Market Research<\/strong><\/h2>\n\n\n\n<figure class=\"gb-block-image gb-block-image-0e23a2be\"><img loading=\"lazy\" decoding=\"async\" width=\"1456\" height=\"816\" class=\"gb-image gb-image-0e23a2be\" src=\"https:\/\/www.sisinternational.com\/wp-content\/uploads\/2025\/08\/Food-taste-testing-17.jpg\" alt=\"Pesquisa e Estrat\u00e9gia de Mercado Internacional da SIS\" title=\"Food taste testing (17)\" srcset=\"https:\/\/www.sisinternational.com\/wp-content\/uploads\/2025\/08\/Food-taste-testing-17.jpg 1456w, https:\/\/www.sisinternational.com\/wp-content\/uploads\/2025\/08\/Food-taste-testing-17-300x168.jpg 300w, https:\/\/www.sisinternational.com\/wp-content\/uploads\/2025\/08\/Food-taste-testing-17-1024x574.jpg 1024w, https:\/\/www.sisinternational.com\/wp-content\/uploads\/2025\/08\/Food-taste-testing-17-768x430.jpg 768w, https:\/\/www.sisinternational.com\/wp-content\/uploads\/2025\/08\/Food-taste-testing-17-18x10.jpg 18w\" sizes=\"auto, (max-width: 1456px) 100vw, 1456px\"><\/figure>\n\n\n\n<p><\/p>\n\n\n\n<p>The next wave of blockchain-powered food and beverage research will include:<\/p>\n\n\n\n<p>\u2705 <strong>AI-driven blockchain insights<\/strong> for consumer trends and market analysis&nbsp;<br>\u2705 <strong>IoT and smart sensors<\/strong> enhancing real-time food safety tracking&nbsp;<br>\u2705 <strong>Tokenized reward programs<\/strong> incentivizing consumers for ethical purchases&nbsp;<br>\u2705 <strong>Cross-border supply chain interoperability<\/strong> for international food trade&nbsp;<\/p>\n\n\n\n<h2 class=\"wp-block-heading\"><strong>Final Thoughts from Ruth Stanat, CEO of SIS International Research<\/strong><\/h2>\n\n\n\n<p>Blockchain is revolutionizing <a href=\"https:\/\/www.sisinternational.com\/pt\/pericia\/industrias\/pesquisa-de-mercado-de-alimentos-e-bebidas-para-jantar\/\" title=\"Pesquisa de mercado de alimentos e bebidas para jantares\"  data-wpil-monitor-id=\"7177\">food and beverage market research<\/a>, offering an unprecedented level of transparency, security, and trust. Companies that invest in blockchain-powered insights and real-time data tracking will dominate the future of the food industry.<\/p>\n\n\n\n<p>No <a href=\"https:\/\/www.linkedin.com\/company\/sisinternationalresearch\/posts\/?feedView=all\" target=\"_blank\" rel=\"noopener\"><strong>A SIS International Research<\/strong><\/a>, we provide in-depth market intelligence, blockchain adoption strategies, and industry insights to help food and beverage companies stay ahead of trends and disruptions.<\/p>\n\n\n\n<h2 class=\"wp-block-heading\">Localiza\u00e7\u00e3o de nossas instala\u00e7\u00f5es em Nova York<\/h2>\n\n\n\n<p>\n\n\n\n<iframe loading=\"lazy\" src=\"https:\/\/www.google.com\/maps\/embed?pb=!1m18!1m12!1m3!1d3022.976188376966!2d-73.99130312499956!3d40.740549471389315!2m3!1f0!2f0!3f0!3m2!1i1024!2i768!4f13.1!3m3!1m2!1s0x89c259a15798c731%3A0xd695d09bdd495f25!2s11%20E%2022nd%20St%20FL%202%2C%20New%20York%2C%20NY%2010010%2C%20USA!5e0!3m2!1sen!2spe!4v1726171763526!5m2!1sen!2spe\" width=\"600\" height=\"450\" allowfullscreen=\"allowfullscreen\" data-mce-fragment=\"1\"><\/iframe>\n\n\n\n<\/p>\n\n\n\n<h3 class=\"wp-block-heading\">11 E 22nd Street, 2\u00ba andar, Nova York, NY 10010 T: +1(212) 505-6805<\/h3>\n\n\n\n<hr class=\"wp-block-separator has-alpha-channel-opacity\"\/>\n\n\n\n<h2 class=\"wp-block-heading\"><span style=\"font-weight: 400;\">Sobre SIS Internacional<\/span><\/h2>\n\n\n\n<p><a href=\"https:\/\/www.sisinternational.com\/pt\/\"><span style=\"font-weight: 400;\">SIS Internacional<\/span><\/a><span style=\"font-weight: 400;\"> oferece pesquisa quantitativa, qualitativa e estrat\u00e9gica. Fornecemos dados, ferramentas, estrat\u00e9gias, relat\u00f3rios e insights para a tomada de decis\u00f5es. Tamb\u00e9m realizamos entrevistas, pesquisas, grupos focais e outros m\u00e9todos e abordagens de Pesquisa de Mercado.<\/span><a href=\"https:\/\/www.sisinternational.com\/pt\/sobre-a-sis-international-research\/contact-sis-international-market-research\/\"><span style=\"font-weight: 400;\"> Entre em contato conosco<\/span><\/a><span style=\"font-weight: 400;\"> para o seu pr\u00f3ximo projeto de pesquisa de mercado.<\/span><\/p>\n\n\n\n<p><\/p>\n\n\n\n<h2 class=\"wp-block-heading\">&nbsp;<\/h2>","protected":false},"excerpt":{"rendered":"<p>Blockchain em pesquisas de mercado de alimentos e bebidas pode ajudar a desbloquear oportunidades de mercado novas e transformadoras.<\/p>","protected":false},"author":1,"featured_media":63158,"parent":22018,"menu_order":128,"comment_status":"closed","ping_status":"closed","template":"","meta":{"footnotes":""},"class_list":["post-40631","page","type-page","status-publish","has-post-thumbnail"],"_links":{"self":[{"href":"https:\/\/www.sisinternational.com\/pt\/wp-json\/wp\/v2\/pages\/40631","targetHints":{"allow":["GET"]}}],"collection":[{"href":"https:\/\/www.sisinternational.com\/pt\/wp-json\/wp\/v2\/pages"}],"about":[{"href":"https:\/\/www.sisinternational.com\/pt\/wp-json\/wp\/v2\/types\/page"}],"author":[{"embeddable":true,"href":"https:\/\/www.sisinternational.com\/pt\/wp-json\/wp\/v2\/users\/1"}],"replies":[{"embeddable":true,"href":"https:\/\/www.sisinternational.com\/pt\/wp-json\/wp\/v2\/comments?post=40631"}],"version-history":[{"count":11,"href":"https:\/\/www.sisinternational.com\/pt\/wp-json\/wp\/v2\/pages\/40631\/revisions"}],"predecessor-version":[{"id":80742,"href":"https:\/\/www.sisinternational.com\/pt\/wp-json\/wp\/v2\/pages\/40631\/revisions\/80742"}],"up":[{"embeddable":true,"href":"https:\/\/www.sisinternational.com\/pt\/wp-json\/wp\/v2\/pages\/22018"}],"wp:featuredmedia":[{"embeddable":true,"href":"https:\/\/www.sisinternational.com\/pt\/wp-json\/wp\/v2\/media\/63158"}],"wp:attachment":[{"href":"https:\/\/www.sisinternational.com\/pt\/wp-json\/wp\/v2\/media?parent=40631"}],"curies":[{"name":"wp","href":"https:\/\/api.w.org\/{rel}","templated":true}]}}