{"id":40613,"date":"2022-06-08T13:17:11","date_gmt":"2022-06-08T13:17:11","guid":{"rendered":"https:\/\/www.sisinternational.com\/?page_id=40613"},"modified":"2026-03-12T12:30:03","modified_gmt":"2026-03-12T16:30:03","slug":"redacao-de-white-paper-de-conteudo-estrategico-b2b","status":"publish","type":"page","link":"https:\/\/www.sisinternational.com\/pt\/solucoes\/pesquisa-de-mercado-b2b\/redacao-de-white-paper-de-conteudo-estrategico-b2b\/","title":{"rendered":"Empresa de reda\u00e7\u00e3o de white paper e conte\u00fado estrat\u00e9gico B2B"},"content":{"rendered":"<h1 class=\"gb-headline gb-headline-548648d5 gb-headline-text\">Empresa de reda\u00e7\u00e3o de white paper e conte\u00fado estrat\u00e9gico B2B<\/h1>\n\n\n\n<figure class=\"gb-block-image gb-block-image-53a09823\"><img loading=\"lazy\" decoding=\"async\" width=\"1456\" height=\"816\" class=\"gb-image gb-image-53a09823\" src=\"https:\/\/www.sisinternational.com\/wp-content\/uploads\/2025\/08\/B2B-2-4.jpg\" alt=\"Pesquisa e Estrat\u00e9gia de Mercado Internacional da SIS\" title=\"B2B 2 (4)\" srcset=\"https:\/\/www.sisinternational.com\/wp-content\/uploads\/2025\/08\/B2B-2-4.jpg 1456w, https:\/\/www.sisinternational.com\/wp-content\/uploads\/2025\/08\/B2B-2-4-300x168.jpg 300w, https:\/\/www.sisinternational.com\/wp-content\/uploads\/2025\/08\/B2B-2-4-1024x574.jpg 1024w, https:\/\/www.sisinternational.com\/wp-content\/uploads\/2025\/08\/B2B-2-4-768x430.jpg 768w, https:\/\/www.sisinternational.com\/wp-content\/uploads\/2025\/08\/B2B-2-4-18x10.jpg 18w\" sizes=\"auto, (max-width: 1456px) 100vw, 1456px\"><\/figure>\n\n\n\n<p><\/p>\n\n\n\n<hr class=\"wp-block-separator has-alpha-channel-opacity is-style-dots\"\/>\n\n\n\n<p><\/p>\n\n\n\n<div class=\"wp-block-columns has-global-color-9-color has-text-color has-background has-link-color wp-elements-7a44ec9f6884a2b56cc26e6a3a76748f is-layout-flex wp-container-core-columns-is-layout-9d6595d7 wp-block-columns-is-layout-flex\" style=\"background-color:#f7f9fa6e\">\n<div class=\"wp-block-column is-layout-flow wp-block-column-is-layout-flow\" style=\"flex-basis:18%\"><\/div>\n\n\n\n<div class=\"wp-block-column is-vertically-aligned-center is-layout-flow wp-block-column-is-layout-flow\" style=\"flex-basis:71.28%\">\n<div class=\"wp-block-rank-math-toc-block aligncenter has-global-color-9-color has-text-color has-link-color wp-elements-5d0a26885a93fad471d7afbf8b310d97\" style=\"font-size:16px\" id=\"rank-math-toc\"><h2><br><strong>T<\/strong>able of Contents<\/h2><nav><ul><li class=\"\"><a href=\"#importance-of-b-2-b-content-writing\">Import\u00e2ncia da reda\u00e7\u00e3o de conte\u00fado B2B<\/a><\/li><li class=\"\"><a href=\"#importance-of-b-2-b-white-papers\">Import\u00e2ncia dos white papers B2B<\/a><\/li><li class=\"\"><a href=\"#opportunities-trends-and-new-technologies\">Oportunidades, tend\u00eancias e novas tecnologias<\/a><\/li><li class=\"\"><a href=\"#how-market-research-helps\">Como a pesquisa de mercado ajuda<\/a><\/li><li class=\"\"><a href=\"#how-to-do-strategy-research-in-competitive-markets\">Como fazer pesquisas estrat\u00e9gicas em mercados competitivos<\/a><\/li><li class=\"\"><a href=\"#benefits-of-content-writing\">Benef\u00edcios da escrita de conte\u00fado<\/a><\/li><\/ul><\/nav><\/div>\n<\/div>\n<\/div>\n\n\n\n<p><\/p>\n\n\n\n<h2 class=\"wp-block-heading\" id=\"importance-of-b-2-b-content-writing\">Import\u00e2ncia da reda\u00e7\u00e3o de conte\u00fado B2B<\/h2>\n\n\n\n<p>Savvy B2B marketers know that content writing is critical. It helps businesses to connect with modern customers. B2B buyers expect content marketing, and the B2B space is embracing it. Also, helpful content that shows your company\u2019s expertise can help to entice B2B buyers. Content marketing has proven to be cheaper. It is even more effective than other programs. And it&#8217;s more efficient!<\/p>\n\n\n\n<h2 class=\"wp-block-heading\" id=\"importance-of-b-2-b-white-papers\">Import\u00e2ncia dos white papers B2B<\/h2>\n\n\n\n<p>White papers have proved to be a flexible means of marketing the services of a business. These papers define an actual problem that customers are having and offer a verified solution to it. They cite facts and figures, showcase the company\u2019s expertise, and are reliable go-to pieces for customers who want answers. Many companies depend on white papers.&nbsp;<\/p>\n\n\n\n<h2 class=\"wp-block-heading\" id=\"opportunities-trends-and-new-technologies\">Oportunidades, tend\u00eancias e novas tecnologias<\/h2>\n\n\n\n<figure class=\"gb-block-image gb-block-image-38f4a3ae\"><img loading=\"lazy\" decoding=\"async\" width=\"1456\" height=\"816\" class=\"gb-image gb-image-38f4a3ae\" src=\"https:\/\/www.sisinternational.com\/wp-content\/uploads\/2025\/08\/B2Bjpg-3.jpg\" alt=\"Pesquisa e Estrat\u00e9gia de Mercado Internacional da SIS\" title=\"B2Bjpg (3)\" srcset=\"https:\/\/www.sisinternational.com\/wp-content\/uploads\/2025\/08\/B2Bjpg-3.jpg 1456w, https:\/\/www.sisinternational.com\/wp-content\/uploads\/2025\/08\/B2Bjpg-3-300x168.jpg 300w, https:\/\/www.sisinternational.com\/wp-content\/uploads\/2025\/08\/B2Bjpg-3-1024x574.jpg 1024w, https:\/\/www.sisinternational.com\/wp-content\/uploads\/2025\/08\/B2Bjpg-3-768x430.jpg 768w, https:\/\/www.sisinternational.com\/wp-content\/uploads\/2025\/08\/B2Bjpg-3-18x10.jpg 18w\" sizes=\"auto, (max-width: 1456px) 100vw, 1456px\"><\/figure>\n\n\n\n<p><\/p>\n\n\n\n<p>A constru\u00e7\u00e3o de comunidade \u00e9 uma das oportunidades que o marketing de conte\u00fado apresenta. Voc\u00ea pode usar essa estrat\u00e9gia como uma ferramenta para nutrir o p\u00fablico. \u00c9 \u00f3bvio se voc\u00ea est\u00e1 sempre buscando a participa\u00e7\u00e3o do p\u00fablico.<\/p>\n\n\n\n<p>O pr\u00f3prio conte\u00fado apresenta outra oportunidade. \u00c9 essencial criar conte\u00fado com base nas fases espec\u00edficas da jornada do seu cliente.<\/p>\n\n\n\n<p>O marketing de influ\u00eancia \u00e9 mais uma oportunidade. \u00c9 uma boa pr\u00e1tica desenvolver relacionamentos com influenciadores que possam ajudar a promover o seu conte\u00fado.<\/p>\n\n\n\n<p>As empresas precisam prestar aten\u00e7\u00e3o \u00e0s novas tecnologias de marketing de conte\u00fado \u00e0 medida que evoluem. Por exemplo, voc\u00ea pode usar ferramentas online como SocialMention.com. Este servi\u00e7o informa o que os clientes est\u00e3o dizendo sobre seus produtos e marca. Tamb\u00e9m d\u00e1 uma ideia de como eles veem seu setor.<\/p>\n\n\n\n<p>O v\u00eddeo ao vivo \u00e9 outra nova tecnologia que as empresas podem usar. Voc\u00ea pode aproveitar essa tecnologia para falar sobre t\u00f3picos do setor. Voc\u00ea tamb\u00e9m pode us\u00e1-lo para conduzir entrevistas ou anunciar lan\u00e7amentos de novos produtos.<\/p>\n\n\n\n<h2 class=\"wp-block-heading\" id=\"how-market-research-helps\">Como a pesquisa de mercado ajuda<\/h2>\n\n\n\n<h3 class=\"wp-block-heading\">Pesquisa qualitativa<\/h3>\n\n\n\n<p>A pesquisa qualitativa inclui entrevistas com tomadores de decis\u00e3o e especialistas da empresa e com consumidores. Suas bases s\u00e3o atitudes, opini\u00f5es, inten\u00e7\u00f5es e cren\u00e7as. Ele lida com quest\u00f5es como \u201ccomo\u201d e \u201cpor qu\u00ea\u201d. Este tipo de pesquisa visa compreender por que os consumidores agem de determinada forma ou como podem reagir a um novo produto. Entrevistas e grupos focais s\u00e3o t\u00e9cnicas padr\u00e3o usadas para coletar dados qualitativos.<\/p>\n\n\n\n<h3 class=\"wp-block-heading\">Pesquisa quantitativa<\/h3>\n\n\n\n<p><a class=\"wpil_keyword_link\" href=\"https:\/\/www.sisinternational.com\/pt\/solucoes\/solucoes-de-pesquisa-quantitativa-qualitativa\/pesquisa-quantitativa-de-mercado-2\/\"   title=\"Pesquisa quantitativa de mercado\" data-wpil-keyword-link=\"linked\"  data-wpil-monitor-id=\"732\">Pesquisa quantitativa de mercado<\/a> tends to be more structured than the qualitative approach. This difference is due to the statistical nature of quantitative analysis. Companies can use it to get a precise picture of their target market. They can choose a large section of respondents and provide them with a list of closed questions. The postal questionnaire is a conventional technique used to gather quantitative data. Other methods include online telephone calls and surveys.<\/p>\n\n\n\n<h2 class=\"wp-block-heading\" id=\"how-to-do-strategy-research-in-competitive-markets\">Como fazer pesquisas estrat\u00e9gicas em mercados competitivos<\/h2>\n\n\n\n<h3 class=\"wp-block-heading\">Analise competitiva<\/h3>\n\n\n\n<p>Uma an\u00e1lise competitiva \u00e9 uma parte vital da fase de pesquisa e planejamento das empresas. \u00c9 \u00fatil para empresas que desejam desenvolver seus neg\u00f3cios. Uma an\u00e1lise competitiva aprofundada o ajudar\u00e1 a alcan\u00e7ar tr\u00eas coisas:<\/p>\n\n\n\n<ol class=\"wp-block-list\">\n<li>Identifique os pontos fortes e fracos dos seus concorrentes<\/li>\n\n\n\n<li>Reconhecer como os consumidores e potenciais clientes utilizam e avaliam a concorr\u00eancia<\/li>\n\n\n\n<li>Fornece um ponto de partida para o desenvolvimento de t\u00e1ticas de marketing competitivas de sucesso<\/li>\n<\/ol>\n\n\n\n<h3 class=\"wp-block-heading\">Pesquisa de oportunidades de mercado<\/h3>\n\n\n\n<figure class=\"gb-block-image gb-block-image-87590e72\"><img loading=\"lazy\" decoding=\"async\" width=\"1456\" height=\"816\" class=\"gb-image gb-image-87590e72\" src=\"https:\/\/www.sisinternational.com\/wp-content\/uploads\/2025\/08\/B2Bjpg-1.jpg\" alt=\"Pesquisa e Estrat\u00e9gia de Mercado Internacional da SIS\" title=\"B2Bjpg (1)\" srcset=\"https:\/\/www.sisinternational.com\/wp-content\/uploads\/2025\/08\/B2Bjpg-1.jpg 1456w, https:\/\/www.sisinternational.com\/wp-content\/uploads\/2025\/08\/B2Bjpg-1-300x168.jpg 300w, https:\/\/www.sisinternational.com\/wp-content\/uploads\/2025\/08\/B2Bjpg-1-1024x574.jpg 1024w, https:\/\/www.sisinternational.com\/wp-content\/uploads\/2025\/08\/B2Bjpg-1-768x430.jpg 768w, https:\/\/www.sisinternational.com\/wp-content\/uploads\/2025\/08\/B2Bjpg-1-18x10.jpg 18w\" sizes=\"auto, (max-width: 1456px) 100vw, 1456px\"><\/figure>\n\n\n\n<p><\/p>\n\n\n\n<p>Each successful product or service that we use today began with wide-ranging research. This research produces data about competitors and customers. Companies and brands need to know a great deal about their market. They also need to know about possible clients and their chief competitors. If you\u2019re looking to be a step ahead of your rivals, <a href=\"https:\/\/www.sisinternational.com\/pt\/pericia\/industrias\/pesquisa-de-mercado-na-broadway\/\" title=\"Pesquisa de mercado da Broadway\"  data-wpil-monitor-id=\"6112\">pesquisa de oportunidade de mercado<\/a> is the critical element. It will deliver all the data you need to make a better business decision. That goes for whether you\u2019re trying to expand your current service or you\u2019re launching a product.<\/p>\n\n\n\n<h2 class=\"wp-block-heading\" id=\"benefits-of-content-writing\">Benef\u00edcios da escrita de conte\u00fado<\/h2>\n\n\n\n<p>Strong website content increases search engine rankings and boosts conversions. It also creates a voice for your company. All your other marketing plans will fall short without high-quality content.<a href=\"https:\/\/www.linkedin.com\/newsletters\/sis-international-research-7273479089292795905\/\" target=\"_blank\" rel=\"noopener\"> A SIS International Research<\/a> can help you improve your analytics and your digital content. Contact us now for a consultation on how we can help you to move your business forward.<\/p>\n\n\n\n<p><\/p>\n\n\n\n<!DOCTYPE html>\n<html lang=\"en\">\n<head>\n    <meta charset=\"UTF-8\">\n    <meta name=\"viewport\" content=\"width=device-width, initial-scale=1.0\">\n    <title>AI Blog Banner<\/title>\n    <style>\n        * {\n            margin: 0;\n            padding: 0;\n            box-sizing: border-box;\n        }\n\n        .banner {\n            position: relative;\n            width: 100%;\n            height: 350px;\n            overflow: hidden;\n            display: flex;\n            align-items: center;\n            justify-content: center;\n            font-family: 'Arial', sans-serif;\n            border-radius: 25px;\n        }\n\n        .animated-background {\n            position: absolute;\n            top: 0;\n            left: 0;\n            width: 100%;\n            height: 100%;\n            background: linear-gradient(45deg, #003f6b, #2d5a7b, #003f6b, #2d5a7b);\n            background-size: 400% 400%;\n            animation: gradientMove 8s ease-in-out infinite;\n        }\n\n        .ai-pattern {\n            position: absolute;\n            top: 0;\n            left: 0;\n            width: 100%;\n            height: 100%;\n            opacity: 0.1;\n            background-image: \n                radial-gradient(circle at 20% 20%, rgba(255,255,255,0.3) 2px, transparent 2px),\n                radial-gradient(circle at 80% 80%, rgba(255,255,255,0.2) 1px, transparent 1px),\n                radial-gradient(circle at 40% 60%, rgba(255,255,255,0.15) 1.5px, transparent 1.5px),\n                radial-gradient(circle at 60% 20%, rgba(255,255,255,0.25) 1px, transparent 1px),\n                radial-gradient(circle at 80% 40%, rgba(255,255,255,0.2) 2px, transparent 2px);\n            background-size: 100px 100px, 150px 150px, 80px 80px, 120px 120px, 90px 90px;\n            animation: patternFloat 12s linear infinite;\n        }\n\n        .neural-network {\n            position: absolute;\n            top: 0;\n            left: 0;\n            width: 100%;\n            height: 100%;\n            opacity: 0.08;\n        }\n\n        .neural-line {\n            position: absolute;\n            height: 1px;\n            background: linear-gradient(90deg, transparent, rgba(255,255,255,0.5), transparent);\n            animation: neuralPulse 6s ease-in-out infinite;\n        }\n\n        .neural-line:nth-child(1) {\n            top: 30%;\n            left: 0;\n            width: 60%;\n            animation-delay: 0s;\n        }\n\n        .neural-line:nth-child(2) {\n            top: 50%;\n            right: 0;\n            width: 70%;\n            animation-delay: 2s;\n        }\n\n        .neural-line:nth-child(3) {\n            top: 70%;\n            left: 20%;\n            width: 50%;\n            animation-delay: 4s;\n        }\n\n        .content {\n            position: relative;\n            z-index: 10;\n            text-align: center;\n            color: white !important;\n            max-width: 800px;\n            padding: 30px;\n        }\n\n        .content * {\n            color: white !important;\n        }\n\n        .cta-text {\n            font-size: 1.9rem;\n            font-weight: 700;\n            margin-bottom: 15px;\n            color: white !important;\n            background: linear-gradient(90deg, rgba(255,255,255,0.6), rgba(255,255,255,1), rgba(230,230,230,1), rgba(255,255,255,1), rgba(240,240,240,0.8), rgba(255,255,255,0.6));\n            background-size: 200% 100%;\n            -webkit-background-clip: text;\n            -webkit-text-fill-color: transparent;\n            background-clip: text;\n            animation: shineEffect 10s ease-in-out infinite;\n            line-height: 1.3;\n        }\n\n        .cta-subheading {\n            font-size: 1rem;\n            font-weight: 400;\n            margin-bottom: 25px;\n            color: white !important;\n            line-height: 1.6;\n            opacity: 0.95;\n        }\n\n        .cta-button {\n            background: linear-gradient(135deg, #8a6b0f, #bd9013, #d4a519);\n            border: 2px solid #8a6b0f;\n            color: white !important;\n            padding: 18px 40px;\n            font-size: 1.2rem;\n            font-weight: 600;\n            border-radius: 50px;\n            cursor: pointer;\n            transition: all 0.3s ease;\n            text-decoration: none;\n            display: inline-block;\n            position: relative;\n            overflow: hidden;\n        }\n\n        .cta-button::before {\n            content: '';\n            position: absolute;\n            top: 0;\n            left: -100%;\n            width: 100%;\n            height: 100%;\n            background: linear-gradient(90deg, \n                transparent 0%, \n                rgba(255, 255, 255, 0.3) 25%,\n                rgba(255, 255, 255, 0.6) 50%,\n                rgba(255, 255, 255, 0.3) 75%,\n                transparent 100%);\n            animation: shine 3s ease-in-out infinite;\n        }\n\n        .cta-button:hover {\n            transform: translateY(-3px);\n            box-shadow: 0 10px 25px rgba(0,0,0,0.2);\n            border-color: #bd9013;\n            background: linear-gradient(135deg, #bd9013, #d4a519, #e6b61f);\n        }\n\n        .floating-elements {\n            position: absolute;\n            top: 0;\n            left: 0;\n            width: 100%;\n            height: 100%;\n            pointer-events: none;\n        }\n\n        .floating-circle {\n            position: absolute;\n            border-radius: 50%;\n            background: rgba(255,255,255,0.1);\n            animation: float 8s ease-in-out infinite;\n        }\n\n        .floating-circle:nth-child(1) {\n            width: 80px;\n            height: 80px;\n            top: 20%;\n            left: 10%;\n            animation-delay: 0s;\n        }\n\n        .floating-circle:nth-child(2) {\n            width: 60px;\n            height: 60px;\n            top: 60%;\n            right: 15%;\n            animation-delay: 3s;\n        }\n\n        .floating-circle:nth-child(3) {\n            width: 40px;\n            height: 40px;\n            top: 80%;\n            left: 80%;\n            animation-delay: 6s;\n        }\n\n        .floating-circle:nth-child(4) {\n            width: 70px;\n            height: 70px;\n            top: 10%;\n            right: 20%;\n            animation-delay: 1.5s;\n        }\n\n        .floating-circle:nth-child(5) {\n            width: 50px;\n            height: 50px;\n            top: 75%;\n            left: 30%;\n            animation-delay: 4.5s;\n        }\n\n        @keyframes gradientMove {\n            0% { background-position: 0% 50%; }\n            25% { background-position: 100% 50%; }\n            50% { background-position: 100% 100%; }\n            75% { background-position: 0% 100%; }\n            100% { background-position: 0% 50%; }\n        }\n\n        @keyframes patternFloat {\n            0% { transform: translateX(0) translateY(0); }\n            33% { transform: translateX(30px) translateY(-20px); }\n            66% { transform: translateX(-20px) translateY(10px); }\n            100% { transform: translateX(0) translateY(0); }\n        }\n\n        @keyframes neuralPulse {\n            0%, 100% { opacity: 0.08; }\n            50% { opacity: 0.2; }\n        }\n\n        @keyframes shineEffect {\n            0% { background-position: 200% 0; }\n            100% { background-position: -200% 0; }\n        }\n\n        @keyframes shine {\n            0% {\n                left: -100%;\n            }\n            20%, 100% {\n                left: 100%;\n            }\n        }\n\n        @keyframes float {\n            0%, 100% { transform: translateY(0px) rotate(0deg); }\n            33% { transform: translateY(-30px) rotate(120deg); }\n            66% { transform: translateY(15px) rotate(240deg); }\n        }\n\n        @media (max-width: 768px) {\n            .banner {\n                height: 320px;\n                padding: 30px 0;\n            }\n            \n            .content {\n                padding: 40px 20px;\n            }\n            \n            .cta-text {\n                font-size: 1.3rem;\n                margin-bottom: 12px;\n            }\n            \n            .cta-subheading {\n                font-size: 0.85rem;\n                margin-bottom: 20px;\n            }\n            \n            .cta-button {\n                padding: 14px 28px;\n                font-size: 0.95rem;\n            }\n        }\n    <\/style>\n<\/head>\n<body>\n    <div class=\"banner\">\n        <div class=\"animated-background\"><\/div>\n        \n        <div class=\"ai-pattern\"><\/div>\n        \n        <div class=\"neural-network\">\n            <div class=\"neural-line\"><\/div>\n            <div class=\"neural-line\"><\/div>\n            <div class=\"neural-line\"><\/div>\n        <\/div>\n        \n        <div class=\"floating-elements\">\n            <div class=\"floating-circle\"><\/div>\n            <div class=\"floating-circle\"><\/div>\n            <div class=\"floating-circle\"><\/div>\n            <div class=\"floating-circle\"><\/div>\n            <div class=\"floating-circle\"><\/div>\n        <\/div>\n        \n        <div class=\"content\">\n            <div class=\"cta-text\">Ready to explore the insights that drive smarter decisions?<\/div>\n            <div class=\"cta-subheading\">Contact our Research experts today.<\/div>\n            <a href=\"mailto:Research@sisinternational.com\" class=\"cta-button\">Contact us now!<\/a>\n        <\/div>\n    <\/div>\n<\/body>\n<\/html>\n\n\n\n<p><\/p>\n\n\n<h2>Localiza\u00e7\u00e3o de nossas instala\u00e7\u00f5es em Nova York<\/h2>\n<p><!-- \/wp:post-content --> <!-- wp:html --> <iframe loading=\"lazy\" src=\"https:\/\/www.google.com\/maps\/embed?pb=!1m18!1m12!1m3!1d3022.976188376966!2d-73.99130312499956!3d40.740549471389315!2m3!1f0!2f0!3f0!3m2!1i1024!2i768!4f13.1!3m3!1m2!1s0x89c259a15798c731%3A0xd695d09bdd495f25!2s11%20E%2022nd%20St%20FL%202%2C%20New%20York%2C%20NY%2010010%2C%20USA!5e0!3m2!1sen!2spe!4v1726171763526!5m2!1sen!2spe\" width=\"600\" height=\"450\" allowfullscreen=\"allowfullscreen\" data-mce-fragment=\"1\"><\/iframe> <!-- \/wp:html --> <!-- wp:paragraph --><\/p>\n<h3 class=\"wp-block-heading\">11 E 22nd Street, andar 2, Nova York, NY 10010 T: +1(212) 505-6805<\/h3>\n<hr \/>\n<h2><span style=\"font-weight: 400;\">Sobre SIS Internacional<\/span><\/h2>\n<p><a href=\"https:\/\/www.sisinternational.com\/pt\/\"><span style=\"font-weight: 400;\">SIS Internacional<\/span><\/a><span style=\"font-weight: 400;\"> oferece pesquisa quantitativa, qualitativa e estrat\u00e9gica. Fornecemos dados, ferramentas, estrat\u00e9gias, relat\u00f3rios e insights para a tomada de decis\u00f5es. Tamb\u00e9m realizamos entrevistas, pesquisas, grupos focais e outros m\u00e9todos e abordagens de Pesquisa de Mercado.<\/span><a href=\"https:\/\/www.sisinternational.com\/pt\/sobre-a-sis-international-research\/contact-sis-international-market-research\/\"><span style=\"font-weight: 400;\"> Entre em contato conosco<\/span><\/a><span style=\"font-weight: 400;\"> para o seu pr\u00f3ximo projeto de pesquisa de mercado.<\/span><\/p>\n<p><!-- wp:heading --><\/p><!-- \/wp:heading -->","protected":false},"excerpt":{"rendered":"<p>A B2B Strategic Content &amp; White Paper Writing Company escreve \u201cWhite Papers\u201d baseados em pesquisas e outros conte\u00fados para grandes empresas. <\/p>","protected":false},"author":1,"featured_media":62375,"parent":11292,"menu_order":127,"comment_status":"closed","ping_status":"closed","template":"","meta":{"footnotes":""},"class_list":["post-40613","page","type-page","status-publish","has-post-thumbnail"],"_links":{"self":[{"href":"https:\/\/www.sisinternational.com\/pt\/wp-json\/wp\/v2\/pages\/40613","targetHints":{"allow":["GET"]}}],"collection":[{"href":"https:\/\/www.sisinternational.com\/pt\/wp-json\/wp\/v2\/pages"}],"about":[{"href":"https:\/\/www.sisinternational.com\/pt\/wp-json\/wp\/v2\/types\/page"}],"author":[{"embeddable":true,"href":"https:\/\/www.sisinternational.com\/pt\/wp-json\/wp\/v2\/users\/1"}],"replies":[{"embeddable":true,"href":"https:\/\/www.sisinternational.com\/pt\/wp-json\/wp\/v2\/comments?post=40613"}],"version-history":[{"count":9,"href":"https:\/\/www.sisinternational.com\/pt\/wp-json\/wp\/v2\/pages\/40613\/revisions"}],"predecessor-version":[{"id":79733,"href":"https:\/\/www.sisinternational.com\/pt\/wp-json\/wp\/v2\/pages\/40613\/revisions\/79733"}],"up":[{"embeddable":true,"href":"https:\/\/www.sisinternational.com\/pt\/wp-json\/wp\/v2\/pages\/11292"}],"wp:featuredmedia":[{"embeddable":true,"href":"https:\/\/www.sisinternational.com\/pt\/wp-json\/wp\/v2\/media\/62375"}],"wp:attachment":[{"href":"https:\/\/www.sisinternational.com\/pt\/wp-json\/wp\/v2\/media?parent=40613"}],"curies":[{"name":"wp","href":"https:\/\/api.w.org\/{rel}","templated":true}]}}