{"id":40295,"date":"2022-05-03T06:00:42","date_gmt":"2022-05-03T06:00:42","guid":{"rendered":"https:\/\/www.sisinternational.com\/?page_id=40295"},"modified":"2025-09-24T23:54:49","modified_gmt":"2025-09-25T03:54:49","slug":"pesquisa-de-mercado-de-vacinacao","status":"publish","type":"page","link":"https:\/\/www.sisinternational.com\/pt\/pericia\/pesquisa-de-mercado-de-vacinacao\/","title":{"rendered":"Pesquisa de mercado de vacina\u00e7\u00e3o"},"content":{"rendered":"<h1 class=\"wp-block-heading\">Pesquisa de mercado de vacina\u00e7\u00e3o<\/h1>\n\n\n\n<p><\/p>\n\n\n\n<figure class=\"gb-block-image gb-block-image-a929bfc5\"><img loading=\"lazy\" decoding=\"async\" width=\"1456\" height=\"816\" class=\"gb-image gb-image-a929bfc5\" src=\"https:\/\/www.sisinternational.com\/wp-content\/uploads\/2025\/08\/vaccination-2.jpg\" alt=\"Pesquisa e Estrat\u00e9gia de Mercado Internacional da SIS\" title=\"vaccination (2)\" srcset=\"https:\/\/www.sisinternational.com\/wp-content\/uploads\/2025\/08\/vaccination-2.jpg 1456w, https:\/\/www.sisinternational.com\/wp-content\/uploads\/2025\/08\/vaccination-2-300x168.jpg 300w, https:\/\/www.sisinternational.com\/wp-content\/uploads\/2025\/08\/vaccination-2-1024x574.jpg 1024w, https:\/\/www.sisinternational.com\/wp-content\/uploads\/2025\/08\/vaccination-2-768x430.jpg 768w, https:\/\/www.sisinternational.com\/wp-content\/uploads\/2025\/08\/vaccination-2-18x10.jpg 18w\" sizes=\"auto, (max-width: 1456px) 100vw, 1456px\"><\/figure>\n\n\n\n<p><\/p>\n\n\n\n<hr class=\"wp-block-separator has-alpha-channel-opacity is-style-dots\"\/>\n\n\n\n<p>A vacina\u00e7\u00e3o \u00e9 o processo de fortalecimento do sistema imunol\u00f3gico. Ele permite que o sistema imunol\u00f3gico impe\u00e7a que uma doen\u00e7a ou v\u00edrus entre no corpo. As inje\u00e7\u00f5es s\u00e3o o m\u00e9todo usual para levar as vacinas ao corpo. Algumas vacinas s\u00e3o orais e outras s\u00e3o administradas pelo nariz. Quando um profissional de sa\u00fade aplica uma vacina pelo nariz, o corpo responde rapidamente e alguns profissionais consideram esse o melhor m\u00e9todo. \u00c9 muito melhor do que a resposta a outros m\u00e9todos.<\/p>\n\n\n\n<p>As vacinas tamb\u00e9m s\u00e3o o m\u00e9todo mais eficaz de preven\u00e7\u00e3o de doen\u00e7as infecciosas. No s\u00e9culo 20, a var\u00edola infectou cerca de 300 milh\u00f5es de pessoas. Ningu\u00e9m relatou quaisquer novos casos de var\u00edola desde 1977. Assim, em 1980, a var\u00edola tornou-se a \u00fanica doen\u00e7a humana erradicada na hist\u00f3ria da sa\u00fade. Essa conquista se deve \u00e0 vacina contra a var\u00edola.<\/p>\n\n\n\n<h2 class=\"wp-block-heading\">Por que a pesquisa de mercado de vacina\u00e7\u00e3o \u00e9 importante?<\/h2>\n\n\n\n<p>A vacina\u00e7\u00e3o \u00e9 essencial porque \u00e9 a forma mais r\u00e1pida de combater os surtos. A Pesquisa de Mercado de Vacina\u00e7\u00e3o permite que os sistemas de sa\u00fade adotem a abordagem correta a estes surtos.<\/p>\n\n\n\n<p>Por exemplo, durante a d\u00e9cada de 1970, o governo japon\u00eas vacinou mais de tr\u00eas quartos de todas as crian\u00e7as contra a tosse convulsa. Depois houve relatos de que a vacina n\u00e3o era segura e desnecess\u00e1ria. O n\u00famero de pessoas que tomaram a vacina despencou. O surto voltou, causando milhares de casos e dezenas de mortes. Assim que a taxa de vacina\u00e7\u00e3o melhorou, os casos voltaram a diminuir. Portanto, n\u00e3o devemos encarar a vacina\u00e7\u00e3o levianamente.<\/p>\n\n\n\n<h2 class=\"wp-block-heading\">Principais cargos<\/h2>\n\n\n\n<h3 class=\"wp-block-heading\">Doutor<\/h3>\n\n\n\n<p>Os m\u00e9dicos fornecem detalhes aos pacientes e dizem-lhes quais vacinas tomar e quando tom\u00e1-las. Eles tamb\u00e9m acompanham as vacinas anteriores do paciente e quaisquer problemas vitais de sa\u00fade. Os m\u00e9dicos tamb\u00e9m podem administrar vacinas aos pacientes para preven\u00e7\u00e3o de doen\u00e7as.<\/p>\n\n\n\n<h3 class=\"wp-block-heading\">Farmac\u00eautico<\/h3>\n\n\n\n<p>A maioria dos pa\u00edses permite agora que os farmac\u00eauticos administrem vacinas aos pacientes. Essa pr\u00e1tica pode ajudar as pessoas a se imunizarem. As pessoas precisam de mais acesso \u00e0s vacinas e estas n\u00e3o devem estar dispon\u00edveis apenas nos consult\u00f3rios m\u00e9dicos.<\/p>\n\n\n\n<h3 class=\"wp-block-heading\">Gerente de marketing<\/h3>\n\n\n\n<p>A very well-crafted marketing campaign can teach the public how vital vaccines can be. It can also urge people to get them. Vaccine <a href=\"https:\/\/www.sisinternational.com\/pt\/solucoes\/consultoria-estrategica\/pesquisa-de-mercado-de-rede-especializada\/\" title=\"Pesquisa de mercado de rede especializada\"  data-wpil-monitor-id=\"8880\">marketing managers work with teams of experts<\/a>. Together they create programs that encourage people to get take vaccines. They also enable people to talk about issues and side effects with doctors and other providers.<\/p>\n\n\n\n<h2 class=\"wp-block-heading\">Por que as empresas precisam de pesquisas de mercado de vacina\u00e7\u00e3o?<\/h2>\n\n\n\n<p>Vaccination Market Research involves defining a specific target group. The providers then <a href=\"https:\/\/www.sisinternational.com\/pt\/solucoes\/pesquisa-de-mercado-em-grupo-focal\/\" title=\"Pesquisa de mercado com grupo focal\"  data-wpil-monitor-id=\"8874\">market the vaccine only to that group<\/a>. The group can be a business worksite. Businesses need Vaccination Market Research. It gives <a href=\"https:\/\/www.sisinternational.com\/pt\/pericia\/curriculos-de-experiencia\/curriculo-de-experiencia-na-industria-farmaceutica\/\" title=\"Empresa de pesquisa de mercado farmac\u00eautico e de sa\u00fade\"  data-wpil-monitor-id=\"8871\">pharmaceutical companies<\/a> data they can use to drive their marketing strategy.<\/p>\n\n\n\n<p>Quando se trata de vacinas, a capacidade das pessoas para compreend\u00ea-las \u00e9 por vezes limitada. Pode ser dif\u00edcil construir e manter a confian\u00e7a do p\u00fablico nas vacinas. Requer um elevado n\u00edvel de literacia em sa\u00fade. Algumas grandes empresas, como Apple e Google, apoiam o uso de vacinas. Eles tamb\u00e9m os recomendam aos seus funcion\u00e1rios quando necess\u00e1rio.<\/p>\n\n\n\n<p>Por exemplo, digamos que uma empresa n\u00e3o possa fornecer cl\u00ednicas no local. Deve ainda solicitar aos funcion\u00e1rios que tomem a vacina e dar-lhes tempo livre para o fazer. Adicionar vacinas ao programa de sa\u00fade da empresa traz grandes benef\u00edcios. \u00c9 uma boa ideia tanto para os funcion\u00e1rios quanto para seus empregadores. Abaixo est\u00e3o os benef\u00edcios das vacinas para uma empresa.<\/p>\n\n\n\n<h3 class=\"wp-block-heading\">Benef\u00edcio patronal<\/h3>\n\n\n\n<ul class=\"wp-block-list\">\n<li>Reduz custos, reduzindo o tempo de afastamento do trabalho por motivo de doen\u00e7a.<\/li>\n\n\n\n<li>Os planos de sa\u00fade dos funcion\u00e1rios geralmente cobrem vacinas.<\/li>\n\n\n\n<li>Melhora o moral.<\/li>\n<\/ul>\n\n\n\n<h3 class=\"wp-block-heading\">Benef\u00edcio para funcion\u00e1rios<\/h3>\n\n\n\n<ul class=\"wp-block-list\">\n<li>Reduz faltas por doen\u00e7a e consultas m\u00e9dicas. Essas aus\u00eancias podem afetar o crescimento de uma pessoa dentro da empresa.<\/li>\n\n\n\n<li>Beneficia a sa\u00fade.<\/li>\n<\/ul>\n\n\n\n<h2 class=\"wp-block-heading\">Fatores importantes de sucesso<\/h2>\n\n\n\n<p>Tanto o governo como o p\u00fablico podem ajudar as vacinas a terem sucesso. O apoio das pessoas nos programas de vacina\u00e7\u00e3o \u00e9 vital para a utiliza\u00e7\u00e3o da vacina e leva a uma elevada ades\u00e3o. Como resultado, as empresas devem considerar um programa de alfabetiza\u00e7\u00e3o em sa\u00fade e vacinas. As empresas deveriam considerar tornar esse programa obrigat\u00f3rio.<\/p>\n\n\n\n<h2 class=\"wp-block-heading\">Sobre a pesquisa de mercado de vacina\u00e7\u00e3o<\/h2>\n\n\n\n<p>We seek data about your consumers\u2019 opinions through live interviews and surveys. Focus groups are one of the most productive and often used <a href=\"https:\/\/www.sisinternational.com\/pt\/quantitative-market-research-methods-and-techniques\/\" title=\"Quantitative Market Research Methods and Techniques\"  data-wpil-monitor-id=\"8866\">market research methods<\/a>. We use them to <a href=\"https:\/\/www.sisinternational.com\/pt\/cobertura\/europa\/pesquisa-de-mercado-em-liverpool-reino-unido\/\" title=\"Pesquisa de Mercado em Liverpool | Grupos focais e coleta de dados no Reino Unido\"  data-wpil-monitor-id=\"8876\">collect quantitative data<\/a> and in-depth details. Also, we give <a href=\"https:\/\/www.sisinternational.com\/pt\/solucoes\/percepcoes-dos-clientes\/\" title=\"Percep\u00e7\u00f5es dos clientes\"  data-wpil-monitor-id=\"8878\">insights into actual customer<\/a> opinions.<\/p>\n\n\n\n<p><a href=\"https:\/\/www.sisinternational.com\/pt\/qualitative-research-to-enhance-customer-experience\/\" title=\"Qualitative Research to Enhance Customer Experience\"  data-wpil-monitor-id=\"8863\">Qualitative research helps firms to understand customer<\/a> behavior. Also, it helps them figure out the reason why healthcare systems continue to need vaccines. We provide the data to assist with sales tracking. We also save you money and ensure your <a href=\"https:\/\/www.sisinternational.com\/pt\/solucoes\/consultoria-em-hotelaria-e-turismo-em-viagens\/consultoria-em-estrategia-de-pesquisa-de-mercado-para-empresa-de-gestao-hoteleira\/\" title=\"Pesquisa de mercado e consultoria estrat\u00e9gica para empresas de gest\u00e3o hoteleira\"  data-wpil-monitor-id=\"8868\">company\u2019s success by doing strategy research<\/a>.<\/p>\n\n\n\n<p><\/p>","protected":false},"excerpt":{"rendered":"<p>A vacina\u00e7\u00e3o \u00e9 essencial para combater surtos. A Pesquisa de Mercado de Vacina\u00e7\u00e3o permite que os sistemas de sa\u00fade adotem a melhor abordagem para preveni-los.<\/p>","protected":false},"author":1,"featured_media":64910,"parent":14514,"menu_order":123,"comment_status":"closed","ping_status":"closed","template":"","meta":{"footnotes":""},"class_list":["post-40295","page","type-page","status-publish","has-post-thumbnail"],"_links":{"self":[{"href":"https:\/\/www.sisinternational.com\/pt\/wp-json\/wp\/v2\/pages\/40295","targetHints":{"allow":["GET"]}}],"collection":[{"href":"https:\/\/www.sisinternational.com\/pt\/wp-json\/wp\/v2\/pages"}],"about":[{"href":"https:\/\/www.sisinternational.com\/pt\/wp-json\/wp\/v2\/types\/page"}],"author":[{"embeddable":true,"href":"https:\/\/www.sisinternational.com\/pt\/wp-json\/wp\/v2\/users\/1"}],"replies":[{"embeddable":true,"href":"https:\/\/www.sisinternational.com\/pt\/wp-json\/wp\/v2\/comments?post=40295"}],"version-history":[{"count":4,"href":"https:\/\/www.sisinternational.com\/pt\/wp-json\/wp\/v2\/pages\/40295\/revisions"}],"predecessor-version":[{"id":81491,"href":"https:\/\/www.sisinternational.com\/pt\/wp-json\/wp\/v2\/pages\/40295\/revisions\/81491"}],"up":[{"embeddable":true,"href":"https:\/\/www.sisinternational.com\/pt\/wp-json\/wp\/v2\/pages\/14514"}],"wp:featuredmedia":[{"embeddable":true,"href":"https:\/\/www.sisinternational.com\/pt\/wp-json\/wp\/v2\/media\/64910"}],"wp:attachment":[{"href":"https:\/\/www.sisinternational.com\/pt\/wp-json\/wp\/v2\/media?parent=40295"}],"curies":[{"name":"wp","href":"https:\/\/api.w.org\/{rel}","templated":true}]}}