{"id":40293,"date":"2022-05-03T05:45:48","date_gmt":"2022-05-03T05:45:48","guid":{"rendered":"https:\/\/www.sisinternational.com\/?page_id=40293"},"modified":"2025-09-24T23:56:51","modified_gmt":"2025-09-25T03:56:51","slug":"pesquisa-de-mercado-na-ilha-de-man","status":"publish","type":"page","link":"https:\/\/www.sisinternational.com\/pt\/cobertura\/europa\/pesquisa-de-mercado-na-ilha-de-man\/","title":{"rendered":"Pesquisa de mercado na Ilha de Man"},"content":{"rendered":"<h1 class=\"gb-headline gb-headline-c6e58e32 gb-headline-text\">Pesquisa de mercado na Ilha de Man<\/h1>\n\n\n\n<figure class=\"gb-block-image gb-block-image-9a1285c7\"><img loading=\"lazy\" decoding=\"async\" width=\"1456\" height=\"816\" class=\"gb-image gb-image-9a1285c7\" src=\"https:\/\/www.sisinternational.com\/wp-content\/uploads\/2025\/09\/the-Isle-of-Man-Europe-2.jpg\" alt=\"Pesquisa e Estrat\u00e9gia de Mercado Internacional da SIS\" title=\"the Isle of Man Europe (2)\" srcset=\"https:\/\/www.sisinternational.com\/wp-content\/uploads\/2025\/09\/the-Isle-of-Man-Europe-2.jpg 1456w, https:\/\/www.sisinternational.com\/wp-content\/uploads\/2025\/09\/the-Isle-of-Man-Europe-2-300x168.jpg 300w, https:\/\/www.sisinternational.com\/wp-content\/uploads\/2025\/09\/the-Isle-of-Man-Europe-2-1024x574.jpg 1024w, https:\/\/www.sisinternational.com\/wp-content\/uploads\/2025\/09\/the-Isle-of-Man-Europe-2-768x430.jpg 768w, https:\/\/www.sisinternational.com\/wp-content\/uploads\/2025\/09\/the-Isle-of-Man-Europe-2-18x10.jpg 18w\" sizes=\"auto, (max-width: 1456px) 100vw, 1456px\"><\/figure>\n\n\n\n<hr class=\"wp-block-separator has-alpha-channel-opacity is-style-dots\"\/>\n\n\n\n<p>Between Ireland and Great Britain lies The Isle of Man, a self-governing dependency of the British Crown. Also known as Mann, the Isle of Man is an excellent place to do business. Market research will aid potential investors in finding a niche market. They can then focus on this niche and provide goods and <a href=\"https:\/\/www.sisinternational.com\/pt\/solucoes\/pesquisa-de-consultoria-em-estrategia-fintech\/pesquisa-de-mercado-de-servicos-financeiros\/\" title=\"Pesquisa de mercado de servi\u00e7os financeiros\"  data-wpil-monitor-id=\"10073\">services to fill the market\u2019s<\/a> needs. This research helps <a href=\"https:\/\/www.sisinternational.com\/pt\/pericia\/industrias\/solucoes-de-pesquisa-de-mercado-de-saude\/\" title=\"Empresa de pesquisa de mercado no setor de sa\u00fade\"  data-wpil-monitor-id=\"10077\">firms<\/a> to find the gaps within the market. So, business is about filling this gap to meet the desires and needs of the <a href=\"https:\/\/www.sisinternational.com\/pt\/top-5-benefits-of-qualitative-market-research-for-businesses\/\" title=\"Top 5 Benefits of Qualitative Market Research for Businesses\"  data-wpil-monitor-id=\"10078\">market<\/a>.<\/p>\n\n\n\n<h2 class=\"wp-block-heading\">Principais ind\u00fastrias<\/h2>\n\n\n\n<p>As principais ind\u00fastrias da Ilha de Man s\u00e3o a avia\u00e7\u00e3o, o turismo e as finan\u00e7as. A ilha tamb\u00e9m fornece servi\u00e7os de manufatura.<\/p>\n\n\n\n<ul class=\"wp-block-list\">\n<li>Avia\u00e7\u00e3o \u2013 esta ilha possui um registo de avi\u00f5es, fundado em 2007. O objetivo era atrair propriet\u00e1rios de avi\u00f5es privados e n\u00e3o comerciais na Europa. Desde o seu in\u00edcio, a ilha tornou-se muito proeminente na avia\u00e7\u00e3o.<\/li>\n\n\n\n<li>Finan\u00e7as \u2013 a Ilha de Man est\u00e1 a crescer como um centro financeiro global. Existe uma Autoridade de Servi\u00e7os Financeiros, que implementa e gere as regras em vigor na ilha e protege e fortalece a sua imagem e reputa\u00e7\u00e3o.<\/li>\n\n\n\n<li>Turismo \u2013 outro sector chave prim\u00e1rio s\u00e3o os servi\u00e7os tur\u00edsticos. Com um sector tur\u00edstico em crescimento, a ilha considerou-se adequada para desenvolver interesses e eventos particulares. Esses incluem; Festival TT e eventos de automobilismo. Al\u00e9m disso, houve atualiza\u00e7\u00f5es de qualidade no edif\u00edcio e no espa\u00e7o residencial.<\/li>\n\n\n\n<li>Ind\u00fastria \u2013 este setor \u00e9 o principal fornecedor de empregos na ilha. Tamb\u00e9m representa a maior parte do Produto Interno Bruto da ilha.<\/li>\n<\/ul>\n\n\n\n<h2 class=\"wp-block-heading\">Bairros<\/h2>\n\n\n\n<p>Mann is in the middle of the <a href=\"https:\/\/www.sisinternational.com\/pt\/cobertura\/europa\/pesquisa-de-mercado-irlanda-do-norte-reino-unido\/\" title=\"Pesquisa de mercado na Irlanda do Norte\"  data-wpil-monitor-id=\"10076\">northern Irish Sea between Ireland<\/a> and Great Britain. England is to the east and Northern Ireland to the west. Scotland is to the north, whereas Wales is to the south of The Isle of Man. The island is home to more than 84,000 people, of which about 27,000 live in the capital city, Douglas. Douglas is the leading tourism and trading area on the island. Many ancient sites have origins from times past, when the island was still one of the Viking Kingdoms. The largest town is Onchan which is at the top of Douglas Bay next to Douglas, the capital. This city comprises gorgeous homes, cafes, and shops.<\/p>\n\n\n\n<h2 class=\"wp-block-heading\">Tend\u00eancias<\/h2>\n\n\n\n<p>A Ilha de Man \u00e9 um grande destino tur\u00edstico. Existem alguns locais fant\u00e1sticos, por exemplo, Laxey Wheel, Cregneash e Fairy Bridge. Al\u00e9m disso, pode-se percorrer o percurso da corrida TT enquanto saboreia os arenques defumados Manx. Esses arenques defumados s\u00e3o um destaque significativo da culin\u00e1ria da Ilha de Man.<\/p>\n\n\n\n<h2 class=\"wp-block-heading\">&nbsp;Benef\u00edcios e pontos fortes no mercado<\/h2>\n\n\n\n<p>The Isle of Man\u2019s economy is reliant on financial services. The government charges very few taxes. It also offers incentives to financial services companies and other high-tech firms on the island. As a result, it has created employment within the various industries.<\/p>\n\n\n\n<p>Furthermore, another strength of the Isle of Man is the e-gaming and gambling industry. These sectors constitute the bulk of the country\u2019s Gross domestic product.<\/p>\n\n\n\n<h2 class=\"wp-block-heading\">Base de Consumidores<\/h2>\n\n\n\n<figure class=\"gb-block-image gb-block-image-bea2386a\"><img loading=\"lazy\" decoding=\"async\" width=\"1456\" height=\"816\" class=\"gb-image gb-image-bea2386a\" src=\"https:\/\/www.sisinternational.com\/wp-content\/uploads\/2025\/09\/the-Isle-of-Man-Europe-3.jpg\" alt=\"Pesquisa e Estrat\u00e9gia de Mercado Internacional da SIS\" title=\"the Isle of Man Europe (3)\" srcset=\"https:\/\/www.sisinternational.com\/wp-content\/uploads\/2025\/09\/the-Isle-of-Man-Europe-3.jpg 1456w, https:\/\/www.sisinternational.com\/wp-content\/uploads\/2025\/09\/the-Isle-of-Man-Europe-3-300x168.jpg 300w, https:\/\/www.sisinternational.com\/wp-content\/uploads\/2025\/09\/the-Isle-of-Man-Europe-3-1024x574.jpg 1024w, https:\/\/www.sisinternational.com\/wp-content\/uploads\/2025\/09\/the-Isle-of-Man-Europe-3-768x430.jpg 768w, https:\/\/www.sisinternational.com\/wp-content\/uploads\/2025\/09\/the-Isle-of-Man-Europe-3-18x10.jpg 18w\" sizes=\"auto, (max-width: 1456px) 100vw, 1456px\"><\/figure>\n\n\n\n<p><\/p>\n\n\n\n<p>The Isle of Man is a very wealthy country known for its low taxes. It\u2019s also famous for its financial <a href=\"https:\/\/www.sisinternational.com\/pt\/solucoes\/pesquisa-de-consultoria-em-estrategia-fintech\/pesquisa-de-mercado-da-industria-de-servicos-financeiros\/\" title=\"Pesquisa de mercado da ind\u00fastria de servi\u00e7os financeiros\"  data-wpil-monitor-id=\"10075\">services and online gambling industries<\/a>. The island boasts a low unemployment rate. As a result, most households can afford to pay for essential goods and services.<\/p>\n\n\n\n<h2 class=\"wp-block-heading\">\u00a0Reasons to grow your business in the Isle of Man<\/h2>\n\n\n\n<p>A Ilha de Man \u00e9 uma comunidade muito acolhedora para novos empreendimentos comerciais.<\/p>\n\n\n\n<p>Uma vantagem significativa de fazer neg\u00f3cios na Ilha de Man \u00e9 que ela n\u00e3o cobra imposto sobre ganhos de capital ou imposto sobre a riqueza. Tamb\u00e9m n\u00e3o h\u00e1 imposto de selo ou imposto sobre heran\u00e7a. Algumas empresas desfrutam da tributa\u00e7\u00e3o 0%. Estas isen\u00e7\u00f5es fiscais reduzem os custos gerais das empresas, permitindo-lhes tornar-se mais lucrativas. Como resultado, estas empresas podem aumentar a sua actividade econ\u00f3mica.<\/p>\n\n\n\n<p><a href=\"https:\/\/www.sisinternational.com\/pt\/pericia\/industrias\/pesquisa-de-mercado-para-empresa-de-design\/\" title=\"Pesquisa de mercado de empresa de design\"  data-wpil-monitor-id=\"10074\">Firms must understand the market<\/a> within the Isle of Man. The process of starting a new business feels very supportive. The government nurtures new business ideas. It offers many options for firms looking to do business in the Isle of Man. For instance, there is the Department for Enterprise and Micro Business Grant Scheme. This scheme provides financing and training for firms to kick start business.<\/p>\n\n\n\n<h2 class=\"wp-block-heading\">Localiza\u00e7\u00e3o de nossas instala\u00e7\u00f5es em Nova York<\/h2>\n\n\n\n<p>  <iframe loading=\"lazy\" src=\"https:\/\/www.google.com\/maps\/embed?pb=!1m18!1m12!1m3!1d3022.976188376966!2d-73.99130312499956!3d40.740549471389315!2m3!1f0!2f0!3f0!3m2!1i1024!2i768!4f13.1!3m3!1m2!1s0x89c259a15798c731%3A0xd695d09bdd495f25!2s11%20E%2022nd%20St%20FL%202%2C%20New%20York%2C%20NY%2010010%2C%20USA!5e0!3m2!1sen!2spe!4v1726171763526!5m2!1sen!2spe\" width=\"600\" height=\"450\" allowfullscreen=\"allowfullscreen\" data-mce-fragment=\"1\"><\/iframe>  <\/p>\n\n\n\n<h3 class=\"wp-block-heading\">11 E 22nd Street, 2\u00ba andar, Nova York, NY 10010 T: +1(212) 505-6805<\/h3>\n\n\n\n<hr class=\"wp-block-separator has-alpha-channel-opacity\"\/>\n\n\n\n<h2 class=\"wp-block-heading\"><span style=\"font-weight: 400;\">Sobre SIS Internacional<\/span><\/h2>\n\n\n\n<p><a href=\"https:\/\/www.sisinternational.com\/pt\/\"><span style=\"font-weight: 400;\">SIS Internacional<\/span><\/a><span style=\"font-weight: 400;\"> offers Quantitative, Qualitative, and Strategy Research. We provide data, tools, strategies, reports, and insights for decision-making. We also conduct interviews, surveys, focus groups, and other <a href=\"https:\/\/www.sisinternational.com\/pt\/quantitative-market-research-methods-and-techniques\/\" title=\"Quantitative Market Research Methods and Techniques\"  data-wpil-monitor-id=\"10072\">Market Research methods<\/a> and approaches.<\/span><a href=\"https:\/\/www.sisinternational.com\/pt\/sobre-a-sis-international-research\/contact-sis-international-market-research\/\"><span style=\"font-weight: 400;\"> Entre em contato conosco<\/span><\/a><span style=\"font-weight: 400;\"> para o seu pr\u00f3ximo projeto de pesquisa de mercado.<\/span><\/p>\n\n\n\n<p><\/p>\n\n\n\n<p><\/p>","protected":false},"excerpt":{"rendered":"<p>A pesquisa de mercado na Ilha de Man oferece \u00e0s empresas uma abordagem abrangente para compreender este mercado e oferece oportunidades interessantes para as empresas. <\/p>","protected":false},"author":1,"featured_media":66084,"parent":14510,"menu_order":57,"comment_status":"closed","ping_status":"closed","template":"","meta":{"footnotes":""},"class_list":["post-40293","page","type-page","status-publish","has-post-thumbnail"],"_links":{"self":[{"href":"https:\/\/www.sisinternational.com\/pt\/wp-json\/wp\/v2\/pages\/40293","targetHints":{"allow":["GET"]}}],"collection":[{"href":"https:\/\/www.sisinternational.com\/pt\/wp-json\/wp\/v2\/pages"}],"about":[{"href":"https:\/\/www.sisinternational.com\/pt\/wp-json\/wp\/v2\/types\/page"}],"author":[{"embeddable":true,"href":"https:\/\/www.sisinternational.com\/pt\/wp-json\/wp\/v2\/users\/1"}],"replies":[{"embeddable":true,"href":"https:\/\/www.sisinternational.com\/pt\/wp-json\/wp\/v2\/comments?post=40293"}],"version-history":[{"count":6,"href":"https:\/\/www.sisinternational.com\/pt\/wp-json\/wp\/v2\/pages\/40293\/revisions"}],"predecessor-version":[{"id":81669,"href":"https:\/\/www.sisinternational.com\/pt\/wp-json\/wp\/v2\/pages\/40293\/revisions\/81669"}],"up":[{"embeddable":true,"href":"https:\/\/www.sisinternational.com\/pt\/wp-json\/wp\/v2\/pages\/14510"}],"wp:featuredmedia":[{"embeddable":true,"href":"https:\/\/www.sisinternational.com\/pt\/wp-json\/wp\/v2\/media\/66084"}],"wp:attachment":[{"href":"https:\/\/www.sisinternational.com\/pt\/wp-json\/wp\/v2\/media?parent=40293"}],"curies":[{"name":"wp","href":"https:\/\/api.w.org\/{rel}","templated":true}]}}