{"id":40291,"date":"2022-05-03T05:39:32","date_gmt":"2022-05-03T05:39:32","guid":{"rendered":"https:\/\/www.sisinternational.com\/?page_id=40291"},"modified":"2025-09-24T23:57:41","modified_gmt":"2025-09-25T03:57:41","slug":"pesquisa-de-mercado-ilhas-faroe","status":"publish","type":"page","link":"https:\/\/www.sisinternational.com\/pt\/cobertura\/europa\/pesquisa-de-mercado-ilhas-faroe\/","title":{"rendered":"Pesquisa de mercado nas Ilhas Faro\u00e9"},"content":{"rendered":"<h1 class=\"gb-headline gb-headline-00645ff9 gb-headline-text\">Pesquisa de mercado nas Ilhas Faro\u00e9<\/h1>\n\n\n\n<p><\/p>\n\n\n\n<figure class=\"gb-block-image gb-block-image-be89ccbd\"><img loading=\"lazy\" decoding=\"async\" width=\"1456\" height=\"816\" class=\"gb-image gb-image-be89ccbd\" src=\"https:\/\/www.sisinternational.com\/wp-content\/uploads\/2025\/09\/the-Faroe-Islands-4.jpg\" alt=\"Pesquisa e Estrat\u00e9gia de Mercado Internacional da SIS\" title=\"the Faroe Islands (4)\" srcset=\"https:\/\/www.sisinternational.com\/wp-content\/uploads\/2025\/09\/the-Faroe-Islands-4.jpg 1456w, https:\/\/www.sisinternational.com\/wp-content\/uploads\/2025\/09\/the-Faroe-Islands-4-300x168.jpg 300w, https:\/\/www.sisinternational.com\/wp-content\/uploads\/2025\/09\/the-Faroe-Islands-4-1024x574.jpg 1024w, https:\/\/www.sisinternational.com\/wp-content\/uploads\/2025\/09\/the-Faroe-Islands-4-768x430.jpg 768w, https:\/\/www.sisinternational.com\/wp-content\/uploads\/2025\/09\/the-Faroe-Islands-4-18x10.jpg 18w\" sizes=\"auto, (max-width: 1456px) 100vw, 1456px\"><\/figure>\n\n\n\n<hr class=\"wp-block-separator has-alpha-channel-opacity is-style-dots\"\/>\n\n\n\n<p>As Ilhas Faro\u00e9 s\u00e3o um arquip\u00e9lago localizado no meio do Oceano Atl\u00e2ntico Norte. Tal como a Gronel\u00e2ndia, estas ilhas s\u00e3o um pa\u00eds constituinte aut\u00f3nomo do Reino da Dinamarca. Al\u00e9m disso, estas ilhas s\u00e3o um para\u00edso para os caminhantes e amantes da natureza que apreciam o terreno acidentado. Eles encontrar\u00e3o flora e fauna \u00fanicas nas ilhas.<\/p>\n\n\n\n<h2 class=\"wp-block-heading\">Principais ind\u00fastrias<\/h2>\n\n\n\n<p>A maioria dos faroenses ganha a vida com a ind\u00fastria pesqueira. Esta situa\u00e7\u00e3o torna a ilha propensa a problemas. Por exemplo, os ilh\u00e9us sofrem com a fome e as altas taxas de emprego. Eles s\u00f3 t\u00eam emprego quando os peixes s\u00e3o abundantes.<\/p>\n\n\n\n<p>Ainda assim, as Ilhas Faro\u00e9 s\u00e3o um dos grandes intervenientes na ind\u00fastria da cria\u00e7\u00e3o de salm\u00e3o. A ca\u00e7a \u00e0 baleia tamb\u00e9m faz parte da cultura do povo faroense h\u00e1 s\u00e9culos.<\/p>\n\n\n\n<p>As Ilhas Faro\u00e9 recebem ajuda financeira da Dinamarca todos os anos. Esta ajuda contribui para o PIB do pa\u00eds.<\/p>\n\n\n\n<h2 class=\"wp-block-heading\">Bairros<\/h2>\n\n\n\n<p><\/p>\n\n\n\n<figure class=\"gb-block-image gb-block-image-2f8b8940\"><img loading=\"lazy\" decoding=\"async\" width=\"1456\" height=\"816\" class=\"gb-image gb-image-2f8b8940\" src=\"https:\/\/www.sisinternational.com\/wp-content\/uploads\/2025\/09\/the-Faroe-Islands-2.jpg\" alt=\"Pesquisa e Estrat\u00e9gia de Mercado Internacional da SIS\" title=\"the Faroe Islands (2)\" srcset=\"https:\/\/www.sisinternational.com\/wp-content\/uploads\/2025\/09\/the-Faroe-Islands-2.jpg 1456w, https:\/\/www.sisinternational.com\/wp-content\/uploads\/2025\/09\/the-Faroe-Islands-2-300x168.jpg 300w, https:\/\/www.sisinternational.com\/wp-content\/uploads\/2025\/09\/the-Faroe-Islands-2-1024x574.jpg 1024w, https:\/\/www.sisinternational.com\/wp-content\/uploads\/2025\/09\/the-Faroe-Islands-2-768x430.jpg 768w, https:\/\/www.sisinternational.com\/wp-content\/uploads\/2025\/09\/the-Faroe-Islands-2-18x10.jpg 18w\" sizes=\"auto, (max-width: 1456px) 100vw, 1456px\"><\/figure>\n\n\n\n<p><\/p>\n\n\n\n<p>The Faroes consist of many different Islands. Each is home to various attributes and features of nature. For example, hikers may prefer some islands because of their rugged terrain. On other islands, or rather parts of the island, you may find more natural flora and fauna. The islands are home to many animals, such as sheep. The sheep roam free, walking the roadside as vehicles pass them. They are the base for many meals, such as the famous dish skeripikj\u00f8t. The islanders age the mutton for this chewy dish and dry it in the wind.<\/p>\n\n\n\n<p>A localiza\u00e7\u00e3o das ilhas no Atl\u00e2ntico Norte sujeita-as a um clima frio. As temperaturas das Ilhas Faro\u00e9 variam entre quatro e dez graus cent\u00edgrados.<\/p>\n\n\n\n<p>A capital das Ilhas Faro\u00e9 \u00e9 T\u00f3rshavn, onde vivem mais de vinte e um mil cidad\u00e3os. Os n\u00f3rdicos o estabeleceram em 850 DC.<\/p>\n\n\n\n<h2 class=\"wp-block-heading\">Tend\u00eancias<\/h2>\n\n\n\n<p>Muitos ilh\u00e9us consideram a ca\u00e7a \u00e0 baleia uma parte integrante da sua cultura. A tradi\u00e7\u00e3o tem sido fonte de disputa porque muitos grupos de direitos dos animais acreditam que a pr\u00e1tica \u00e9 horr\u00edvel e cruel.<\/p>\n\n\n\n<p>The Faroe Islands have been subject to brain drain.&nbsp;The younger generations have been fleeing to mainland Denmark for further education.&nbsp;Moreover, many remain there, where they can get high-paying jobs.&nbsp;They leave behind the older, less tech-savvy generations on the island.&nbsp;Thus, the Faroe Islands has vacancies&nbsp;in the tech industry.<\/p>\n\n\n\n<h2 class=\"wp-block-heading\">Benef\u00edcios e pontos fortes no mercado<\/h2>\n\n\n\n<p><\/p>\n\n\n\n<figure class=\"gb-block-image gb-block-image-cfd52fed\"><img loading=\"lazy\" decoding=\"async\" width=\"1456\" height=\"816\" class=\"gb-image gb-image-cfd52fed\" src=\"https:\/\/www.sisinternational.com\/wp-content\/uploads\/2025\/09\/the-Faroe-Islands-3.jpg\" alt=\"Pesquisa e Estrat\u00e9gia de Mercado Internacional da SIS\" title=\"the Faroe Islands (3)\" srcset=\"https:\/\/www.sisinternational.com\/wp-content\/uploads\/2025\/09\/the-Faroe-Islands-3.jpg 1456w, https:\/\/www.sisinternational.com\/wp-content\/uploads\/2025\/09\/the-Faroe-Islands-3-300x168.jpg 300w, https:\/\/www.sisinternational.com\/wp-content\/uploads\/2025\/09\/the-Faroe-Islands-3-1024x574.jpg 1024w, https:\/\/www.sisinternational.com\/wp-content\/uploads\/2025\/09\/the-Faroe-Islands-3-768x430.jpg 768w, https:\/\/www.sisinternational.com\/wp-content\/uploads\/2025\/09\/the-Faroe-Islands-3-18x10.jpg 18w\" sizes=\"auto, (max-width: 1456px) 100vw, 1456px\"><\/figure>\n\n\n\n<p><\/p>\n\n\n\n<p>A coroa faroense \u00e9 a moeda oficial destas ilhas. O continente, a Dinamarca, d\u00e1 apoio financeiro \u00e0s ilhas. Este apoio conduz a uma economia est\u00e1vel no territ\u00f3rio. A infraestrutura nas Ilhas Faro\u00e9 tamb\u00e9m est\u00e1 de acordo com o c\u00f3digo. Eles possuem estradas e pontes bem pavimentadas em todo o pa\u00eds.<\/p>\n\n\n\n<h2 class=\"wp-block-heading\">Raz\u00f5es para expandir o seu neg\u00f3cio nas Ilhas Faro\u00e9<\/h2>\n\n\n\n<p>As Ilhas Faro\u00e9 t\u00eam uma forte ind\u00fastria pesqueira, com foco na cria\u00e7\u00e3o de salm\u00e3o. Eles tamb\u00e9m t\u00eam uma ind\u00fastria de turismo em expans\u00e3o. Os turistas podem passear pelas ilhas. \u00c9 outra \u00f3tima maneira de encontrar atividades que atendam a diferentes interesses. Cada ilha pode oferecer algo \u00fanico.<\/p>\n\n\n\n<h2 class=\"wp-block-heading\">Localiza\u00e7\u00e3o de nossas instala\u00e7\u00f5es em Nova York<\/h2>\n\n\n\n<p>\n\n\n\n<iframe loading=\"lazy\" src=\"https:\/\/www.google.com\/maps\/embed?pb=!1m18!1m12!1m3!1d3022.976188376966!2d-73.99130312499956!3d40.740549471389315!2m3!1f0!2f0!3f0!3m2!1i1024!2i768!4f13.1!3m3!1m2!1s0x89c259a15798c731%3A0xd695d09bdd495f25!2s11%20E%2022nd%20St%20FL%202%2C%20New%20York%2C%20NY%2010010%2C%20USA!5e0!3m2!1sen!2spe!4v1726171763526!5m2!1sen!2spe\" width=\"600\" height=\"450\" allowfullscreen=\"allowfullscreen\" data-mce-fragment=\"1\"><\/iframe>\n\n\n\n<\/p>\n\n\n\n<h3 class=\"wp-block-heading\">11 E 22nd Street, 2\u00ba andar, Nova York, NY 10010 T: +1(212) 505-6805<\/h3>\n\n\n\n<hr class=\"wp-block-separator has-alpha-channel-opacity\"\/>\n\n\n\n<h2 class=\"wp-block-heading\"><span style=\"font-weight: 400;\">Sobre SIS Internacional<\/span><\/h2>\n\n\n\n<p><a href=\"https:\/\/www.sisinternational.com\/pt\/\"><span style=\"font-weight: 400;\">SIS Internacional<\/span><\/a><span style=\"font-weight: 400;\"> offers Quantitative, Qualitative, and Strategy Research. We provide data, tools, strategies, reports, and insights for decision-making. We also conduct interviews, surveys, focus groups, and other <a href=\"https:\/\/www.sisinternational.com\/pt\/quantitative-market-research-methods-and-techniques\/\" title=\"Quantitative Market Research Methods and Techniques\"  data-wpil-monitor-id=\"10147\">Market Research methods<\/a> and approaches.<\/span><a href=\"https:\/\/www.sisinternational.com\/pt\/sobre-a-sis-international-research\/contact-sis-international-market-research\/\"><span style=\"font-weight: 400;\"> Entre em contato conosco<\/span><\/a><span style=\"font-weight: 400;\"> para o seu pr\u00f3ximo projeto de pesquisa de mercado.<\/span><\/p>\n\n\n\n<p><\/p>","protected":false},"excerpt":{"rendered":"<p>A SIS International Research fornece pesquisas de mercado qualitativas, quantitativas e estrat\u00e9gicas nas Ilhas Faro\u00e9.<\/p>","protected":false},"author":1,"featured_media":66082,"parent":14510,"menu_order":56,"comment_status":"closed","ping_status":"closed","template":"","meta":{"footnotes":""},"class_list":["post-40291","page","type-page","status-publish","has-post-thumbnail"],"_links":{"self":[{"href":"https:\/\/www.sisinternational.com\/pt\/wp-json\/wp\/v2\/pages\/40291","targetHints":{"allow":["GET"]}}],"collection":[{"href":"https:\/\/www.sisinternational.com\/pt\/wp-json\/wp\/v2\/pages"}],"about":[{"href":"https:\/\/www.sisinternational.com\/pt\/wp-json\/wp\/v2\/types\/page"}],"author":[{"embeddable":true,"href":"https:\/\/www.sisinternational.com\/pt\/wp-json\/wp\/v2\/users\/1"}],"replies":[{"embeddable":true,"href":"https:\/\/www.sisinternational.com\/pt\/wp-json\/wp\/v2\/comments?post=40291"}],"version-history":[{"count":6,"href":"https:\/\/www.sisinternational.com\/pt\/wp-json\/wp\/v2\/pages\/40291\/revisions"}],"predecessor-version":[{"id":81678,"href":"https:\/\/www.sisinternational.com\/pt\/wp-json\/wp\/v2\/pages\/40291\/revisions\/81678"}],"up":[{"embeddable":true,"href":"https:\/\/www.sisinternational.com\/pt\/wp-json\/wp\/v2\/pages\/14510"}],"wp:featuredmedia":[{"embeddable":true,"href":"https:\/\/www.sisinternational.com\/pt\/wp-json\/wp\/v2\/media\/66082"}],"wp:attachment":[{"href":"https:\/\/www.sisinternational.com\/pt\/wp-json\/wp\/v2\/media?parent=40291"}],"curies":[{"name":"wp","href":"https:\/\/api.w.org\/{rel}","templated":true}]}}