{"id":40287,"date":"2022-05-03T05:17:43","date_gmt":"2022-05-03T05:17:43","guid":{"rendered":"https:\/\/www.sisinternational.com\/?page_id=40287"},"modified":"2026-01-25T18:28:58","modified_gmt":"2026-01-25T23:28:58","slug":"pesquisa-de-mercado-svalbard-jan-mayen","status":"publish","type":"page","link":"https:\/\/www.sisinternational.com\/pt\/cobertura\/europa\/pesquisa-de-mercado-svalbard-jan-mayen\/","title":{"rendered":"Pesquisa de mercado em Svalbard e Jan Mayen"},"content":{"rendered":"<h1 class=\"gb-headline gb-headline-316150ac gb-headline-text\">Pesquisa de mercado em Svalbard e Jan Mayen<\/h1>\n\n\n\n<figure class=\"gb-block-image gb-block-image-c9e8d54f\"><img loading=\"lazy\" decoding=\"async\" width=\"1456\" height=\"816\" class=\"gb-image gb-image-c9e8d54f\" src=\"https:\/\/www.sisinternational.com\/wp-content\/uploads\/2025\/09\/Artic-Svalbard-4.jpg\" alt=\"Pesquisa e Estrat\u00e9gia de Mercado Internacional da SIS\" title=\"Artic Svalbard (4)\" srcset=\"https:\/\/www.sisinternational.com\/wp-content\/uploads\/2025\/09\/Artic-Svalbard-4.jpg 1456w, https:\/\/www.sisinternational.com\/wp-content\/uploads\/2025\/09\/Artic-Svalbard-4-300x168.jpg 300w, https:\/\/www.sisinternational.com\/wp-content\/uploads\/2025\/09\/Artic-Svalbard-4-1024x574.jpg 1024w, https:\/\/www.sisinternational.com\/wp-content\/uploads\/2025\/09\/Artic-Svalbard-4-768x430.jpg 768w, https:\/\/www.sisinternational.com\/wp-content\/uploads\/2025\/09\/Artic-Svalbard-4-18x10.jpg 18w\" sizes=\"auto, (max-width: 1456px) 100vw, 1456px\"><\/figure>\n\n\n\n<p><\/p>\n\n\n\n<hr class=\"wp-block-separator has-alpha-channel-opacity is-style-dots\"\/>\n\n\n\n<p>Svalbard \u00e9 uma ilha perto do P\u00f3lo Norte, no norte do Mar da Noruega. O Reino da Noruega o governa. A capital de Svalbard, Longyearbyen, \u00e9 a cidade mais setentrional do mundo.<\/p>\n\n\n\n<p>Another Nordic island, Jan Mayen, lies three hundred miles southwest of Svalbard. It does not have permanent residents and can hold up to thirty-five people at a time.<\/p>\n\n\n\n<h2 class=\"wp-block-heading\">Principais ind\u00fastrias<\/h2>\n\n\n\n<p>As ilhas de Svalbard serviram ao povo do norte da Europa durante s\u00e9culos. Seu apogeu ocorreu durante a era de ouro da ca\u00e7a \u00e0s baleias, algumas centenas de anos atr\u00e1s. Os baleeiros processavam as suas capturas nas ilhas de Svalbard. \u00c0 medida que a ind\u00fastria se tornou mais moderna, os marinheiros come\u00e7aram a processar as baleias a bordo dos seus navios. Este avan\u00e7o levou as ilhas Svalbard ao abandono.<\/p>\n\n\n\n<p>Centuries later, in the 1900s, Svalbard became another coal-mining region, and it remains one of the primary industries for the islands even today. Mining earns <a class=\"wpil_keyword_link\" href=\"https:\/\/www.sisinternational.com\/pt\/cobertura\/europa\/pesquisa-de-mercado-na-noruega\/\"   title=\"Pesquisa de mercado na Noruega\" data-wpil-keyword-link=\"linked\"  data-wpil-monitor-id=\"736\">Norway<\/a> hundreds of millions of dollars in annual revenue.<\/p>\n\n\n\n<p>O <a href=\"https:\/\/www.sisinternational.com\/pt\/pericia\/industrias\/pesquisa-de-mercado-genomica\/\" title=\"Pesquisa de mercado de gen\u00f4mica\"  data-wpil-monitor-id=\"4893\">market<\/a> further expanded to include industries like tourism and research in Svalbard. Many may not think of tourism as a money-making industry for Svalbard due to the remoteness and harsh weather. Svalbard caters to niche groups of tourists, such as people seeking snowmobile adventures and the marvels of the auras.<\/p>\n\n\n\n<p>Os cientistas consideram a localiza\u00e7\u00e3o de Svalbard um local ideal onde podem pesquisar coisas como as altera\u00e7\u00f5es clim\u00e1ticas e a vida selvagem polar.<\/p>\n\n\n\n<p>Jan Mayen \u00e9 uma base militar da Noruega. Tamb\u00e9m abriga alguns cientistas ocasionalmente. A ilha possui apenas um recurso natural, o cascalho. A \u00fanica outra atividade \u00e9 a presta\u00e7\u00e3o de servi\u00e7os a militares.<\/p>\n\n\n\n<h2 class=\"wp-block-heading\">Bairros<\/h2>\n\n\n\n<p>Jan Mayen is small and home to no permanent residents. It is split into two regions. The northern region is Nord-Jan, and the name of the smaller southern area is S\u00f8r-Jan. Jan Mayen can house fewer than forty people at a time, most of whom live in the small capital city of Olonkinbyen. The island has one other settlement, Puppebu, with only one building.<\/p>\n\n\n\n<p>Svalbard \u00e9 uma cadeia de ilhas mineiras de carv\u00e3o. Estas ilhas incluem Spitsbergen, Nordaustlandet e Edge\u00f8ya. A capital e maior assentamento, Longyearbyen, fica na maior das ilhas, Spitsbergen. Existem algumas aldeias fora da capital onde algumas pessoas t\u00eam cabanas. As cabanas costumam ser casas de fim de semana. A maioria das pessoas que vai morar em Svalbard permanece na cidade para estar perto do trabalho.<\/p>\n\n\n\n<p>Longyearbyen tem uma escola prim\u00e1ria, uma escola secund\u00e1ria e uma universidade. O hospital local n\u00e3o possui maternidade devido ao tamanho e localiza\u00e7\u00e3o remota de Svalbard. As gr\u00e1vidas regressariam, em vez disso, a um dos pa\u00edses da Europa continental. Eles geralmente saem nos est\u00e1gios finais da gravidez para dar \u00e0 luz. H\u00e1 um pequeno avi\u00e3o fretado que faz a viagem de uma hora de Svalbard \u00e0 Noruega. Os moradores tamb\u00e9m utilizam esse servi\u00e7o fretado em caso de emerg\u00eancias m\u00e9dicas.<\/p>\n\n\n\n<p>Like any other small settlement, the people of Svalbard enjoy a few amenities. For example, there is a library, gym, swimming pool, bank, hotel, and bus system.<\/p>\n\n\n\n<h2 class=\"wp-block-heading\">Tend\u00eancias<\/h2>\n\n\n\n<p>There has been a decline in coal mining in Svalbard in recent years. Some mines have even closed down. With that said, there has been an increase in tourism to the island. Thrill-seekers go to Svalbard for snowmobile adventures. They also see local wildlife like polar bears, foxes, and reindeer.<\/p>\n\n\n\n<p>As pessoas t\u00eam demonstrado um interesse crescente em trabalhar em Svalbard. O para\u00edso \u00e9 isento de visto para todos os viajantes. Assim, qualquer pessoa pode viajar para Svalbard e trabalhar l\u00e1 sem complica\u00e7\u00f5es. Eles at\u00e9 receber\u00e3o cuidados de sa\u00fade gratuitos da Noruega como residentes legais e contribuintes de Svalbard. Eles tamb\u00e9m recebem outras comodidades oferecidas pelo governo noruegu\u00eas.<\/p>\n\n\n\n<p>Jan Mayen tem apenas residentes tempor\u00e1rios. Algumas pessoas permanecem na ilha durante o inverno, mas a maioria a visita nos meses de ver\u00e3o.<\/p>\n\n\n\n<h2 class=\"wp-block-heading\">Benef\u00edcios e pontos fortes no mercado<\/h2>\n\n\n\n<figure class=\"gb-block-image gb-block-image-62e421a1\"><img loading=\"lazy\" decoding=\"async\" width=\"1456\" height=\"816\" class=\"gb-image gb-image-62e421a1\" src=\"https:\/\/www.sisinternational.com\/wp-content\/uploads\/2025\/09\/Artic-Svalbard-5.jpg\" alt=\"Pesquisa e Estrat\u00e9gia de Mercado Internacional da SIS\" title=\"Artic Svalbard (5)\" srcset=\"https:\/\/www.sisinternational.com\/wp-content\/uploads\/2025\/09\/Artic-Svalbard-5.jpg 1456w, https:\/\/www.sisinternational.com\/wp-content\/uploads\/2025\/09\/Artic-Svalbard-5-300x168.jpg 300w, https:\/\/www.sisinternational.com\/wp-content\/uploads\/2025\/09\/Artic-Svalbard-5-1024x574.jpg 1024w, https:\/\/www.sisinternational.com\/wp-content\/uploads\/2025\/09\/Artic-Svalbard-5-768x430.jpg 768w, https:\/\/www.sisinternational.com\/wp-content\/uploads\/2025\/09\/Artic-Svalbard-5-18x10.jpg 18w\" sizes=\"auto, (max-width: 1456px) 100vw, 1456px\"><\/figure>\n\n\n\n<p><\/p>\n\n\n\n<p>A moeda de Svalbard \u00e9 a coroa norueguesa. As ilhas podem orgulhar-se de uma economia est\u00e1vel. O rendimento m\u00e9dio \u00e9 muito superior ao dos continentais.<\/p>\n\n\n\n<p>Companies own most of the housing in Svalbard. They rent to their employees, which is another boost to the private sector on the islands.<\/p>\n\n\n\n<p>Jan Mayen aids mainland Norway and Svalbard\u2019s security as a military base. Jan Mayen also has a meteorological house to track the area&#8217;s weather systems.<\/p>\n\n\n\n<h2 class=\"wp-block-heading\">Base de Consumidores<\/h2>\n\n\n\n<p>Svalbard depende da auto-sufici\u00eancia dos seus residentes. Assim, os adultos que n\u00e3o conseguem mais se sustentar devem retornar ao continente. N\u00e3o h\u00e1 cemit\u00e9rios nas ilhas.<\/p>\n\n\n\n<p>Gas and diesel are cheap in Svalbard. But the high price of monthly groceries cancels that out.<\/p>\n\n\n\n<h2 class=\"wp-block-heading\">Reasons to Grow Your Business in Svalbard and Jan Mayen<\/h2>\n\n\n\n<p>The market is stable and easily expandable. There are many opportunities on these remote islands, even with their sparse populations.<\/p>\n\n\n\n<p>For example, we saw how business owners can invest in real estate, as it provides housing for their employees. Opportunities also exist for food production and the provision of other services.<\/p>\n\n\n\n<h2 class=\"wp-block-heading\">Localiza\u00e7\u00e3o de nossas instala\u00e7\u00f5es em Nova York<\/h2>\n\n\n\n<p>  <iframe loading=\"lazy\" src=\"https:\/\/www.google.com\/maps\/embed?pb=!1m18!1m12!1m3!1d3022.976188376966!2d-73.99130312499956!3d40.740549471389315!2m3!1f0!2f0!3f0!3m2!1i1024!2i768!4f13.1!3m3!1m2!1s0x89c259a15798c731%3A0xd695d09bdd495f25!2s11%20E%2022nd%20St%20FL%202%2C%20New%20York%2C%20NY%2010010%2C%20USA!5e0!3m2!1sen!2spe!4v1726171763526!5m2!1sen!2spe\" width=\"600\" height=\"450\" allowfullscreen=\"allowfullscreen\" data-mce-fragment=\"1\"><\/iframe>  <\/p>\n\n\n\n<h3 class=\"wp-block-heading\">11 E 22nd Street, 2\u00ba andar, Nova York, NY 10010 T: +1(212) 505-6805<\/h3>\n\n\n\n<hr class=\"wp-block-separator has-alpha-channel-opacity\"\/>\n\n\n\n<h2 class=\"wp-block-heading\"><span style=\"font-weight: 400;\">Sobre SIS Internacional<\/span><\/h2>\n\n\n\n<p><a href=\"https:\/\/www.sisinternational.com\/pt\/\"><span style=\"font-weight: 400;\">SIS Internacional<\/span><\/a><span style=\"font-weight: 400;\"> oferece pesquisa quantitativa, qualitativa e estrat\u00e9gica. Fornecemos dados, ferramentas, estrat\u00e9gias, relat\u00f3rios e insights para a tomada de decis\u00f5es. Tamb\u00e9m realizamos entrevistas, pesquisas, grupos focais e outros m\u00e9todos e abordagens de Pesquisa de Mercado.<\/span><a href=\"https:\/\/www.sisinternational.com\/pt\/sobre-a-sis-international-research\/contact-sis-international-market-research\/\"><span style=\"font-weight: 400;\"> Entre em contato conosco<\/span><\/a><span style=\"font-weight: 400;\"> para o seu pr\u00f3ximo projeto de pesquisa de mercado.<\/span><\/p>\n\n\n\n<p><\/p>","protected":false},"excerpt":{"rendered":"<p>A SIS fornece pesquisas de mercado qualitativas e quantitativas em Svalbard e Jan Mayen.<\/p>","protected":false},"author":1,"featured_media":70104,"parent":14510,"menu_order":54,"comment_status":"closed","ping_status":"closed","template":"","meta":{"footnotes":""},"class_list":["post-40287","page","type-page","status-publish","has-post-thumbnail"],"_links":{"self":[{"href":"https:\/\/www.sisinternational.com\/pt\/wp-json\/wp\/v2\/pages\/40287","targetHints":{"allow":["GET"]}}],"collection":[{"href":"https:\/\/www.sisinternational.com\/pt\/wp-json\/wp\/v2\/pages"}],"about":[{"href":"https:\/\/www.sisinternational.com\/pt\/wp-json\/wp\/v2\/types\/page"}],"author":[{"embeddable":true,"href":"https:\/\/www.sisinternational.com\/pt\/wp-json\/wp\/v2\/users\/1"}],"replies":[{"embeddable":true,"href":"https:\/\/www.sisinternational.com\/pt\/wp-json\/wp\/v2\/comments?post=40287"}],"version-history":[{"count":6,"href":"https:\/\/www.sisinternational.com\/pt\/wp-json\/wp\/v2\/pages\/40287\/revisions"}],"predecessor-version":[{"id":78829,"href":"https:\/\/www.sisinternational.com\/pt\/wp-json\/wp\/v2\/pages\/40287\/revisions\/78829"}],"up":[{"embeddable":true,"href":"https:\/\/www.sisinternational.com\/pt\/wp-json\/wp\/v2\/pages\/14510"}],"wp:featuredmedia":[{"embeddable":true,"href":"https:\/\/www.sisinternational.com\/pt\/wp-json\/wp\/v2\/media\/70104"}],"wp:attachment":[{"href":"https:\/\/www.sisinternational.com\/pt\/wp-json\/wp\/v2\/media?parent=40287"}],"curies":[{"name":"wp","href":"https:\/\/api.w.org\/{rel}","templated":true}]}}