{"id":40227,"date":"2022-04-27T05:05:23","date_gmt":"2022-04-27T05:05:23","guid":{"rendered":"https:\/\/www.sisinternational.com\/?page_id=40227"},"modified":"2025-09-25T00:07:56","modified_gmt":"2025-09-25T04:07:56","slug":"pesquisa-de-mercado-de-telecomunicacoes","status":"publish","type":"page","link":"https:\/\/www.sisinternational.com\/pt\/pericia\/pesquisa-de-mercado-de-telecomunicacoes\/","title":{"rendered":"Pesquisa de mercado de telecomunica\u00e7\u00f5es (5G e 6G)"},"content":{"rendered":"<h1 class=\"wp-block-heading\">Pesquisa de mercado de telecomunica\u00e7\u00f5es (5G e 6G)<\/h1>\n\n\n\n<figure class=\"gb-block-image gb-block-image-36364485\"><img loading=\"lazy\" decoding=\"async\" width=\"1456\" height=\"816\" class=\"gb-image gb-image-36364485\" src=\"https:\/\/www.sisinternational.com\/wp-content\/uploads\/2025\/08\/Smarrtphone-5g-10.jpg\" alt=\"Pesquisa e Estrat\u00e9gia de Mercado Internacional da SIS\" title=\"Smarrtphone 5g (10)\" srcset=\"https:\/\/www.sisinternational.com\/wp-content\/uploads\/2025\/08\/Smarrtphone-5g-10.jpg 1456w, https:\/\/www.sisinternational.com\/wp-content\/uploads\/2025\/08\/Smarrtphone-5g-10-300x168.jpg 300w, https:\/\/www.sisinternational.com\/wp-content\/uploads\/2025\/08\/Smarrtphone-5g-10-1024x574.jpg 1024w, https:\/\/www.sisinternational.com\/wp-content\/uploads\/2025\/08\/Smarrtphone-5g-10-768x430.jpg 768w, https:\/\/www.sisinternational.com\/wp-content\/uploads\/2025\/08\/Smarrtphone-5g-10-18x10.jpg 18w\" sizes=\"auto, (max-width: 1456px) 100vw, 1456px\"><\/figure>\n\n\n\n<p><\/p>\n\n\n\n<h2 class=\"wp-block-heading\">O que \u00e9 Telecomunica\u00e7\u00e3o?<\/h2>\n\n\n\n<p>Telecommunication, or telecom is the passing of information over great distances. This data passes in words, video, voice, or audio. Thus, the Telecommunication sector comprises three things. These are the companies, the devices, and the infrastructure that make information-sharing possible. Some of the devices in telecom are phones, fiberoptic cables, and satellites.<\/p>\n\n\n\n<p>As redes m\u00f3veis, agrupadas por gera\u00e7\u00e3o, tamb\u00e9m fazem parte das telecomunica\u00e7\u00f5es. 5G e 6G s\u00e3o a 5\u00aa e 6\u00aa gera\u00e7\u00f5es dessas redes. 5G \u00e9 100 vezes mais r\u00e1pido que 4G. Quando o 6G estiver pronto para uso, ser\u00e1 ainda mais r\u00e1pido que o 5G.<\/p>\n\n\n\n<h2 class=\"wp-block-heading\">Por que as telecomunica\u00e7\u00f5es 5G e 6G s\u00e3o importantes<\/h2>\n\n\n\n<p>No mundo de hoje, as telecomunica\u00e7\u00f5es s\u00e3o vitais. \u00c9 a melhor forma de comunica\u00e7\u00e3o r\u00e1pida e generalizada. O mundo de hoje est\u00e1 muito mais conectado do que no passado. Agora, as coisas que acontecem num lado do mundo t\u00eam um impacto mais significativo em todo o mundo. Portanto, \u00e9 essencial ter servi\u00e7os r\u00e1pidos e confi\u00e1veis como o 5G. Por exemplo, com o 5G, os hospitais podem fazer diagn\u00f3sticos remotos r\u00e1pidos. Os dados 5G tamb\u00e9m podem melhorar os padr\u00f5es de tr\u00e1fego e tornar as ruas mais seguras para todos.<\/p>\n\n\n\n<p>The 6G network will improve the things that 5G networks do. It will be 100 times faster than 5G. This increase in speed means that the transfer of information will occur in real-time. Furthermore, 6G will enhance Artificial Intelligence. It will improve the quality of <a href=\"https:\/\/www.sisinternational.com\/pt\/solucoes\/pesquisa-de-consultoria-em-estrategia-fintech\/consultoria-de-aquisicao-de-clientes-de-servicos-financeiros\/\" title=\"Consultoria de aquisi\u00e7\u00e3o de clientes de servi\u00e7os financeiros\"  data-wpil-monitor-id=\"8912\">service that customers<\/a> get.<\/p>\n\n\n\n<h2 class=\"wp-block-heading\">Aqui est\u00e3o alguns empregos importantes em Telecomunica\u00e7\u00f5es<\/h2>\n\n\n\n<ul class=\"wp-block-list\">\n<li>T\u00e9cnico de telecomunica\u00e7\u00f5es<\/li>\n\n\n\n<li>Analista de informa\u00e7\u00f5es<\/li>\n\n\n\n<li>Engenheiro de telecomunica\u00e7\u00f5es<\/li>\n\n\n\n<li>Engenheiro VoIP<\/li>\n\n\n\n<li>Programador de computador<\/li>\n\n\n\n<li>Instalador de cabos<\/li>\n<\/ul>\n\n\n\n<h2 class=\"wp-block-heading\">Por que as empresas precisam de telecomunica\u00e7\u00f5es 5G e 6G?<\/h2>\n\n\n\n<h3 class=\"wp-block-heading\">Comunica\u00e7\u00e3o mais r\u00e1pida e melhor<\/h3>\n\n\n\n<p>Some <a href=\"https:\/\/www.sisinternational.com\/pt\/solucoes\/pesquisa-de-mercado-consumidor\/\" title=\"Consumer Market Research Services for Smarter Business Decisions\"  data-wpil-monitor-id=\"8916\">neg\u00f3cios<\/a> rely on telecommunications to give their service to clients. Call centers are an example of this type of company. If they want to provide quality service, they need great telecom. With 5G, the audio for their calls will be better. The company will also have fewer dropped calls. They will meet the needs of more clients and do their jobs faster.<\/p>\n\n\n\n<h3 class=\"wp-block-heading\">Mais capacidade do dispositivo<\/h3>\n\n\n\n<p>It may seem like any number of devices can connect to a network, but this is not true. Networks have a limited number of devices and data transmission they can handle at once. But offices are growing, and they have more devices and use more data. The 4G network cannot deal with this immense workload. This network only supports 2000 devices per 0.38 square miles. But the 5G network can service up to one million devices. Thus, if a company plans to grow, it should have a network that will support the growth.<\/p>\n\n\n\n<h3 class=\"wp-block-heading\">Melhor conex\u00e3o<\/h3>\n\n\n\n<p>O 6G ainda est\u00e1 em desenvolvimento, mas as empresas podem ver seus benef\u00edcios. No futuro, a comunica\u00e7\u00e3o remota com clientes e colegas de trabalho acontecer\u00e1 mais. O 6G permite que esse processo seja 100 vezes mais r\u00e1pido e melhor do que hoje. As reuni\u00f5es online ter\u00e3o menos interrup\u00e7\u00f5es na rede. Al\u00e9m disso, os clientes de telecomunica\u00e7\u00f5es obter\u00e3o um servi\u00e7o excelente em qualquer lugar com um alcance de servi\u00e7o mais amplo.<\/p>\n\n\n\n<h2 class=\"wp-block-heading\">Sobre Pesquisa de Mercado de Telecomunica\u00e7\u00f5es (5G e 6G)<\/h2>\n\n\n\n<p>Neither 5G nor 6G is mainstream yet. Many <a href=\"https:\/\/www.sisinternational.com\/pt\/estrategia-de-campanha-de-marketing-multiplataforma-para-uma-holding-e-conglomerado-empresarial-dos-emirados\/\" title=\"Servi\u00e7os de publicidade multicultural para uma holding e conglomerado empresarial dos Emirados\"  data-wpil-monitor-id=\"8913\">companies still use 4G to do business<\/a>. Still, there is much research happening in this area. For example, we use <a href=\"https:\/\/www.sisinternational.com\/pt\/how-to-design-effective-surveys-for-quantitative-research\/\" title=\"How to Design Effective Surveys for Quantitative Research\"  data-wpil-monitor-id=\"8910\">Quantitative and Qualitative research<\/a> to find ways to use 5G and 6G.<\/p>\n\n\n\n<p>Antes de as empresas decidirem mudar para estas redes, devem fazer pesquisas. Como a \u00e1rea ainda \u00e9 nova, at\u00e9 mesmo para os cientistas, os empres\u00e1rios devem fazer o poss\u00edvel para acompanh\u00e1-la. Dessa forma, a empresa ter\u00e1 todas as informa\u00e7\u00f5es sobre como isso ir\u00e1 benefici\u00e1-la e aos consumidores.<\/p>\n\n\n\n<p><a href=\"https:\/\/www.sisinternational.com\/pt\/empresa-lider-global-em-grupos-focais\/\" title=\"Empresa l\u00edder global em grupos focais\"  data-wpil-monitor-id=\"8909\">Companies can use focus groups<\/a>, interviews, and surveys to get information. With the feedback, the company can make network improvements. It\u2019s the best <a href=\"https:\/\/www.sisinternational.com\/pt\/analise-de-satisfacao-do-cliente\/\" title=\"8 maneiras de aumentar a satisfa\u00e7\u00e3o do cliente no varejo\"  data-wpil-monitor-id=\"8915\">way to keep the customers<\/a> satisfied.<\/p>\n\n\n\n<p><\/p>","protected":false},"excerpt":{"rendered":"<p>Telecomunica\u00e7\u00e3o \u00e9 a transmiss\u00e3o de informa\u00e7\u00f5es por longas dist\u00e2ncias em v\u00e1rios formatos, como \u00e1udio, v\u00eddeo e dados.<\/p>","protected":false},"author":1,"featured_media":63118,"parent":14514,"menu_order":121,"comment_status":"closed","ping_status":"closed","template":"","meta":{"footnotes":""},"class_list":["post-40227","page","type-page","status-publish","has-post-thumbnail"],"_links":{"self":[{"href":"https:\/\/www.sisinternational.com\/pt\/wp-json\/wp\/v2\/pages\/40227","targetHints":{"allow":["GET"]}}],"collection":[{"href":"https:\/\/www.sisinternational.com\/pt\/wp-json\/wp\/v2\/pages"}],"about":[{"href":"https:\/\/www.sisinternational.com\/pt\/wp-json\/wp\/v2\/types\/page"}],"author":[{"embeddable":true,"href":"https:\/\/www.sisinternational.com\/pt\/wp-json\/wp\/v2\/users\/1"}],"replies":[{"embeddable":true,"href":"https:\/\/www.sisinternational.com\/pt\/wp-json\/wp\/v2\/comments?post=40227"}],"version-history":[{"count":3,"href":"https:\/\/www.sisinternational.com\/pt\/wp-json\/wp\/v2\/pages\/40227\/revisions"}],"predecessor-version":[{"id":81495,"href":"https:\/\/www.sisinternational.com\/pt\/wp-json\/wp\/v2\/pages\/40227\/revisions\/81495"}],"up":[{"embeddable":true,"href":"https:\/\/www.sisinternational.com\/pt\/wp-json\/wp\/v2\/pages\/14514"}],"wp:featuredmedia":[{"embeddable":true,"href":"https:\/\/www.sisinternational.com\/pt\/wp-json\/wp\/v2\/media\/63118"}],"wp:attachment":[{"href":"https:\/\/www.sisinternational.com\/pt\/wp-json\/wp\/v2\/media?parent=40227"}],"curies":[{"name":"wp","href":"https:\/\/api.w.org\/{rel}","templated":true}]}}