{"id":40225,"date":"2022-04-27T05:01:01","date_gmt":"2022-04-27T05:01:01","guid":{"rendered":"https:\/\/www.sisinternational.com\/?page_id=40225"},"modified":"2026-01-25T16:41:19","modified_gmt":"2026-01-25T21:41:19","slug":"pesquisa-de-mercado-em-supermercados","status":"publish","type":"page","link":"https:\/\/www.sisinternational.com\/pt\/pericia\/pesquisa-de-mercado-em-supermercados\/","title":{"rendered":"Pesquisa de mercado de supermercado"},"content":{"rendered":"<h1 class=\"wp-block-heading\">Pesquisa de mercado de supermercado<\/h1>\n\n\n\n<figure class=\"gb-block-image gb-block-image-f339065b\"><img loading=\"lazy\" decoding=\"async\" width=\"1456\" height=\"816\" class=\"gb-image gb-image-f339065b\" src=\"https:\/\/www.sisinternational.com\/wp-content\/uploads\/2025\/09\/Packaged-goods-2-1.jpg\" alt=\"Pesquisa e Estrat\u00e9gia de Mercado Internacional da SIS\" title=\"Packaged goods (2)\" srcset=\"https:\/\/www.sisinternational.com\/wp-content\/uploads\/2025\/09\/Packaged-goods-2-1.jpg 1456w, https:\/\/www.sisinternational.com\/wp-content\/uploads\/2025\/09\/Packaged-goods-2-1-300x168.jpg 300w, https:\/\/www.sisinternational.com\/wp-content\/uploads\/2025\/09\/Packaged-goods-2-1-1024x574.jpg 1024w, https:\/\/www.sisinternational.com\/wp-content\/uploads\/2025\/09\/Packaged-goods-2-1-768x430.jpg 768w, https:\/\/www.sisinternational.com\/wp-content\/uploads\/2025\/09\/Packaged-goods-2-1-18x10.jpg 18w\" sizes=\"auto, (max-width: 1456px) 100vw, 1456px\"><\/figure>\n\n\n\n<p><\/p>\n\n\n\n<hr class=\"wp-block-separator has-alpha-channel-opacity is-style-dots\"\/>\n\n\n\n<p>Um supermercado \u00e9 uma grande loja de varejo. Essas superlojas s\u00e3o muito cuidadosas com a coloca\u00e7\u00e3o dos produtos. Eles posicionam os itens de forma que seja mais f\u00e1cil para os clientes localizarem e escolherem o que desejam. Os supermercados ofereciam mantimentos, alimentos e latic\u00ednios nos primeiros dias. Eles vendem itens n\u00e3o alimentares, como cosm\u00e9ticos e produtos dom\u00e9sticos no mundo de hoje.<\/p>\n\n\n\n<p><\/p>\n\n\n\n<h2 class=\"wp-block-heading\">Por que um supermercado \u00e9 importante?<\/h2>\n\n\n\n<h3 class=\"wp-block-heading\">Pre\u00e7o fixo e produtos de qualidade.<\/h3>\n\n\n\n<p>N\u00e3o h\u00e1 negocia\u00e7\u00e3o com os pre\u00e7os dos produtos nos supermercados. Como resultado, eles vendem produtos padronizados. Os clientes acreditam que est\u00e3o pagando o pre\u00e7o certo pelos produtos corretos e na quantidade certa.<\/p>\n\n\n\n<h3 class=\"wp-block-heading\">Disponibilidade de uma variedade de bens e necessidades di\u00e1rias<\/h3>\n\n\n\n<p>Os supermercados mant\u00eam uma grande variedade de produtos colocados em uma ordem espec\u00edfica. Assim, os clientes t\u00eam f\u00e1cil acesso aos produtos que desejam adquirir. Al\u00e9m disso, os supermercados abrigam quase todos os produtos de que os consumidores necessitam diariamente e regularmente. Assim, eles n\u00e3o precisam se deslocar de um local para outro para realizar suas compras.<\/p>\n\n\n\n<h2 class=\"wp-block-heading\">Principais cargos<\/h2>\n\n\n\n<h3 class=\"wp-block-heading\">Almoxarife<\/h3>\n\n\n\n<p>Os estoquistas garantem que os compradores tenham acesso r\u00e1pido aos produtos que procuram. Eles tamb\u00e9m organizam a exposi\u00e7\u00e3o e armazenamento dos produtos.<\/p>\n\n\n\n<h3 class=\"wp-block-heading\">Caixa<\/h3>\n\n\n\n<p>Most buyers load their purchases into a trolley and have them checked by the cashier, who scans the customer\u2019s items and takes payment for the goods. Also, cashiers must be quick with ringing up customers\u2019 purchases and price calculations. It\u2019s the best <a href=\"https:\/\/www.sisinternational.com\/pt\/analise-de-satisfacao-do-cliente\/\" title=\"8 maneiras de aumentar a satisfa\u00e7\u00e3o do cliente no varejo\"  data-wpil-monitor-id=\"10208\">way for customers<\/a> to avoid another long queue.<\/p>\n\n\n\n<h3 class=\"wp-block-heading\">Ensacadores<\/h3>\n\n\n\n<p>Um empacotador ajuda o cliente a colocar seus itens em sacolas no caixa. Os ensacadores tamb\u00e9m podem ajudar a levar os mantimentos at\u00e9 o ve\u00edculo do cliente. Eles fornecem outros servi\u00e7os mediante solicita\u00e7\u00e3o.<\/p>\n\n\n\n<h3 class=\"wp-block-heading\">Escritur\u00e1rio de recebimento ou expedidor<\/h3>\n\n\n\n<p>The clerks are in charge of keeping a stock count. They also determine the <a href=\"https:\/\/www.sisinternational.com\/pt\/solucoes\/solucoes-de-branding-e-pesquisa-de-clientes\/pesquisa-de-mercado-para-testes-de-produtos\/new-product-concept-testing-methods\/\" title=\"New Product Concept Testing Methods\"  data-wpil-monitor-id=\"10205\">methods for incoming and outgoing product<\/a> shipping.<\/p>\n\n\n\n<h2 class=\"wp-block-heading\">Por que as empresas precisam de pesquisas de mercado em supermercados?<\/h2>\n\n\n\n<p>N\u00e3o podemos comparar a comodidade de fazer compras no supermercado com a do mercado local. Listamos abaixo alguns motivos pelos quais a pesquisa de mercado de supermercados \u00e9 importante.<\/p>\n\n\n\n<ul class=\"wp-block-list\">\n<li><a href=\"https:\/\/www.sisinternational.com\/pt\/pericia\/industrias\/pesquisa-de-mercado-de-desenvolvimento-de-baixo-codigo\/\" title=\"Pesquisa de mercado de desenvolvimento de baixo c\u00f3digo\"  data-wpil-monitor-id=\"10199\">Pesquisa de mercado<\/a> can help a supermarket to develop an effective marketing strategy.<\/li>\n\n\n\n<li>Informa aos supermercados as escolhas e prefer\u00eancias do seu p\u00fablico-alvo.<\/li>\n\n\n\n<li>Ele fornece informa\u00e7\u00f5es essenciais sobre seus concorrentes.<\/li>\n\n\n\n<li>Isso lhes d\u00e1 uma ideia do que seria necess\u00e1rio para ter sucesso no mercado.<\/li>\n\n\n\n<li>It informs their <a class=\"wpil_keyword_link\" href=\"https:\/\/www.sisinternational.com\/pt\/solucoes\/solucoes-de-estrategia-de-vendas\/\"   title=\"Solu\u00e7\u00f5es de vendas e estrat\u00e9gia\" data-wpil-keyword-link=\"linked\"  data-wpil-monitor-id=\"737\">estrat\u00e9gia de vendas<\/a>.<\/li>\n\n\n\n<li>Ajuda a reduzir perdas.<\/li>\n<\/ul>\n\n\n\n<h2 class=\"wp-block-heading\">Fatores importantes de sucesso<\/h2>\n\n\n\n<p>Many people see supermarkets as the best places to shop. But there are also certain factors and disadvantages that they face. To succeed, a supermarket must pay heed to the following:<\/p>\n\n\n\n<ul class=\"wp-block-list\">\n<li>Alugue ou possua instala\u00e7\u00f5es sempre que poss\u00edvel. Como a maioria dos supermercados tende a estar em localiza\u00e7\u00f5es privilegiadas, os alugu\u00e9is tendem a ser altos.<\/li>\n\n\n\n<li>Tenha em mente que os supermercados podem n\u00e3o ser adequados para vilas e cidades pequenas.<\/li>\n\n\n\n<li>Tenha uma boa fonte de financiamento. Abrir um supermercado requer um grande investimento de capital.<\/li>\n\n\n\n<li>Selecione uma equipe de gest\u00e3o competente.<\/li>\n\n\n\n<li>Se os sal\u00e1rios forem baixos, os funcion\u00e1rios deixar\u00e3o seus empregos em busca de novos.<\/li>\n<\/ul>\n\n\n\n<h2 class=\"wp-block-heading\">Sobre pesquisa de mercado de supermercados<\/h2>\n\n\n\n<p>Mercado <a href=\"https:\/\/www.sisinternational.com\/pt\/solucoes\/consultoria-em-hotelaria-e-turismo-em-viagens\/pesquisa-de-mercado-de-viagens-de-negocios\/\" title=\"Pesquisa de mercado de viagens de neg\u00f3cios\"  data-wpil-monitor-id=\"10201\">pesquisar<\/a> is vital when starting a new business or expanding an existing one. <a href=\"https:\/\/www.sisinternational.com\/pt\/publicacoes\/pesquisa-de-mercado-de-negocios-escalaveis-7-maneiras-de-construir-um-negocio-escalavel\/\" title=\"Pesquisa de mercado de neg\u00f3cios escal\u00e1veis: 7 maneiras de construir um neg\u00f3cio escal\u00e1vel\"  data-wpil-monitor-id=\"10196\">Market research also helps with business<\/a> plans. Furthermore, it enables your company to know your customers\u2019 thinking and buying patterns. Also, it helps to look into the do\u2019s and don\u2019ts of the business place, so you can make it the ideal place for your business.<\/p>\n\n\n\n<p>Nosso <a href=\"https:\/\/www.sisinternational.com\/pt\/cobertura\/pesquisa-de-mercado-asia\/market-research-in-china-2\/pesquisa-empresa-de-pesquisa-de-mercado-china\/\" title=\"Empresa de pesquisa de mercado na China\"  data-wpil-monitor-id=\"10203\">company conducts live interviews and surveys<\/a>. We collect data on your customers\u2019 opinions. SIS International also runs focus groups, a well-known <a href=\"https:\/\/www.sisinternational.com\/pt\/quantitative-market-research-methods-and-techniques\/\" title=\"Quantitative Market Research Methods and Techniques\"  data-wpil-monitor-id=\"10192\">market research technique<\/a> for gathering detailed information. We can learn about your customers\u2019 actual points of view through focus groups. Furthermore, <a href=\"https:\/\/www.sisinternational.com\/pt\/qualitative-research-to-enhance-customer-experience\/\" title=\"Qualitative Research to Enhance Customer Experience\"  data-wpil-monitor-id=\"10188\">Qualitative Research assists us in comprehending customer<\/a> behavior. It also identifies the factors that influence products repurchase. Quantitative analysis provides us with unbiased information about your customers\u2019 purchasing habits. We conduct <a href=\"https:\/\/www.sisinternational.com\/pt\/pericia\/industrias\/pesquisa-de-mercado-de-computacao-quantica\/\" title=\"Pesquisa de mercado de computa\u00e7\u00e3o qu\u00e2ntica\"  data-wpil-monitor-id=\"3697\">market strategy research<\/a> to help you save money and ensure the success of your business.<\/p>\n\n\n\n<p><\/p>","protected":false},"excerpt":{"rendered":"<p>A pesquisa de mercado ajuda os supermercados a compreender seu p\u00fablico-alvo, concorrentes e estrat\u00e9gia de vendas, ao mesmo tempo que reduz as perdas.<\/p>","protected":false},"author":1,"featured_media":67286,"parent":14514,"menu_order":120,"comment_status":"closed","ping_status":"closed","template":"","meta":{"footnotes":""},"class_list":["post-40225","page","type-page","status-publish","has-post-thumbnail"],"_links":{"self":[{"href":"https:\/\/www.sisinternational.com\/pt\/wp-json\/wp\/v2\/pages\/40225","targetHints":{"allow":["GET"]}}],"collection":[{"href":"https:\/\/www.sisinternational.com\/pt\/wp-json\/wp\/v2\/pages"}],"about":[{"href":"https:\/\/www.sisinternational.com\/pt\/wp-json\/wp\/v2\/types\/page"}],"author":[{"embeddable":true,"href":"https:\/\/www.sisinternational.com\/pt\/wp-json\/wp\/v2\/users\/1"}],"replies":[{"embeddable":true,"href":"https:\/\/www.sisinternational.com\/pt\/wp-json\/wp\/v2\/comments?post=40225"}],"version-history":[{"count":6,"href":"https:\/\/www.sisinternational.com\/pt\/wp-json\/wp\/v2\/pages\/40225\/revisions"}],"predecessor-version":[{"id":81685,"href":"https:\/\/www.sisinternational.com\/pt\/wp-json\/wp\/v2\/pages\/40225\/revisions\/81685"}],"up":[{"embeddable":true,"href":"https:\/\/www.sisinternational.com\/pt\/wp-json\/wp\/v2\/pages\/14514"}],"wp:featuredmedia":[{"embeddable":true,"href":"https:\/\/www.sisinternational.com\/pt\/wp-json\/wp\/v2\/media\/67286"}],"wp:attachment":[{"href":"https:\/\/www.sisinternational.com\/pt\/wp-json\/wp\/v2\/media?parent=40225"}],"curies":[{"name":"wp","href":"https:\/\/api.w.org\/{rel}","templated":true}]}}