{"id":40221,"date":"2022-04-27T04:48:15","date_gmt":"2022-04-27T04:48:15","guid":{"rendered":"https:\/\/www.sisinternational.com\/?page_id=40221"},"modified":"2026-03-12T12:45:40","modified_gmt":"2026-03-12T16:45:40","slug":"tecnologia-medica-pesquisa-de-mercado-de-tecnologia-medica","status":"publish","type":"page","link":"https:\/\/www.sisinternational.com\/pt\/solucoes\/pesquisa-de-mercado-de-saude\/tecnologia-medica-pesquisa-de-mercado-de-tecnologia-medica\/","title":{"rendered":"Pesquisa de mercado de tecnologia m\u00e9dica (Med Tech)"},"content":{"rendered":"<h1 class=\"wp-block-heading\">Pesquisa de mercado de tecnologia m\u00e9dica (Med Tech)<\/h1>\n\n\n\n<figure class=\"gb-block-image gb-block-image-6a4dc351\"><img loading=\"lazy\" decoding=\"async\" width=\"1456\" height=\"816\" class=\"gb-image gb-image-6a4dc351\" src=\"https:\/\/www.sisinternational.com\/wp-content\/uploads\/2025\/09\/Medicine-2.jpg\" alt=\"Pesquisa e Estrat\u00e9gia de Mercado Internacional da SIS\" title=\"Medicine (2)\" srcset=\"https:\/\/www.sisinternational.com\/wp-content\/uploads\/2025\/09\/Medicine-2.jpg 1456w, https:\/\/www.sisinternational.com\/wp-content\/uploads\/2025\/09\/Medicine-2-300x168.jpg 300w, https:\/\/www.sisinternational.com\/wp-content\/uploads\/2025\/09\/Medicine-2-1024x574.jpg 1024w, https:\/\/www.sisinternational.com\/wp-content\/uploads\/2025\/09\/Medicine-2-768x430.jpg 768w, https:\/\/www.sisinternational.com\/wp-content\/uploads\/2025\/09\/Medicine-2-18x10.jpg 18w\" sizes=\"auto, (max-width: 1456px) 100vw, 1456px\"><\/figure>\n\n\n\n<p><\/p>\n\n\n\n<h2 class=\"wp-block-heading\">O que \u00e9 tecnologia m\u00e9dica?<\/h2>\n\n\n\n<p>A tecnologia m\u00e9dica est\u00e1 ao nosso redor e n\u00e3o \u00e9 t\u00e3o complexa quanto parece. Os band-aids que usamos s\u00e3o exemplos. Os \u00f3culos que as pessoas usam tamb\u00e9m s\u00e3o exemplos. A tecnologia m\u00e9dica pode ser t\u00e3o simples. Tamb\u00e9m tem usos mais complexos, como ferramentas utilizadas em cirurgias e exames feitos em hospitais. A tecnologia m\u00e9dica aplica a ci\u00eancia para ajudar a prevenir ou curar doen\u00e7as e salvar vidas. N\u00e3o \u00e9 um campo novo e tem visto muitas mudan\u00e7as ao longo de v\u00e1rios s\u00e9culos. Agora, a tecnologia m\u00e9dica que temos est\u00e1 se desenvolvendo em ritmo acelerado. Ele salva milh\u00f5es de vidas todos os anos.<\/p>\n\n\n\n<h2 class=\"wp-block-heading\">Por que a tecnologia m\u00e9dica \u00e9 importante?<\/h2>\n\n\n\n<p>A tecnologia m\u00e9dica \u00e9 essencial porque, sem ela, muitas pessoas sofreriam. Esses produtos ajudam a diagnosticar e tratar doen\u00e7as. Outro uso da tecnologia m\u00e9dica \u00e9 permitir que os especialistas em sa\u00fade descubram o que est\u00e1 errado com anteced\u00eancia suficiente para tratar a doen\u00e7a. Saber o que est\u00e1 errado mais cedo salva a vida de mais pessoas. A Med-tech tamb\u00e9m permite tratamentos mais bem-sucedidos. Com dispositivos mais avan\u00e7ados, podemos fazer mais para lidar com as doen\u00e7as. Cirurgias que antes n\u00e3o eram poss\u00edveis agora s\u00e3o a norma. Eles tamb\u00e9m ajudam na preven\u00e7\u00e3o de doen\u00e7as. Luvas e m\u00e1scaras, por exemplo, ajudam a prevenir enjoos. Esses benef\u00edcios facilitam a vida dos profissionais de sa\u00fade. Tamb\u00e9m salvar\u00e1 os pacientes do sofrimento.<\/p>\n\n\n\n<h2 class=\"wp-block-heading\">Principais cargos<\/h2>\n\n\n\n<p>The field of med-tech is broad. It links to many careers. People have to come up with ideas, test them, and launch them. Many jobs work together to bring a <a href=\"https:\/\/www.sisinternational.com\/pt\/solucoes\/teste-de-sabor\/servicos-de-teste-de-produtos-em-nova-york\/\" title=\"Servi\u00e7os de teste de produtos em Nova York\"  data-wpil-monitor-id=\"9569\">product or service<\/a> to life from start to finish. These careers call for a bachelor\u2019s degree in medical laboratory technology, life science, biology, or chemistry.<\/p>\n\n\n\n<p>Os principais cargos incluem:<\/p>\n\n\n\n<ul class=\"wp-block-list\">\n<li><strong>T\u00e9cnicos<\/strong>: medical records, clinical laboratory, medical appliance, and research laboratory technicians<\/li>\n\n\n\n<li><strong>Tecn\u00f3logos<\/strong>: Resson\u00e2ncia magn\u00e9tica, radiologistas e t\u00e9cnicos m\u00e9dicos<\/li>\n<\/ul>\n\n\n\n<h2 class=\"wp-block-heading\">Por que as empresas precisam de tecnologia m\u00e9dica<\/h2>\n\n\n\n<p>Businesses need medical technology for many reasons. It is a necessary and fast-growing field that can bring profits if invested well. Companies that go into the field of med-tech will have a broad <a href=\"https:\/\/www.sisinternational.com\/pt\/empresa-lider-em-estrategia-de-entrada-no-mercado-b2b\/\" title=\"Melhor empresa de estrat\u00e9gia de entrada no mercado B2B\"  data-wpil-monitor-id=\"9571\">market<\/a>. They will attract an extensive client base once your business makes top-quality goods that will help it succeed. Companies can make safety gear, medical tools, or offer health services. They can also produce testing kits, vaccines, and ventilators. These products and <a href=\"https:\/\/www.sisinternational.com\/pt\/solucoes\/solucoes-de-pesquisa-quantitativa-qualitativa\/pesquisa-de-mercado-de-servicos-de-campo\/\" title=\"Pesquisa de mercado de servi\u00e7os de campo\"  data-wpil-monitor-id=\"9567\">services are lifesavers in the field<\/a> of med-tech.<\/p>\n\n\n\n<h2 class=\"wp-block-heading\">Principais fatores de sucesso<\/h2>\n\n\n\n<p>In medical technology, there is a lot to think about for a business to thrive. Companies need a commitment to producing quality goods. They also have to make sure that their services are reliable and consistent. Investing in the right experts to guide your products and services goes a long way. It\u2019s a well-regulated area, so <a href=\"https:\/\/www.sisinternational.com\/pt\/principais-fatores-de-sucesso-na-pesquisa-de-mercado-automotivo\/\" title=\"Principais fatores de sucesso na pesquisa de mercado automotivo\"  data-wpil-monitor-id=\"9570\">research is also critical for success<\/a>. <a href=\"https:\/\/www.sisinternational.com\/pt\/pericia\/industrias\/pesquisa-de-produto\/\" title=\"Pesquisa de produto\"  data-wpil-monitor-id=\"9565\">Products need ongoing research<\/a>. A business in med-tech may be plenty of work, but it can be very successful.<\/p>\n\n\n\n<h2 class=\"wp-block-heading\">Sobre tecnologia m\u00e9dica<\/h2>\n\n\n\n<p><a href=\"https:\/\/www.sisinternational.com\/pt\/pericia\/industrias\/pesquisa-de-mercado-de-dispositivos-medicos\/\" title=\"Pesquisa de mercado de dispositivos m\u00e9dicos\"  data-wpil-monitor-id=\"3169\">Medical Technology calls for lots of research<\/a> to stay updated with the science, which gets better each day. Then, the <a href=\"https:\/\/www.sisinternational.com\/pt\/pericia\/curriculos-de-experiencia\/pesquisa-de-marca\/\" title=\"Empresa de pesquisa de marca\"  data-wpil-monitor-id=\"9566\">company may have to do further research<\/a> on which products\/services are suitable investments. They also need to find out how best to produce and what is best for the health of their consumers. Being <a href=\"https:\/\/www.sisinternational.com\/pt\/solucoes\/pesquisa-de-mercado-de-reconhecimento-de-marca-b2b\/\" title=\"Pesquisa de mercado de conscientiza\u00e7\u00e3o da marca B2B\"  data-wpil-monitor-id=\"9568\">aware of the market\u2019s<\/a> needs is vital. <a href=\"https:\/\/www.sisinternational.com\/pt\/sampling-techniques-in-qualitative-research-the-complete-guide-to-choosing-the-right-method\/\" title=\"Sampling Techniques in Qualitative Research: The Complete Guide to Choosing the Right Method\"  data-wpil-monitor-id=\"9564\">Research methods can be qualitative<\/a>, quantitative, or strategy. These methods can take the form of interviews, surveys, focus groups, and experiments.<\/p>\n\n\n\n<p><\/p>","protected":false},"excerpt":{"rendered":"<p>A pesquisa de mercado de tecnologia m\u00e9dica \u00e9 vital. Med Tech \u00e9 um campo amplo que exige muitas profiss\u00f5es para dar vida a um produto ou servi\u00e7o.<\/p>","protected":false},"author":1,"featured_media":70066,"parent":11294,"menu_order":119,"comment_status":"closed","ping_status":"closed","template":"","meta":{"footnotes":""},"class_list":["post-40221","page","type-page","status-publish","has-post-thumbnail"],"_links":{"self":[{"href":"https:\/\/www.sisinternational.com\/pt\/wp-json\/wp\/v2\/pages\/40221","targetHints":{"allow":["GET"]}}],"collection":[{"href":"https:\/\/www.sisinternational.com\/pt\/wp-json\/wp\/v2\/pages"}],"about":[{"href":"https:\/\/www.sisinternational.com\/pt\/wp-json\/wp\/v2\/types\/page"}],"author":[{"embeddable":true,"href":"https:\/\/www.sisinternational.com\/pt\/wp-json\/wp\/v2\/users\/1"}],"replies":[{"embeddable":true,"href":"https:\/\/www.sisinternational.com\/pt\/wp-json\/wp\/v2\/comments?post=40221"}],"version-history":[{"count":5,"href":"https:\/\/www.sisinternational.com\/pt\/wp-json\/wp\/v2\/pages\/40221\/revisions"}],"predecessor-version":[{"id":81594,"href":"https:\/\/www.sisinternational.com\/pt\/wp-json\/wp\/v2\/pages\/40221\/revisions\/81594"}],"up":[{"embeddable":true,"href":"https:\/\/www.sisinternational.com\/pt\/wp-json\/wp\/v2\/pages\/11294"}],"wp:featuredmedia":[{"embeddable":true,"href":"https:\/\/www.sisinternational.com\/pt\/wp-json\/wp\/v2\/media\/70066"}],"wp:attachment":[{"href":"https:\/\/www.sisinternational.com\/pt\/wp-json\/wp\/v2\/media?parent=40221"}],"curies":[{"name":"wp","href":"https:\/\/api.w.org\/{rel}","templated":true}]}}