{"id":40213,"date":"2022-04-27T04:12:39","date_gmt":"2022-04-27T04:12:39","guid":{"rendered":"https:\/\/www.sisinternational.com\/?page_id=40213"},"modified":"2025-09-24T23:13:35","modified_gmt":"2025-09-25T03:13:35","slug":"pesquisa-de-mercado-jersey-europa","status":"publish","type":"page","link":"https:\/\/www.sisinternational.com\/pt\/cobertura\/europa\/pesquisa-de-mercado-jersey-europa\/","title":{"rendered":"Pesquisa de mercado em Jersey, Europa"},"content":{"rendered":"<h1 class=\"wp-block-heading\">Pesquisa de mercado em Jersey, Europa<\/h1>\n\n\n\n<figure class=\"gb-block-image gb-block-image-4c737369\"><img loading=\"lazy\" decoding=\"async\" width=\"1456\" height=\"816\" class=\"gb-image gb-image-4c737369\" src=\"https:\/\/www.sisinternational.com\/wp-content\/uploads\/2025\/09\/Jersey-3.jpg\" alt=\"Pesquisa e Estrat\u00e9gia de Mercado Internacional da SIS\" title=\"Jersey (3)\" srcset=\"https:\/\/www.sisinternational.com\/wp-content\/uploads\/2025\/09\/Jersey-3.jpg 1456w, https:\/\/www.sisinternational.com\/wp-content\/uploads\/2025\/09\/Jersey-3-300x168.jpg 300w, https:\/\/www.sisinternational.com\/wp-content\/uploads\/2025\/09\/Jersey-3-1024x574.jpg 1024w, https:\/\/www.sisinternational.com\/wp-content\/uploads\/2025\/09\/Jersey-3-768x430.jpg 768w, https:\/\/www.sisinternational.com\/wp-content\/uploads\/2025\/09\/Jersey-3-18x10.jpg 18w\" sizes=\"auto, (max-width: 1456px) 100vw, 1456px\"><\/figure>\n\n\n\n<p><\/p>\n\n\n\n<p>Jersey \u00e9 uma das maiores ilhas do Canal, localizada entre a Inglaterra e a Fran\u00e7a. Esta depend\u00eancia brit\u00e2nica aut\u00f4noma tem doze par\u00f3quias e abriga 107.000 pessoas.<\/p>\n\n\n\n<p>Jersey, como as outras ilhas do canal, \u00e9 selvagem e acidentada. As pessoas exibem uma mistura de culturas brit\u00e2nicas e francesas. Os bairros mais bonitos ficam no litoral sul. Se voc\u00ea ficar mais do que alguns dias, poder\u00e1 ver a maioria deles. Voc\u00ea pode visitar todas as partes da ilha alugando um carro usando o servi\u00e7o de \u00f4nibus.<\/p>\n\n\n\n<h2 class=\"wp-block-heading\">Bairros<\/h2>\n\n\n\n<p>Os bairros de Jersey incluem:<\/p>\n\n\n\n<ul class=\"wp-block-list\">\n<li>St. Helier \u2013 a capital de Jersey. \u00c9 o lar de v\u00e1rios museus e atra\u00e7\u00f5es.<\/li>\n\n\n\n<li>St. Aubin &#8211; the <a href=\"https:\/\/www.sisinternational.com\/pt\/pesquisa-de-mercado-nas-cidades-de-segundo-nivel-da-china\/\" title=\"Pesquisa de mercado nas cidades de segundo n\u00edvel da China\"  data-wpil-monitor-id=\"8386\">second largest city<\/a> in Jersey.<\/li>\n\n\n\n<li>St. Brelade \u2013 esta ba\u00eda protegida \u00e9 famosa pelas suas praias ex\u00f3ticas de areia dourada. \u00c9 mundialmente conhecido por sua beleza e limpeza.<\/li>\n\n\n\n<li>Gorey \u2013 esta \u00e1rea \u00e9 excelente para passear.<\/li>\n\n\n\n<li>Grouville- esta \u00e9 outra aldeia com um profundo passado patri\u00f3tico.<\/li>\n<\/ul>\n\n\n\n<h2 class=\"wp-block-heading\">Principais ind\u00fastrias<\/h2>\n\n\n\n<p>As principais ind\u00fastrias em Jersey, na Europa, s\u00e3o:<\/p>\n\n\n\n<ul class=\"wp-block-list\">\n<li>Servi\u00e7os financeiros. Jersey tem um dos centros financeiros globais de maior sucesso.<\/li>\n\n\n\n<li>Setor de tecnologia digital.<\/li>\n\n\n\n<li><a href=\"https:\/\/www.sisinternational.com\/pt\/solucoes\/consultoria-em-hotelaria-e-turismo-em-viagens\/\" title=\"Consultoria em viagens, turismo e hospitalidade\"  data-wpil-monitor-id=\"8383\">Tourism and hospitality<\/a>.<\/li>\n\n\n\n<li>Agricultura e pesca.<\/li>\n\n\n\n<li>Constru\u00e7\u00e3o.<\/li>\n<\/ul>\n\n\n\n<p>Al\u00e9m de suas belas praias, Jersey tamb\u00e9m possui uma variedade de trilhas para caminhada nas fal\u00e9sias. Al\u00e9m disso, a ilha \u00e9 conhecida pelos seus vales interiores e castelos hist\u00f3ricos. Outra coisa pela qual Jersey \u00e9 famosa \u00e9 o seu fascinante passado militar.<\/p>\n\n\n\n<p>Jersey is the perfect place for history buffs. The island served as a staging post for attacks on the <a href=\"https:\/\/www.sisinternational.com\/pt\/cobertura\/as-americas\/pesquisa-de-mercado-no-caribe\/pesquisa-de-mercado-ilhas-virgens-britanicas\/\" title=\"Pesquisa de mercado nas Ilhas Virgens Brit\u00e2nicas\"  data-wpil-monitor-id=\"8388\">British<\/a> Isles throughout the Napoleonic Wars and World War II. One can feel this history all around the island.<\/p>\n\n\n\n<h2 class=\"wp-block-heading\">Benefits and Strengths of the Market in Jersey, Europe<\/h2>\n\n\n\n<p>O clima de neg\u00f3cios em Jersey est\u00e1 crescendo com uma rede de comunica\u00e7\u00f5es bem desenvolvida. Esta rede de alta tecnologia \u00e9 outra vantagem para as empresas, pois \u00e9 confi\u00e1vel e eficiente. Conhecida como Jersey Gigabit, \u00e9 uma das redes Wi-Fi mais r\u00e1pidas do mundo.<\/p>\n\n\n\n<p>Jersey\u2019s people are a further asset, as they tend to have a pro-business mindset. Jersey also has low income and company taxes. It is business-friendly, and some of the world\u2019s major companies like the trading environment. These companies include world-renowned banks and law firms. It also consists of a multinational <a href=\"https:\/\/www.sisinternational.com\/pt\/pericia\/industrias\/pesquisa-de-mercado-de-mineracao-espacial\/\" title=\"Pesquisa de mercado de minera\u00e7\u00e3o espacial\"  data-wpil-monitor-id=\"8380\">mining and research<\/a> company.<\/p>\n\n\n\n<p>Al\u00e9m disso, Jersey tem excelente acesso a consultores profissionais. Outro ponto positivo \u00e9 a sua atitude progressista em ter mais escrit\u00f3rios corporativos para multinacionais. Al\u00e9m disso, iniciar um neg\u00f3cio em Jersey coloca voc\u00ea no centro de um pr\u00f3spero centro de neg\u00f3cios.<\/p>\n\n\n\n<h2 class=\"wp-block-heading\">Base de Consumidores<\/h2>\n\n\n\n<p>Jersey has a robust manufacturing sector. Another key point is that its avenues for the distribution and <a href=\"https:\/\/www.sisinternational.com\/pt\/solucoes\/pesquisa-de-consultoria-em-estrategia-fintech\/engenharia-de-vendas-consultoria-em-servicos-financeiros\/\" title=\"Consultoria em servi\u00e7os financeiros de engenharia de vendas\"  data-wpil-monitor-id=\"8384\">sale of goods and services<\/a> are top-notch. It has a significant impact on the local economy as well. The following goods and services have high consumption rates in Jersey:<\/p>\n\n\n\n<ul class=\"wp-block-list\">\n<li>Restaurantes, caf\u00e9s e locais de servi\u00e7o takeaway<\/li>\n\n\n\n<li><a href=\"https:\/\/www.sisinternational.com\/pt\/pericia\/curriculos-de-experiencia\/alimentos-e-bebidas-na-asia-pacifico-2\/\" title=\"Pesquisa de mercado de alimentos e bebidas na \u00c1sia\"  data-wpil-monitor-id=\"8377\">Alimentos e bebidas<\/a><\/li>\n\n\n\n<li>Roupas e joias<\/li>\n\n\n\n<li>Produtos m\u00e9dicos<\/li>\n\n\n\n<li>Tabaco<\/li>\n\n\n\n<li>Educa\u00e7\u00e3o<\/li>\n\n\n\n<li>Transporte<\/li>\n\n\n\n<li>Assist\u00eancia m\u00e9dica<\/li>\n\n\n\n<li>Entretenimento<\/li>\n<\/ul>\n\n\n\n<h2 class=\"wp-block-heading\">Sobre pesquisa de mercado em Jersey Europa<\/h2>\n\n\n\n<p>Jersey A Europa \u00e9 autogovernada. Possui institui\u00e7\u00f5es financeiras e jur\u00eddicas pr\u00f3prias e um sistema judicial independente. Apesar disso, a Gr\u00e3-Bretanha cuida da defesa militar de Jersey.<\/p>\n\n\n\n<p>Pelo menos, esta ilha est\u00e1 cheia de energia. Da mesma forma, oferece de tudo, desde esportes aqu\u00e1ticos a esportes terrestres e caminhadas em penhascos at\u00e9 estradas rurais. Al\u00e9m disso, tamb\u00e9m possui uma riqueza de locais hist\u00f3ricos e restaurantes e pubs animados. Outras atividades s\u00e3o surf, paddleboarding, caiaque, passeios de barco no ver\u00e3o e corridas de iate, atividades populares durante todo o ano nas ba\u00edas que circundam a ilha.<\/p>\n\n\n\n<p>In conclusion, if your company wants to invest in Jersey, Europe, you\u2019ll need Strategy Research. You\u2019ll also need to get Qualitative and Quantitative data. If you engage a <a href=\"https:\/\/www.sisinternational.com\/pt\/pericia\/industrias\/solucoes-de-pesquisa-de-mercado-de-saude\/\" title=\"Empresa de pesquisa de mercado no setor de sa\u00fade\"  data-wpil-monitor-id=\"8374\">market research firm<\/a>, it\u2019s easy to access this information. Look for one that specializes in providing Interviews, Surveys, and Focus Groups. Such a <a href=\"https:\/\/www.sisinternational.com\/pt\/pesquisa-de-mercado-veterana-dos-eua-2\/\" title=\"Pesquisa de mercado de veteranos dos EUA\"  data-wpil-monitor-id=\"8371\">estrat\u00e9gia<\/a> will help you gather data for successful market entry in Jersey, Europe.<\/p>\n\n\n\n<p><\/p>","protected":false},"excerpt":{"rendered":"<p>A SIS fornece pesquisas de mercado qualitativas e quantitativas em Jersey, na Europa.<\/p>","protected":false},"author":1,"featured_media":66033,"parent":14510,"menu_order":51,"comment_status":"closed","ping_status":"closed","template":"","meta":{"footnotes":""},"class_list":["post-40213","page","type-page","status-publish","has-post-thumbnail"],"_links":{"self":[{"href":"https:\/\/www.sisinternational.com\/pt\/wp-json\/wp\/v2\/pages\/40213","targetHints":{"allow":["GET"]}}],"collection":[{"href":"https:\/\/www.sisinternational.com\/pt\/wp-json\/wp\/v2\/pages"}],"about":[{"href":"https:\/\/www.sisinternational.com\/pt\/wp-json\/wp\/v2\/types\/page"}],"author":[{"embeddable":true,"href":"https:\/\/www.sisinternational.com\/pt\/wp-json\/wp\/v2\/users\/1"}],"replies":[{"embeddable":true,"href":"https:\/\/www.sisinternational.com\/pt\/wp-json\/wp\/v2\/comments?post=40213"}],"version-history":[{"count":4,"href":"https:\/\/www.sisinternational.com\/pt\/wp-json\/wp\/v2\/pages\/40213\/revisions"}],"predecessor-version":[{"id":81405,"href":"https:\/\/www.sisinternational.com\/pt\/wp-json\/wp\/v2\/pages\/40213\/revisions\/81405"}],"up":[{"embeddable":true,"href":"https:\/\/www.sisinternational.com\/pt\/wp-json\/wp\/v2\/pages\/14510"}],"wp:featuredmedia":[{"embeddable":true,"href":"https:\/\/www.sisinternational.com\/pt\/wp-json\/wp\/v2\/media\/66033"}],"wp:attachment":[{"href":"https:\/\/www.sisinternational.com\/pt\/wp-json\/wp\/v2\/media?parent=40213"}],"curies":[{"name":"wp","href":"https:\/\/api.w.org\/{rel}","templated":true}]}}