{"id":40207,"date":"2022-04-27T03:49:21","date_gmt":"2022-04-27T03:49:21","guid":{"rendered":"https:\/\/www.sisinternational.com\/?page_id=40207"},"modified":"2026-01-24T19:02:51","modified_gmt":"2026-01-25T00:02:51","slug":"pesquisa-de-mercado-de-fatores-humanos","status":"publish","type":"page","link":"https:\/\/www.sisinternational.com\/pt\/solucoes\/solucoes-de-pesquisa-quantitativa-qualitativa\/pesquisa-de-mercado-de-fatores-humanos\/","title":{"rendered":"Pesquisa de mercado de fatores humanos"},"content":{"rendered":"<h1 class=\"gb-headline gb-headline-ea9b569d gb-headline-text\">Pesquisa de mercado de fatores humanos<\/h1>\n\n\n\n<figure class=\"gb-block-image gb-block-image-6c9095e5\"><img loading=\"lazy\" decoding=\"async\" width=\"1456\" height=\"816\" class=\"gb-image gb-image-6c9095e5\" src=\"https:\/\/www.sisinternational.com\/wp-content\/uploads\/2025\/08\/Strategy-consulting-14.jpg\" alt=\"Pesquisa e Estrat\u00e9gia de Mercado Internacional da SIS\" title=\"Strategy consulting (14)\" srcset=\"https:\/\/www.sisinternational.com\/wp-content\/uploads\/2025\/08\/Strategy-consulting-14.jpg 1456w, https:\/\/www.sisinternational.com\/wp-content\/uploads\/2025\/08\/Strategy-consulting-14-300x168.jpg 300w, https:\/\/www.sisinternational.com\/wp-content\/uploads\/2025\/08\/Strategy-consulting-14-1024x574.jpg 1024w, https:\/\/www.sisinternational.com\/wp-content\/uploads\/2025\/08\/Strategy-consulting-14-768x430.jpg 768w, https:\/\/www.sisinternational.com\/wp-content\/uploads\/2025\/08\/Strategy-consulting-14-18x10.jpg 18w\" sizes=\"auto, (max-width: 1456px) 100vw, 1456px\"><\/figure>\n\n\n\n<p><\/p>\n\n\n\n<hr class=\"wp-block-separator has-alpha-channel-opacity is-style-dots\"\/>\n\n\n\n<p>O termo Fatores Humanos veio da \u00e1rea da avia\u00e7\u00e3o. Na verdade, a For\u00e7a A\u00e9rea Real Brit\u00e2nica foi a primeira a utiliz\u00e1-lo. Ent\u00e3o, no final da d\u00e9cada de 1950, a frase passou a ser usada no dia a dia. Denota a intera\u00e7\u00e3o segura e eficaz dos humanos com a tecnologia. Outra caracter\u00edstica dos Fatores Humanos \u00e9 que ele usa dados para criar pol\u00edticas ou procedimentos de design. Essas pol\u00edticas ajudam os humanos a trabalhar melhor e sem erros.<\/p>\n\n\n\n<p>Portanto, \u201cFatores Humanos\u201d \u00e9 o estudo das coisas que nos ajudam a trabalhar sem erros. \u00c9 o v\u00ednculo entre humanos e ferramentas ou equipamentos no local de trabalho. Estudamos os aspectos f\u00edsicos, sociais, culturais e emocionais desse v\u00ednculo. Al\u00e9m disso, h\u00e1 tamb\u00e9m um foco nos fatores humanos no local de trabalho. Podemos utiliz\u00e1-lo em outras \u00e1reas, e \u00e9 uma mistura entre engenharia e psicologia. H\u00e1 muitas coisas para listar, mas aqui est\u00e3o algumas:<\/p>\n\n\n\n<ul class=\"wp-block-list\">\n<li>Melhorando a seguran\u00e7a<\/li>\n\n\n\n<li>Reduzindo erros<\/li>\n\n\n\n<li>Mais conforto<\/li>\n\n\n\n<li>Aumentando a produtividade<\/li>\n<\/ul>\n\n\n\n<h2 class=\"wp-block-heading\">Por que os fatores humanos s\u00e3o importantes?<\/h2>\n\n\n\n<p>\u201cFatores Humanos\u201d refere-se ao impacto que os funcion\u00e1rios t\u00eam em uma empresa. \u00c9 o m\u00e9todo pelo qual uma empresa decide lidar com os funcion\u00e1rios.<\/p>\n\n\n\n<p>Precisamos estudar os Fatores Humanos para alcan\u00e7ar um fluxo de trabalho tranquilo e impactante. Al\u00e9m disso, as empresas que prestam aten\u00e7\u00e3o aos fatores humanos garantir\u00e3o que o equipamento seja seguro para utiliza\u00e7\u00e3o. N\u00e3o abordar os fatores humanos pode diminuir a produ\u00e7\u00e3o e aumentar as taxas de erro. Tamb\u00e9m aumenta o risco de les\u00f5es e acidentes. As regras mant\u00eam a ordem. Sem eles, surgir\u00e3o problemas. Os funcion\u00e1rios desenvolver\u00e3o h\u00e1bitos de trabalho perigosos, que podem causar danos significativos. Os Fatores Humanos visam o melhor e trazem \u00e0 tona o que h\u00e1 de melhor nos seres humanos. Tamb\u00e9m presta aten\u00e7\u00e3o aos seus pontos fortes e fracos.<\/p>\n\n\n\n<h2 class=\"wp-block-heading\">Principais cargos<\/h2>\n\n\n\n<p>Human Factors apply to all jobs, from management to product development teams. Engineering psychologists use Human Factors research to improve technology, consumer products, energy systems, telecommunications, transportation, work, and living.<\/p>\n\n\n\n<h2 class=\"wp-block-heading\">Por que as empresas precisam de pesquisas sobre o fator humano?<\/h2>\n\n\n\n<p>Human Factor research primarily aims to make work easier and safe. There are also other benefits of having it:<\/p>\n\n\n\n<p>Mais consci\u00eancia e identifica\u00e7\u00e3o dos riscos humanos<\/p>\n\n\n\n<p>Resolver os assuntos da maneira correta<\/p>\n\n\n\n<p>Melhorando a carga de trabalho humana<\/p>\n\n\n\n<p>In large companies, Human Factors and safety work hand in hand. Knowledge of Human Factors and its use in the business will improve safety and increase work levels. The workplace will have fewer problems, delays, and human errors. Today, with Human Factors, companies focus less on technology. Instead, they look at mental capacity and the basic skills needed to do the job.<\/p>\n\n\n\n<h2 class=\"wp-block-heading\">Principais fatores de sucesso<\/h2>\n\n\n\n<figure class=\"gb-block-image gb-block-image-a91f823b\"><img loading=\"lazy\" decoding=\"async\" width=\"1456\" height=\"816\" class=\"gb-image gb-image-a91f823b\" src=\"https:\/\/www.sisinternational.com\/wp-content\/uploads\/2025\/08\/Strategy-consulting-19.jpg\" alt=\"Pesquisa e Estrat\u00e9gia de Mercado Internacional da SIS\" title=\"Strategy consulting (19)\" srcset=\"https:\/\/www.sisinternational.com\/wp-content\/uploads\/2025\/08\/Strategy-consulting-19.jpg 1456w, https:\/\/www.sisinternational.com\/wp-content\/uploads\/2025\/08\/Strategy-consulting-19-300x168.jpg 300w, https:\/\/www.sisinternational.com\/wp-content\/uploads\/2025\/08\/Strategy-consulting-19-1024x574.jpg 1024w, https:\/\/www.sisinternational.com\/wp-content\/uploads\/2025\/08\/Strategy-consulting-19-768x430.jpg 768w, https:\/\/www.sisinternational.com\/wp-content\/uploads\/2025\/08\/Strategy-consulting-19-18x10.jpg 18w\" sizes=\"auto, (max-width: 1456px) 100vw, 1456px\"><\/figure>\n\n\n\n<p><\/p>\n\n\n\n<p>Addressing Human Factors is crucial to improving workers&#8217; performance. It\u2019s the most appropriate method of developing mental and manual skills to prepare workers for work in new environments. This will, in turn, be an excellent step for the future. It will further enable the easy flow of new tasks and systems, improving output.<\/p>\n\n\n\n<h2 class=\"wp-block-heading\">Sobre a pesquisa de mercado de fatores humanos<\/h2>\n\n\n\n<p>Using Human Factors has many benefits, from more profit to safe employees. If your company is willing to use these factors, our business is here to help. We have focus groups to help in this and other areas. We also do strategic, quantitative, and qualitative research.<\/p>\n\n\n\n<p>Another key point is that safety is easier to handle with <a href=\"https:\/\/www.sisinternational.com\/pt\/principais-fatores-de-sucesso-na-pesquisa-de-mercado-automotivo\/\" title=\"Principais fatores de sucesso na pesquisa de mercado automotivo\"  data-wpil-monitor-id=\"2520\">Human Factors research<\/a> tailored for your company. Our team can assist with the choices you make in the company to increase profits. We\u2019re always ready and willing to help. Contact us. <a href=\"https:\/\/www.linkedin.com\/company\/sisinternationalresearch\" target=\"_blank\" rel=\"noopener\">We are prepared<\/a> to help make your business better.<\/p>\n\n\n\n<h2 class=\"wp-block-heading\">Localiza\u00e7\u00e3o de nossas instala\u00e7\u00f5es em Nova York<\/h2>\n\n\n\n<p>  <iframe loading=\"lazy\" src=\"https:\/\/www.google.com\/maps\/embed?pb=!1m18!1m12!1m3!1d3022.976188376966!2d-73.99130312499956!3d40.740549471389315!2m3!1f0!2f0!3f0!3m2!1i1024!2i768!4f13.1!3m3!1m2!1s0x89c259a15798c731%3A0xd695d09bdd495f25!2s11%20E%2022nd%20St%20FL%202%2C%20New%20York%2C%20NY%2010010%2C%20USA!5e0!3m2!1sen!2spe!4v1726171763526!5m2!1sen!2spe\" width=\"600\" height=\"450\" allowfullscreen=\"allowfullscreen\" data-mce-fragment=\"1\"><\/iframe>  <\/p>\n\n\n\n<h3 class=\"wp-block-heading\">11 E 22nd Street, 2\u00ba andar, Nova York, NY 10010 T: +1(212) 505-6805<\/h3>\n\n\n\n<hr class=\"wp-block-separator has-alpha-channel-opacity\"\/>\n\n\n\n<h2 class=\"wp-block-heading\"><strong>Sobre SIS Internacional<\/strong><\/h2>\n\n\n\n<p><a href=\"https:\/\/www.sisinternational.com\/pt\/\"><span style=\"font-weight: 400;\">SIS Internacional<\/span><\/a><span style=\"font-weight: 400;\"> oferece pesquisa quantitativa, qualitativa e estrat\u00e9gica. Fornecemos dados, ferramentas, estrat\u00e9gias, relat\u00f3rios e insights para a tomada de decis\u00f5es. Tamb\u00e9m realizamos entrevistas, pesquisas, grupos focais e outros m\u00e9todos e abordagens de Pesquisa de Mercado.<\/span><a href=\"https:\/\/www.sisinternational.com\/pt\/sobre-a-sis-international-research\/contact-sis-international-market-research\/\"><span style=\"font-weight: 400;\"> Entre em contato conosco<\/span><\/a><span style=\"font-weight: 400;\"> para o seu pr\u00f3ximo projeto de pesquisa de mercado.<\/span><\/p>\n\n\n\n<p><\/p>","protected":false},"excerpt":{"rendered":"<p>A pesquisa de mercado de Fatores Humanos refere-se a como uma empresa gerencia seus funcion\u00e1rios para alcan\u00e7ar um fluxo de trabalho tranquilo. Estuda auxiliares de trabalho sem erros.<\/p>","protected":false},"author":1,"featured_media":62540,"parent":14660,"menu_order":29,"comment_status":"closed","ping_status":"closed","template":"","meta":{"footnotes":""},"class_list":["post-40207","page","type-page","status-publish","has-post-thumbnail"],"_links":{"self":[{"href":"https:\/\/www.sisinternational.com\/pt\/wp-json\/wp\/v2\/pages\/40207","targetHints":{"allow":["GET"]}}],"collection":[{"href":"https:\/\/www.sisinternational.com\/pt\/wp-json\/wp\/v2\/pages"}],"about":[{"href":"https:\/\/www.sisinternational.com\/pt\/wp-json\/wp\/v2\/types\/page"}],"author":[{"embeddable":true,"href":"https:\/\/www.sisinternational.com\/pt\/wp-json\/wp\/v2\/users\/1"}],"replies":[{"embeddable":true,"href":"https:\/\/www.sisinternational.com\/pt\/wp-json\/wp\/v2\/comments?post=40207"}],"version-history":[{"count":7,"href":"https:\/\/www.sisinternational.com\/pt\/wp-json\/wp\/v2\/pages\/40207\/revisions"}],"predecessor-version":[{"id":76864,"href":"https:\/\/www.sisinternational.com\/pt\/wp-json\/wp\/v2\/pages\/40207\/revisions\/76864"}],"up":[{"embeddable":true,"href":"https:\/\/www.sisinternational.com\/pt\/wp-json\/wp\/v2\/pages\/14660"}],"wp:featuredmedia":[{"embeddable":true,"href":"https:\/\/www.sisinternational.com\/pt\/wp-json\/wp\/v2\/media\/62540"}],"wp:attachment":[{"href":"https:\/\/www.sisinternational.com\/pt\/wp-json\/wp\/v2\/media?parent=40207"}],"curies":[{"name":"wp","href":"https:\/\/api.w.org\/{rel}","templated":true}]}}