{"id":40205,"date":"2022-04-27T03:44:36","date_gmt":"2022-04-27T03:44:36","guid":{"rendered":"https:\/\/www.sisinternational.com\/?page_id=40205"},"modified":"2025-09-24T23:10:03","modified_gmt":"2025-09-25T03:10:03","slug":"pesquisa-de-mercado-geopolitico","status":"publish","type":"page","link":"https:\/\/www.sisinternational.com\/pt\/pericia\/pesquisa-de-mercado-geopolitico\/","title":{"rendered":"Pesquisa de mercado geopol\u00edtico"},"content":{"rendered":"<h1 class=\"wp-block-heading\">Pesquisa de mercado geopol\u00edtico<\/h1>\n\n\n\n<figure class=\"gb-block-image gb-block-image-6d749cc7\"><img loading=\"lazy\" decoding=\"async\" width=\"1456\" height=\"816\" class=\"gb-image gb-image-6d749cc7\" src=\"https:\/\/www.sisinternational.com\/wp-content\/uploads\/2025\/08\/Global-2.jpg\" alt=\"Pesquisa e Estrat\u00e9gia de Mercado Internacional da SIS\" title=\"Global (2)\" srcset=\"https:\/\/www.sisinternational.com\/wp-content\/uploads\/2025\/08\/Global-2.jpg 1456w, https:\/\/www.sisinternational.com\/wp-content\/uploads\/2025\/08\/Global-2-300x168.jpg 300w, https:\/\/www.sisinternational.com\/wp-content\/uploads\/2025\/08\/Global-2-1024x574.jpg 1024w, https:\/\/www.sisinternational.com\/wp-content\/uploads\/2025\/08\/Global-2-768x430.jpg 768w, https:\/\/www.sisinternational.com\/wp-content\/uploads\/2025\/08\/Global-2-18x10.jpg 18w\" sizes=\"auto, (max-width: 1456px) 100vw, 1456px\"><\/figure>\n\n\n\n<p><\/p>\n\n\n\n<hr class=\"wp-block-separator has-alpha-channel-opacity is-style-dots\"\/>\n\n\n\n<h2 class=\"wp-block-heading\">O que \u00e9 geopol\u00edtica<\/h2>\n\n\n\n<p>Geopol\u00edtica \u00e9 o estudo das rela\u00e7\u00f5es de poder. Questiona como a geografia afeta essas conex\u00f5es nas rela\u00e7\u00f5es globais. \u00c9 tamb\u00e9m uma tentativa de ter controle sobre as entidades geogr\u00e1ficas. Estas entidades s\u00e3o lugares, regi\u00f5es, pa\u00edses, escalas e redes em todo o mundo. Os poderes que tentam controlar as entidades podem ser pa\u00edses ou empresas. Ou podem ser outras coisas.<\/p>\n\n\n\n<h2 class=\"wp-block-heading\">Por que a pesquisa de mercado geopol\u00edtico \u00e9 importante?<\/h2>\n\n\n\n<p>In today\u2019s global market, sometimes, businesses grow. This growth may lead to branches in other countries. Or a business owner may also want to merge with a <a href=\"https:\/\/www.sisinternational.com\/pt\/estrategia-de-campanha-de-marketing-multiplataforma-para-uma-holding-e-conglomerado-empresarial-dos-emirados\/\" title=\"Servi\u00e7os de publicidade multicultural para uma holding e conglomerado empresarial dos Emirados\"  data-wpil-monitor-id=\"9455\">company<\/a> in another region or country. But every country has factors that affect business practices. Thus, countries need Geopolitical Market Research. It will give data on things such as foreign business practices.<\/p>\n\n\n\n<h2 class=\"wp-block-heading\">Principais empregos em pesquisa de mercado geopol\u00edtico<\/h2>\n\n\n\n<p>Aqui est\u00e3o alguns dos trabalhos cr\u00edticos neste campo:<\/p>\n\n\n\n<ul class=\"wp-block-list\">\n<li>Analistas Geopol\u00edticos<\/li>\n\n\n\n<li>Estrategistas<\/li>\n\n\n\n<li>Assistente de pesquisa<\/li>\n\n\n\n<li>Especialista em Finan\u00e7as Internacionais<\/li>\n<\/ul>\n\n\n\n<p>Por que as empresas precisam de pesquisa de mercado geopol\u00edtica<\/p>\n\n\n\n<h3 class=\"wp-block-heading\">Para conhecer os riscos<\/h3>\n\n\n\n<p>Business owners have the task of making decisions for their companies. They must know the possible outcomes of these decisions. Geopolitical Market <a href=\"https:\/\/www.sisinternational.com\/pt\/pericia\/industrias\/pesquisa-de-mercado-sobre-perda-auditiva\/\" title=\"Pesquisa de mercado sobre perda auditiva\u00a0 \u00a0\"  data-wpil-monitor-id=\"6808\">Pesquisar<\/a> can protect the company from future loss. For example, if a war happens in a country where the <a href=\"https:\/\/www.sisinternational.com\/pt\/solucoes\/teste-de-sabor\/product-testing-for-companies\/\" title=\"Product Testing for Companies\"  data-wpil-monitor-id=\"9451\">company gets products<\/a>, the items can become scarce. This scarcity can affect supplies. As a result, production costs might rise.<\/p>\n\n\n\n<p>Al\u00e9m disso, os clientes podem obter os seus produtos de um fornecedor mais barato e mais est\u00e1vel. Mas, com a pesquisa adequada, o empres\u00e1rio pode se preparar para esse problema. Eles optar\u00e3o por ter mais de um fornecedor.<\/p>\n\n\n\n<h3 class=\"wp-block-heading\">Para fazer bons investimentos<\/h3>\n\n\n\n<p>Sometimes a business owner will want to expand their company. They may see the profit in adding a new type of <a href=\"https:\/\/www.sisinternational.com\/pt\/solucoes\/teste-de-sabor\/servicos-de-teste-de-produtos-em-nova-york\/\" title=\"Servi\u00e7os de teste de produtos em Nova York\"  data-wpil-monitor-id=\"9452\">product or service<\/a>. Yet, there might not be a <a href=\"https:\/\/www.sisinternational.com\/pt\/pericia\/industrias\/pesquisa-de-mercado-de-pais-de-mercado-fronteirico\/\" title=\"Pesquisa de mercado do pa\u00eds de mercado fronteiri\u00e7o\"  data-wpil-monitor-id=\"9454\">market<\/a> for that new thing in their country. In this case, Geopolitical Market Research will help the business owner. For example, the company can try to invest in the product elsewhere. Or it can start another branch in a new country to include the item or service.<\/p>\n\n\n\n<h2 class=\"wp-block-heading\">Principais fatores de sucesso<\/h2>\n\n\n\n<h3 class=\"wp-block-heading\">Contrate os especialistas certos<\/h3>\n\n\n\n<p>Hoje, vivemos em um mundo conectado. Coisas que acontecem em outros lugares t\u00eam maior probabilidade de afetar as empresas. Assim, as empresas deveriam contratar pessoas na \u00e1rea geopol\u00edtica. Al\u00e9m disso, nem todos os aspectos da geopol\u00edtica afectar\u00e3o todos os neg\u00f3cios. Portanto, deve-se contratar um especialista que atenda melhor \u00e0s necessidades da empresa.<\/p>\n\n\n\n<h3 class=\"wp-block-heading\">Mantenha-se atualizado<\/h3>\n\n\n\n<p>Relations between nations can change fast. Thus, geopolitics often changes as well. The decision-makers for the company must stay updated on these topics. If an uninformed person is making the choices, they might overlook risks. Such a <a href=\"https:\/\/www.sisinternational.com\/pt\/estrategia-de-marketing-completa-para-uma-empresa-americana-de-financas-pessoais-online\/\" title=\"Estrat\u00e9gia de marketing completa para uma empresa americana de finan\u00e7as pessoais online\"  data-wpil-monitor-id=\"9453\">person can cost the company<\/a> money. So, they may only see the dangers. And the person can miss out on a good opportunity for the company. Having all the details is the best way to know that one is making the right choices for the business.<\/p>\n\n\n\n<h2 class=\"wp-block-heading\">Sobre pesquisa de mercado geopol\u00edtico<\/h2>\n\n\n\n<p>Business owners do not work on their own. Many times, they have to answer to employees and stakeholders. Their choices affect many people. Thus, it is best to have all the information. Geopolitical Market Research is beneficial in this regard. Businesses should do strategic <a href=\"https:\/\/www.sisinternational.com\/pt\/solucoes\/solucoes-edtech-de-tecnologia-educacional\/sistemas-de-gerenciamento-de-aprendizagem-pesquisa-de-mercado-lms\/\" title=\"Pesquisa de mercado de sistemas de gerenciamento de aprendizagem (LMS)\"  data-wpil-monitor-id=\"9450\">research to learn<\/a> more. Companies can use Qualitative and <a href=\"https:\/\/www.sisinternational.com\/pt\/quantitative-market-research-methods-and-techniques\/\" title=\"Quantitative Market Research Methods and Techniques\"  data-wpil-monitor-id=\"9448\">M\u00e9todos de pesquisa quantitativa<\/a>.<\/p>\n\n\n\n<p>They can also use focus groups, surveys, and interviews to get the needed information. Talk to the experts. Doing so will help business owners choose the right person for their team. Finally, business owners can speak with their employees and other bosses. This simple <a href=\"https:\/\/www.sisinternational.com\/pt\/b2b\/\" title=\"Cost-Effective and Actionable Insights to Drive Your Next Strategic Move\"  data-wpil-monitor-id=\"9449\">action can give them insight<\/a> into how to create the best structure. In that way, they will be able to make the best use of Geopolitical Market Research.<\/p>\n\n\n\n<p><\/p>","protected":false},"excerpt":{"rendered":"<p>Cada pa\u00eds tem fatores \u00fanicos que impactam as empresas. A pesquisa de mercado geopol\u00edtico \u00e9 vital para obter dados sobre pr\u00e1ticas comerciais estrangeiras.<\/p>","protected":false},"author":1,"featured_media":62410,"parent":14514,"menu_order":118,"comment_status":"closed","ping_status":"closed","template":"","meta":{"footnotes":""},"class_list":["post-40205","page","type-page","status-publish","has-post-thumbnail"],"_links":{"self":[{"href":"https:\/\/www.sisinternational.com\/pt\/wp-json\/wp\/v2\/pages\/40205","targetHints":{"allow":["GET"]}}],"collection":[{"href":"https:\/\/www.sisinternational.com\/pt\/wp-json\/wp\/v2\/pages"}],"about":[{"href":"https:\/\/www.sisinternational.com\/pt\/wp-json\/wp\/v2\/types\/page"}],"author":[{"embeddable":true,"href":"https:\/\/www.sisinternational.com\/pt\/wp-json\/wp\/v2\/users\/1"}],"replies":[{"embeddable":true,"href":"https:\/\/www.sisinternational.com\/pt\/wp-json\/wp\/v2\/comments?post=40205"}],"version-history":[{"count":5,"href":"https:\/\/www.sisinternational.com\/pt\/wp-json\/wp\/v2\/pages\/40205\/revisions"}],"predecessor-version":[{"id":81579,"href":"https:\/\/www.sisinternational.com\/pt\/wp-json\/wp\/v2\/pages\/40205\/revisions\/81579"}],"up":[{"embeddable":true,"href":"https:\/\/www.sisinternational.com\/pt\/wp-json\/wp\/v2\/pages\/14514"}],"wp:featuredmedia":[{"embeddable":true,"href":"https:\/\/www.sisinternational.com\/pt\/wp-json\/wp\/v2\/media\/62410"}],"wp:attachment":[{"href":"https:\/\/www.sisinternational.com\/pt\/wp-json\/wp\/v2\/media?parent=40205"}],"curies":[{"name":"wp","href":"https:\/\/api.w.org\/{rel}","templated":true}]}}