{"id":40203,"date":"2022-04-27T03:29:56","date_gmt":"2022-04-27T03:29:56","guid":{"rendered":"https:\/\/www.sisinternational.com\/?page_id=40203"},"modified":"2026-03-12T13:29:25","modified_gmt":"2026-03-12T17:29:25","slug":"pesquisa-de-mercado-de-seguranca-alimentar","status":"publish","type":"page","link":"https:\/\/www.sisinternational.com\/pt\/solucoes\/pesquisa-de-mercado-da-industria-de-bebidas-alimenticias\/pesquisa-de-mercado-de-seguranca-alimentar\/","title":{"rendered":"Pesquisa de mercado de seguran\u00e7a de alimentos e bebidas"},"content":{"rendered":"<h1 class=\"wp-block-heading\">Pesquisa de mercado de seguran\u00e7a de alimentos e bebidas<\/h1>\n\n\n\n<figure class=\"gb-block-image gb-block-image-93831ed9\"><img loading=\"lazy\" decoding=\"async\" width=\"1456\" height=\"816\" class=\"gb-image gb-image-93831ed9\" src=\"https:\/\/www.sisinternational.com\/wp-content\/uploads\/2025\/09\/Food-safety-6.jpg\" alt=\"Pesquisa e Estrat\u00e9gia de Mercado Internacional da SIS\" title=\"Food safety (6)\" srcset=\"https:\/\/www.sisinternational.com\/wp-content\/uploads\/2025\/09\/Food-safety-6.jpg 1456w, https:\/\/www.sisinternational.com\/wp-content\/uploads\/2025\/09\/Food-safety-6-300x168.jpg 300w, https:\/\/www.sisinternational.com\/wp-content\/uploads\/2025\/09\/Food-safety-6-1024x574.jpg 1024w, https:\/\/www.sisinternational.com\/wp-content\/uploads\/2025\/09\/Food-safety-6-768x430.jpg 768w, https:\/\/www.sisinternational.com\/wp-content\/uploads\/2025\/09\/Food-safety-6-18x10.jpg 18w\" sizes=\"auto, (max-width: 1456px) 100vw, 1456px\"><\/figure>\n\n\n\n<p><\/p>\n\n\n\n<h2 class=\"wp-block-heading\">O que \u00e9 Seguran\u00e7a de Alimentos e Bebidas?<\/h2>\n\n\n\n<p>A comida n\u00e3o \u00e9 apenas deliciosa, mas a chave para sustentar a vida. Alimentos limpos s\u00e3o fundamentais para manter a vida. Os alimentos, embora importantes, podem ter efeitos mortais se n\u00e3o forem seguros para consumo. A seguran\u00e7a alimentar tem a ver com lidar com os alimentos de forma a prevenir doen\u00e7as. Inclui preservar a qualidade dos alimentos por um longo per\u00edodo. \u00c9 preciso manter os alimentos livres de germes que n\u00e3o deveriam estar ali. A Seguran\u00e7a Alimentar envolve todas as etapas da prepara\u00e7\u00e3o dos alimentos. Por exemplo, como voc\u00ea lida com os itens do menu, limpa o ambiente e cozinha a comida.<\/p>\n\n\n\n<h2 class=\"wp-block-heading\">Por que a pesquisa de mercado de seguran\u00e7a de alimentos e bebidas \u00e9 importante?<\/h2>\n\n\n\n<p>Unsafe food causes sickness in millions and death in hundreds of thousands. It also strains healthcare systems dealing with a lot of preventable food illnesses. Children feel most of the impact of food-borne diseases. They are also the most vulnerable. With proper tools, systems, and practices, your business can improve its food safety practices. Such improvements reduce illnesses and deaths. It also leads to a healthier population. <a href=\"https:\/\/www.sisinternational.com\/pt\/pericia\/curriculos-de-experiencia\/alimentos-e-bebidas-na-asia-pacifico-2\/\" title=\"Pesquisa de mercado de alimentos e bebidas na \u00c1sia\"  data-wpil-monitor-id=\"9466\">Research is key to ensuring food<\/a> safety keeps improving.<\/p>\n\n\n\n<h2 class=\"wp-block-heading\">Principais cargos<\/h2>\n\n\n\n<p>O campo da seguran\u00e7a alimentar \u00e9 bastante amplo. Assim, existem muitas carreiras dispon\u00edveis. Muitos exigem um diploma em ci\u00eancia de alimentos, qu\u00edmica ou biologia, enquanto outros exigem apenas experi\u00eancia na \u00e1rea. Alguns t\u00edtulos populares incluem:<\/p>\n\n\n\n<ul class=\"wp-block-list\">\n<li>Gerente de Garantia de Qualidade<\/li>\n\n\n\n<li>Supervisor de Seguran\u00e7a e Qualidade Alimentar<\/li>\n\n\n\n<li>T\u00e9cnico de Garantia de Qualidade<\/li>\n\n\n\n<li>Especialista em Seguran\u00e7a Alimentar<\/li>\n\n\n\n<li>Diretor de Conformidade<\/li>\n\n\n\n<li>Cientista Alimentar<\/li>\n\n\n\n<li>T\u00e9cnico de Controle de Qualidade Qu\u00edmica<\/li>\n\n\n\n<li>Associado de seguran\u00e7a de laborat\u00f3rio<\/li>\n<\/ul>\n\n\n\n<h2 class=\"wp-block-heading\">Por que as empresas precisam de pesquisas de mercado sobre seguran\u00e7a de alimentos e bebidas<\/h2>\n\n\n\n<p>Companies that get a bad rap for food safety also risk good profits. Thus, being known for sick <a href=\"https:\/\/www.sisinternational.com\/pt\/pericia\/industrias\/voz-da-pesquisa-de-mercado-do-cliente-sobre-alimentos-e-bebidas\/\" title=\"Pesquisa de Mercado Voz do Cliente em Alimentos e Bebidas\"  data-wpil-monitor-id=\"9470\">customers will cause a failing food<\/a> business. One cannot have a quality business in the food <a href=\"https:\/\/www.sisinternational.com\/pt\/industry-forecast\/personal-care-industry-forecast\/\" title=\"Personal Care Industry Forecast\"  data-wpil-monitor-id=\"9464\">industry and not care<\/a> about food safety. Thus, food safety is essential to companies. There are many <a href=\"https:\/\/www.sisinternational.com\/pt\/publicacoes\/pesquisa-de-mercado-de-negocios-escalaveis-7-maneiras-de-construir-um-negocio-escalavel\/\" title=\"Pesquisa de mercado de neg\u00f3cios escal\u00e1veis: 7 maneiras de construir um neg\u00f3cio escal\u00e1vel\"  data-wpil-monitor-id=\"9469\">ways to consider food safety in business<\/a>. One critical one is ensuring that the area is clean. Soaps, bleach, and sanitizers are all essential items. Storage for food also affects the quality. So, fridges, containers, sterilized gear, and heating tools play a huge role. Protective gear like gloves, wipes, towels, aprons and hairnets have a small but crucial impact. Many things go into food safety that businesses use. So research continues to find new and better ways to solve problems with food safety.<\/p>\n\n\n\n<h2 class=\"wp-block-heading\">Principais fatores de sucesso<\/h2>\n\n\n\n<p>If your <a href=\"https:\/\/www.sisinternational.com\/pt\/predictive-analytics\/\" title=\"Predictive Analytics: Your Crystal Ball for Business Success\"  data-wpil-monitor-id=\"9465\">business is to be successful<\/a> in the food safety field, you have to be aware of its standards. This area is well monitored, and so many guidelines exist. Sticking to these guidelines is essential. Besides government rules, your brand needs to do what it has to do well. Once you deliver quality and <a href=\"https:\/\/www.sisinternational.com\/pt\/solucoes\/solucoes-de-branding-e-pesquisa-de-clientes\/pesquisa-de-cliente-de-marca\/\" title=\"Branding e pesquisa de clientes\"  data-wpil-monitor-id=\"9467\">customers can pay for your brand<\/a>, they will rely on you. Some companies will even order in bulk depending on the product. Companies have to sustain quality to survive in the food industry. Having reliable <a href=\"https:\/\/www.sisinternational.com\/pt\/industria-de-servicos-de-alimentacao\/\" title=\"Destaque da Ind\u00fastria de Food Service 2011\"  data-wpil-monitor-id=\"9463\">food safety goods and services<\/a> is much needed and profitable. It is also good to know what new problems need solving so that you can tackle them first in the industry.<\/p>\n\n\n\n<h2 class=\"wp-block-heading\">Sobre a pesquisa de mercado de seguran\u00e7a de alimentos e bebidas<\/h2>\n\n\n\n<p><a href=\"https:\/\/www.sisinternational.com\/pt\/pericia\/industrias\/pesquisa-de-mercado-de-seguranca-viaria\/\" title=\"Pesquisa de mercado de seguran\u00e7a rodovi\u00e1ria\"  data-wpil-monitor-id=\"4731\">Market research is vital in the food<\/a> safety field. Your company can use a wide range of research types, including quantitative, qualitative, and strategy research methods. The tools used to carry out such <a href=\"https:\/\/www.sisinternational.com\/pt\/solucoes\/solucoes-de-pesquisa-quantitativa-qualitativa\/entrevistas-por-telefone-pesquisa-de-mercado\/\" title=\"Pesquisa de mercado de entrevistas em profundidade por telefone\"  data-wpil-monitor-id=\"9468\">research are interviews<\/a>, surveys, and focus groups. Some companies also do experiments.<\/p>\n\n\n\n<p>A seguran\u00e7a alimentar \u00e9 essencial para a vida humana. Todos n\u00f3s amamos comida limpa, segura e saborosa. Portanto, ser capaz de fornecer bens e servi\u00e7os que garantam isso n\u00e3o tem pre\u00e7o. \u00c9 sempre bom conhecer as necessidades desta \u00e1rea e quais os novos problemas que as empresas precisam resolver.<\/p>\n\n\n\n<p><\/p>","protected":false},"excerpt":{"rendered":"<p>A seguran\u00e7a alimentar previne doen\u00e7as. Mant\u00e9m os alimentos livres de germes nocivos durante todas as etapas, desde o manuseio dos itens do menu at\u00e9 a limpeza e cozimento.<\/p>","protected":false},"author":1,"featured_media":70076,"parent":22018,"menu_order":117,"comment_status":"closed","ping_status":"closed","template":"","meta":{"footnotes":""},"class_list":["post-40203","page","type-page","status-publish","has-post-thumbnail"],"_links":{"self":[{"href":"https:\/\/www.sisinternational.com\/pt\/wp-json\/wp\/v2\/pages\/40203","targetHints":{"allow":["GET"]}}],"collection":[{"href":"https:\/\/www.sisinternational.com\/pt\/wp-json\/wp\/v2\/pages"}],"about":[{"href":"https:\/\/www.sisinternational.com\/pt\/wp-json\/wp\/v2\/types\/page"}],"author":[{"embeddable":true,"href":"https:\/\/www.sisinternational.com\/pt\/wp-json\/wp\/v2\/users\/1"}],"replies":[{"embeddable":true,"href":"https:\/\/www.sisinternational.com\/pt\/wp-json\/wp\/v2\/comments?post=40203"}],"version-history":[{"count":6,"href":"https:\/\/www.sisinternational.com\/pt\/wp-json\/wp\/v2\/pages\/40203\/revisions"}],"predecessor-version":[{"id":81581,"href":"https:\/\/www.sisinternational.com\/pt\/wp-json\/wp\/v2\/pages\/40203\/revisions\/81581"}],"up":[{"embeddable":true,"href":"https:\/\/www.sisinternational.com\/pt\/wp-json\/wp\/v2\/pages\/22018"}],"wp:featuredmedia":[{"embeddable":true,"href":"https:\/\/www.sisinternational.com\/pt\/wp-json\/wp\/v2\/media\/70076"}],"wp:attachment":[{"href":"https:\/\/www.sisinternational.com\/pt\/wp-json\/wp\/v2\/media?parent=40203"}],"curies":[{"name":"wp","href":"https:\/\/api.w.org\/{rel}","templated":true}]}}