{"id":40196,"date":"2022-04-27T03:07:27","date_gmt":"2022-04-27T03:07:27","guid":{"rendered":"https:\/\/www.sisinternational.com\/?page_id=40196"},"modified":"2025-09-24T22:50:01","modified_gmt":"2025-09-25T02:50:01","slug":"pesquisa-de-mercado-ecologia","status":"publish","type":"page","link":"https:\/\/www.sisinternational.com\/pt\/pericia\/pesquisa-de-mercado-ecologia\/","title":{"rendered":"Pesquisa de mercado em ecologia"},"content":{"rendered":"<h1 class=\"wp-block-heading\">Pesquisa de mercado em ecologia<\/h1>\n\n\n\n<figure class=\"gb-block-image gb-block-image-2daf90af\"><img loading=\"lazy\" decoding=\"async\" width=\"1456\" height=\"816\" class=\"gb-image gb-image-2daf90af\" src=\"https:\/\/www.sisinternational.com\/wp-content\/uploads\/2025\/08\/Circular-economy-2.jpg\" alt=\"Pesquisa e Estrat\u00e9gia de Mercado Internacional da SIS\" title=\"Circular economy (2)\" srcset=\"https:\/\/www.sisinternational.com\/wp-content\/uploads\/2025\/08\/Circular-economy-2.jpg 1456w, https:\/\/www.sisinternational.com\/wp-content\/uploads\/2025\/08\/Circular-economy-2-300x168.jpg 300w, https:\/\/www.sisinternational.com\/wp-content\/uploads\/2025\/08\/Circular-economy-2-1024x574.jpg 1024w, https:\/\/www.sisinternational.com\/wp-content\/uploads\/2025\/08\/Circular-economy-2-768x430.jpg 768w, https:\/\/www.sisinternational.com\/wp-content\/uploads\/2025\/08\/Circular-economy-2-18x10.jpg 18w\" sizes=\"auto, (max-width: 1456px) 100vw, 1456px\"><\/figure>\n\n\n\n<p><\/p>\n\n\n\n<hr class=\"wp-block-separator has-alpha-channel-opacity is-style-dots\"\/>\n\n\n\n<h2 class=\"wp-block-heading\">O que \u00e9 ecologia?<\/h2>\n\n\n\n<p>Ecology studies the relationship between life forms, such as humans, and their environment. It aims to reveal the vital links between plants, animals, and the environment. Ecology also tells us about biome values and how humans might use the Earth&#8217;s assets. It shows us <a href=\"https:\/\/www.sisinternational.com\/pt\/publicacoes\/pesquisa-de-mercado-de-negocios-escalaveis-7-maneiras-de-construir-um-negocio-escalavel\/\" title=\"Pesquisa de mercado de neg\u00f3cios escal\u00e1veis: 7 maneiras de construir um neg\u00f3cio escal\u00e1vel\"  data-wpil-monitor-id=\"8373\">ways to build businesses<\/a> that sustain the planet for the future. Ecology studies the chain and the links between different life forms and microbes. It also explores the connection between these organisms and their biotic homes.<\/p>\n\n\n\n<h2 class=\"wp-block-heading\">Por que a ecologia \u00e9 importante?<\/h2>\n\n\n\n<p>Ecology fills the earth and is vital for human health and growth. It adds to our knowledge of people and <a href=\"https:\/\/www.sisinternational.com\/pt\/pericia\/industrias\/pesquisa-de-mercado-de-bebidas-alimentares-organicas-naturais\/\" title=\"Pesquisa de mercado de alimentos e bebidas naturais e org\u00e2nicas\"  data-wpil-monitor-id=\"8376\">nature and is critical for food<\/a> production, clean air, and water. It&#8217;s also vital to know about soil conservation in a changing climate. Ecology is essential because it ensures that people see the effect of their actions. We affect the planet&#8217;s life as well as one another. We have learnt to value eco-friendliness due to all the data and studies gained from ecology, which help to raise people&#8217;s knowledge. It also urges them to choose a lifestyle that protects the ecology. Thus, people are more likely to live less selfish lives in the long run. The aim is to work to safeguard the well-being of all life forms. As a result, it promotes a balanced lifestyle and ensures the survival of all life forms.<\/p>\n\n\n\n<h2 class=\"wp-block-heading\">Principais cargos<\/h2>\n\n\n\n<p>Trabalhar nesta \u00e1rea proporciona um melhor conhecimento dos seres vivos e suas rela\u00e7\u00f5es. Tamb\u00e9m permite que voc\u00ea aplique o que aprendeu para ajudar o mundo como um todo. Listamos alguns dos melhores trabalhos de ecologia abaixo.<\/p>\n\n\n\n<h3 class=\"wp-block-heading\">Naturalista do Parque<\/h3>\n\n\n\n<p>Eles criam um elo entre os parques e o p\u00fablico. Eles ensinam turistas, grupos escolares e outros sobre os parques locais, estaduais e nacionais. Os naturalistas do parque tamb\u00e9m s\u00e3o versados em hist\u00f3ria.<\/p>\n\n\n\n<h3 class=\"wp-block-heading\">Bi\u00f3logo marinho<\/h3>\n\n\n\n<p>Os bi\u00f3logos marinhos estudam os animais marinhos, seus h\u00e1bitos e liga\u00e7\u00f5es com o meio ambiente. A \u00e1gua cobre mais de 70% da terra. Como resultado, como bi\u00f3logo marinho, pode-se trabalhar em quase qualquer lugar do planeta.<\/p>\n\n\n\n<h3 class=\"wp-block-heading\">Gerente de Recursos Naturais (NRM)<\/h3>\n\n\n\n<p>Os gestores de recursos naturais s\u00e3o respons\u00e1veis pelo uso da terra. Garantem que todas as a\u00e7\u00f5es realizadas nas terras cumprem as regras e tamb\u00e9m tentam equilibrar as necessidades dos utilizadores, como agricultores e propriet\u00e1rios. Os NRMs cuidam da sa\u00fade do ecossistema e do meio ambiente.<\/p>\n\n\n\n<h2 class=\"wp-block-heading\">Por que as empresas precisam de pesquisas de mercado em ecologia?<\/h2>\n\n\n\n<p>There is close and constant contact between a firm and its ecosystem, regardless of its type or size. This connection also aids the firm&#8217;s strength and the use of its resources. As a result, <a href=\"https:\/\/www.sisinternational.com\/pt\/analysis-b2b\/\" title=\"What Business Leaders Need to Know Right Now\"  data-wpil-monitor-id=\"8382\">knowing the role of the business<\/a> environment is crucial. It will help in the pursuit of further business plans. It&#8217;s also vital for a business to interact with its environment. It becomes easier to identify the areas for growth and expansion of its activities.<\/p>\n\n\n\n<h2 class=\"wp-block-heading\">Fatores importantes de sucesso<\/h2>\n\n\n\n<p>Muitas coisas podem prejudicar o ecossistema, incluindo a polui\u00e7\u00e3o e a temperatura da \u00e1gua. Estes factores parecem piorar com o tempo, aproximando-nos de uma verdadeira crise ambiental. O resultado \u00e9 que as pessoas est\u00e3o se tornando mais conscientes dessas preocupa\u00e7\u00f5es. Eles tamb\u00e9m est\u00e3o fazendo mais para resolver seus impactos nocivos. A seguir est\u00e3o alguns dos aspectos mais vitais a serem observados:<\/p>\n\n\n\n<ul class=\"wp-block-list\">\n<li>Polui\u00e7\u00e3o<\/li>\n\n\n\n<li>Aquecimento global<\/li>\n\n\n\n<li>Superpopula\u00e7\u00e3o<\/li>\n\n\n\n<li>Dep\u00f3sito de lixo<\/li>\n\n\n\n<li>A acidez do oceano<\/li>\n\n\n\n<li>Perda de biodiversidade<\/li>\n\n\n\n<li>Desmatamento<\/li>\n\n\n\n<li>Destrui\u00e7\u00e3o da camada de ozono<\/li>\n\n\n\n<li>Chuva \u00e1cida<\/li>\n\n\n\n<li>Quest\u00f5es de sa\u00fade p\u00fablica<\/li>\n<\/ul>\n\n\n\n<h2 class=\"wp-block-heading\">Pesquisa de mercado em ecologia<\/h2>\n\n\n\n<p><a href=\"https:\/\/www.sisinternational.com\/pt\/pericia\/industrias\/pesquisa-de-mercado-automotivo\/pesquisa-de-consumo-automotivo-para-veiculos-eletricos\/\" title=\"Por que a pesquisa do consumidor automotivo \u00e9 t\u00e3o vital hoje com o futuro dos ve\u00edculos el\u00e9tricos\"  data-wpil-monitor-id=\"8379\">Researching an area is vital<\/a> before starting a business there. It shows what the people in that area want and what they don\u2019t like. So, it is vital to conduct quantitative, qualitative, and strategic research. Focus groups and surveys can reveal the genuine opinions and ideas of customers. We can apply all these techniques to Ecology Market Research and many other areas.<\/p>\n\n\n\n<p><\/p>","protected":false},"excerpt":{"rendered":"<p>As empresas que aprendem sobre o ecossistema e utilizam recursos de forma respons\u00e1vel podem identificar oportunidades de crescimento com pesquisas de Mercado Ecol\u00f3gico.<\/p>","protected":false},"author":1,"featured_media":64755,"parent":14514,"menu_order":116,"comment_status":"closed","ping_status":"closed","template":"","meta":{"footnotes":""},"class_list":["post-40196","page","type-page","status-publish","has-post-thumbnail"],"_links":{"self":[{"href":"https:\/\/www.sisinternational.com\/pt\/wp-json\/wp\/v2\/pages\/40196","targetHints":{"allow":["GET"]}}],"collection":[{"href":"https:\/\/www.sisinternational.com\/pt\/wp-json\/wp\/v2\/pages"}],"about":[{"href":"https:\/\/www.sisinternational.com\/pt\/wp-json\/wp\/v2\/types\/page"}],"author":[{"embeddable":true,"href":"https:\/\/www.sisinternational.com\/pt\/wp-json\/wp\/v2\/users\/1"}],"replies":[{"embeddable":true,"href":"https:\/\/www.sisinternational.com\/pt\/wp-json\/wp\/v2\/comments?post=40196"}],"version-history":[{"count":4,"href":"https:\/\/www.sisinternational.com\/pt\/wp-json\/wp\/v2\/pages\/40196\/revisions"}],"predecessor-version":[{"id":81406,"href":"https:\/\/www.sisinternational.com\/pt\/wp-json\/wp\/v2\/pages\/40196\/revisions\/81406"}],"up":[{"embeddable":true,"href":"https:\/\/www.sisinternational.com\/pt\/wp-json\/wp\/v2\/pages\/14514"}],"wp:featuredmedia":[{"embeddable":true,"href":"https:\/\/www.sisinternational.com\/pt\/wp-json\/wp\/v2\/media\/64755"}],"wp:attachment":[{"href":"https:\/\/www.sisinternational.com\/pt\/wp-json\/wp\/v2\/media?parent=40196"}],"curies":[{"name":"wp","href":"https:\/\/api.w.org\/{rel}","templated":true}]}}