{"id":40194,"date":"2022-04-27T02:42:26","date_gmt":"2022-04-27T02:42:26","guid":{"rendered":"https:\/\/www.sisinternational.com\/?page_id=40194"},"modified":"2025-09-24T23:03:00","modified_gmt":"2025-09-25T03:03:00","slug":"pesquisa-de-mercado-de-analise-cognitiva","status":"publish","type":"page","link":"https:\/\/www.sisinternational.com\/pt\/solucoes\/solucoes-de-pesquisa-quantitativa-qualitativa\/pesquisa-de-mercado-de-analise-cognitiva\/","title":{"rendered":"Pesquisa de mercado de an\u00e1lise cognitiva"},"content":{"rendered":"<h1 class=\"gb-headline gb-headline-bce0584c gb-headline-text\">Pesquisa de mercado de an\u00e1lise cognitiva<\/h1>\n\n\n\n<figure class=\"gb-block-image gb-block-image-96623f38\"><img loading=\"lazy\" decoding=\"async\" width=\"1456\" height=\"816\" class=\"gb-image gb-image-96623f38\" src=\"https:\/\/www.sisinternational.com\/wp-content\/uploads\/2025\/08\/Deep-learning-machine-learning-36.jpg\" alt=\"Pesquisa e Estrat\u00e9gia de Mercado Internacional da SIS\" title=\"Deep learning machine learning (36)\" srcset=\"https:\/\/www.sisinternational.com\/wp-content\/uploads\/2025\/08\/Deep-learning-machine-learning-36.jpg 1456w, https:\/\/www.sisinternational.com\/wp-content\/uploads\/2025\/08\/Deep-learning-machine-learning-36-300x168.jpg 300w, https:\/\/www.sisinternational.com\/wp-content\/uploads\/2025\/08\/Deep-learning-machine-learning-36-1024x574.jpg 1024w, https:\/\/www.sisinternational.com\/wp-content\/uploads\/2025\/08\/Deep-learning-machine-learning-36-768x430.jpg 768w, https:\/\/www.sisinternational.com\/wp-content\/uploads\/2025\/08\/Deep-learning-machine-learning-36-18x10.jpg 18w\" sizes=\"auto, (max-width: 1456px) 100vw, 1456px\"><\/figure>\n\n\n\n<h2 class=\"wp-block-heading\"><\/h2>\n\n\n\n<hr class=\"wp-block-separator has-alpha-channel-opacity is-style-dots\"\/>\n\n\n\n<h2 class=\"wp-block-heading\">O que \u00e9 an\u00e1lise cognitiva?<\/h2>\n\n\n\n<p>Cognitive analysis is one of the smart systems humans now have at their disposal. It combines with other processes to examine huge data sets. Then, it gives structure to the unstructured data. The system can also scan its database for answers to inquiries. Because of its human-like insight, we call it cognitive analysis.<\/p>\n\n\n\n<p>This type of analysis can involve many things. For example, it can involve someone trying to decipher the context or meaning of a phrase. It can also involve finding unique objects in an image despite having lots of data. It very often uses AI tools and machine learning, which allows the software to grow over time. Simple analytics cannot always uncover patterns and links, but cognitive analysis can.<\/p>\n\n\n\n<h2 class=\"wp-block-heading\">Por que a an\u00e1lise cognitiva \u00e9 importante?<\/h2>\n\n\n\n<p>Precisamos de tecnologia para que a sociedade progrida. Precisamos da melhor combina\u00e7\u00e3o de conhecimentos humanos e de m\u00e1quinas para resolver as crises da sociedade. Como resultado, usamos an\u00e1lise cognitiva. Podemos us\u00e1-lo em muitas \u00e1reas, por exemplo-<\/p>\n\n\n\n<h3 class=\"wp-block-heading\">Seguran\u00e7a P\u00fablica:<\/h3>\n\n\n\n<p>When we use tech to raise awareness, we gain more and better insights. As a result, new fields of study emerge, such as fighting outbreaks, handling crises, and battling crime.<\/p>\n\n\n\n<h3 class=\"wp-block-heading\">Servi\u00e7os sociais:<\/h3>\n\n\n\n<p>When we use tech, we can gain insights from the datasets. This aids in making care plans, and cognitive analysis enables social workers to protect at-risk groups.<\/p>\n\n\n\n<h3 class=\"wp-block-heading\">Ambiente:<\/h3>\n\n\n\n<p>We need to protect the world from further human damage. Cognitive analysis can help with climate change, food shortages, and <a href=\"https:\/\/www.sisinternational.com\/pt\/pericia\/industrias\/pesquisa-de-mercado-sobre-escassez-de-agua\/\" title=\"Pesquisa de mercado sobre escassez de \u00e1gua\"  data-wpil-monitor-id=\"10229\">water and energy scarcity<\/a>. As a result, the government can better detect pollution sources.<\/p>\n\n\n\n<h2 class=\"wp-block-heading\">Principais cargos<\/h2>\n\n\n\n<h3 class=\"wp-block-heading\">Analista de informa\u00e7\u00f5es<\/h3>\n\n\n\n<p>A data analyst can process large amounts of data, most of which relates to sales and client relations. This job requires strong logical thinking skills and a laser-like <a href=\"https:\/\/www.sisinternational.com\/pt\/cobertura\/europa\/pesquisa-de-mercado-em-liverpool-reino-unido\/\" title=\"Pesquisa de Mercado em Liverpool | Grupos focais e coleta de dados no Reino Unido\"  data-wpil-monitor-id=\"10231\">focus to process data<\/a> properly for review.<\/p>\n\n\n\n<h3 class=\"wp-block-heading\">Designer de produto<\/h3>\n\n\n\n<p>A product designer works for a firm to create, build, and <a href=\"https:\/\/www.sisinternational.com\/pt\/solucoes\/solucoes-de-branding-e-pesquisa-de-clientes\/pesquisa-de-mercado-para-testes-de-produtos\/\" title=\"Pesquisa de mercado para testes de produtos\"  data-wpil-monitor-id=\"10224\">test new products<\/a>. Studying cognitive science can assist a product designer. It helps them to understand how people engage with their products. It also allows firms to create more eye-catching goods.<\/p>\n\n\n\n<h2 class=\"wp-block-heading\">Por que as empresas precisam de an\u00e1lise cognitiva?<\/h2>\n\n\n\n<figure class=\"gb-block-image gb-block-image-d5ad1c9b\"><img loading=\"lazy\" decoding=\"async\" width=\"1456\" height=\"816\" class=\"gb-image gb-image-d5ad1c9b\" src=\"https:\/\/www.sisinternational.com\/wp-content\/uploads\/2025\/08\/Deep-learning-machine-learning-20.jpg\" alt=\"Pesquisa e Estrat\u00e9gia de Mercado Internacional da SIS\" title=\"Deep learning machine learning (20)\" srcset=\"https:\/\/www.sisinternational.com\/wp-content\/uploads\/2025\/08\/Deep-learning-machine-learning-20.jpg 1456w, https:\/\/www.sisinternational.com\/wp-content\/uploads\/2025\/08\/Deep-learning-machine-learning-20-300x168.jpg 300w, https:\/\/www.sisinternational.com\/wp-content\/uploads\/2025\/08\/Deep-learning-machine-learning-20-1024x574.jpg 1024w, https:\/\/www.sisinternational.com\/wp-content\/uploads\/2025\/08\/Deep-learning-machine-learning-20-768x430.jpg 768w, https:\/\/www.sisinternational.com\/wp-content\/uploads\/2025\/08\/Deep-learning-machine-learning-20-18x10.jpg 18w\" sizes=\"auto, (max-width: 1456px) 100vw, 1456px\"><\/figure>\n\n\n\n<p><\/p>\n\n\n\n<p>Os usu\u00e1rios podem obter insights sobre o crescimento do neg\u00f3cio por meio de esfor\u00e7os cognitivos. Devido ao crescimento do neg\u00f3cio, isso ajuda na intera\u00e7\u00e3o com o cliente. A an\u00e1lise cognitiva aumenta ainda mais a efici\u00eancia e muito rapidamente. Os m\u00e9ritos s\u00e3o os seguintes:<\/p>\n\n\n\n<ul class=\"wp-block-list\">\n<li>Maior produtividade e efici\u00eancia.<\/li>\n\n\n\n<li>Melhores escolhas e planejamento.<\/li>\n\n\n\n<li>A seguran\u00e7a e a conformidade ir\u00e3o melhorar.<\/li>\n\n\n\n<li>Poupan\u00e7a de custos.<\/li>\n\n\n\n<li>Melhorar o ambiente de aprendizagem.<\/li>\n\n\n\n<li>O crescimento do neg\u00f3cio.<\/li>\n\n\n\n<li>Crescimento no ecossistema.<\/li>\n\n\n\n<li><a href=\"https:\/\/www.sisinternational.com\/pt\/publicacoes\/pesquisa-de-mercado-de-negocios-escalaveis-7-maneiras-de-construir-um-negocio-escalavel\/\" title=\"Pesquisa de mercado de neg\u00f3cios escal\u00e1veis: 7 maneiras de construir um neg\u00f3cio escal\u00e1vel\"  data-wpil-monitor-id=\"10225\">Business growth into new markets<\/a>.<\/li>\n\n\n\n<li>A taxa na qual a empresa desenvolve novos produtos e servi\u00e7os.<\/li>\n<\/ul>\n\n\n\n<h2 class=\"wp-block-heading\">Principais fatores de sucesso<\/h2>\n\n\n\n<p>Businesses are now trying to go to the next level by focusing on cognitive analysis. They seek to seize chances by tracing new systems. They meet customer wants by studying complex data for valuable insights. Some of the <a href=\"https:\/\/www.sisinternational.com\/pt\/principais-fatores-de-sucesso-na-pesquisa-de-mercado-automotivo\/\" title=\"Principais fatores de sucesso na pesquisa de mercado automotivo\"  data-wpil-monitor-id=\"10223\">key success factors<\/a> are as follows:<\/p>\n\n\n\n<ul class=\"wp-block-list\">\n<li>Detecting and <a href=\"https:\/\/www.sisinternational.com\/pt\/solucoes\/inovacao\/como-escalar-um-negocio\/\" title=\"Como escalar um neg\u00f3cio | Alcan\u00e7ando o crescimento exponencial\"  data-wpil-monitor-id=\"10233\">scaling core business<\/a> systems.<\/li>\n\n\n\n<li>Aproveitando ao m\u00e1ximo a an\u00e1lise de dados.<\/li>\n\n\n\n<li>Certificando-se de que sua empresa pode lidar com mudan\u00e7as.<\/li>\n\n\n\n<li>Garantir que os fluxos de trabalho centrados na IA tenham um elemento humano.<\/li>\n\n\n\n<li>Ser \u00e1gil e ter meios para se ajustar.<\/li>\n\n\n\n<li>Extraindo o que h\u00e1 de melhor nas pessoas.<\/li>\n\n\n\n<li>Confian\u00e7a e seguran\u00e7a.<\/li>\n<\/ul>\n\n\n\n<h2 class=\"wp-block-heading\">Pesquisa de mercado sobre an\u00e1lise cognitiva<\/h2>\n\n\n\n<p>As empresas est\u00e3o usando esse tipo de an\u00e1lise para obter acesso a fontes de dados ocultas. Eles j\u00e1 o usam para fotos, e-mails, arquivos de texto e postagens sociais. Os profissionais de sa\u00fade utilizam-no para combinar os pacientes com os melhores cuidados ou tratamentos precoces. Embora ainda esteja em seus est\u00e1gios iniciais, tem o poder de fornecer respostas em tempo real a grandes quantidades de dados. \u00c9 tamb\u00e9m uma mudan\u00e7a de mentalidade em rela\u00e7\u00e3o \u00e0 an\u00e1lise local.<\/p>\n\n\n\n<p>Qualitativo <a href=\"https:\/\/www.sisinternational.com\/pt\/dia-mundial-do-autismo\/\" title=\"Estudos de pesquisa de mercado sobre autismo\"  data-wpil-monitor-id=\"10227\">research aids in studying<\/a> buyer habits. It also shows the reasons for product buybacks. Quantitative research gives us facts and figures on your clients\u2019 buying patterns. We also do live interviews and surveys. <a href=\"https:\/\/www.linkedin.com\/company\/sisinternationalresearch\" target=\"_blank\" rel=\"noopener\">We host focus groups<\/a>, a market research tool that works very well. This method is perfect for gathering data in depth. Focus groups make clear the customers\u2019 actual points of view and ideas. Also, we do strategy research, which helps you save money and ensures your firm\u2019s growth.<\/p>\n\n\n\n<h2 class=\"wp-block-heading\">Localiza\u00e7\u00e3o de nossas instala\u00e7\u00f5es em Nova York<\/h2>\n\n\n\n<p>  <iframe loading=\"lazy\" src=\"https:\/\/www.google.com\/maps\/embed?pb=!1m18!1m12!1m3!1d3022.976188376966!2d-73.99130312499956!3d40.740549471389315!2m3!1f0!2f0!3f0!3m2!1i1024!2i768!4f13.1!3m3!1m2!1s0x89c259a15798c731%3A0xd695d09bdd495f25!2s11%20E%2022nd%20St%20FL%202%2C%20New%20York%2C%20NY%2010010%2C%20USA!5e0!3m2!1sen!2spe!4v1726171763526!5m2!1sen!2spe\" width=\"600\" height=\"450\" allowfullscreen=\"allowfullscreen\" data-mce-fragment=\"1\"><\/iframe>  <\/p>\n\n\n\n<h3 class=\"wp-block-heading\">11 E 22nd Street, 2\u00ba andar, Nova York, NY 10010 T: +1(212) 505-6805<\/h3>\n\n\n\n<hr class=\"wp-block-separator has-alpha-channel-opacity\"\/>\n\n\n\n<h2 class=\"wp-block-heading\"><strong>Sobre SIS Internacional<\/strong><\/h2>\n\n\n\n<p><a href=\"https:\/\/www.sisinternational.com\/pt\/\"><span style=\"font-weight: 400;\">SIS Internacional<\/span><\/a><span style=\"font-weight: 400;\"> offers Quantitative, Qualitative, and Strategy Research. We provide data, tools, strategies, reports, and insights for decision-making. We also conduct interviews, surveys, focus groups, and other <a href=\"https:\/\/www.sisinternational.com\/pt\/quantitative-market-research-methods-and-techniques\/\" title=\"Quantitative Market Research Methods and Techniques\" data-wpil-monitor-id=\"10221\">Market Research methods<\/a> and approaches.<\/span><a href=\"https:\/\/www.sisinternational.com\/pt\/sobre-a-sis-international-research\/contact-sis-international-market-research\/\"><span style=\"font-weight: 400;\"> Entre em contato conosco<\/span><\/a><span style=\"font-weight: 400;\"> para o seu pr\u00f3ximo projeto de pesquisa de mercado.<\/span><\/p>\n\n\n\n<p><\/p>","protected":false},"excerpt":{"rendered":"<p>A pesquisa de mercado de an\u00e1lise cognitiva examina conjuntos de dados e estruturas de dados n\u00e3o estruturados. Ele verifica o banco de dados usando an\u00e1lise cognitiva.<\/p>","protected":false},"author":1,"featured_media":64414,"parent":14660,"menu_order":27,"comment_status":"closed","ping_status":"closed","template":"","meta":{"footnotes":""},"class_list":["post-40194","page","type-page","status-publish","has-post-thumbnail"],"_links":{"self":[{"href":"https:\/\/www.sisinternational.com\/pt\/wp-json\/wp\/v2\/pages\/40194","targetHints":{"allow":["GET"]}}],"collection":[{"href":"https:\/\/www.sisinternational.com\/pt\/wp-json\/wp\/v2\/pages"}],"about":[{"href":"https:\/\/www.sisinternational.com\/pt\/wp-json\/wp\/v2\/types\/page"}],"author":[{"embeddable":true,"href":"https:\/\/www.sisinternational.com\/pt\/wp-json\/wp\/v2\/users\/1"}],"replies":[{"embeddable":true,"href":"https:\/\/www.sisinternational.com\/pt\/wp-json\/wp\/v2\/comments?post=40194"}],"version-history":[{"count":7,"href":"https:\/\/www.sisinternational.com\/pt\/wp-json\/wp\/v2\/pages\/40194\/revisions"}],"predecessor-version":[{"id":81689,"href":"https:\/\/www.sisinternational.com\/pt\/wp-json\/wp\/v2\/pages\/40194\/revisions\/81689"}],"up":[{"embeddable":true,"href":"https:\/\/www.sisinternational.com\/pt\/wp-json\/wp\/v2\/pages\/14660"}],"wp:featuredmedia":[{"embeddable":true,"href":"https:\/\/www.sisinternational.com\/pt\/wp-json\/wp\/v2\/media\/64414"}],"wp:attachment":[{"href":"https:\/\/www.sisinternational.com\/pt\/wp-json\/wp\/v2\/media?parent=40194"}],"curies":[{"name":"wp","href":"https:\/\/api.w.org\/{rel}","templated":true}]}}