{"id":40192,"date":"2022-04-27T02:25:47","date_gmt":"2022-04-27T02:25:47","guid":{"rendered":"https:\/\/www.sisinternational.com\/?page_id=40192"},"modified":"2026-01-27T16:38:50","modified_gmt":"2026-01-27T21:38:50","slug":"pesquisa-de-mercado-mercado-de-capitais","status":"publish","type":"page","link":"https:\/\/www.sisinternational.com\/pt\/solucoes\/pesquisa-de-consultoria-em-estrategia-fintech\/pesquisa-de-mercado-mercado-de-capitais\/","title":{"rendered":"Pesquisa de mercado de mercado de capitais"},"content":{"rendered":"<h1 class=\"wp-block-heading\">Pesquisa de mercado de mercado de capitais<\/h1>\n\n\n\n<figure class=\"gb-block-image gb-block-image-6d9e992f\"><img loading=\"lazy\" decoding=\"async\" width=\"1456\" height=\"816\" class=\"gb-image gb-image-6d9e992f\" src=\"https:\/\/www.sisinternational.com\/wp-content\/uploads\/2025\/08\/Finance-17.jpg\" alt=\"Pesquisa e Estrat\u00e9gia de Mercado Internacional da SIS\" title=\"Finance (17)\" srcset=\"https:\/\/www.sisinternational.com\/wp-content\/uploads\/2025\/08\/Finance-17.jpg 1456w, https:\/\/www.sisinternational.com\/wp-content\/uploads\/2025\/08\/Finance-17-300x168.jpg 300w, https:\/\/www.sisinternational.com\/wp-content\/uploads\/2025\/08\/Finance-17-1024x574.jpg 1024w, https:\/\/www.sisinternational.com\/wp-content\/uploads\/2025\/08\/Finance-17-768x430.jpg 768w, https:\/\/www.sisinternational.com\/wp-content\/uploads\/2025\/08\/Finance-17-18x10.jpg 18w\" sizes=\"auto, (max-width: 1456px) 100vw, 1456px\"><\/figure>\n\n\n\n<p><\/p>\n\n\n\n<hr class=\"wp-block-separator has-alpha-channel-opacity is-style-dots\"\/>\n\n\n\n<p>Capital markets market research provides financial institutions, investors, and policymakers with the insights needed to navigate this complex and rapidly changing landscape.<\/p>\n\n\n\n<p>No <a href=\"https:\/\/www.linkedin.com\/company\/sisinternationalresearch\/\" target=\"_blank\" rel=\"noopener\">A SIS International Research<\/a>, we analyze emerging trends, competitive dynamics, and investment opportunities to help organizations stay ahead in the capital markets sector.<\/p>\n\n\n\n<h2 class=\"wp-block-heading\">Capital Markets<\/h2>\n\n\n\n<p>Capital markets are where companies go to save, trade, and invest. A financial market is where buyers and sellers trade items and services for gain. There, market players swap bonds, stocks, cash, and more to make a profit. Suppliers, regular citizens, and companies with capital to lend can all participate. So can people in need and investors, as this is where these persons thrive best. At some point, they all mesh with each other in some form.<\/p>\n\n\n\n<p>For instance, suppliers usually include banks and investors in their activities. Meanwhile, others who seek capital are businesses, governments, and individuals. These players tend to use a different approach.<\/p>\n\n\n\n<p>There are two types of capital markets: primary and secondary markets. The primary <a href=\"https:\/\/www.sisinternational.com\/pt\/pericia\/industrias\/pesquisa-de-mercado-da-industria-de-carona\/\" title=\"Pesquisa de mercado de compartilhamento de viagens\" data-wpil-monitor-id=\"6395\">market is for new shares<\/a> and security. Secondary <a href=\"https:\/\/www.sisinternational.com\/pt\/compreender-o-regime-de-comercio-de-emissoes-da-ue-um-relatorio-sis\/\" title=\"Pesquisa de mercado de com\u00e9rcio de emiss\u00f5es\" data-wpil-monitor-id=\"7502\">markets deal with the trading<\/a> of growing or recently sold securities among investors.<\/p>\n\n\n\n<h2 class=\"wp-block-heading\"><strong>Why Capital Markets Market Research Matters<\/strong><\/h2>\n\n\n\n<figure class=\"gb-block-image gb-block-image-96daec66\"><img loading=\"lazy\" decoding=\"async\" width=\"1456\" height=\"816\" class=\"gb-image gb-image-96daec66\" src=\"https:\/\/www.sisinternational.com\/wp-content\/uploads\/2025\/08\/Finance-8.jpg\" alt=\"Pesquisa e Estrat\u00e9gia de Mercado Internacional da SIS\" title=\"Finance (8)\" srcset=\"https:\/\/www.sisinternational.com\/wp-content\/uploads\/2025\/08\/Finance-8.jpg 1456w, https:\/\/www.sisinternational.com\/wp-content\/uploads\/2025\/08\/Finance-8-300x168.jpg 300w, https:\/\/www.sisinternational.com\/wp-content\/uploads\/2025\/08\/Finance-8-1024x574.jpg 1024w, https:\/\/www.sisinternational.com\/wp-content\/uploads\/2025\/08\/Finance-8-768x430.jpg 768w, https:\/\/www.sisinternational.com\/wp-content\/uploads\/2025\/08\/Finance-8-18x10.jpg 18w\" sizes=\"auto, (max-width: 1456px) 100vw, 1456px\"><\/figure>\n\n\n\n<p><\/p>\n\n\n\n<p><span style=\"background-color: var(--base-3); color: var(--contrast-2);\">Multiple factors, including&nbsp;<\/span>economic conditions, geopolitical developments, technological advancements, and investor sentiment influence capital markets. Anyway, conducting thorough market research helps firms:<\/p>\n\n\n\n<p>\u2705 <strong>Identify new investment opportunities<\/strong> and asset classes.<br>\u2705 <strong>Assess risks and market volatility<\/strong> before making critical financial decisions.<br>\u2705 <strong>Monitor regulatory changes<\/strong> affecting securities trading and financial instruments.<br>\u2705 <strong>Understand investor behavior<\/strong> and shifts in capital flows.<br>\u2705 <strong>Optimize trading strategies<\/strong> using real-time data and analytics.<\/p>\n\n\n\n<h2 class=\"wp-block-heading\">Principais cargos<\/h2>\n\n\n\n<p>Uma carreira neste mercado est\u00e1 relacionada a coisas como a quantidade de seguran\u00e7a e ativos que uma pessoa possui. Tamb\u00e9m inclui propriedades pertencentes a algu\u00e9m ou outras entidades. Traders e investidores ganham pontos quando outra parte compra algo. Eles tamb\u00e9m ganham dinheiro com publicidade. Mesmo a venda a descoberto de t\u00edtulos pode ser uma forma de obter lucros e posi\u00e7\u00f5es no mercado.<\/p>\n\n\n\n<p>Carreiras em Marketing de Capital:<\/p>\n\n\n\n<ul class=\"wp-block-list\">\n<li>Banqueiro Comerciante<\/li>\n\n\n\n<li>Gerente de Desenvolvimento de Neg\u00f3cios<\/li>\n\n\n\n<li>Gerente s\u00eanior<\/li>\n\n\n\n<li>Gestor de fundos<\/li>\n\n\n\n<li>Corretor de bolsa<\/li>\n<\/ul>\n\n\n\n<h2 class=\"wp-block-heading\">Por que as empresas precisam do mercado de capitais<\/h2>\n\n\n\n<figure class=\"gb-block-image gb-block-image-ea8a635a\"><img loading=\"lazy\" decoding=\"async\" width=\"1456\" height=\"816\" class=\"gb-image gb-image-ea8a635a\" src=\"https:\/\/www.sisinternational.com\/wp-content\/uploads\/2025\/08\/Finance-6.jpg\" alt=\"Pesquisa e Estrat\u00e9gia de Mercado Internacional da SIS\" title=\"Finance (6)\" srcset=\"https:\/\/www.sisinternational.com\/wp-content\/uploads\/2025\/08\/Finance-6.jpg 1456w, https:\/\/www.sisinternational.com\/wp-content\/uploads\/2025\/08\/Finance-6-300x168.jpg 300w, https:\/\/www.sisinternational.com\/wp-content\/uploads\/2025\/08\/Finance-6-1024x574.jpg 1024w, https:\/\/www.sisinternational.com\/wp-content\/uploads\/2025\/08\/Finance-6-768x430.jpg 768w, https:\/\/www.sisinternational.com\/wp-content\/uploads\/2025\/08\/Finance-6-18x10.jpg 18w\" sizes=\"auto, (max-width: 1456px) 100vw, 1456px\"><\/figure>\n\n\n\n<p><\/p>\n\n\n\n<p>Esse <a href=\"https:\/\/www.sisinternational.com\/pt\/pericia\/industrias\/pesquisa-de-mercado-de-mineracao-espacial\/\" title=\"Pesquisa de mercado de minera\u00e7\u00e3o espacial\" data-wpil-monitor-id=\"6328\">market provides an open space<\/a> for traders to buy and sell stocks and bonds. It gives way for companies to raise financial capital and grow. Thus, it lowers risks and expenses while allowing them to grow and reach higher levels. They can expand because there are always reliable markets to look back on to get funds.<\/p>\n\n\n\n<p>Muitas empresas lucram diretamente com estes mercados (prim\u00e1rio e secund\u00e1rio). Algumas empresas iriam \u00e0 fal\u00eancia sem eles. Assim, estes mercados comerciais formais ou informais s\u00e3o essenciais. Os funcion\u00e1rios de empresas com apenas crescimento de capital se beneficiam muito desses mercados. Al\u00e9m disso, as empresas em crescimento que expandem os seus escrit\u00f3rios e f\u00e1bricas criam novos empregos. Assim, os mercados de capitais deixam menos pessoas sem trabalho.<\/p>\n\n\n\n<h2 class=\"wp-block-heading\">Principais fatores de sucesso<\/h2>\n\n\n\n<p>Capital markets have a lot of advantages. For one, the market helps increase the value of your investment. <a href=\"https:\/\/www.sisinternational.com\/pt\/pericia\/industrias\/pesquisa-de-mercado-de-seguranca\/\" title=\"Pesquisa de mercado de seguran\u00e7a\" data-wpil-monitor-id=\"7001\">Securities like bonds traded in the market<\/a> provide more interest. Thus, they\u2019re better assets than banks, shares, and dividends. Another benefit is that these assets and results also come with liquidity. (Which means it\u2019s easy to turn them into cash through trade).<\/p>\n\n\n\n<p>Existem diferentes \u00e1reas neste mercado, e uma delas \u00e9 o com\u00e9rcio internacional. \u00c9 quando uma empresa opta por aderir a um mercado de capitais global. As oportunidades ent\u00e3o aumentam para o neg\u00f3cio. Assim, permite que pessoas, empresas e governos tenham mais liberdade. Tamb\u00e9m permite que os intervenientes no mercado de diferentes pa\u00edses aprendam e avancem, o que reduz muitos riscos de perdas ou maus investimentos.<\/p>\n\n\n\n<h2 class=\"wp-block-heading\"><strong>Challenges Facing Capital Markets<\/strong><\/h2>\n\n\n\n<p>Despite immense opportunities, capital markets face several challenges that require <strong>strategic planning and risk mitigation<\/strong>:<\/p>\n\n\n\n<h3 class=\"wp-block-heading\"><strong>1. Regulatory Uncertainty and Compliance Burdens<\/strong><\/h3>\n\n\n\n<p>Governments and financial authorities are tightening regulations on financial instruments, trading practices, and capital flows. Staying compliant with:<\/p>\n\n\n\n<ul class=\"wp-block-list\">\n<li><p>SEC and FINRA guidelines \ud83d\udcd1<\/p><\/li>\n\n\n\n<li><p>MiFID II regulations in Europe \ud83c\uddea\ud83c\uddfa<\/p><\/li>\n\n\n\n<li><p>Global anti-money laundering (AML) policies \ud83c\udf0d<\/p><\/li>\n<\/ul>\n\n\n\n<h3 class=\"wp-block-heading\"><strong>2. Market Volatility and Geopolitical Risks<\/strong><\/h3>\n\n\n\n<p>Global economic fluctuations, geopolitical tensions, and black swan events can disrupt financial markets. Investors must stay informed and <a href=\"https:\/\/www.sisinternational.com\/pt\/solucoes\/inovacao\/pesquisa-de-mercado-agil\/\" title=\"Pesquisa de mercado \u00e1gil\" data-wpil-monitor-id=\"7060\">agile to navigate sudden shifts in market<\/a> conditions.<\/p>\n\n\n\n<h3 class=\"wp-block-heading\"><strong>3. Liquidity Concerns in Fixed-Income Markets<\/strong><\/h3>\n\n\n\n<p>Bond markets are experiencing liquidity challenges, making it harder for institutional investors to execute large trades without affecting market prices. Alternative trading <a href=\"https:\/\/www.sisinternational.com\/pt\/marketing-movel\/\" title=\"O que \u00e9 marketing m\u00f3vel?\" data-wpil-monitor-id=\"2257\">strategies and market<\/a> depth analysis are essential in this environment.<\/p>\n\n\n\n<h2 class=\"wp-block-heading\"><strong>Opportunities for Growth in Capital Markets<\/strong><\/h2>\n\n\n\n<p>Despite challenges, there are significant opportunities for investors and financial institutions:<\/p>\n\n\n\n<p>\u2705 <strong>Expansion into emerging markets<\/strong>, where capital market development is accelerating.<br>\u2705 <strong>Leveraging AI and automation<\/strong> for improved trading efficiency.<br>\u2705 <strong>Developing innovative financial products<\/strong> tailored to investor demand.<br>\u2705 <strong>Strengthening risk management frameworks<\/strong> to handle market turbulence.<\/p>\n\n\n\n<h2 class=\"wp-block-heading\"><strong>The Future of Capital Markets Market Research<\/strong><\/h2>\n\n\n\n<figure class=\"gb-block-image gb-block-image-888da9e5\"><img loading=\"lazy\" decoding=\"async\" width=\"1456\" height=\"816\" class=\"gb-image gb-image-888da9e5\" src=\"https:\/\/www.sisinternational.com\/wp-content\/uploads\/2025\/08\/Commercial-real-estate-business-comapny-8.jpg\" alt=\"Pesquisa e Estrat\u00e9gia de Mercado Internacional da SIS\" title=\"Commercial real estate business comapny (8)\" srcset=\"https:\/\/www.sisinternational.com\/wp-content\/uploads\/2025\/08\/Commercial-real-estate-business-comapny-8.jpg 1456w, https:\/\/www.sisinternational.com\/wp-content\/uploads\/2025\/08\/Commercial-real-estate-business-comapny-8-300x168.jpg 300w, https:\/\/www.sisinternational.com\/wp-content\/uploads\/2025\/08\/Commercial-real-estate-business-comapny-8-1024x574.jpg 1024w, https:\/\/www.sisinternational.com\/wp-content\/uploads\/2025\/08\/Commercial-real-estate-business-comapny-8-768x430.jpg 768w, https:\/\/www.sisinternational.com\/wp-content\/uploads\/2025\/08\/Commercial-real-estate-business-comapny-8-18x10.jpg 18w\" sizes=\"auto, (max-width: 1456px) 100vw, 1456px\"><\/figure>\n\n\n\n<p><\/p>\n\n\n\n<p>The next phase of capital markets will be shaped by:<\/p>\n\n\n\n<p>\ud83d\ude80 <strong>AI-driven investment models optimizing portfolio performance.<\/strong><br>\ud83d\ude80 <strong>Blockchain-based securities and decentralized trading.<\/strong><br>\ud83d\ude80 <strong>Stronger integration of ESG into capital allocation strategies.<\/strong><br>\ud83d\ude80 <strong>The rise of hybrid investment platforms combining traditional and digital assets.<\/strong><\/p>\n\n\n\n<h2 class=\"wp-block-heading\"><strong>Final Thoughts from Ruth Stanat, CEO of SIS International Research<\/strong><\/h2>\n\n\n\n<p>Capital markets are evolving faster than ever. Investors, asset managers, and financial institutions must adapt to technological advancements, regulatory shifts, and changing investor expectations.<\/p>\n\n\n\n<p>No <strong>A SIS International Research<\/strong>, we provide deep market intelligence, predictive analytics, and strategic foresight to help financial firms anticipate trends, manage risks, and seize new investment opportunities.<\/p>\n\n\n\n<h2 class=\"wp-block-heading\">Localiza\u00e7\u00e3o de nossas instala\u00e7\u00f5es em Nova York<\/h2>\n\n\n\n<p>  <iframe loading=\"lazy\" src=\"https:\/\/www.google.com\/maps\/embed?pb=!1m18!1m12!1m3!1d3022.976188376966!2d-73.99130312499956!3d40.740549471389315!2m3!1f0!2f0!3f0!3m2!1i1024!2i768!4f13.1!3m3!1m2!1s0x89c259a15798c731%3A0xd695d09bdd495f25!2s11%20E%2022nd%20St%20FL%202%2C%20New%20York%2C%20NY%2010010%2C%20USA!5e0!3m2!1sen!2spe!4v1726171763526!5m2!1sen!2spe\" width=\"600\" height=\"450\" allowfullscreen=\"allowfullscreen\" data-mce-fragment=\"1\"><\/iframe>  <\/p>\n\n\n\n<h3 class=\"wp-block-heading\">11 E 22nd Street, 2\u00ba andar, Nova York, NY 10010 T: +1(212) 505-6805<\/h3>\n\n\n\n<hr class=\"wp-block-separator has-alpha-channel-opacity\"\/>\n\n\n\n<h2 class=\"wp-block-heading\"><strong>Sobre SIS Internacional<\/strong><\/h2>\n\n\n\n<p><a href=\"https:\/\/www.sisinternational.com\/pt\/\"><span style=\"font-weight: 400;\">SIS Internacional<\/span><\/a><span style=\"font-weight: 400;\"> oferece pesquisa quantitativa, qualitativa e estrat\u00e9gica. Fornecemos dados, ferramentas, estrat\u00e9gias, relat\u00f3rios e insights para a tomada de decis\u00f5es. Tamb\u00e9m realizamos entrevistas, pesquisas, grupos focais e outros m\u00e9todos e abordagens de Pesquisa de Mercado.<\/span><a href=\"https:\/\/www.sisinternational.com\/pt\/sobre-a-sis-international-research\/contact-sis-international-market-research\/\"><span style=\"font-weight: 400;\"> Entre em contato conosco<\/span><\/a><span style=\"font-weight: 400;\"> para o seu pr\u00f3ximo projeto de pesquisa de mercado.<\/span><\/p>\n\n\n\n<p><\/p>\n\n\n\n<p><span style=\"font-weight: 400;\">&nbsp;<\/span><\/p>","protected":false},"excerpt":{"rendered":"<p>Os Mercados de Capitais s\u00e3o cruciais para financiar a economia, identificar riscos e garantir a estabilidade financeira e o crescimento.<\/p>","protected":false},"author":1,"featured_media":62827,"parent":27462,"menu_order":39,"comment_status":"closed","ping_status":"closed","template":"","meta":{"footnotes":""},"class_list":["post-40192","page","type-page","status-publish","has-post-thumbnail"],"_links":{"self":[{"href":"https:\/\/www.sisinternational.com\/pt\/wp-json\/wp\/v2\/pages\/40192","targetHints":{"allow":["GET"]}}],"collection":[{"href":"https:\/\/www.sisinternational.com\/pt\/wp-json\/wp\/v2\/pages"}],"about":[{"href":"https:\/\/www.sisinternational.com\/pt\/wp-json\/wp\/v2\/types\/page"}],"author":[{"embeddable":true,"href":"https:\/\/www.sisinternational.com\/pt\/wp-json\/wp\/v2\/users\/1"}],"replies":[{"embeddable":true,"href":"https:\/\/www.sisinternational.com\/pt\/wp-json\/wp\/v2\/comments?post=40192"}],"version-history":[{"count":10,"href":"https:\/\/www.sisinternational.com\/pt\/wp-json\/wp\/v2\/pages\/40192\/revisions"}],"predecessor-version":[{"id":81129,"href":"https:\/\/www.sisinternational.com\/pt\/wp-json\/wp\/v2\/pages\/40192\/revisions\/81129"}],"up":[{"embeddable":true,"href":"https:\/\/www.sisinternational.com\/pt\/wp-json\/wp\/v2\/pages\/27462"}],"wp:featuredmedia":[{"embeddable":true,"href":"https:\/\/www.sisinternational.com\/pt\/wp-json\/wp\/v2\/media\/62827"}],"wp:attachment":[{"href":"https:\/\/www.sisinternational.com\/pt\/wp-json\/wp\/v2\/media?parent=40192"}],"curies":[{"name":"wp","href":"https:\/\/api.w.org\/{rel}","templated":true}]}}