{"id":40190,"date":"2022-04-27T02:23:25","date_gmt":"2022-04-27T02:23:25","guid":{"rendered":"https:\/\/www.sisinternational.com\/?page_id=40190"},"modified":"2026-01-25T18:38:02","modified_gmt":"2026-01-25T23:38:02","slug":"pesquisa-de-mercado-de-bioinformatica","status":"publish","type":"page","link":"https:\/\/www.sisinternational.com\/pt\/pericia\/pesquisa-de-mercado-de-bioinformatica\/","title":{"rendered":"Pesquisa de mercado de bioinform\u00e1tica"},"content":{"rendered":"<h1 class=\"wp-block-heading\">Pesquisa de mercado de bioinform\u00e1tica<\/h1>\n\n\n\n<figure class=\"gb-block-image gb-block-image-6cda46bc\"><img loading=\"lazy\" decoding=\"async\" width=\"1456\" height=\"816\" class=\"gb-image gb-image-6cda46bc\" src=\"https:\/\/www.sisinternational.com\/wp-content\/uploads\/2025\/09\/DNA-Genetics-16.jpg\" alt=\"Pesquisa e Estrat\u00e9gia de Mercado Internacional da SIS\" title=\"DNA Genetics (16)\" srcset=\"https:\/\/www.sisinternational.com\/wp-content\/uploads\/2025\/09\/DNA-Genetics-16.jpg 1456w, https:\/\/www.sisinternational.com\/wp-content\/uploads\/2025\/09\/DNA-Genetics-16-300x168.jpg 300w, https:\/\/www.sisinternational.com\/wp-content\/uploads\/2025\/09\/DNA-Genetics-16-1024x574.jpg 1024w, https:\/\/www.sisinternational.com\/wp-content\/uploads\/2025\/09\/DNA-Genetics-16-768x430.jpg 768w, https:\/\/www.sisinternational.com\/wp-content\/uploads\/2025\/09\/DNA-Genetics-16-18x10.jpg 18w\" sizes=\"auto, (max-width: 1456px) 100vw, 1456px\"><\/figure>\n\n\n\n<p><\/p>\n\n\n\n<hr class=\"wp-block-separator has-alpha-channel-opacity is-style-dots\"\/>\n\n\n\n<h2 class=\"wp-block-heading\">O que \u00e9 pesquisa de mercado de bioinform\u00e1tica?<\/h2>\n\n\n\n<p>Bioinformatics deals with obtaining, storing, breaking down, and sharing biological data. It is a mix between biology and computer science. Most times, it deals with DNA as well as amino acid sequences. Further, it makes use of software programs to decide gene and protein functions. The <a href=\"https:\/\/www.sisinternational.com\/pt\/solucoes\/consultoria-estrategica\/pesquisa-de-mercado-de-gestao-de-mudancas\/\" title=\"Pesquisa de mercado de gest\u00e3o de mudan\u00e7as\"  data-wpil-monitor-id=\"9442\">research also brings changing<\/a> linkages into being and predicts the solid structures of proteins.<\/p>\n\n\n\n<h2 class=\"wp-block-heading\">Por que a pesquisa de mercado de bioinform\u00e1tica \u00e9 importante?<\/h2>\n\n\n\n<p>Os recursos tecnol\u00f3gicos se desenvolvem e ficam ao alcance da maioria das pessoas com o passar do tempo. Na verdade, estes recursos ir\u00e3o melhorar a forma como encontramos e respondemos \u00e0s preocupa\u00e7\u00f5es globais de novas formas. Conseq\u00fcentemente, as perspectivas s\u00e3o enormes e h\u00e1 muitas maneiras pelas quais podemos aplicar esse conhecimento. Por exemplo, podemos utiliz\u00e1-lo para desenvolver novos medicamentos, combater surtos de doen\u00e7as e melhorar m\u00e9todos agr\u00edcolas.<\/p>\n\n\n\n<p>Scientific findings are the result of mining such data. Scientists use these discoveries in <a href=\"https:\/\/www.sisinternational.com\/pt\/solucoes\/inovacao\/pesquisa-de-mercado-genetica\/\" title=\"Pesquisa de mercado de gen\u00e9tica\"  data-wpil-monitor-id=\"5012\">genetics and genomics research<\/a>.<\/p>\n\n\n\n<p>Bioinformatics also plays a part in the <a href=\"https:\/\/www.sisinternational.com\/pt\/best-practices-for-quantitative-market-research\/\" title=\"Melhores pr\u00e1ticas para pesquisa quantitativa de mercado\"  data-wpil-monitor-id=\"9447\">practical aspects of genetic research<\/a>. This type of <a href=\"https:\/\/www.sisinternational.com\/pt\/solucoes\/pesquisa-de-consultoria-em-estrategia-fintech\/pesquisa-de-mercado-de-analise-de-dados-bancarios\/\" title=\"Pesquisa de mercado de an\u00e1lise de dados banc\u00e1rios\"  data-wpil-monitor-id=\"9443\">research gets massive amounts of data<\/a>, often too much to grasp. It also decodes this <a href=\"https:\/\/www.sisinternational.com\/pt\/pericia\/industrias\/pesquisa-de-mercado-de-coleta-de-dados\/\" title=\"Pesquisa de mercado de coleta de dados\"  data-wpil-monitor-id=\"9444\">data to be helpful to researchers<\/a>.<\/p>\n\n\n\n<p>Companies build tools for this <a href=\"https:\/\/www.sisinternational.com\/pt\/solucoes\/solucoes-de-pesquisa-quantitativa-qualitativa\/pesquisa-de-mercado-de-servicos-de-campo\/\" title=\"Pesquisa de mercado de servi\u00e7os de campo\"  data-wpil-monitor-id=\"9441\">field with both the researcher<\/a> and the biologist in mind. It can help both parties create a database of info with easy-to-read and useful data to make clinical decisions.<\/p>\n\n\n\n<p>Sem a Bioinform\u00e1tica, ter\u00edamos apenas uma pesquisa gen\u00e9tica restrita. Muitos dos dados est\u00e3o em formato e tamanho dif\u00edceis de decodificar, dificultando a obten\u00e7\u00e3o de detalhes.<\/p>\n\n\n\n<h2 class=\"wp-block-heading\">Principais cargos<\/h2>\n\n\n\n<ul class=\"wp-block-list\">\n<li>Pesquisa cient\u00edfica<\/li>\n\n\n\n<li>Bi\u00f3logo Molecular<\/li>\n\n\n\n<li>Microbiologista<\/li>\n\n\n\n<li>Cientista<\/li>\n\n\n\n<li>Zo\u00f3logo ou bi\u00f3logo da vida selvagem<\/li>\n<\/ul>\n\n\n\n<h2 class=\"wp-block-heading\">Por que as empresas precisam de pesquisas de mercado em bioinform\u00e1tica<\/h2>\n\n\n\n<p>This data could mean millions in savings for firms struggling to get FDA approval. At least, they can use these savings to do the <a href=\"https:\/\/www.sisinternational.com\/pt\/pericia\/industrias\/pesquisa-de-mercado-de-medicamentos-orfaos\/\" title=\"Pesquisa de mercado de medicamentos \u00f3rf\u00e3os\"  data-wpil-monitor-id=\"9445\">research to develop new drugs<\/a>. Patients can get alternative treatments faster. It also allows healthcare companies to make more money. Firms in this field try to build a good name for providing accurate data. Such firms can make lots of money. They can also present themselves as experts in the field by responding to questions from Big Pharma outfits. In addition, it lends itself to gaining good commercial ties. A crucial part of the selling process is stressing the value of data. According to the FDA, this data can improve the safety of drugs and medical equipment.<\/p>\n\n\n\n<h2 class=\"wp-block-heading\">Principais fatores de sucesso<\/h2>\n\n\n\n<p>Uma das necessidades mais cr\u00edticas \u00e9 que os membros da equipe sejam capazes de aprender novos procedimentos.<\/p>\n\n\n\n<p>Outros assuntos vitais incluem:<\/p>\n\n\n\n<ul class=\"wp-block-list\">\n<li>Movendo-se para novas \u00e1reas \u00e0 medida que os m\u00e9todos de pesquisa evoluem<\/li>\n\n\n\n<li>Pelo menos tr\u00eas funcion\u00e1rios seniores com conhecimentos variados. Eles deveriam estar trabalhando em diferentes \u00e1reas do campo.<\/li>\n\n\n\n<li>Funcion\u00e1rios juniores maduros e com boa \u00e9tica de trabalho<\/li>\n<\/ul>\n\n\n\n<p>Esses trabalhadores podem fornecer o conhecimento necess\u00e1rio para enfrentar os desafios de forma agu\u00e7ada. Outro elemento de sucesso \u00e9 contar com membros da equipe com forma\u00e7\u00e3o formal na \u00e1rea de Biologia. V\u00e1rios anos de experi\u00eancia na aplica\u00e7\u00e3o da tecnologia de bioinform\u00e1tica a desafios biol\u00f3gicos s\u00e3o cr\u00edticos. Muitos projetos precisar\u00e3o de um amplo conhecimento de biologia. Experi\u00eancia pr\u00e1tica com ferramentas e programa\u00e7\u00e3o tamb\u00e9m. \u00c9 necess\u00e1rio pelo menos um conhecimento b\u00e1sico de estat\u00edstica e desenho experimental. Alguns projetos tamb\u00e9m podem precisar de pessoas com outras experi\u00eancias. Por exemplo, um projeto pode precisar de algu\u00e9m com habilidades em minera\u00e7\u00e3o de dados ou que saiba fazer an\u00e1lises, estat\u00edsticas avan\u00e7adas ou ci\u00eancia da computa\u00e7\u00e3o.<\/p>\n\n\n\n<h2 class=\"wp-block-heading\">Sobre Pesquisa de Mercado de Bioinform\u00e1tica<\/h2>\n\n\n\n<p>Do companies need Bioinformatics market research? It depends. For many niche companies in the field, it is a crucial lifeline. You may need Qualitative, Quantitative, or Strategic Research. Or, your company might want <a href=\"https:\/\/www.sisinternational.com\/pt\/cobertura\/europa\/pesquisa-de-mercado-em-liverpool-reino-unido\/\" title=\"Pesquisa de Mercado em Liverpool | Grupos focais e coleta de dados no Reino Unido\"  data-wpil-monitor-id=\"9440\">data from a Focus Group<\/a>. Some <a href=\"https:\/\/www.sisinternational.com\/pt\/cobertura\/pesquisa-de-mercado-asia\/market-research-in-china-2\/pesquisa-empresa-de-pesquisa-de-mercado-china\/\" title=\"Empresa de pesquisa de mercado na China\"  data-wpil-monitor-id=\"9446\">companies also look for Interviews and Surveys<\/a>. It\u2019s vital that you find out what your company\u2019s needs are and find a Market Research provider that can fill them. Extra points if you find one that ticks all your boxes! Market Research is crucial, so look into it to secure your company\u2019s success.<\/p>\n\n\n\n<p><\/p>","protected":false},"excerpt":{"rendered":"<p>A bioinform\u00e1tica gerencia e decodifica grandes quantidades de dados de pesquisas gen\u00e9ticas para pesquisadores e bi\u00f3logos criarem bancos de dados cl\u00ednicos.<\/p>","protected":false},"author":1,"featured_media":69941,"parent":14514,"menu_order":115,"comment_status":"closed","ping_status":"closed","template":"","meta":{"footnotes":""},"class_list":["post-40190","page","type-page","status-publish","has-post-thumbnail"],"_links":{"self":[{"href":"https:\/\/www.sisinternational.com\/pt\/wp-json\/wp\/v2\/pages\/40190","targetHints":{"allow":["GET"]}}],"collection":[{"href":"https:\/\/www.sisinternational.com\/pt\/wp-json\/wp\/v2\/pages"}],"about":[{"href":"https:\/\/www.sisinternational.com\/pt\/wp-json\/wp\/v2\/types\/page"}],"author":[{"embeddable":true,"href":"https:\/\/www.sisinternational.com\/pt\/wp-json\/wp\/v2\/users\/1"}],"replies":[{"embeddable":true,"href":"https:\/\/www.sisinternational.com\/pt\/wp-json\/wp\/v2\/comments?post=40190"}],"version-history":[{"count":5,"href":"https:\/\/www.sisinternational.com\/pt\/wp-json\/wp\/v2\/pages\/40190\/revisions"}],"predecessor-version":[{"id":81578,"href":"https:\/\/www.sisinternational.com\/pt\/wp-json\/wp\/v2\/pages\/40190\/revisions\/81578"}],"up":[{"embeddable":true,"href":"https:\/\/www.sisinternational.com\/pt\/wp-json\/wp\/v2\/pages\/14514"}],"wp:featuredmedia":[{"embeddable":true,"href":"https:\/\/www.sisinternational.com\/pt\/wp-json\/wp\/v2\/media\/69941"}],"wp:attachment":[{"href":"https:\/\/www.sisinternational.com\/pt\/wp-json\/wp\/v2\/media?parent=40190"}],"curies":[{"name":"wp","href":"https:\/\/api.w.org\/{rel}","templated":true}]}}