{"id":40139,"date":"2022-04-16T18:02:42","date_gmt":"2022-04-16T18:02:42","guid":{"rendered":"https:\/\/www.sisinternational.com\/?page_id=40139"},"modified":"2026-03-12T12:48:41","modified_gmt":"2026-03-12T16:48:41","slug":"pesquisa-de-mercado-para-tratamento-de-feridas","status":"publish","type":"page","link":"https:\/\/www.sisinternational.com\/pt\/solucoes\/pesquisa-de-mercado-de-saude\/pesquisa-de-mercado-para-tratamento-de-feridas\/","title":{"rendered":"Pesquisa de mercado para tratamento de feridas"},"content":{"rendered":"<h1 class=\"wp-block-heading\">Pesquisa de mercado para tratamento de feridas<\/h1>\n\n\n\n<p><\/p>\n\n\n\n<figure class=\"gb-block-image gb-block-image-9636c71f\"><img loading=\"lazy\" decoding=\"async\" width=\"1456\" height=\"816\" class=\"gb-image gb-image-9636c71f\" src=\"https:\/\/www.sisinternational.com\/wp-content\/uploads\/2025\/08\/Healthcare-14.jpg\" alt=\"Pesquisa e Estrat\u00e9gia de Mercado Internacional da SIS\" title=\"Healthcare (14)\" srcset=\"https:\/\/www.sisinternational.com\/wp-content\/uploads\/2025\/08\/Healthcare-14.jpg 1456w, https:\/\/www.sisinternational.com\/wp-content\/uploads\/2025\/08\/Healthcare-14-300x168.jpg 300w, https:\/\/www.sisinternational.com\/wp-content\/uploads\/2025\/08\/Healthcare-14-1024x574.jpg 1024w, https:\/\/www.sisinternational.com\/wp-content\/uploads\/2025\/08\/Healthcare-14-768x430.jpg 768w, https:\/\/www.sisinternational.com\/wp-content\/uploads\/2025\/08\/Healthcare-14-18x10.jpg 18w\" sizes=\"auto, (max-width: 1456px) 100vw, 1456px\"><\/figure>\n\n\n\n<p><\/p>\n\n\n\n<hr class=\"wp-block-separator has-alpha-channel-opacity is-style-dots\"\/>\n\n\n\n<p>Podemos curar feridas e ferimentos leves com tratamento de primeiros socorros em casa. Alguns s\u00e3o maiores ou mais profundos que outros. Al\u00e9m disso, esses cortes precisam de um profissional m\u00e9dico para ajud\u00e1-los a curar e prevenir infec\u00e7\u00f5es. O centro de tratamento de feridas \u00e9 outro equipamento m\u00e9dico para o tratamento de feridas que n\u00e3o cicatrizam. Voc\u00ea tem uma les\u00e3o que j\u00e1 existe h\u00e1 duas semanas e n\u00e3o mostra sinais de cura? Ent\u00e3o, ajudaria se voc\u00ea fosse ao centro de tratamento de feridas. Uma ferida de seis semanas que n\u00e3o cicatrizou completamente \u00e9 cr\u00f4nica. Tal ferida precisa de mais cuidados por parte do centro de tratamento de feridas.<\/p>\n\n\n\n<h2 class=\"wp-block-heading\">Por que o cuidado de feridas \u00e9 importante?<\/h2>\n\n\n\n<p>Quando as pessoas n\u00e3o cuidam de suas feridas ou feridas, isso pode se tornar um problema cr\u00edtico de sa\u00fade. As feridas s\u00e3o conhecidas por serem agudas ou cr\u00f4nicas. Uma ferida cr\u00f4nica n\u00e3o mostra sinais de cicatriza\u00e7\u00e3o ap\u00f3s quatro a seis semanas. Quando as feridas n\u00e3o cicatrizam, podem causar infec\u00e7\u00e3o, dor, incapacidade e at\u00e9 amputa\u00e7\u00e3o. N\u00e3o podemos menosprezar a import\u00e2ncia do tratamento de feridas. Enquanto uma ferida cr\u00f4nica n\u00e3o for tratada, \u00e9 prov\u00e1vel que infeccione.<\/p>\n\n\n\n<h2 class=\"wp-block-heading\">Principais cargos<\/h2>\n\n\n\n<p>Existem v\u00e1rios tipos de trabalhos na linha de tratamento de feridas. Algumas das muitas posi\u00e7\u00f5es no tratamento de feridas est\u00e3o na lista abaixo.<\/p>\n\n\n\n<h2 class=\"wp-block-heading\">Especialista em tratamento de feridas<\/h2>\n\n\n\n<p>Um especialista em feridas \u00e9 um profissional treinado para curar diferentes tipos de feridas e feridas. Eles tratam e cuidam de pacientes com feridas agudas, cr\u00f4nicas e que n\u00e3o cicatrizam.<\/p>\n\n\n\n<h2 class=\"wp-block-heading\">Cirurgi\u00e3o de feridas<\/h2>\n\n\n\n<p>O WCS, tamb\u00e9m chamado de Cirurgi\u00e3o de Tratamento de Feridas, ajuda na consulta avan\u00e7ada de feridas. Eles tamb\u00e9m ajudam a substituir o tubo G (tubo de gastronomia ou \u201calimenta\u00e7\u00e3o\u201d). Eles inserem este tubo na parede do est\u00f4mago. Esta opera\u00e7\u00e3o cria uma ferida que necessita de cuidados especiais.<\/p>\n\n\n\n<h2 class=\"wp-block-heading\">Enfermeiros de tratamento de feridas<\/h2>\n\n\n\n<p>A enfermeira que cuida de feridas ajuda na avalia\u00e7\u00e3o de feridas e feridas complexas. Essas enfermeiras tamb\u00e9m auxiliam no tratamento dos pacientes. Eles trabalham lado a lado com os especialistas das equipes de atendimento ao paciente. Al\u00e9m disso, garantem a utiliza\u00e7\u00e3o dos planos de tratamento prescritos para evitar novas infec\u00e7\u00f5es ou danos.<\/p>\n\n\n\n<h2 class=\"wp-block-heading\">Por que as empresas precisam de cuidados com feridas?<\/h2>\n\n\n\n<p>Uma pessoa com uma ferida cr\u00f3nica teria as suas capacidades reduzidas no trabalho, em casa ou em qualquer lugar. Muitas pessoas convivem com feridas cr\u00f4nicas no mundo e os n\u00fameros est\u00e3o aumentando. Al\u00e9m disso, essas les\u00f5es cr\u00f4nicas s\u00e3o comuns entre pessoas com diabetes. Os diab\u00e9ticos podem desenvolver \u00falcera no p\u00e9. O aumento da idade, a obesidade, as doen\u00e7as card\u00edacas e o c\u00e2ncer tamb\u00e9m podem contribuir para feridas cr\u00f4nicas. Ter um centro de tratamento de feridas pr\u00f3ximo beneficia a todos. Ajudar\u00e1 os propriet\u00e1rios de empresas a encontrar cuidados para funcion\u00e1rios com les\u00f5es ou feridas cr\u00f4nicas. Tamb\u00e9m ajudar\u00e1 esses funcion\u00e1rios a trabalhar melhor.<\/p>\n\n\n\n<h2 class=\"wp-block-heading\">Importante fator de sucesso<\/h2>\n\n\n\n<p>Todos os estudos de cicatriza\u00e7\u00e3o de feridas t\u00eam uma coisa em comum. Eles tentam converter feridas cr\u00f4nicas em agudas. Eles ent\u00e3o tratam os agudos para que cicatrizem. V\u00e1rios fatores locais influenciam o tempo de cicatriza\u00e7\u00e3o da ferida. Esses fatores incluem inflama\u00e7\u00e3o e neuropatia. No entanto, o fluxo sangu\u00edneo \u00e9 o fator mais cr\u00edtico na regula\u00e7\u00e3o do tempo de recupera\u00e7\u00e3o. Oxig\u00eanio, calor e bloqueio s\u00e3o outros fatores. Eles podem melhorar o transporte de oxig\u00eanio para o tecido da \u00e1rea e ajudar na cura.<\/p>\n\n\n\n<h2 class=\"wp-block-heading\">Sobre pesquisa de mercado sobre tratamento de feridas<\/h2>\n\n\n\n<p>Our organization performs live interviews and surveys. We collect data about your customers\u2019 opinions. We also hold focus groups, a well-known <a href=\"https:\/\/www.sisinternational.com\/pt\/quantitative-market-research-methods-and-techniques\/\" title=\"Quantitative Market Research Methods and Techniques\"  data-wpil-monitor-id=\"8411\">market research method<\/a> that gathers detailed information. Through focus groups, we also uncover customers\u2019 actual points of view. Moreover, <a href=\"https:\/\/www.sisinternational.com\/pt\/qualitative-research-to-enhance-customer-experience\/\" title=\"Qualitative Research to Enhance Customer Experience\"  data-wpil-monitor-id=\"8410\">Qualitative Research assists us in comprehending customer<\/a> behavior. It also identifies the factors that influence product repurchase. Quantitative analysis provides us with objective information on your customers\u2019 purchasing behavior. By doing strategy research, we help you save money and secure your firm\u2019s success.<\/p>\n\n\n\n<p><\/p>","protected":false},"excerpt":{"rendered":"<p>Aqueles com feridas cr\u00f3nicas t\u00eam capacidades reduzidas no trabalho, em casa ou em qualquer outro lugar. Um n\u00famero crescente de pessoas convive com feridas cr\u00f4nicas.<\/p>","protected":false},"author":1,"featured_media":62432,"parent":11294,"menu_order":114,"comment_status":"closed","ping_status":"closed","template":"","meta":{"footnotes":""},"class_list":["post-40139","page","type-page","status-publish","has-post-thumbnail"],"_links":{"self":[{"href":"https:\/\/www.sisinternational.com\/pt\/wp-json\/wp\/v2\/pages\/40139","targetHints":{"allow":["GET"]}}],"collection":[{"href":"https:\/\/www.sisinternational.com\/pt\/wp-json\/wp\/v2\/pages"}],"about":[{"href":"https:\/\/www.sisinternational.com\/pt\/wp-json\/wp\/v2\/types\/page"}],"author":[{"embeddable":true,"href":"https:\/\/www.sisinternational.com\/pt\/wp-json\/wp\/v2\/users\/1"}],"replies":[{"embeddable":true,"href":"https:\/\/www.sisinternational.com\/pt\/wp-json\/wp\/v2\/comments?post=40139"}],"version-history":[{"count":4,"href":"https:\/\/www.sisinternational.com\/pt\/wp-json\/wp\/v2\/pages\/40139\/revisions"}],"predecessor-version":[{"id":81410,"href":"https:\/\/www.sisinternational.com\/pt\/wp-json\/wp\/v2\/pages\/40139\/revisions\/81410"}],"up":[{"embeddable":true,"href":"https:\/\/www.sisinternational.com\/pt\/wp-json\/wp\/v2\/pages\/11294"}],"wp:featuredmedia":[{"embeddable":true,"href":"https:\/\/www.sisinternational.com\/pt\/wp-json\/wp\/v2\/media\/62432"}],"wp:attachment":[{"href":"https:\/\/www.sisinternational.com\/pt\/wp-json\/wp\/v2\/media?parent=40139"}],"curies":[{"name":"wp","href":"https:\/\/api.w.org\/{rel}","templated":true}]}}