{"id":40129,"date":"2022-04-16T17:41:18","date_gmt":"2022-04-16T17:41:18","guid":{"rendered":"https:\/\/www.sisinternational.com\/?page_id=40129"},"modified":"2025-09-25T00:21:58","modified_gmt":"2025-09-25T04:21:58","slug":"pesquisa-de-mercado-sobre-mudancas-climaticas","status":"publish","type":"page","link":"https:\/\/www.sisinternational.com\/pt\/pericia\/pesquisa-de-mercado-sobre-mudancas-climaticas\/","title":{"rendered":"Pesquisa de mercado sobre mudan\u00e7as clim\u00e1ticas"},"content":{"rendered":"<h1 class=\"wp-block-heading\">Pesquisa de mercado sobre mudan\u00e7as clim\u00e1ticas<\/h1>\n\n\n\n<figure class=\"gb-block-image gb-block-image-a6ac0bb1\"><img loading=\"lazy\" decoding=\"async\" width=\"1456\" height=\"816\" class=\"gb-image gb-image-a6ac0bb1\" src=\"https:\/\/www.sisinternational.com\/wp-content\/uploads\/2025\/08\/Climate-change-2.jpg\" alt=\"Pesquisa e Estrat\u00e9gia de Mercado Internacional da SIS\" title=\"Climate change (2)\" srcset=\"https:\/\/www.sisinternational.com\/wp-content\/uploads\/2025\/08\/Climate-change-2.jpg 1456w, https:\/\/www.sisinternational.com\/wp-content\/uploads\/2025\/08\/Climate-change-2-300x168.jpg 300w, https:\/\/www.sisinternational.com\/wp-content\/uploads\/2025\/08\/Climate-change-2-1024x574.jpg 1024w, https:\/\/www.sisinternational.com\/wp-content\/uploads\/2025\/08\/Climate-change-2-768x430.jpg 768w, https:\/\/www.sisinternational.com\/wp-content\/uploads\/2025\/08\/Climate-change-2-18x10.jpg 18w\" sizes=\"auto, (max-width: 1456px) 100vw, 1456px\"><\/figure>\n\n\n\n<p><\/p>\n\n\n\n<p>Climate change is the long-term change in temperatures and weather patterns. Another definition is that it denotes a change in global or regional climate patterns. These changes can be natural, but human activities have been the leading cause of climate change. Most of the Climate Change we experience today is due to burning fossil fuels, which produce heat-trapping gases.<\/p>\n\n\n\n<p>Esta defini\u00e7\u00e3o mostra que desde 1800 at\u00e9 aos dias de hoje, o clima mudou e temos a certeza de que fomos n\u00f3s que o caus\u00e1mos. Al\u00e9m disso, a nossa vida quotidiana envolve muitas coisas que causam as altera\u00e7\u00f5es clim\u00e1ticas. Derrubamos florestas e queimamos combust\u00edveis f\u00f3sseis. Essas atividades est\u00e3o influenciando ainda mais a temperatura da Terra. Eles ent\u00e3o adicionam grandes quantidades de gases de efeito estufa aos que j\u00e1 est\u00e3o na atmosfera. Os resultados s\u00e3o o efeito estufa e o aquecimento global.<\/p>\n\n\n\n<h2 class=\"wp-block-heading\">Por que as mudan\u00e7as clim\u00e1ticas s\u00e3o importantes?<\/h2>\n\n\n\n<p>Compreender a forma como o clima est\u00e1 a mudar \u00e9 muito importante. Essa compreens\u00e3o nos d\u00e1 uma maneira de nos prepararmos para o futuro. O conhecimento das mudan\u00e7as permite-nos prever coisas como a quantidade de chuva que o pr\u00f3ximo inverno poder\u00e1 trazer. At\u00e9 mesmo o quanto o n\u00edvel do mar aumentar\u00e1 devido ao aumento da temperatura do mar.<\/p>\n\n\n\n<p>For people everywhere, knowing about the climate is essential. It affects farmers\u2019 crop cycles, which in turn impact food supply. Hence knowing the upcoming weather will help with better planning of events.<\/p>\n\n\n\n<h2 class=\"wp-block-heading\">Principais cargos<\/h2>\n\n\n\n<p>A mudan\u00e7a clim\u00e1tica envolve muitos empregos. Quanto mais a atmosfera muda, mais empregos surgem. Alguns cargos j\u00e1 em vigor s\u00e3o:<\/p>\n\n\n\n<ul class=\"wp-block-list\">\n<li>Advogado Ambiental<\/li>\n\n\n\n<li>Cientistas do Clima<\/li>\n\n\n\n<li>Geocientistas<\/li>\n\n\n\n<li>Cientista de energia renov\u00e1vel<\/li>\n\n\n\n<li>Engenheiro de carros limpos<\/li>\n\n\n\n<li>Consultor de sustentabilidade<\/li>\n\n\n\n<li>Hidrologista<\/li>\n<\/ul>\n\n\n\n<p>As altas temperaturas podem afetar a capacidade dos trabalhadores de realizarem o seu trabalho. O mesmo acontece com a polui\u00e7\u00e3o do ar, que por sua vez pode limitar as horas de trabalho.<\/p>\n\n\n\n<h2 class=\"wp-block-heading\">Why Businesses Need Climate Change<\/h2>\n\n\n\n<p>Companies have found many benefits and use them to their advantage. Moreover, they find addressing matters that affect the climate and working around these problems. For example, greenhouse gas targets have helped save money. They improve energy and work efficiency. They also reduce production costs, and product sales have gotten better.<\/p>\n\n\n\n<p>Ao tomar medidas agora, as empresas podem reduzir os muitos riscos das altera\u00e7\u00f5es clim\u00e1ticas. Agir agora tamb\u00e9m abre um caminho melhor para sobreviver e prosperar. As novas oportunidades trar\u00e3o um futuro mais fant\u00e1stico e mais verde.<\/p>\n\n\n\n<h2 class=\"wp-block-heading\">Principais fatores de sucesso<\/h2>\n\n\n\n<p>Um dos factores cr\u00edticos de sucesso das altera\u00e7\u00f5es clim\u00e1ticas \u00e9 a adapta\u00e7\u00e3o imediata. Por exemplo, os agricultores de algumas regi\u00f5es podem beneficiar de rendimentos mais elevados devido ao calor no in\u00edcio da Primavera. As esta\u00e7\u00f5es quentes mais longas s\u00e3o excelentes para o cultivo. Estudos demonstraram at\u00e9 que algumas plantas crescem melhor na presen\u00e7a de mais di\u00f3xido de carbono. Eles tamb\u00e9m parecem ser mais tolerantes \u00e0s secas.<\/p>\n\n\n\n<p>Outro benef\u00edcio seria o frete. A Passagem Noroeste permanece aberta por mais tempo. Assim, no curto prazo, as altera\u00e7\u00f5es clim\u00e1ticas t\u00eam um impacto positivo no com\u00e9rcio.<\/p>\n\n\n\n<p>As pessoas tamb\u00e9m mudaram algumas coisas nas suas vidas di\u00e1rias para evitar as altera\u00e7\u00f5es clim\u00e1ticas. Por exemplo, melhoraram a efici\u00eancia energ\u00e9tica e de viagens. Tamb\u00e9m aumentaram a energia e\u00f3lica e solar e utilizam mais biocombust\u00edveis a partir de res\u00edduos org\u00e2nicos. Outra medida de preven\u00e7\u00e3o \u00e9 a prote\u00e7\u00e3o das florestas. A mudan\u00e7a no clima tornou todos mais conscientes da import\u00e2ncia de retardar o aquecimento da Terra. Portanto, as pessoas est\u00e3o implementando essas medidas tanto quanto poss\u00edvel. A efici\u00eancia e a poupan\u00e7a energ\u00e9tica tornaram-se uma pr\u00e1tica di\u00e1ria.<\/p>\n\n\n\n<h2 class=\"wp-block-heading\">Sobre a pesquisa de mercado sobre mudan\u00e7as clim\u00e1ticas<\/h2>\n\n\n\n<p>A maioria das pessoas v\u00ea as altera\u00e7\u00f5es clim\u00e1ticas como uma coisa m\u00e1, mas elas ocorrem nos dois sentidos. Embora o aquecimento da Terra seja uma coisa m\u00e1, h\u00e1 coisas que as empresas podem fazer. Juntos podemos prevenir e at\u00e9 melhorar as situa\u00e7\u00f5es de vida. Podemos desenvolver formas mais eficientes de viver a vida quotidiana que n\u00e3o aumentem a quantidade de g\u00e1s no ar. Ao fazer isso, as empresas t\u00eam maiores chances de durar.<\/p>\n\n\n\n<p>Do you need help finding how your company will thrive under these conditions? Our company is here. We form focus groups that do strategic, qualitative, and quantitative research. We always aim for complete <a href=\"https:\/\/www.sisinternational.com\/pt\/financial-services-consulting\/financial-services-customer-satisfaction\/\" title=\"Financial Services Customer Satisfaction\"  data-wpil-monitor-id=\"8086\">satisfaction for our customers<\/a>. Contact us today; you\u2019ll be happy you did!<\/p>\n\n\n\n<p><\/p>","protected":false},"excerpt":{"rendered":"<p>A pesquisa de mercado sobre mudan\u00e7as clim\u00e1ticas ajuda as empresas a economizar dinheiro, melhorar a efici\u00eancia e aumentar as vendas, ao mesmo tempo que reduz sua pegada de carbono.<\/p>","protected":false},"author":1,"featured_media":64050,"parent":14514,"menu_order":109,"comment_status":"closed","ping_status":"closed","template":"","meta":{"footnotes":""},"class_list":["post-40129","page","type-page","status-publish","has-post-thumbnail"],"_links":{"self":[{"href":"https:\/\/www.sisinternational.com\/pt\/wp-json\/wp\/v2\/pages\/40129","targetHints":{"allow":["GET"]}}],"collection":[{"href":"https:\/\/www.sisinternational.com\/pt\/wp-json\/wp\/v2\/pages"}],"about":[{"href":"https:\/\/www.sisinternational.com\/pt\/wp-json\/wp\/v2\/types\/page"}],"author":[{"embeddable":true,"href":"https:\/\/www.sisinternational.com\/pt\/wp-json\/wp\/v2\/users\/1"}],"replies":[{"embeddable":true,"href":"https:\/\/www.sisinternational.com\/pt\/wp-json\/wp\/v2\/comments?post=40129"}],"version-history":[{"count":4,"href":"https:\/\/www.sisinternational.com\/pt\/wp-json\/wp\/v2\/pages\/40129\/revisions"}],"predecessor-version":[{"id":81361,"href":"https:\/\/www.sisinternational.com\/pt\/wp-json\/wp\/v2\/pages\/40129\/revisions\/81361"}],"up":[{"embeddable":true,"href":"https:\/\/www.sisinternational.com\/pt\/wp-json\/wp\/v2\/pages\/14514"}],"wp:featuredmedia":[{"embeddable":true,"href":"https:\/\/www.sisinternational.com\/pt\/wp-json\/wp\/v2\/media\/64050"}],"wp:attachment":[{"href":"https:\/\/www.sisinternational.com\/pt\/wp-json\/wp\/v2\/media?parent=40129"}],"curies":[{"name":"wp","href":"https:\/\/api.w.org\/{rel}","templated":true}]}}