{"id":40037,"date":"2022-03-30T04:08:20","date_gmt":"2022-03-30T04:08:20","guid":{"rendered":"https:\/\/www.sisinternational.com\/?page_id=40037"},"modified":"2026-01-25T18:49:02","modified_gmt":"2026-01-25T23:49:02","slug":"pesquisa-de-mercado-nas-ilhas-marianas","status":"publish","type":"page","link":"https:\/\/www.sisinternational.com\/pt\/cobertura\/pesquisa-de-mercado-asia\/pesquisa-de-mercado-nas-ilhas-marianas\/","title":{"rendered":"Pesquisa de mercado nas Ilhas Marianas"},"content":{"rendered":"<h1 class=\"wp-block-heading\">Pesquisa de mercado nas Ilhas Marianas<\/h1>\n\n\n\n<p><\/p>\n\n\n\n<figure class=\"gb-block-image gb-block-image-08fa674c\"><img loading=\"lazy\" decoding=\"async\" width=\"1456\" height=\"816\" class=\"gb-image gb-image-08fa674c\" src=\"https:\/\/www.sisinternational.com\/wp-content\/uploads\/2025\/09\/Mariana-Islands-2.jpg\" alt=\"Pesquisa e Estrat\u00e9gia de Mercado Internacional da SIS\" title=\"Mariana Islands (2)\" srcset=\"https:\/\/www.sisinternational.com\/wp-content\/uploads\/2025\/09\/Mariana-Islands-2.jpg 1456w, https:\/\/www.sisinternational.com\/wp-content\/uploads\/2025\/09\/Mariana-Islands-2-300x168.jpg 300w, https:\/\/www.sisinternational.com\/wp-content\/uploads\/2025\/09\/Mariana-Islands-2-1024x574.jpg 1024w, https:\/\/www.sisinternational.com\/wp-content\/uploads\/2025\/09\/Mariana-Islands-2-768x430.jpg 768w, https:\/\/www.sisinternational.com\/wp-content\/uploads\/2025\/09\/Mariana-Islands-2-18x10.jpg 18w\" sizes=\"auto, (max-width: 1456px) 100vw, 1456px\"><\/figure>\n\n\n\n<p><\/p>\n\n\n\n<hr class=\"wp-block-separator has-alpha-channel-opacity is-style-dots\"\/>\n\n\n\n<p>As Ilhas Marianas s\u00e3o uma cadeia de ilhas em forma de meia-lua composta por quinze picos vulc\u00e2nicos adormecidos no oeste do Pac\u00edfico Norte. As pessoas falam v\u00e1rias l\u00ednguas nativas, mas a maioria fala ingl\u00eas. Os asi\u00e1ticos s\u00e3o o grupo \u00e9tnico mais comum nas ilhas, mas os nativos havaianos tamb\u00e9m t\u00eam uma forte presen\u00e7a.<\/p>\n\n\n\n<p>Outro ponto fundamental \u00e9 que se trata de um territ\u00f3rio dos EUA. A maioria das pessoas \u00e9 crist\u00e3, mas algumas tamb\u00e9m praticam o budismo. As religi\u00f5es populares est\u00e3o presentes nas ilhas. A moeda \u00e9 o d\u00f3lar dos Estados Unidos (USD).<\/p>\n\n\n\n<h2 class=\"wp-block-heading\">Principais ind\u00fastrias<\/h2>\n\n\n\n<p>O turismo \u00e9 a principal ind\u00fastria. Rota e Saipan s\u00e3o grandes centros tur\u00edsticos que oferecem hot\u00e9is de luxo. A maioria dos turistas vem do Jap\u00e3o e dos Estados Unidos.<\/p>\n\n\n\n<p>Muitas pessoas ganham uma renda extra cultivando taro, fruta-p\u00e3o, inhame e outras culturas.<\/p>\n\n\n\n<p>People come from all over the world to invest in the islands, which have expanded the production of clothing and accessories. The garment industry is now a large part of the Northern Marianas economy.<\/p>\n\n\n\n<h2 class=\"wp-block-heading\">Bairros<\/h2>\n\n\n\n<p>Saipan, a maior ilha, fica ao norte. \u00c9 onde fica a Vila Susupe, onde fica a sede do Poder Judici\u00e1rio. As outras duas filiais est\u00e3o em Capitol Hill Village.<\/p>\n\n\n\n<p>Tinian is another major island. It is home to the City of Tinian, one of four major cities of the northern islands. The largest village on Tinian is San Jose.<\/p>\n\n\n\n<p>Also known as the \u201cFriendly Island,\u201d Rota lies south of this group of islands. In early Spanish records, \u201cZarpana\u201d was its name. Rota derives from a Spaniard who may have named the island after the city of Rota in Spain.<\/p>\n\n\n\n<p>Saipan, Tinian e Rota s\u00e3o todas pavimentadas, mas o transporte p\u00fablico \u00e9 quase inexistente. Em vez disso, os \u00f4nibus servem as grandes cidades. As ilhas utilizam transporte a\u00e9reo, mas v\u00e1rios navios cargueiros transportam carga entre elas. Saipan \u00e9 o maior porto, seguido por Tinian e Rota. Saipan possui um aeroporto internacional, enquanto Rota e Tinian possuem aeroportos pequenos.<\/p>\n\n\n\n<h2 class=\"wp-block-heading\">Tend\u00eancias<\/h2>\n\n\n\n<p>The population of the islands has increased from previous years. Also, more people have been connecting to the internet and using social media. Twitter and Facebook are two of the major social media apps in use, and people also use Pinterest, Instagram, and LinkedIn. There are also several mobile connections.<\/p>\n\n\n\n<h2 class=\"wp-block-heading\">Benef\u00edcios e pontos fortes no mercado<\/h2>\n\n\n\n<p>Em todos os sectores da economia marinha, o turismo e a recrea\u00e7\u00e3o s\u00e3o, de longe, os principais empregadores.<\/p>\n\n\n\n<p>Em segundo lugar, as ilhas protegem as leis dos EUA, incluindo as relacionadas com o sistema judicial dos EUA. Eles tamb\u00e9m reconhecem direitos autorais, marcas registradas, patentes e propriedade intelectual.<\/p>\n\n\n\n<p>O facto de o d\u00f3lar americano ser a moeda oficial \u00e9 outro benef\u00edcio. N\u00e3o h\u00e1 restri\u00e7\u00f5es quanto ao retorno de lucros ou capital para o seu pa\u00eds de origem.<\/p>\n\n\n\n<h2 class=\"wp-block-heading\">Raz\u00f5es para expandir seus neg\u00f3cios nas Ilhas Marianas<\/h2>\n\n\n\n<p>First, the <a href=\"https:\/\/www.sisinternational.com\/pt\/cobertura\/as-americas\/pesquisa-de-mercado-no-caribe\/pesquisa-de-mercado-nas-ilhas-virgens-dos-eua\/\" title=\"Pesquisa de mercado nas Ilhas Virgens dos EUA\"  data-wpil-monitor-id=\"5185\">islands are close to major Asian markets<\/a>.<\/p>\n\n\n\n<p>Existem tamb\u00e9m muitos benef\u00edcios fiscais. Por exemplo, as pessoas que trabalham nas ilhas n\u00e3o t\u00eam de pagar imposto sobre o rendimento.<\/p>\n\n\n\n<p>A terceira raz\u00e3o s\u00e3o os vistos. Turistas do Jap\u00e3o e da Coreia do Sul desfrutam de tratamento completo sem visto.<\/p>\n\n\n\n<p>Outro benef\u00edcio s\u00e3o os portos isentos de impostos dos EUA nas ilhas.<\/p>\n\n\n\n<p>Por fim, h\u00e1 tamb\u00e9m um benef\u00edcio para as empresas licenciadas nas ilhas. Essas empresas est\u00e3o isentas da Lei de Documenta\u00e7\u00e3o de Navios dos EUA.<\/p>\n\n\n\n<h2 class=\"wp-block-heading\"><strong>Sobre SIS Internacional<\/strong><\/h2>\n\n\n\n<p><a href=\"https:\/\/www.sisinternational.com\/pt\/\"><span style=\"font-weight: 400;\">SIS Internacional<\/span><\/a><span style=\"font-weight: 400;\"> oferece pesquisa quantitativa, qualitativa e estrat\u00e9gica. Fornecemos dados, ferramentas, estrat\u00e9gias, relat\u00f3rios e insights para a tomada de decis\u00f5es. Tamb\u00e9m realizamos entrevistas, pesquisas, grupos focais e outros m\u00e9todos e abordagens de Pesquisa de Mercado.<\/span><a href=\"https:\/\/www.sisinternational.com\/pt\/sobre-a-sis-international-research\/contact-sis-international-market-research\/\"><span style=\"font-weight: 400;\"> Entre em contato conosco<\/span><\/a><span style=\"font-weight: 400;\"> para o seu pr\u00f3ximo projeto de pesquisa de mercado.<\/span><\/p>\n\n\n\n<p><\/p>","protected":false},"excerpt":{"rendered":"<p>A SIS International Research fornece pesquisas de mercado qualitativas, quantitativas e estrat\u00e9gicas nas Ilhas Marianas.<\/p>","protected":false},"author":1,"featured_media":65705,"parent":14508,"menu_order":55,"comment_status":"closed","ping_status":"closed","template":"","meta":{"footnotes":""},"class_list":["post-40037","page","type-page","status-publish","has-post-thumbnail"],"_links":{"self":[{"href":"https:\/\/www.sisinternational.com\/pt\/wp-json\/wp\/v2\/pages\/40037","targetHints":{"allow":["GET"]}}],"collection":[{"href":"https:\/\/www.sisinternational.com\/pt\/wp-json\/wp\/v2\/pages"}],"about":[{"href":"https:\/\/www.sisinternational.com\/pt\/wp-json\/wp\/v2\/types\/page"}],"author":[{"embeddable":true,"href":"https:\/\/www.sisinternational.com\/pt\/wp-json\/wp\/v2\/users\/1"}],"replies":[{"embeddable":true,"href":"https:\/\/www.sisinternational.com\/pt\/wp-json\/wp\/v2\/comments?post=40037"}],"version-history":[{"count":6,"href":"https:\/\/www.sisinternational.com\/pt\/wp-json\/wp\/v2\/pages\/40037\/revisions"}],"predecessor-version":[{"id":79045,"href":"https:\/\/www.sisinternational.com\/pt\/wp-json\/wp\/v2\/pages\/40037\/revisions\/79045"}],"up":[{"embeddable":true,"href":"https:\/\/www.sisinternational.com\/pt\/wp-json\/wp\/v2\/pages\/14508"}],"wp:featuredmedia":[{"embeddable":true,"href":"https:\/\/www.sisinternational.com\/pt\/wp-json\/wp\/v2\/media\/65705"}],"wp:attachment":[{"href":"https:\/\/www.sisinternational.com\/pt\/wp-json\/wp\/v2\/media?parent=40037"}],"curies":[{"name":"wp","href":"https:\/\/api.w.org\/{rel}","templated":true}]}}