{"id":40004,"date":"2022-03-24T17:47:17","date_gmt":"2022-03-24T17:47:17","guid":{"rendered":"https:\/\/www.sisinternational.com\/?page_id=40004"},"modified":"2026-01-26T16:52:46","modified_gmt":"2026-01-26T21:52:46","slug":"pesquisa-de-mercado-de-apostas-esportivas","status":"publish","type":"page","link":"https:\/\/www.sisinternational.com\/pt\/pericia\/pesquisa-de-mercado-de-apostas-esportivas\/","title":{"rendered":"Pesquisa de mercado de apostas esportivas"},"content":{"rendered":"<h1 class=\"wp-block-heading\">Pesquisa de mercado de apostas esportivas<\/h1>\n\n\n\n<p><\/p>\n\n\n\n<figure class=\"gb-block-image gb-block-image-b11a84dd\"><img loading=\"lazy\" decoding=\"async\" width=\"1456\" height=\"816\" class=\"gb-image gb-image-b11a84dd\" src=\"https:\/\/www.sisinternational.com\/wp-content\/uploads\/2025\/08\/Golf-sport-2.jpg\" alt=\"Pesquisa e Estrat\u00e9gia de Mercado Internacional da SIS\" title=\"Golf sport (2)\" srcset=\"https:\/\/www.sisinternational.com\/wp-content\/uploads\/2025\/08\/Golf-sport-2.jpg 1456w, https:\/\/www.sisinternational.com\/wp-content\/uploads\/2025\/08\/Golf-sport-2-300x168.jpg 300w, https:\/\/www.sisinternational.com\/wp-content\/uploads\/2025\/08\/Golf-sport-2-1024x574.jpg 1024w, https:\/\/www.sisinternational.com\/wp-content\/uploads\/2025\/08\/Golf-sport-2-768x430.jpg 768w, https:\/\/www.sisinternational.com\/wp-content\/uploads\/2025\/08\/Golf-sport-2-18x10.jpg 18w\" sizes=\"auto, (max-width: 1456px) 100vw, 1456px\"><\/figure>\n\n\n\n<p><\/p>\n\n\n\n<hr class=\"wp-block-separator has-alpha-channel-opacity is-style-dots\"\/>\n\n\n\n<p>Prever e apostar num evento desportivo \u00e9 \u201capostas desportivas\u201d. Ganhar mais dinheiro \u00e9 o principal objetivo das apostas desportivas. As apostas desportivas nem sempre envolvem quem ganha e quem perde entre os jogadores. Tamb\u00e9m \u00e9 poss\u00edvel prever o n\u00famero de gols, os jogadores que marcar\u00e3o, o tempo que marcar\u00e3o e muito mais. As apostas esportivas s\u00e3o apostas em esportes como futebol, basquete ou boxe. As pessoas tamb\u00e9m fazem apostas em rugby, handebol e corridas de autom\u00f3veis. Fazer apostas em corridas de c\u00e3es, brigas de galos e corridas de cavalos s\u00e3o extens\u00f5es n\u00e3o humanas. Eles tamb\u00e9m fazem parte da arena de apostas esportivas. Um dos riscos associados \u00e0s apostas desportivas \u00e9 o v\u00edcio. As apostas desportivas tamb\u00e9m podem levar a h\u00e1bitos de consumo incontrol\u00e1veis.<\/p>\n\n\n\n<h2 class=\"wp-block-heading\">Por que as apostas esportivas s\u00e3o importantes?<\/h2>\n\n\n\n<p>As apostas desportivas t\u00eam crescido ao longo dos anos. \u00c9 agora uma das ind\u00fastrias de crescimento mais r\u00e1pido do mundo. Com seus muitos benef\u00edcios, tamb\u00e9m ganhou popularidade mundial. A internet torna mais f\u00e1cil para os apostadores fazerem suas apostas no conforto de suas casas. Independentemente da divers\u00e3o das apostas desportivas, tamb\u00e9m se tem a oportunidade de ganhar dinheiro extra ou mais. As apostas desportivas tamb\u00e9m proporcionam um prazer especial que faz com que os f\u00e3s voltem sempre. Os f\u00e3s gostam de assistir futebol, mas participar do jogo acrescenta uma sensa\u00e7\u00e3o \u00fanica.<\/p>\n\n\n\n<h2 class=\"wp-block-heading\">Cargo principal<\/h2>\n\n\n\n<h3 class=\"wp-block-heading\">Caixa de apostas esportivas<\/h3>\n\n\n\n<p>Um caixa de apostas esportivas faz um bilhete de apostas para os apostadores. Eles tamb\u00e9m sacam ingressos premiados para os vencedores.<\/p>\n\n\n\n<h3 class=\"wp-block-heading\">Caixas de Apostas<\/h3>\n\n\n\n<p>Os caixas de apostas trabalham em lojas de apostas modernas. Eles coletam c\u00f3digos de reserva ou IDs de reserva dos clientes e imprimem os bilhetes de apostas. Eles tamb\u00e9m pagam aos clientes seus ganhos.<\/p>\n\n\n\n<h3 class=\"wp-block-heading\">Analista de Apostas Esportivas<\/h3>\n\n\n\n<p><a href=\"https:\/\/www.sisinternational.com\/pt\/pericia\/industrias\/pesquisa-de-marketing-de-artigos-esportivos\/\" title=\"Pesquisa de marketing de artigos esportivos\"  data-wpil-monitor-id=\"6241\">Sports betting<\/a> analysts select the best value bets on the market. They are also in charge of overseeing <a href=\"https:\/\/www.sisinternational.com\/pt\/solucoes\/pesquisa-de-mercado-de-ia-e-consultoria-estrategica\/consultoria-de-inteligencia-artificial-em-automacao-de-jogos-online\/\" title=\"Consultoria em automa\u00e7\u00e3o de jogos online e intelig\u00eancia artificial\"  data-wpil-monitor-id=\"9182\">automated systems and data for live games<\/a> in various sports.<\/p>\n\n\n\n<h2 class=\"wp-block-heading\">Principais fatores de sucesso<\/h2>\n\n\n\n<p>Voc\u00ea n\u00e3o encontrar\u00e1 uma previs\u00e3o 100% precisa nas apostas esportivas. Mas tamb\u00e9m n\u00e3o se pode confiar apenas na sorte. \u00c9 preciso saber fazer uma boa previs\u00e3o. Voc\u00ea pode usar estat\u00edsticas, n\u00fameros e algoritmos de eventos esportivos anteriores. Por exemplo, os apostadores desportivos utilizam estas m\u00e9tricas para a previs\u00e3o dos resultados dos jogos de futebol.<\/p>\n\n\n\n<p>Aqui est\u00e3o algumas dicas para ajudar a prever uma aposta esportiva vencedora bem-sucedida.<\/p>\n\n\n\n<ul class=\"wp-block-list\">\n<li>O Google ajuda fornecendo estat\u00edsticas sobre equipes. A pesquisa ajudaria a obter uma grande vit\u00f3ria.<\/li>\n\n\n\n<li>Tente n\u00e3o fazer um bilhete de aposta longo. Uma casa de apostas que reserve 20 a 30 apostas num \u00fanico bilhete de aposta perder\u00e1. Aposte em jogos de qualidade e n\u00e3o em quantidade.<\/li>\n\n\n\n<li>Mantenha a calma ao fazer apostas; n\u00e3o se apresse. N\u00e3o tenha pressa para acessar as estat\u00edsticas.<\/li>\n\n\n\n<li>Deve-se tamb\u00e9m ter um bom conhecimento dos jogos. Tome nota das equipes da casa e dos visitantes. Verificar as escala\u00e7\u00f5es e os jogadores tamb\u00e9m ajuda.<\/li>\n<\/ul>\n\n\n\n<h2 class=\"wp-block-heading\">Por que realizar pesquisas de mercado de apostas esportivas?<\/h2>\n\n\n\n<p>It\u2019s vital to conduct <a href=\"https:\/\/www.sisinternational.com\/pt\/pericia\/industrias\/pesquisa-de-mercado-de-cassino-de-apostas-esportivas-de-jogos-on-line\/\" title=\"Pesquisa de mercado de jogos online, apostas esportivas e cassino\"  data-wpil-monitor-id=\"9180\">research when launching sports betting<\/a> business. Sports betting is illegal in some countries. As sports betting is strictly 18+, one strategy would be to find a location without underage kids. Also, it should be in a place not close to where kids are usually seen, like schools. Working with a <a href=\"https:\/\/www.sisinternational.com\/pt\/pericia\/curriculos-de-experiencia\/curriculo-de-experiencia-na-industria-automotiva\/\" title=\"Empresa de pesquisa de mercado da ind\u00fastria automotiva\"  data-wpil-monitor-id=\"9178\">market research company<\/a> will be an excellent first step. They can help get a better location for your business and make you understand the dos and don\u2019ts of the area.<\/p>\n\n\n\n<p>Nosso <a href=\"https:\/\/www.sisinternational.com\/pt\/solucoes\/empresa-de-pesquisa-de-mercado-por-amostragem-de-pesquisa-on-line\/\" title=\"Empresa de pesquisa de mercado de amostragem de pesquisa on-line\"  data-wpil-monitor-id=\"9184\">company conducts live interviews and surveys<\/a> to gather information about your consumers\u2019 opinions. We also run focus groups. This tool is well-known in <a href=\"https:\/\/www.sisinternational.com\/pt\/pericia\/industrias\/dados-de-treinamento-pesquisa-de-mercado\/\" title=\"Pesquisa de mercado de dados de treinamento\"  data-wpil-monitor-id=\"9179\">market research for getting in-depth data<\/a>. Businesses can also discover customers\u2019 genuine points of view and opinions through focus groups.<\/p>\n\n\n\n<p><a href=\"https:\/\/www.sisinternational.com\/pt\/qualitative-research-to-enhance-customer-experience\/\" title=\"Qualitative Research to Enhance Customer Experience\"  data-wpil-monitor-id=\"9177\">Qualitative research helps us understand customer<\/a> behavior. It also identifies reasons for product repurchase. <a href=\"https:\/\/www.sisinternational.com\/pt\/sis-application-of-quantitative-data-analytics-to-sensory-testing\/\" title=\"SIS Application of Quantitative Data Analytics to Sensory Testing\"  data-wpil-monitor-id=\"9181\">Quantitative research gives us unbiased data<\/a> about your customers\u2019 buying habits. With our strategy research, we help you save money and ensure the <a href=\"https:\/\/www.sisinternational.com\/pt\/predictive-analytics\/\" title=\"Predictive Analytics: Your Crystal Ball for Business Success\"  data-wpil-monitor-id=\"9183\">success of your business<\/a>.<\/p>\n\n\n\n<p><\/p>","protected":false},"excerpt":{"rendered":"<p>As apostas desportivas s\u00e3o uma ind\u00fastria em r\u00e1pido crescimento que ganha popularidade mundial com muitos benef\u00edcios. Saiba mais com a Pesquisa de Mercado de Apostas Esportivas.<\/p>","protected":false},"author":1,"featured_media":63664,"parent":14514,"menu_order":107,"comment_status":"closed","ping_status":"closed","template":"","meta":{"footnotes":""},"class_list":["post-40004","page","type-page","status-publish","has-post-thumbnail"],"_links":{"self":[{"href":"https:\/\/www.sisinternational.com\/pt\/wp-json\/wp\/v2\/pages\/40004","targetHints":{"allow":["GET"]}}],"collection":[{"href":"https:\/\/www.sisinternational.com\/pt\/wp-json\/wp\/v2\/pages"}],"about":[{"href":"https:\/\/www.sisinternational.com\/pt\/wp-json\/wp\/v2\/types\/page"}],"author":[{"embeddable":true,"href":"https:\/\/www.sisinternational.com\/pt\/wp-json\/wp\/v2\/users\/1"}],"replies":[{"embeddable":true,"href":"https:\/\/www.sisinternational.com\/pt\/wp-json\/wp\/v2\/comments?post=40004"}],"version-history":[{"count":6,"href":"https:\/\/www.sisinternational.com\/pt\/wp-json\/wp\/v2\/pages\/40004\/revisions"}],"predecessor-version":[{"id":81535,"href":"https:\/\/www.sisinternational.com\/pt\/wp-json\/wp\/v2\/pages\/40004\/revisions\/81535"}],"up":[{"embeddable":true,"href":"https:\/\/www.sisinternational.com\/pt\/wp-json\/wp\/v2\/pages\/14514"}],"wp:featuredmedia":[{"embeddable":true,"href":"https:\/\/www.sisinternational.com\/pt\/wp-json\/wp\/v2\/media\/63664"}],"wp:attachment":[{"href":"https:\/\/www.sisinternational.com\/pt\/wp-json\/wp\/v2\/media?parent=40004"}],"curies":[{"name":"wp","href":"https:\/\/api.w.org\/{rel}","templated":true}]}}