{"id":40002,"date":"2022-03-24T17:39:31","date_gmt":"2022-03-24T17:39:31","guid":{"rendered":"https:\/\/www.sisinternational.com\/?page_id=40002"},"modified":"2025-09-24T21:51:02","modified_gmt":"2025-09-25T01:51:02","slug":"pesquisa-de-mercado-wallis-futuna","status":"publish","type":"page","link":"https:\/\/www.sisinternational.com\/pt\/cobertura\/pesquisa-de-mercado-asia\/pesquisa-de-mercado-wallis-futuna\/","title":{"rendered":"Pesquisa de mercado em Wallis e Futuna"},"content":{"rendered":"<h1 class=\"wp-block-heading p1\"><span class=\"s1\">Pesquisa de mercado em Wallis e Futuna<\/span><\/h1>\n\n\n\n<figure class=\"gb-block-image gb-block-image-64b8e892\"><img loading=\"lazy\" decoding=\"async\" width=\"1456\" height=\"816\" class=\"gb-image gb-image-64b8e892\" src=\"https:\/\/www.sisinternational.com\/wp-content\/uploads\/2025\/09\/Wallis-and-Futuna-2.jpg\" alt=\"Pesquisa e Estrat\u00e9gia de Mercado Internacional da SIS\" title=\"Wallis and Futuna (2)\" srcset=\"https:\/\/www.sisinternational.com\/wp-content\/uploads\/2025\/09\/Wallis-and-Futuna-2.jpg 1456w, https:\/\/www.sisinternational.com\/wp-content\/uploads\/2025\/09\/Wallis-and-Futuna-2-300x168.jpg 300w, https:\/\/www.sisinternational.com\/wp-content\/uploads\/2025\/09\/Wallis-and-Futuna-2-1024x574.jpg 1024w, https:\/\/www.sisinternational.com\/wp-content\/uploads\/2025\/09\/Wallis-and-Futuna-2-768x430.jpg 768w, https:\/\/www.sisinternational.com\/wp-content\/uploads\/2025\/09\/Wallis-and-Futuna-2-18x10.jpg 18w\" sizes=\"auto, (max-width: 1456px) 100vw, 1456px\"><\/figure>\n\n\n\n<p><\/p>\n\n\n\n<p class=\"p2\">Wallis e Futuna \u00e9 um arquip\u00e9lago de belas ilhas de l\u00edngua francesa no sul do Oceano Pac\u00edfico, entre Fiji, Tuvalu, Samoa, Tonga e Tokelau. Existem dois grupos de Ilhas Wallis: Uvea e as ilhas Horne. Outro nome para estas ilhas \u00e9 \u201cO Cora\u00e7\u00e3o do Oceano\u201d, e o turismo de massa n\u00e3o as mudou. As pessoas aderem \u00e0 sua cultura.<\/p>\n\n\n\n<p class=\"p2\">As pessoas come\u00e7aram a chamar Uvea de \u201cWallis\u201d em homenagem ao seu fundador, que veio da Europa no s\u00e9culo XVIII. Os nomes das ilhas tamb\u00e9m s\u00e3o muito semelhantes a muitos outros, ent\u00e3o eles s\u00e3o frequentemente confundidos. A \u00e1rea total da terra \u00e9 de 54 milhas quadradas. A ilha principal \u00e9 um pouco mais desenvolvida do que Futuna. A Administra\u00e7\u00e3o Francesa fica em Uvea.<\/p>\n\n\n\n<p class=\"p2\">Uvea \u00e9 uma ilha vulc\u00e2nica baixa com uma barreira de recife com 20 enseadas abertas que rodeiam a ilha. O recife possui uma abertura que permite a passagem de barcos para chegar \u00e0 ilha. Um pesqueiro fica entre o recife e a ilha.<\/p>\n\n\n\n<h2 class=\"wp-block-heading p3\">Bairros<\/h2>\n\n\n\n<p class=\"p2\">As ilhas abrigam 36 vilas e a capital, Mata&#039;utu. Outras vilas s\u00e3o Kalleveleve, Mala&#039;etoli e Gamua.<\/p>\n\n\n\n<p class=\"p2\">Kaleveleve tem o hospital das ilhas. Esta instala\u00e7\u00e3o de nove leitos oferece primeiros socorros aos moradores locais. Apoio adicional inclui atendimento odontol\u00f3gico, cuidados de sa\u00fade materno-infantil e outros servi\u00e7os m\u00e9dicos.<\/p>\n\n\n\n<h2 class=\"wp-block-heading p3\">Principais ind\u00fastrias<\/h2>\n\n\n\n<p class=\"p2\">Wallis e Futuna t\u00eam muitas ind\u00fastrias diferentes. Os principais s\u00e3o a copra, o artesanato, a pesca e a madeira serrada. Al\u00e9m disso, a maioria da popula\u00e7\u00e3o pratica a agricultura de subsist\u00eancia. Eles cultivam inhame, inhame, banana e outras culturas alimentares, que enviam para o continente em pequenas por\u00e7\u00f5es. Pa\u00edses como Nova Caled\u00f4nia, It\u00e1lia e Jap\u00e3o s\u00e3o os principais importadores.<\/p>\n\n\n\n<h2 class=\"wp-block-heading p3\">Tend\u00eancias<\/h2>\n\n\n\n<p class=\"p2\">Wallis e Futuna dependem da agricultura de subsist\u00eancia. Cerca de quatro quintos da popula\u00e7\u00e3o s\u00e3o agricultores de subsist\u00eancia e criam seus rebanhos (principalmente porcos).<\/p>\n\n\n\n<p class=\"p2\">A ideia de vender as colheitas produzidas vai contra as cren\u00e7as tradicionais. Ent\u00e3o eles trocam essas colheitas em vez de vend\u00ea-las. Da mesma forma, as pessoas distribuem peixes para familiares, amigos e vizinhos. Eles capturam esses peixes na \u00e1rea circundante do recife e raramente em mar aberto.<\/p>\n\n\n\n<h2 class=\"wp-block-heading p3\">Base de Consumidores<\/h2>\n\n\n\n<p class=\"p2\">As pessoas em Wallis e Futuna s\u00e3o amig\u00e1veis. Elas geralmente acreditam mais em troca do que em venda. As receitas v\u00eam da ajuda do governo franc\u00eas e da pesca. Os moradores tamb\u00e9m ganham renda com pequenas exporta\u00e7\u00f5es, como fruta-p\u00e3o, inhame e taro.<\/p>\n\n\n\n<p class=\"p2\">Al\u00e9m disso, os nativos gastam dinheiro em bens importados da Fran\u00e7a e da Austr\u00e1lia. Esses itens incluem produtos aliment\u00edcios, eletr\u00f4nicos, ve\u00edculos e materiais de constru\u00e7\u00e3o e obras p\u00fablicas, que s\u00e3o todas necessidades essenciais dos residentes.<\/p>\n\n\n\n<h2 class=\"wp-block-heading p3\">Raz\u00f5es para iniciar um neg\u00f3cio em Wallis e Futuna<\/h2>\n\n\n\n<p class=\"p2\"><a href=\"https:\/\/www.sisinternational.com\/pt\/abrir-um-negocio-na-turquia\/\" title=\"Abrir um neg\u00f3cio na Turquia\"  data-wpil-monitor-id=\"10178\">Setting up a business<\/a> in a foreign country has plenty of advantages. Likewise, it may be hard to <a href=\"https:\/\/www.sisinternational.com\/pt\/publicacoes\/pesquisa-de-mercado-de-negocios-escalaveis-7-maneiras-de-construir-um-negocio-escalavel\/\" title=\"Pesquisa de mercado de neg\u00f3cios escal\u00e1veis: 7 maneiras de construir um neg\u00f3cio escal\u00e1vel\"  data-wpil-monitor-id=\"10173\">build a business<\/a> in your own country due to unlikely conditions. Most countries offer location benefits, ranging from natural resources to favorable laws. In Wallis and Futuna, these <a href=\"https:\/\/www.sisinternational.com\/pt\/solucoes\/legal-market-research\/law-firm-growth-strategies\/\" title=\"Law Firm Growth Strategies\"  data-wpil-monitor-id=\"10175\">laws allow growth<\/a>.<\/p>\n\n\n\n<p class=\"p2\">Aqui est\u00e3o alguns motivos para come\u00e7ar um neg\u00f3cio em Wallis e Futuna:<\/p>\n\n\n\n<ul class=\"wp-block-list ul1\">\n<li>Excellent <a href=\"https:\/\/www.sisinternational.com\/pt\/solucoes\/pesquisa-de-mercado-de-ia-e-consultoria-estrategica\/consultoria-de-inteligencia-artificial-em-automacao-de-gerenciamento-de-talentos-de-recursos-humanos\/\" title=\"Automa\u00e7\u00e3o de Recursos Humanos e Gest\u00e3o de Talentos e Consultoria em IA\"  data-wpil-monitor-id=\"10171\">human assets and resources<\/a><\/li>\n\n\n\n<li>Sistema tribut\u00e1rio favor\u00e1vel<\/li>\n\n\n\n<li>Alto potencial geogr\u00e1fico e de recursos naturais<\/li>\n\n\n\n<li>\u00d3timo (e aut\u00eantico) ambiente de vida<\/li>\n<\/ul>\n\n\n\n<p class=\"p2\">Esta terra francesa \u00e9 a mais distante do seu continente. Assim, as ilhas t\u00eam uma economia que \u00e9 ligeiramente diferente das outras. Outro ponto-chave \u00e9 que elas s\u00e3o relativamente pobres e lucram pouco com exporta\u00e7\u00f5es.<\/p>\n\n\n\n<h2 class=\"wp-block-heading p3\">Sobre pesquisa de mercado em Wallis e Futuna<\/h2>\n\n\n\n<p class=\"p2\">Come\u00e7ar seu pr\u00f3prio neg\u00f3cio pode ser dif\u00edcil e um grande passo. Nossa empresa est\u00e1 sempre aqui e pronta para oferecer ajuda. Na verdade, temos grupos de foco para qualquer \u00e1rea de neg\u00f3cios que voc\u00ea desejar. Al\u00e9m disso, fazemos pesquisas qualitativas, quantitativas e estrat\u00e9gicas. Dedicamos bastante tempo para melhorar a natureza de qualquer neg\u00f3cio que busque nossa ajuda. Nossa empresa nunca deixou de trazer excelentes resultados para nossos clientes. No final, eles sempre saem felizes. Tamb\u00e9m ajudamos com a elabora\u00e7\u00e3o de pesquisas e entrevistas.<\/p>\n\n\n\n<p class=\"p4\">Estamos felizes em ajudar voc\u00ea e sua empresa.<\/p>\n\n\n\n<h2 class=\"wp-block-heading\"><strong>Sobre SIS Internacional<\/strong><\/h2>\n\n\n\n<p><a href=\"https:\/\/www.sisinternational.com\/pt\/\"><span style=\"font-weight: 400;\">SIS Internacional<\/span><\/a><span style=\"font-weight: 400;\"> offers Quantitative, Qualitative, and Strategy Research. We provide data, tools, strategies, reports, and insights for decision-making. We also conduct interviews, surveys, focus groups, and other <a href=\"https:\/\/www.sisinternational.com\/pt\/quantitative-market-research-methods-and-techniques\/\" title=\"Quantitative Market Research Methods and Techniques\"  data-wpil-monitor-id=\"10170\">Market Research methods<\/a> and approaches.<\/span><a href=\"https:\/\/www.sisinternational.com\/pt\/sobre-a-sis-international-research\/contact-sis-international-market-research\/\"><span style=\"font-weight: 400;\"> Entre em contato conosco<\/span><\/a><span style=\"font-weight: 400;\"> para o seu pr\u00f3ximo projeto de pesquisa de mercado.<\/span><\/p>\n\n\n\n<p><\/p>","protected":false},"excerpt":{"rendered":"<p>A SIS International Research fornece pesquisas de mercado qualitativas, quantitativas e estrat\u00e9gicas em Wallis e Futuna.<\/p>","protected":false},"author":1,"featured_media":65821,"parent":14508,"menu_order":53,"comment_status":"closed","ping_status":"closed","template":"","meta":{"footnotes":""},"class_list":["post-40002","page","type-page","status-publish","has-post-thumbnail"],"_links":{"self":[{"href":"https:\/\/www.sisinternational.com\/pt\/wp-json\/wp\/v2\/pages\/40002","targetHints":{"allow":["GET"]}}],"collection":[{"href":"https:\/\/www.sisinternational.com\/pt\/wp-json\/wp\/v2\/pages"}],"about":[{"href":"https:\/\/www.sisinternational.com\/pt\/wp-json\/wp\/v2\/types\/page"}],"author":[{"embeddable":true,"href":"https:\/\/www.sisinternational.com\/pt\/wp-json\/wp\/v2\/users\/1"}],"replies":[{"embeddable":true,"href":"https:\/\/www.sisinternational.com\/pt\/wp-json\/wp\/v2\/comments?post=40002"}],"version-history":[{"count":6,"href":"https:\/\/www.sisinternational.com\/pt\/wp-json\/wp\/v2\/pages\/40002\/revisions"}],"predecessor-version":[{"id":81683,"href":"https:\/\/www.sisinternational.com\/pt\/wp-json\/wp\/v2\/pages\/40002\/revisions\/81683"}],"up":[{"embeddable":true,"href":"https:\/\/www.sisinternational.com\/pt\/wp-json\/wp\/v2\/pages\/14508"}],"wp:featuredmedia":[{"embeddable":true,"href":"https:\/\/www.sisinternational.com\/pt\/wp-json\/wp\/v2\/media\/65821"}],"wp:attachment":[{"href":"https:\/\/www.sisinternational.com\/pt\/wp-json\/wp\/v2\/media?parent=40002"}],"curies":[{"name":"wp","href":"https:\/\/api.w.org\/{rel}","templated":true}]}}