{"id":40000,"date":"2022-03-24T17:31:38","date_gmt":"2022-03-24T17:31:38","guid":{"rendered":"https:\/\/www.sisinternational.com\/?page_id=40000"},"modified":"2026-01-27T16:38:50","modified_gmt":"2026-01-27T21:38:50","slug":"pesquisa-de-mercado-niue","status":"publish","type":"page","link":"https:\/\/www.sisinternational.com\/pt\/cobertura\/pesquisa-de-mercado-asia\/pesquisa-de-mercado-niue\/","title":{"rendered":"Pesquisa de mercado em Niue"},"content":{"rendered":"<h1 class=\"wp-block-heading\">Pesquisa de mercado em Niue<\/h1>\n\n\n\n<figure class=\"gb-block-image gb-block-image-59236296\"><img loading=\"lazy\" decoding=\"async\" width=\"1456\" height=\"816\" class=\"gb-image gb-image-59236296\" src=\"https:\/\/www.sisinternational.com\/wp-content\/uploads\/2025\/09\/Niue-4.jpg\" alt=\"Pesquisa e Estrat\u00e9gia de Mercado Internacional da SIS\" title=\"Niue (4)\" srcset=\"https:\/\/www.sisinternational.com\/wp-content\/uploads\/2025\/09\/Niue-4.jpg 1456w, https:\/\/www.sisinternational.com\/wp-content\/uploads\/2025\/09\/Niue-4-300x168.jpg 300w, https:\/\/www.sisinternational.com\/wp-content\/uploads\/2025\/09\/Niue-4-1024x574.jpg 1024w, https:\/\/www.sisinternational.com\/wp-content\/uploads\/2025\/09\/Niue-4-768x430.jpg 768w, https:\/\/www.sisinternational.com\/wp-content\/uploads\/2025\/09\/Niue-4-18x10.jpg 18w\" sizes=\"auto, (max-width: 1456px) 100vw, 1456px\"><\/figure>\n\n\n\n<p><\/p>\n\n\n\n<hr class=\"wp-block-separator has-alpha-channel-opacity is-style-dots\"\/>\n\n\n\n<h3 class=\"wp-block-heading\">A realiza\u00e7\u00e3o de pesquisas abrangentes ajuda a identificar desafios, avaliar as prefer\u00eancias do consumidor e descobrir novas oportunidades de crescimento.<\/h3>\n\n\n\n<p>Como as empresas podem capitalizar efetivamente as oportunidades dispon\u00edveis em Niue? Para ter sucesso neste nicho de mercado, entender as necessidades, comportamentos e prefer\u00eancias da popula\u00e7\u00e3o local \u00e9 crucial. \u00c9 por isso que a pesquisa de mercado em Niue fornece insights importantes que ajudam as empresas a adaptar suas estrat\u00e9gias e aumentar suas chances de sucesso.<\/p>\n\n\n\n<h2 class=\"wp-block-heading\">O que \u00e9 pesquisa de mercado em Niue?<\/h2>\n\n\n\n<p>A pesquisa de mercado em Niue ajuda as empresas a analisar tend\u00eancias do setor, comportamento do consumidor e o cen\u00e1rio competitivo, bem como entender nuances culturais que impactam as decis\u00f5es de compra. Ao conduzir pesquisas de mercado em Niue, as empresas podem obter insights sobre o que impulsiona as prefer\u00eancias do consumidor, como posicionar sua marca de forma eficaz e onde est\u00e3o as oportunidades mais promissoras de crescimento. Isso permite que as empresas tomem decis\u00f5es baseadas em dados que aumentam suas chances de sucesso neste mercado.<\/p>\n\n\n\n<h2 class=\"wp-block-heading\">Por que as empresas precisam de pesquisa de mercado em Niue?<\/h2>\n\n\n\n<p>Pesquisas de mercado em Niue capacitam empresas a tomar decis\u00f5es bem informadas sobre o mercado local. Dados os aspectos culturais \u00fanicos de Niue, o pequeno tamanho do mercado e as condi\u00e7\u00f5es econ\u00f4micas espec\u00edficas, entender as necessidades do consumidor e os comportamentos de compra \u00e9 essencial para uma entrada ou expans\u00e3o bem-sucedida no mercado.<\/p>\n\n\n\n<p>Al\u00e9m disso, a pesquisa de mercado em Niue permite que as empresas descubram tend\u00eancias importantes, avaliem o potencial de mercado e obtenham uma compreens\u00e3o mais profunda das necessidades espec\u00edficas da popula\u00e7\u00e3o. Respondendo a perguntas como: Quais produtos e servi\u00e7os s\u00e3o mais procurados? Como as diferen\u00e7as culturais influenciam o comportamento do consumidor? As empresas podem usar esses insights para elaborar estrat\u00e9gias de marketing que envolvam efetivamente o p\u00fablico niueano.<\/p>\n\n\n\n<h2 class=\"wp-block-heading\">Bairros<\/h2>\n\n\n\n<p>A capital de Niue \u00e9 Alofi. Embora a pr\u00f3pria ilha tenha cerca de 1.600 habitantes, muitos niueanos vivem na Nova Zel\u00e2ndia. A capital tem muitos restaurantes e resorts para atender ao seu robusto setor tur\u00edstico. Voc\u00ea tamb\u00e9m pode acessar Wifi de qualquer lugar da ilha. A popula\u00e7\u00e3o \u00e9 polin\u00e9sia e a maioria das pessoas \u00e9 crist\u00e3.<\/p>\n\n\n\n<p>A pequena ilha consiste em 14 vilas, cada uma liderada por um conselho. As pessoas n\u00e3o podem vender terras para estrangeiros; em vez disso, elas s\u00e3o passadas de gera\u00e7\u00e3o para gera\u00e7\u00e3o. A maioria dos cidad\u00e3os trabalha na agricultura para sua subsist\u00eancia.<\/p>\n\n\n\n<h2 class=\"wp-block-heading\">Ind\u00fastrias e principais players em Niue<\/h2>\n\n\n\n<p>Pesquisas de mercado em Niue destacam v\u00e1rias ind\u00fastrias importantes que impulsionam a economia local e oferecem potencial para neg\u00f3cios. O turismo continua sendo uma das ind\u00fastrias mais importantes, com a beleza natural de Niue atraindo turistas que buscam aventura e experi\u00eancias culturais. Empresas como o Niue Tourism Office e empresas de hospitalidade locais desempenham pap\u00e9is essenciais na promo\u00e7\u00e3o do turismo e no fornecimento de servi\u00e7os que melhoram a experi\u00eancia do visitante.<\/p>\n\n\n\n<p>Outra ind\u00fastria significativa \u00e9 a agricultura, com foco na produ\u00e7\u00e3o de safras locais, como taro, coco e mel. Pesquisas de mercado em Niue revelam que as pr\u00e1ticas agr\u00edcolas est\u00e3o gradualmente se movendo em dire\u00e7\u00e3o a m\u00e9todos mais sustent\u00e1veis, o que abre oportunidades para empresas especializadas em tecnologia e servi\u00e7os agr\u00edcolas. Al\u00e9m disso, o setor de energia renov\u00e1vel est\u00e1 ganhando aten\u00e7\u00e3o, impulsionado por iniciativas para reduzir a depend\u00eancia de combust\u00edveis f\u00f3sseis importados. Empresas como a Niue Power Corporation est\u00e3o liderando esfor\u00e7os para fornecer solu\u00e7\u00f5es de energia limpa que beneficiam empresas e comunidades locais.<\/p>\n\n\n\n<h2 class=\"wp-block-heading\">Tend\u00eancias<\/h2>\n\n\n\n<p>O turismo tamb\u00e9m \u00e9 uma ind\u00fastria crescente em Niue. \u00c0 medida que mais pessoas viajam, essa arena tem muito potencial. Seu cen\u00e1rio deslumbrante e tranquilidade continuam a atrair muitos turistas.<\/p>\n\n\n\n<p>A pesca \u00e9 uma ind\u00fastria em crescimento, e o governo a incentiva. Eles tamb\u00e9m est\u00e3o apoiando mais processamento de peixes. Essa mentalidade levar\u00e1 ao crescimento nesse setor tamb\u00e9m.<\/p>\n\n\n\n<h2 class=\"wp-block-heading\">Benef\u00edcios e pontos fortes do mercado<\/h2>\n\n\n\n<p>Algumas das principais exporta\u00e7\u00f5es de Niue s\u00e3o baunilha, mel, creme de coco e copra. Ela tamb\u00e9m produz maracuj\u00e1, bolas de futebol, tub\u00e9rculos e itens artesanais.<\/p>\n\n\n\n<p>Niue tem fortes la\u00e7os comerciais com a Nova Zel\u00e2ndia, Fiji, as outras Ilhas Cook e Austr\u00e1lia. Alimentos, animais e medicamentos s\u00e3o as principais importa\u00e7\u00f5es para Niue. Combust\u00edveis, lubrificantes, m\u00e1quinas e produtos qu\u00edmicos tamb\u00e9m est\u00e3o na lista.<\/p>\n\n\n\n<p>Seus principais parceiros de importa\u00e7\u00e3o s\u00e3o Nova Zel\u00e2ndia, Fiji, Jap\u00e3o, Samoa, Austr\u00e1lia e EUA. Devido \u00e0 sua livre associa\u00e7\u00e3o com a Nova Zel\u00e2ndia, h\u00e1 vantagens que Niue pode considerar ao negociar.<\/p>\n\n\n\n<h2 class=\"wp-block-heading\">Motoristas de mercado em Niue<\/h2>\n\n\n<div class=\"wp-block-image\">\n<figure class=\"aligncenter\"><img loading=\"lazy\" decoding=\"async\" width=\"1024\" height=\"823\" src=\"https:\/\/www.sisinternational.com\/wp-content\/uploads\/2024\/10\/Niue-1024x823.png\" alt=\"Pesquisa de mercado em Niue\" class=\"wp-image-53492\" srcset=\"https:\/\/www.sisinternational.com\/wp-content\/uploads\/2024\/10\/Niue-1024x823.png 1024w, https:\/\/www.sisinternational.com\/wp-content\/uploads\/2024\/10\/Niue-300x241.png 300w, https:\/\/www.sisinternational.com\/wp-content\/uploads\/2024\/10\/Niue-768x617.png 768w, https:\/\/www.sisinternational.com\/wp-content\/uploads\/2024\/10\/Niue-15x12.png 15w, https:\/\/www.sisinternational.com\/wp-content\/uploads\/2024\/10\/Niue.png 1224w\" sizes=\"auto, (max-width: 1024px) 100vw, 1024px\" \/><\/figure>\n<\/div>\n\n\n<p><\/p>\n\n\n\n<p>A pesquisa de mercado em Niue ajuda a identificar os principais impulsionadores que alimentam a economia local e criam oportunidades para empresas. Abaixo est\u00e3o os principais impulsionadores que moldam o cen\u00e1rio de mercado em Niue:<\/p>\n\n\n\n<ul class=\"wp-block-list\">\n<li><strong>Crescimento do Turismo<\/strong>: O crescente interesse em turismo de aventura, ecoturismo e turismo cultural est\u00e1 impulsionando o crescimento no setor de hospitalidade.<\/li>\n\n\n\n<li><strong>Agricultura Sustent\u00e1vel<\/strong>: O foco em pr\u00e1ticas agr\u00edcolas sustent\u00e1veis est\u00e1 criando oportunidades para empresas envolvidas em tecnologia e inova\u00e7\u00e3o agr\u00edcola.<\/li>\n\n\n\n<li><strong>Renewable <a href=\"https:\/\/www.sisinternational.com\/pt\/foi-com-o-vento-a-crise-financeira-e-a-energia-eolica\/\" title=\"E o Vento Levou? A crise financeira e a energia e\u00f3lica\"  data-wpil-monitor-id=\"7503\">energia<\/a> Initiatives<\/strong>: A \u00eanfase no desenvolvimento de energia renov\u00e1vel est\u00e1 abrindo oportunidades para empresas em projetos de energia solar e e\u00f3lica.<\/li>\n\n\n\n<li><strong>Suporte governamental<\/strong>: As iniciativas governamentais para diversificar a economia e promover o investimento estrangeiro est\u00e3o criando um ambiente favor\u00e1vel ao crescimento dos neg\u00f3cios.<\/li>\n\n\n\n<li><strong>Transforma\u00e7\u00e3o Digital<\/strong>: O aumento do acesso \u00e0 Internet e a ado\u00e7\u00e3o digital est\u00e3o impulsionando a demanda por servi\u00e7os e solu\u00e7\u00f5es digitais, proporcionando oportunidades para empresas de tecnologia.<\/li>\n\n\n\n<li><strong>Desenvolvimento urbano<\/strong>: Projetos de desenvolvimento de infraestrutura est\u00e3o levando ao aumento da demanda por constru\u00e7\u00e3o e servi\u00e7os relacionados.<\/li>\n\n\n\n<li><strong>Preserva\u00e7\u00e3o Cultural<\/strong>:A \u00eanfase na preserva\u00e7\u00e3o do patrim\u00f4nio cultural de Niue est\u00e1 impulsionando o crescimento em setores relacionados ao turismo cultural e ao artesanato tradicional.<\/li>\n<\/ul>\n\n\n\n<h2 class=\"wp-block-heading\">Restri\u00e7\u00f5es de mercado em Niue<\/h2>\n\n\n\n<p>Embora a pesquisa de mercado em Niue revele in\u00fameras oportunidades, tamb\u00e9m h\u00e1 v\u00e1rios desafios ou restri\u00e7\u00f5es que as empresas devem considerar:<\/p>\n\n\n\n<ul class=\"wp-block-list\">\n<li><strong>Tamanho de mercado pequeno<\/strong>: O tamanho limitado da popula\u00e7\u00e3o de Niue restringe o potencial geral do mercado, representando um desafio para empresas que buscam crescimento em larga escala.<\/li>\n\n\n\n<li><strong>Isolamento geogr\u00e1fico<\/strong>:A localiza\u00e7\u00e3o remota de Niue apresenta desafios log\u00edsticos e custos crescentes para importa\u00e7\u00e3o de bens e servi\u00e7os.<\/li>\n\n\n\n<li><strong>M\u00e3o de obra qualificada limitada<\/strong>:A escassez de m\u00e3o de obra qualificada em \u00e1reas especializadas pode prejudicar as opera\u00e7\u00f5es e o crescimento dos neg\u00f3cios.<\/li>\n\n\n\n<li><strong>Alto custo de vida<\/strong>:O alto custo de vida em Niue afeta o poder de compra do consumidor e o custo de fazer neg\u00f3cios.<\/li>\n\n\n\n<li><strong>Depend\u00eancia de importa\u00e7\u00f5es<\/strong>:A forte depend\u00eancia da economia de produtos importados a torna vulner\u00e1vel a interrup\u00e7\u00f5es na cadeia de suprimentos e flutua\u00e7\u00f5es nos pre\u00e7os globais.<\/li>\n\n\n\n<li><strong>Barreiras Regulat\u00f3rias<\/strong>:Navegar por regulamenta\u00e7\u00f5es e processos administrativos complexos pode ser demorado e desafiador para as empresas.<\/li>\n\n\n\n<li><strong>Lacunas de infraestrutura<\/strong>: Infraestrutura inconsistente, especialmente em \u00e1reas remotas, limita oportunidades de crescimento em setores como log\u00edstica e turismo.<\/li>\n<\/ul>\n\n\n\n<h2 class=\"wp-block-heading\">Base de Consumidores<\/h2>\n\n\n\n<p>Cerca de metade da popula\u00e7\u00e3o de Niue vive em \u00e1reas urbanas. Devido \u00e0 maioria das pessoas migrarem para a Nova Zel\u00e2ndia, a ilha tem uma popula\u00e7\u00e3o min\u00fascula. No entanto, o alto tr\u00e1fego tur\u00edstico ajuda, pois os visitantes consomem produtos e servi\u00e7os. A ilha tem uma alta taxa de desemprego. Ainda assim, eles recebem muitas remessas de suas fam\u00edlias na Nova Zel\u00e2ndia.<\/p>\n\n\n\n<h2 class=\"wp-block-heading\">Raz\u00f5es para expandir seu neg\u00f3cio no mercado<\/h2>\n\n\n\n<p>O pr\u00f3spero setor de turismo \u00e9 um bom motivo para investir em Niue. O setor de turismo s\u00f3 vai crescer, especialmente \u00e0 medida que a economia mundial se recupera. A popula\u00e7\u00e3o \u00e9 pequena, mas eles desfrutam de uma qualidade de vida decente. Assim, algumas ind\u00fastrias ainda podem prosperar na pequena ilha.<\/p>\n\n\n\n<p>Algumas importa\u00e7\u00f5es e exporta\u00e7\u00f5es tamb\u00e9m s\u00e3o boas \u00e1reas para investir, especialmente se voc\u00ea mora em um pa\u00eds onde Niue tem la\u00e7os comerciais. Tirar vantagem das vantagens do relacionamento deles com a Nova Zel\u00e2ndia tamb\u00e9m \u00e9 uma \u00f3tima jogada.<\/p>\n\n\n\n<h2 class=\"wp-block-heading\">Como a SIS International apoia a pesquisa de mercado em Niue<\/h2>\n\n\n\n<p>Para ter sucesso em Niue, \u00e9 crucial ter uma compreens\u00e3o abrangente do mercado local e <a href=\"https:\/\/www.linkedin.com\/company\/sisinternationalresearch\/\" target=\"_blank\" rel=\"noopener\"><span style=\"font-weight: 400;\">SIS Internacional<\/span><\/a> est\u00e1 aqui para fornecer essa experi\u00eancia. Oferecemos uma ampla gama de <a href=\"https:\/\/www.linkedin.com\/pulse\/how-market-research-enables-growth-ruth-stanat-phekf\/\" target=\"_blank\" rel=\"noopener\"><span style=\"font-weight: 400;\">pesquisa de mercado<\/span><\/a> servi\u00e7os projetados para ajudar empresas a prosperar, equipando-as com insights essenciais sobre o ambiente de mercado exclusivo de Niue.<\/p>\n\n\n\n<ul class=\"wp-block-list\">\n<li><strong>Planejamento estrat\u00e9gico de neg\u00f3cios<\/strong>:Nossa pesquisa, que examina o comportamento do consumidor local, influ\u00eancias culturais e tend\u00eancias emergentes, ajuda as empresas a refinar suas estrat\u00e9gias para melhor se alinharem \u00e0s necessidades de Niue.<\/li>\n\n\n\n<li><strong>Maximizando oportunidades de receita<\/strong>: Ao identificar produtos e servi\u00e7os de alta demanda e entender as prefer\u00eancias dos clientes, ajudamos as empresas a capturar fluxos de receita valiosos e a entregar produtos que geram impacto.<\/li>\n\n\n\n<li><strong>Avalia\u00e7\u00e3o e Gest\u00e3o de Riscos<\/strong>: <a href=\"https:\/\/medium.com\/@sisinternational\/sis-international-c17160da8fac\" target=\"_blank\" rel=\"noopener\"><span style=\"font-weight: 400;\">SIS<\/span><\/a> identifica riscos potenciais espec\u00edficos do mercado de Niue, permitindo que as empresas criem estrat\u00e9gias eficazes para enfrentar os desafios e proteger seus investimentos.<\/li>\n\n\n\n<li><strong>Iniciativas de marketing direcionadas<\/strong>: Aproveitando os insights obtidos por meio de pesquisas de mercado, ajudamos as empresas a direcionar suas atividades de marketing para os canais e mensagens mais eficazes, garantindo fortes conex\u00f5es com os consumidores locais.<\/li>\n\n\n\n<li><strong>Impulsionando o crescimento e a inova\u00e7\u00e3o<\/strong>: Entender as condi\u00e7\u00f5es de mercado e as necessidades em evolu\u00e7\u00e3o dos clientes permite que as empresas inovem efetivamente, impulsionando seu crescimento e garantindo uma posi\u00e7\u00e3o sustent\u00e1vel em Niue.<\/li>\n<\/ul>\n\n\n\n<h2 class=\"wp-block-heading\">Sobre SIS Internacional<\/h2>\n\n\n\n<p><a href=\"https:\/\/www.sisinternational.com\/pt\/\"><span style=\"font-weight: 400;\">SIS Internacional<\/span><\/a><span style=\"font-weight: 400;\"> oferece pesquisa quantitativa, qualitativa e estrat\u00e9gica. Fornecemos dados, ferramentas, estrat\u00e9gias, relat\u00f3rios e insights para a tomada de decis\u00f5es. Tamb\u00e9m realizamos entrevistas, pesquisas, grupos focais e outros m\u00e9todos e abordagens de Pesquisa de Mercado.<\/span><a href=\"https:\/\/www.sisinternational.com\/pt\/sobre-a-sis-international-research\/contact-sis-international-market-research\/\"><span style=\"font-weight: 400;\"> Entre em contato conosco<\/span><\/a><span style=\"font-weight: 400;\"> para o seu pr\u00f3ximo projeto de pesquisa de mercado.<\/span><\/p>\n\n\n\n<p><\/p>","protected":false},"excerpt":{"rendered":"<p>Market Research in Niue Conducting comprehensive research helps identify challenges, assess consumer preferences, and uncover new growth opportunities. How can businesses effectively capitalize on the opportunities available in Niue? To succeed in this niche market, understanding the needs, behaviors, and preferences of the local population is crucial. That&#8217;s why market research in Niue provides key &#8230; <a title=\"Pesquisa de mercado em Niue\" class=\"read-more\" href=\"https:\/\/www.sisinternational.com\/pt\/cobertura\/pesquisa-de-mercado-asia\/pesquisa-de-mercado-niue\/\" aria-label=\"Leia mais sobre Pesquisa de Mercado em Niue\">Leia mais<\/a><\/p>","protected":false},"author":1,"featured_media":65528,"parent":14508,"menu_order":52,"comment_status":"closed","ping_status":"closed","template":"","meta":{"footnotes":""},"class_list":["post-40000","page","type-page","status-publish","has-post-thumbnail"],"_links":{"self":[{"href":"https:\/\/www.sisinternational.com\/pt\/wp-json\/wp\/v2\/pages\/40000","targetHints":{"allow":["GET"]}}],"collection":[{"href":"https:\/\/www.sisinternational.com\/pt\/wp-json\/wp\/v2\/pages"}],"about":[{"href":"https:\/\/www.sisinternational.com\/pt\/wp-json\/wp\/v2\/types\/page"}],"author":[{"embeddable":true,"href":"https:\/\/www.sisinternational.com\/pt\/wp-json\/wp\/v2\/users\/1"}],"replies":[{"embeddable":true,"href":"https:\/\/www.sisinternational.com\/pt\/wp-json\/wp\/v2\/comments?post=40000"}],"version-history":[{"count":6,"href":"https:\/\/www.sisinternational.com\/pt\/wp-json\/wp\/v2\/pages\/40000\/revisions"}],"predecessor-version":[{"id":81130,"href":"https:\/\/www.sisinternational.com\/pt\/wp-json\/wp\/v2\/pages\/40000\/revisions\/81130"}],"up":[{"embeddable":true,"href":"https:\/\/www.sisinternational.com\/pt\/wp-json\/wp\/v2\/pages\/14508"}],"wp:featuredmedia":[{"embeddable":true,"href":"https:\/\/www.sisinternational.com\/pt\/wp-json\/wp\/v2\/media\/65528"}],"wp:attachment":[{"href":"https:\/\/www.sisinternational.com\/pt\/wp-json\/wp\/v2\/media?parent=40000"}],"curies":[{"name":"wp","href":"https:\/\/api.w.org\/{rel}","templated":true}]}}