{"id":39998,"date":"2022-03-24T17:29:07","date_gmt":"2022-03-24T17:29:07","guid":{"rendered":"https:\/\/www.sisinternational.com\/?page_id=39998"},"modified":"2025-09-24T21:52:57","modified_gmt":"2025-09-25T01:52:57","slug":"pesquisa-de-mercado-nauru","status":"publish","type":"page","link":"https:\/\/www.sisinternational.com\/pt\/cobertura\/pesquisa-de-mercado-asia\/pesquisa-de-mercado-nauru\/","title":{"rendered":"Pesquisa de mercado em Nauru"},"content":{"rendered":"<h1 class=\"wp-block-heading\">Pesquisa de mercado em Nauru<\/h1>\n\n\n\n<figure class=\"gb-block-image gb-block-image-4cca6f7f\"><img loading=\"lazy\" decoding=\"async\" width=\"1456\" height=\"816\" class=\"gb-image gb-image-4cca6f7f\" src=\"https:\/\/www.sisinternational.com\/wp-content\/uploads\/2025\/09\/Nauru-5.jpg\" alt=\"Pesquisa e Estrat\u00e9gia de Mercado Internacional da SIS\" title=\"Nauru (5)\" srcset=\"https:\/\/www.sisinternational.com\/wp-content\/uploads\/2025\/09\/Nauru-5.jpg 1456w, https:\/\/www.sisinternational.com\/wp-content\/uploads\/2025\/09\/Nauru-5-300x168.jpg 300w, https:\/\/www.sisinternational.com\/wp-content\/uploads\/2025\/09\/Nauru-5-1024x574.jpg 1024w, https:\/\/www.sisinternational.com\/wp-content\/uploads\/2025\/09\/Nauru-5-768x430.jpg 768w, https:\/\/www.sisinternational.com\/wp-content\/uploads\/2025\/09\/Nauru-5-18x10.jpg 18w\" sizes=\"auto, (max-width: 1456px) 100vw, 1456px\"><\/figure>\n\n\n\n<p><\/p>\n\n\n\n<h3 class=\"wp-block-heading\">A pesquisa de mercado em Nauru oferece insights valiosos que capacitam as empresas a tomar decis\u00f5es estrat\u00e9gicas e ter sucesso neste mercado.<\/h3>\n\n\n\n<p>Nauru \u2014 uma pequena na\u00e7\u00e3o insular no Pac\u00edfico, rica em cultura e oportunidades emergentes \u2014 oferece potencial para empresas dispostas a dar um salto. A pesquisa de mercado em Nauru serve como ferramenta de orienta\u00e7\u00e3o que revela insights cruciais para empresas que buscam expans\u00e3o.<\/p>\n\n\n\n<h2 class=\"wp-block-heading\"><strong>O que \u00e9 pesquisa de mercado em Nauru?<\/strong><\/h2>\n\n\n\n<p>A pesquisa de mercado em Nauru ajuda as empresas a identificar as necessidades, prefer\u00eancias e comportamentos de compra dos consumidores, permitindo que elas adaptem seus produtos e servi\u00e7os para atender \u00e0s demandas locais.<\/p>\n\n\n\n<p>This type of <a href=\"https:\/\/www.sisinternational.com\/pt\/quais-sao-algumas-tendencias-no-setor-de-pesquisa-de-mercado\/\" title=\"Quais s\u00e3o algumas tend\u00eancias no setor de pesquisa de mercado?\"  data-wpil-monitor-id=\"10165\">research includes analyzing industry trends<\/a>, consumer behavior, and competitive landscape, as well as understanding cultural nuances that impact purchasing decisions. By conducting market research in Nauru, businesses can gain insights into what drives consumer preferences, how to position their brand effectively, and where the most promising opportunities for growth lie.<\/p>\n\n\n\n<h2 class=\"wp-block-heading\"><strong>Por que as empresas precisam de pesquisa de mercado em Nauru?<\/strong><\/h2>\n\n\n\n<p>Market research in Nauru assists businesses in making well-informed decisions about the local market. Given Nauru&#8217;s unique cultural aspects, small market size, and economic conditions, understanding consumer needs and purchasing behaviors is <a href=\"https:\/\/www.sisinternational.com\/pt\/pericia\/industrias\/pesquisa-de-mercado-de-fundamentos-de-cozinha\/\" title=\"Pesquisa de mercado de fundamentos de cozinha\"  data-wpil-monitor-id=\"10168\">essential for successful market<\/a> entry or expansion.<\/p>\n\n\n\n<p>Additionally, market research in Nauru allows businesses to identify key trends, assess market potential, and understand the specific needs of the population. Questions such as: What products and services are most in demand? How do cultural differences shape consumer preferences? are answered through thorough market research. With these insights, <a href=\"https:\/\/www.sisinternational.com\/pt\/empresa-lider-em-estrategia-de-entrada-no-mercado-b2b\/\" title=\"Melhor empresa de estrat\u00e9gia de entrada no mercado B2B\"  data-wpil-monitor-id=\"10161\">companies can tailor their marketing strategies<\/a> to engage effectively with the Nauruan audience.<\/p>\n\n\n\n<h2 class=\"wp-block-heading\">Principais ind\u00fastrias<\/h2>\n\n\n\n<p>O pa\u00eds depende da minera\u00e7\u00e3o de fosfato, que \u00e9 uma de suas principais ind\u00fastrias. O fosfato responde por cerca de tr\u00eas quartos das exporta\u00e7\u00f5es anuais totais de Nauru.<\/p>\n\n\n\n<p>Nauru fechou o seu setor banc\u00e1rio offshore ap\u00f3s relatos de lavagem de dinheiro.<\/p>\n\n\n\n<p>Alguns nauruanos tamb\u00e9m praticam agricultura em pequena escala. No entanto, devido \u00e0 minera\u00e7\u00e3o generalizada, apenas cerca de um quinto da terra \u00e9 adequada para agricultura.<\/p>\n\n\n\n<p>A Austr\u00e1lia tem sido uma m\u00e3o amiga. Fornece muita ajuda financeira a Nauru.<\/p>\n\n\n\n<h2 class=\"wp-block-heading\">Bairros<\/h2>\n\n\n\n<figure class=\"gb-block-image gb-block-image-c7c3189e\"><img loading=\"lazy\" decoding=\"async\" width=\"1456\" height=\"816\" class=\"gb-image gb-image-c7c3189e\" src=\"https:\/\/www.sisinternational.com\/wp-content\/uploads\/2025\/09\/Nauru-1.jpg\" alt=\"Pesquisa e Estrat\u00e9gia de Mercado Internacional da SIS\" title=\"Nauru (1)\" srcset=\"https:\/\/www.sisinternational.com\/wp-content\/uploads\/2025\/09\/Nauru-1.jpg 1456w, https:\/\/www.sisinternational.com\/wp-content\/uploads\/2025\/09\/Nauru-1-300x168.jpg 300w, https:\/\/www.sisinternational.com\/wp-content\/uploads\/2025\/09\/Nauru-1-1024x574.jpg 1024w, https:\/\/www.sisinternational.com\/wp-content\/uploads\/2025\/09\/Nauru-1-768x430.jpg 768w, https:\/\/www.sisinternational.com\/wp-content\/uploads\/2025\/09\/Nauru-1-18x10.jpg 18w\" sizes=\"auto, (max-width: 1456px) 100vw, 1456px\"><\/figure>\n\n\n\n<p><\/p>\n\n\n\n<p>O pa\u00eds de Nauru tem quatorze distritos, cada um composto por oito aldeias, mais ou menos. Yaren \u00e9 um dos bairros mais populares de Nauru. \u00c9 a capital informal do pa\u00eds. Os nauruanos tamb\u00e9m se referem a Yaren como Makwa, que significa \u201cPo\u00e7o Moqua\u201d. A cidade ainda possui um lago subterr\u00e2neo, principal fonte de \u00e1gua pot\u00e1vel para os nauruanos.<\/p>\n\n\n\n<h2 class=\"wp-block-heading\">Tend\u00eancias<\/h2>\n\n\n\n<p>Os nauruanos enfrentam uma das quest\u00f5es mais b\u00e1sicas, que \u00e9 a posse da terra. \u00c9 uma quest\u00e3o que impede estrangeiros de investir no pa\u00eds. Ap\u00f3s a minera\u00e7\u00e3o generalizada de fosfato, os nauruanos t\u00eam muito pouco espa\u00e7o de terra. Possuir terras em Nauru tem sido um problema para os pr\u00f3prios nauruanos. Nauru tamb\u00e9m tem uma extens\u00e3o de terra limitada e \u00e9 propensa a secas, que muitas vezes s\u00e3o severas.<\/p>\n\n\n\n<p>Benef\u00edcios e pontos fortes no mercado<\/p>\n\n\n\n<ul class=\"wp-block-list\">\n<li>Um dos maiores bancos da Austr\u00e1lia, o Bendigo, est\u00e1 presente na ilha. Os nauruanos t\u00eam acesso a todos os seus servi\u00e7os banc\u00e1rios. O pa\u00eds usa o d\u00f3lar australiano como moeda local.<\/li>\n\n\n\n<li>O pa\u00eds est\u00e1 construindo um novo porto mar\u00edtimo inteligente em termos de clima. Este porto de \u00faltima gera\u00e7\u00e3o beneficiar\u00e1 as linhas de navega\u00e7\u00e3o e as exporta\u00e7\u00f5es e beneficiar\u00e1 o setor pesqueiro.<\/li>\n\n\n\n<li>Os produtores de alimentos e mercearias podem ter um bom desempenho em Nauru. O pa\u00eds importa quase todos os seus bens de consumo do exterior.<\/li>\n<\/ul>\n\n\n\n<h2 class=\"wp-block-heading\"><strong>Oportunidades em Nauru<\/strong><\/h2>\n\n\n\n<p>Nauru apresenta in\u00fameras oportunidades em v\u00e1rios setores que as empresas podem explorar para crescimento. Ao alavancar a pesquisa de mercado em Nauru, as empresas podem descobrir essas oportunidades e se posicionar estrategicamente para o sucesso.<\/p>\n\n\n\n<figure class=\"gb-block-image gb-block-image-60c94e79\"><img loading=\"lazy\" decoding=\"async\" width=\"1024\" height=\"878\" class=\"gb-image gb-image-60c94e79\" src=\"https:\/\/www.sisinternational.com\/wp-content\/uploads\/2024\/10\/nauru-1024x878.png\" srcset=\"https:\/\/www.sisinternational.com\/wp-content\/uploads\/2024\/10\/nauru-1024x878.png 1024w, https:\/\/www.sisinternational.com\/wp-content\/uploads\/2024\/10\/nauru-300x257.png 300w, https:\/\/www.sisinternational.com\/wp-content\/uploads\/2024\/10\/nauru-768x658.png 768w, https:\/\/www.sisinternational.com\/wp-content\/uploads\/2024\/10\/nauru-14x12.png 14w, https:\/\/www.sisinternational.com\/wp-content\/uploads\/2024\/10\/nauru.png 1176w\" sizes=\"auto, (max-width: 1024px) 100vw, 1024px\" alt=\"Pesquisa e Estrat\u00e9gia de Mercado Internacional da SIS\"><\/figure>\n\n\n\n<p><\/p>\n\n\n\n<ul class=\"wp-block-list\">\n<li><strong>Minera\u00e7\u00e3o de fosfato<\/strong>: The phosphate industry remains significant, with opportunities for companies specializing in sustainable mining practices and value-added processing. <a href=\"https:\/\/www.sisinternational.com\/pt\/solucoes\/pesquisa-de-consultoria-em-estrategia-fintech\/pesquisa-de-mercado-de-tecnologia-de-investimento\/\" title=\"Pesquisa de mercado de tecnologia de investimento\"  data-wpil-monitor-id=\"10169\">Investment in modern mining technology<\/a> can help extend the life of Nauru&#8217;s remaining phosphate reserves.<\/li>\n\n\n\n<li><strong>Turismo<\/strong>: A beleza natural e a heran\u00e7a cultural de Nauru apresentam oportunidades para empresas focadas em ecoturismo, turismo de aventura e turismo cultural. \u00c0 medida que o pa\u00eds busca expandir seu setor de turismo, h\u00e1 uma demanda crescente por servi\u00e7os de viagem inovadores que enfatizem a sustentabilidade e as experi\u00eancias culturais.<\/li>\n\n\n\n<li><strong>Desenvolvimento de infraestrutura<\/strong>: Com projetos em andamento visando melhorar a infraestrutura, empresas envolvidas em constru\u00e7\u00e3o, log\u00edstica e gerenciamento de projetos t\u00eam oportunidades significativas de contribuir para o desenvolvimento de Nauru. Investimentos em estradas, portos e instala\u00e7\u00f5es p\u00fablicas aumentar\u00e3o a conectividade e apoiar\u00e3o o crescimento econ\u00f4mico.<\/li>\n\n\n\n<li><strong>Energia renov\u00e1vel<\/strong>: O setor de energia renov\u00e1vel est\u00e1 ganhando for\u00e7a em Nauru, impulsionado por iniciativas para reduzir a depend\u00eancia de combust\u00edveis f\u00f3sseis importados. Empresas que oferecem solu\u00e7\u00f5es de energia solar, e\u00f3lica ou outras energias limpas podem se beneficiar do suporte do governo e contribuir para os esfor\u00e7os de sustentabilidade da ilha.<\/li>\n\n\n\n<li><strong>Servi\u00e7os de sa\u00fade<\/strong>: H\u00e1 uma necessidade urgente de instala\u00e7\u00f5es e servi\u00e7os de sa\u00fade aprimorados em Nauru. Empresas que fornecem equipamentos m\u00e9dicos, tecnologia de sa\u00fade e servi\u00e7os de telessa\u00fade podem impactar significativamente o bem-estar da popula\u00e7\u00e3o.<\/li>\n\n\n\n<li><strong>Educa\u00e7\u00e3o e treinamento<\/strong>: Existem oportunidades para empresas que oferecem programas de educa\u00e7\u00e3o e treinamento vocacional. \u00c0 medida que Nauru busca construir seu capital humano, empresas especializadas em desenvolvimento de habilidades, especialmente em \u00e1reas t\u00e9cnicas e hospitalidade, podem encontrar potencial de crescimento.<\/li>\n\n\n\n<li><strong>Pesca e Recursos Marinhos<\/strong>: O ambiente marinho de Nauru oferece oportunidades para pr\u00e1ticas de pesca sustent\u00e1veis e produtos de frutos do mar de valor agregado. Empresas que podem fornecer solu\u00e7\u00f5es para melhorar o setor de pesca, ao mesmo tempo em que garantem a sustentabilidade, podem se beneficiar dessa ind\u00fastria crescente.<\/li>\n<\/ul>\n\n\n\n<h2 class=\"wp-block-heading\">Base de Consumidores<\/h2>\n\n\n\n<p>A seca e as grandes \u00e1reas minadas de fosfato tornaram a agricultura muito dif\u00edcil. Assim, a agricultura est\u00e1 paralisada. Assim, Nauru importa mais de dois ter\u00e7os dos seus alimentos. Os alimentos enlatados e processados constituem a maior parte destas importa\u00e7\u00f5es. Os nauruanos vivem perto do mar, por isso o peixe tamb\u00e9m \u00e9 uma culin\u00e1ria t\u00edpica.<\/p>\n\n\n\n<p>Al\u00e9m disso, a comida nauruana \u00e9 como a chinesa, com uma ligeira diferen\u00e7a de sabor. Grande parte da diferen\u00e7a ocorre porque muitos dos itens necess\u00e1rios para fabric\u00e1-lo s\u00e3o escassos. Por exemplo, os vegetais s\u00f3 aparecem uma vez por semana devido \u00e0 falta de terras ar\u00e1veis.<\/p>\n\n\n\n<h2 class=\"wp-block-heading\">Raz\u00f5es para expandir um neg\u00f3cio no mercado<\/h2>\n\n\n\n<p>Os nauruanos trabalharam em um cabo de fibra \u00f3tica submarino, o que ajudou a impulsionar a rede e melhorar a comunica\u00e7\u00e3o no pa\u00eds. Al\u00e9m disso, o governo nauruano colocou em pr\u00e1tica um novo sistema de tributa\u00e7\u00e3o, o que \u00e9 \u00f3timo para estrangeiros e investidores. Ele tamb\u00e9m construiu uma nova c\u00e2mara de com\u00e9rcio proativa como um ponto de acesso para investidores novos e antigos.<\/p>\n\n\n\n<h2 class=\"wp-block-heading\"><strong>Como a pesquisa de mercado da SIS International em Nauru ajuda as empresas<\/strong><\/h2>\n\n\n\n<p>No <a href=\"https:\/\/www.linkedin.com\/company\/sisinternationalresearch\/\" target=\"_blank\" rel=\"noopener\"><span style=\"font-weight: 400;\">SIS Internacional<\/span><\/a>, somos especializados em fornecer servi\u00e7os abrangentes de pesquisa de mercado que ajudam as empresas a obter os insights de que precisam para ter sucesso. Ao conduzir <a href=\"https:\/\/www.linkedin.com\/pulse\/how-market-research-enables-growth-ruth-stanat-phekf\/\" target=\"_blank\" rel=\"noopener\"><span style=\"font-weight: 400;\">pesquisa de mercado<\/span><\/a> Em Nauru, capacitamos empresas a tomar decis\u00f5es informadas que se alinham com a din\u00e2mica \u00fanica da regi\u00e3o.<\/p>\n\n\n\n<ul class=\"wp-block-list\">\n<li><strong>Planejamento Estrat\u00e9gico Aprimorado<\/strong>: Nosso <a href=\"https:\/\/www.sisinternational.com\/pt\/publicacoes\/comportamento-do-comprador-apos-coronavirus-novo-consumidor\/\" title=\"Comportamento do comprador ap\u00f3s o coronav\u00edrus \u2013 Pesquisa de mercado de consumo\" data-wpil-monitor-id=\"10163\">market research provides detailed data on consumer<\/a> preferences, cultural factors, and emerging trends, enabling businesses to refine their strategic plans to meet the needs of Nauruan consumers better.<\/li>\n\n\n\n<li><strong>Potencial de receita aumentado<\/strong>: Ao compreender os comportamentos dos consumidores locais e identificar produtos e servi\u00e7os de alta demanda, ajudamos as empresas a aproveitar oportunidades de receita e criar ofertas que repercutam em seu p\u00fablico-alvo.<\/li>\n\n\n\n<li><strong>Mitiga\u00e7\u00e3o de riscos<\/strong>: Our market research services highlight potential risks and challenges specific to the Nauruan market, allowing <a href=\"https:\/\/www.sisinternational.com\/pt\/como-expandir-seu-negocio\/\" title=\"Como expandir seu neg\u00f3cio\" data-wpil-monitor-id=\"10157\">businesses to prepare effective mitigation strategies<\/a> and avoid costly missteps.<\/li>\n\n\n\n<li><strong>Melhor efici\u00eancia de marketing<\/strong>: Ao aproveitar insights de pesquisas de mercado em Nauru, as empresas podem concentrar seus esfor\u00e7os de marketing nos canais e mensagens que mais repercutem entre os consumidores locais, maximizando o retorno sobre o investimento.<\/li>\n\n\n\n<li><strong>Crescimento Acelerado<\/strong>: Understanding <a href=\"https:\/\/www.sisinternational.com\/pt\/empresa-lider-em-monitoramento-de-tendencias-de-mercado-b2b\/\" title=\"Empresa de monitoramento de tend\u00eancias de mercado B2B\" data-wpil-monitor-id=\"10167\">market trends and consumer needs allows companies<\/a> to innovate effectively, leading to accelerated growth and long-term success in Nauru.<\/li>\n<\/ul>\n\n\n\n<h2 class=\"wp-block-heading\"><strong>Sobre SIS Internacional<\/strong><\/h2>\n\n\n\n<p><a href=\"https:\/\/www.sisinternational.com\/pt\/\"><span style=\"font-weight: 400;\">SIS Internacional<\/span><\/a><span style=\"font-weight: 400;\"> offers Quantitative, Qualitative, and Strategy Research. We provide data, tools, strategies, reports, and insights for decision-making. We also conduct interviews, surveys, focus groups, and other <a href=\"https:\/\/www.sisinternational.com\/pt\/quantitative-market-research-methods-and-techniques\/\" title=\"Quantitative Market Research Methods and Techniques\" data-wpil-monitor-id=\"10159\">Market Research methods<\/a> and approaches.<\/span><a href=\"https:\/\/www.sisinternational.com\/pt\/sobre-a-sis-international-research\/contact-sis-international-market-research\/\"><span style=\"font-weight: 400;\"> Entre em contato conosco<\/span><\/a><span style=\"font-weight: 400;\"> para o seu pr\u00f3ximo projeto de pesquisa de mercado.<\/span><\/p>\n\n\n\n<p><\/p>","protected":false},"excerpt":{"rendered":"<p>Market Research in Nauru Market research in Nauru offers valuable insights that empower businesses to make strategic decisions and succeed in this market. Nauru\u2014a tiny island nation in the Pacific, rich in culture and emerging opportunities\u2014offers potential for businesses willing to leap. Market research in Nauru serves as the guiding tool that reveals crucial insights &#8230; <a title=\"Pesquisa de mercado em Nauru\" class=\"read-more\" href=\"https:\/\/www.sisinternational.com\/pt\/cobertura\/pesquisa-de-mercado-asia\/pesquisa-de-mercado-nauru\/\" aria-label=\"Leia mais sobre Pesquisa de Mercado em Nauru\">Leia mais<\/a><\/p>","protected":false},"author":1,"featured_media":65515,"parent":14508,"menu_order":51,"comment_status":"closed","ping_status":"closed","template":"","meta":{"footnotes":""},"class_list":["post-39998","page","type-page","status-publish","has-post-thumbnail"],"_links":{"self":[{"href":"https:\/\/www.sisinternational.com\/pt\/wp-json\/wp\/v2\/pages\/39998","targetHints":{"allow":["GET"]}}],"collection":[{"href":"https:\/\/www.sisinternational.com\/pt\/wp-json\/wp\/v2\/pages"}],"about":[{"href":"https:\/\/www.sisinternational.com\/pt\/wp-json\/wp\/v2\/types\/page"}],"author":[{"embeddable":true,"href":"https:\/\/www.sisinternational.com\/pt\/wp-json\/wp\/v2\/users\/1"}],"replies":[{"embeddable":true,"href":"https:\/\/www.sisinternational.com\/pt\/wp-json\/wp\/v2\/comments?post=39998"}],"version-history":[{"count":4,"href":"https:\/\/www.sisinternational.com\/pt\/wp-json\/wp\/v2\/pages\/39998\/revisions"}],"predecessor-version":[{"id":81681,"href":"https:\/\/www.sisinternational.com\/pt\/wp-json\/wp\/v2\/pages\/39998\/revisions\/81681"}],"up":[{"embeddable":true,"href":"https:\/\/www.sisinternational.com\/pt\/wp-json\/wp\/v2\/pages\/14508"}],"wp:featuredmedia":[{"embeddable":true,"href":"https:\/\/www.sisinternational.com\/pt\/wp-json\/wp\/v2\/media\/65515"}],"wp:attachment":[{"href":"https:\/\/www.sisinternational.com\/pt\/wp-json\/wp\/v2\/media?parent=39998"}],"curies":[{"name":"wp","href":"https:\/\/api.w.org\/{rel}","templated":true}]}}