{"id":39992,"date":"2022-03-24T16:52:35","date_gmt":"2022-03-24T16:52:35","guid":{"rendered":"https:\/\/www.sisinternational.com\/?page_id=39992"},"modified":"2025-09-24T21:58:19","modified_gmt":"2025-09-25T01:58:19","slug":"pesquisa-de-mercado-nas-ilhas-cook","status":"publish","type":"page","link":"https:\/\/www.sisinternational.com\/pt\/cobertura\/pesquisa-de-mercado-asia\/pesquisa-de-mercado-nas-ilhas-cook\/","title":{"rendered":"Pesquisa de mercado nas Ilhas Cook"},"content":{"rendered":"<h1 class=\"wp-block-heading\">Pesquisa de mercado nas Ilhas Cook<\/h1>\n\n\n\n<p><\/p>\n\n\n\n<figure class=\"gb-block-image gb-block-image-5da056cc\"><img loading=\"lazy\" decoding=\"async\" width=\"1456\" height=\"816\" class=\"gb-image gb-image-5da056cc\" src=\"https:\/\/www.sisinternational.com\/wp-content\/uploads\/2025\/09\/Cook-Islands-2.jpg\" alt=\"Pesquisa e Estrat\u00e9gia de Mercado Internacional da SIS\" title=\"Cook Islands (2)\" srcset=\"https:\/\/www.sisinternational.com\/wp-content\/uploads\/2025\/09\/Cook-Islands-2.jpg 1456w, https:\/\/www.sisinternational.com\/wp-content\/uploads\/2025\/09\/Cook-Islands-2-300x168.jpg 300w, https:\/\/www.sisinternational.com\/wp-content\/uploads\/2025\/09\/Cook-Islands-2-1024x574.jpg 1024w, https:\/\/www.sisinternational.com\/wp-content\/uploads\/2025\/09\/Cook-Islands-2-768x430.jpg 768w, https:\/\/www.sisinternational.com\/wp-content\/uploads\/2025\/09\/Cook-Islands-2-18x10.jpg 18w\" sizes=\"auto, (max-width: 1456px) 100vw, 1456px\"><\/figure>\n\n\n\n<p><\/p>\n\n\n\n<hr class=\"wp-block-separator has-alpha-channel-opacity is-style-dots\"\/>\n\n\n\n<h2 class=\"wp-block-heading\">O que \u00e9 pesquisa de mercado nas Ilhas Cook?<\/h2>\n\n\n\n<p>A pesquisa de mercado nas Ilhas Cook busca entender o contexto econ\u00f4mico e cultural \u00fanico desta pequena na\u00e7\u00e3o insular no Pac\u00edfico Sul, conhecida por seu turismo e agricultura.<\/p>\n\n\n\n<p><strong>Aspectos principais:<\/strong><\/p>\n\n\n\n<ul class=\"wp-block-list\">\n<li><strong>Contexto econ\u00f4mico:<\/strong> The economy is largely driven by tourism, agriculture, and fishing. Understanding the preferences of visitors and local <a href=\"https:\/\/www.sisinternational.com\/pt\/pericia\/industrias\/pesquisa-de-mercado-automotivo\/pesquisa-de-consumo-automotivo-para-veiculos-eletricos\/\" title=\"Por que a pesquisa do consumidor automotivo \u00e9 t\u00e3o vital hoje com o futuro dos ve\u00edculos el\u00e9tricos\"  data-wpil-monitor-id=\"10164\">consumers is vital<\/a>.<\/li>\n\n\n\n<li><strong>Metodologias:<\/strong> Qualitative methods, such as community engagement and interviews, are commonly used to capture <a href=\"https:\/\/www.sisinternational.com\/pt\/global-beverage-market\/\" title=\"Global Beverage Market: Market Dynamics, Growth Projections &amp; Consumer Insights\"  data-wpil-monitor-id=\"10162\">insights about consumer<\/a> needs and experiences.<\/li>\n\n\n\n<li><strong>Desafios:<\/strong> O pequeno tamanho da popula\u00e7\u00e3o e o isolamento geogr\u00e1fico podem limitar o escopo da coleta e an\u00e1lise de dados.<\/li>\n\n\n\n<li><strong>Benef\u00edcios:<\/strong> <a href=\"https:\/\/www.sisinternational.com\/pt\/solucoes\/consultoria-estrategica\/consultoria-em-estrategia-de-pesquisa-de-mercado-de-capacitacao-de-vendas\/\" title=\"Pesquisa de mercado e consultoria estrat\u00e9gica para capacita\u00e7\u00e3o de vendas\"  data-wpil-monitor-id=\"10156\">Market research enables<\/a> businesses to identify growth opportunities, develop targeted marketing strategies, and enhance the overall visitor experience.<\/li>\n<\/ul>\n\n\n\n<h2 class=\"wp-block-heading\">Principais ind\u00fastrias<\/h2>\n\n\n\n<p><\/p>\n\n\n\n<figure class=\"gb-block-image gb-block-image-1ecfbe0b\"><img loading=\"lazy\" decoding=\"async\" width=\"1456\" height=\"816\" class=\"gb-image gb-image-1ecfbe0b\" src=\"https:\/\/www.sisinternational.com\/wp-content\/uploads\/2025\/09\/Cook-Islands-4.jpg\" alt=\"Pesquisa e Estrat\u00e9gia de Mercado Internacional da SIS\" title=\"Cook Islands (4)\" srcset=\"https:\/\/www.sisinternational.com\/wp-content\/uploads\/2025\/09\/Cook-Islands-4.jpg 1456w, https:\/\/www.sisinternational.com\/wp-content\/uploads\/2025\/09\/Cook-Islands-4-300x168.jpg 300w, https:\/\/www.sisinternational.com\/wp-content\/uploads\/2025\/09\/Cook-Islands-4-1024x574.jpg 1024w, https:\/\/www.sisinternational.com\/wp-content\/uploads\/2025\/09\/Cook-Islands-4-768x430.jpg 768w, https:\/\/www.sisinternational.com\/wp-content\/uploads\/2025\/09\/Cook-Islands-4-18x10.jpg 18w\" sizes=\"auto, (max-width: 1456px) 100vw, 1456px\"><\/figure>\n\n\n\n<p><\/p>\n\n\n\n<p>O <a href=\"https:\/\/www.sisinternational.com\/pt\/solucoes\/pesquisa-de-mercado-de-ia-e-consultoria-estrategica\/adocao-de-ia-viagens-hospitalidade-turismo-consultoria-da-industria\/\" title=\"Ado\u00e7\u00e3o de IA em consultoria da ind\u00fastria de viagens, hotelaria e turismo\"  data-wpil-monitor-id=\"10160\">Tourism sector is the main industry<\/a> on the island. Thousands of tourists visit the islands each year, and that number is growing. Most of the visitors come from New Zealand, Australia, and Canada.<\/p>\n\n\n\n<p>As Ilhas Cook tamb\u00e9m s\u00e3o conhecidas pelo seu setor financeiro internacional. \u00c9 o segundo maior setor do pa\u00eds.<\/p>\n\n\n\n<p>Outro grande setor da ilha \u00e9 a agricultura. Muitos agricultores cultivam culturas para exporta\u00e7\u00e3o. Por exemplo, as ilhas exportam copra e frutas c\u00edtricas frescas e enlatadas.<\/p>\n\n\n\n<p>O pa\u00eds tamb\u00e9m exporta peixes, combust\u00edveis, p\u00e9rolas e roupas. Alguns dos maiores parceiros de exporta\u00e7\u00e3o s\u00e3o Fran\u00e7a, Tail\u00e2ndia e Jap\u00e3o.<\/p>\n\n\n\n<p>As Ilhas Cook importam alimentos, t\u00eaxteis e madeira, entre outras coisas. A maior parte das importa\u00e7\u00f5es vem da Nova Zel\u00e2ndia, Fiji e Jap\u00e3o.<\/p>\n\n\n\n<h2 class=\"wp-block-heading\">Bairros<\/h2>\n\n\n\n<p>As Ilhas Cook t\u00eam uma ilha capital chamada Rarotonga. \u00c9 a maior ilha com mais pessoas. A capital \u00e9 Avarua, que \u00e9 o centro de neg\u00f3cios central do pa\u00eds. A maioria das pessoas na Ilha Rarotonga vive em vilas.<\/p>\n\n\n\n<p>Aitutaki \u00e9 outra ilha nas Ilhas Cook e a segunda mais visitada. Ela tem belas praias onde os turistas podem nadar, praticar snorkel e mergulho. Corais e peixes tropicais aumentam a beleza da ilha.<\/p>\n\n\n\n<h2 class=\"wp-block-heading\">Tend\u00eancias<\/h2>\n\n\n\n<p>A Nova Zel\u00e2ndia apoia as Ilhas Cook. A associa\u00e7\u00e3o livre mant\u00e9m sua economia est\u00e1vel, e os cidad\u00e3os das Ilhas Cook tamb\u00e9m podem trabalhar na Nova Zel\u00e2ndia.<\/p>\n\n\n\n<p>O sector banc\u00e1rio offshore atrai estrangeiros, que por vezes investem nas ilhas.<\/p>\n\n\n\n<p>O crescimento do setor de turismo tem sido constante. Como tal, o governo investe em eventos e atra\u00e7\u00f5es culturais que beneficiam a ind\u00fastria.<\/p>\n\n\n\n<h2 class=\"wp-block-heading\">Benef\u00edcios e pontos fortes no mercado<\/h2>\n\n\n\n<p>As Ilhas Cook utilizam o d\u00f3lar da Nova Zel\u00e2ndia, que \u00e9 uma moeda est\u00e1vel.<\/p>\n\n\n\n<p>The Cook Islands is a small tropical country. Despite that, it has a robust <a href=\"https:\/\/www.sisinternational.com\/pt\/solucoes\/pesquisa-de-mercado-de-crescimento-corporativo-internacional\/\" title=\"Pesquisa de mercado sobre crescimento corporativo internacional\"  data-wpil-monitor-id=\"10166\">international trade market<\/a>.<\/p>\n\n\n\n<p>O crescimento do sector do turismo tamb\u00e9m levou a um aumento noutros sectores. Por exemplo, com mais visitantes, mais resorts est\u00e3o sendo constru\u00eddos. Esta situa\u00e7\u00e3o, por sua vez, cria mais empregos na constru\u00e7\u00e3o. Assim, o governo sa\u00fada isso.<\/p>\n\n\n\n<p>Finalmente, as crian\u00e7as v\u00e3o \u00e0 escola dos 5 aos 15 anos. O ensino superior tamb\u00e9m est\u00e1 dispon\u00edvel por meio de universidades e bolsas de estudo no exterior. Assim, tem uma for\u00e7a de trabalho educada e qualificada.<\/p>\n\n\n\n<h2 class=\"wp-block-heading\">Base de Consumidores<\/h2>\n\n\n\n<p>Nas Ilhas Cook, a educa\u00e7\u00e3o e a sa\u00fade da popula\u00e7\u00e3o s\u00e3o essenciais. Os cidad\u00e3os t\u00eam cuidados de sa\u00fade gratuitos em hospitais e dispens\u00e1rios governamentais.<\/p>\n\n\n\n<p>Os cidad\u00e3os tamb\u00e9m t\u00eam excelente poder de compra. As empresas nas Ilhas Cook pagam bem pela m\u00e3o-de-obra.<\/p>\n\n\n\n<h2 class=\"wp-block-heading\">Raz\u00f5es para expandir seus neg\u00f3cios nas Ilhas Cook<\/h2>\n\n\n\n<p>O setor de Finan\u00e7as Internacionais \u00e9 vital. Ele atrai muitos estrangeiros para as ilhas. O governo tamb\u00e9m incentiva os investidores a usar seus bancos offshore.<\/p>\n\n\n\n<p>Al\u00e9m disso, as Ilhas Cook t\u00eam muitos visitantes estrangeiros devido \u00e0 sua liga\u00e7\u00e3o com a Nova Zel\u00e2ndia. Esta liga\u00e7\u00e3o \u00e9 \u00fatil para o turismo, com\u00e9rcio e neg\u00f3cios no pa\u00eds. Finalmente, outros setores, como recursos marinhos, crescem quando h\u00e1 investimento. Ent\u00e3o, as empresas locais v\u00e3o querer que os investidores venham.<\/p>\n\n\n\n<h2 class=\"wp-block-heading\"><strong>Sobre SIS Internacional<\/strong><\/h2>\n\n\n\n<p><a href=\"https:\/\/www.sisinternational.com\/pt\/\"><span style=\"font-weight: 400;\">SIS Internacional<\/span><\/a><span style=\"font-weight: 400;\"> offers Quantitative, Qualitative, and Strategy Research. We provide data, tools, strategies, reports, and insights for decision-making. We also conduct interviews, surveys, focus groups, and other <a href=\"https:\/\/www.sisinternational.com\/pt\/quantitative-market-research-methods-and-techniques\/\" title=\"Quantitative Market Research Methods and Techniques\"  data-wpil-monitor-id=\"10158\">Market Research methods<\/a> and approaches.<\/span><a href=\"https:\/\/www.sisinternational.com\/pt\/sobre-a-sis-international-research\/contact-sis-international-market-research\/\"><span style=\"font-weight: 400;\"> Entre em contato conosco<\/span><\/a><span style=\"font-weight: 400;\"> para o seu pr\u00f3ximo projeto de pesquisa de mercado.<\/span><\/p>\n\n\n\n<p><\/p>","protected":false},"excerpt":{"rendered":"<p>Market Research in the Cook Islands What Is Market Research in the Cook Islands? Market research in the Cook Islands seeks to understand the unique economic and cultural context of this small island nation in the South Pacific, known for its tourism and agriculture. Key Aspects: Key Industries The Tourism sector is the main industry &#8230; <a title=\"Pesquisa de mercado nas Ilhas Cook\" class=\"read-more\" href=\"https:\/\/www.sisinternational.com\/pt\/cobertura\/pesquisa-de-mercado-asia\/pesquisa-de-mercado-nas-ilhas-cook\/\" aria-label=\"Read more about Market Research in the Cook Islands\">Leia mais<\/a><\/p>","protected":false},"author":1,"featured_media":65664,"parent":14508,"menu_order":49,"comment_status":"closed","ping_status":"closed","template":"","meta":{"footnotes":""},"class_list":["post-39992","page","type-page","status-publish","has-post-thumbnail"],"_links":{"self":[{"href":"https:\/\/www.sisinternational.com\/pt\/wp-json\/wp\/v2\/pages\/39992","targetHints":{"allow":["GET"]}}],"collection":[{"href":"https:\/\/www.sisinternational.com\/pt\/wp-json\/wp\/v2\/pages"}],"about":[{"href":"https:\/\/www.sisinternational.com\/pt\/wp-json\/wp\/v2\/types\/page"}],"author":[{"embeddable":true,"href":"https:\/\/www.sisinternational.com\/pt\/wp-json\/wp\/v2\/users\/1"}],"replies":[{"embeddable":true,"href":"https:\/\/www.sisinternational.com\/pt\/wp-json\/wp\/v2\/comments?post=39992"}],"version-history":[{"count":7,"href":"https:\/\/www.sisinternational.com\/pt\/wp-json\/wp\/v2\/pages\/39992\/revisions"}],"predecessor-version":[{"id":81680,"href":"https:\/\/www.sisinternational.com\/pt\/wp-json\/wp\/v2\/pages\/39992\/revisions\/81680"}],"up":[{"embeddable":true,"href":"https:\/\/www.sisinternational.com\/pt\/wp-json\/wp\/v2\/pages\/14508"}],"wp:featuredmedia":[{"embeddable":true,"href":"https:\/\/www.sisinternational.com\/pt\/wp-json\/wp\/v2\/media\/65664"}],"wp:attachment":[{"href":"https:\/\/www.sisinternational.com\/pt\/wp-json\/wp\/v2\/media?parent=39992"}],"curies":[{"name":"wp","href":"https:\/\/api.w.org\/{rel}","templated":true}]}}