{"id":39988,"date":"2022-03-24T16:40:15","date_gmt":"2022-03-24T16:40:15","guid":{"rendered":"https:\/\/www.sisinternational.com\/?page_id=39988"},"modified":"2026-01-25T16:43:11","modified_gmt":"2026-01-25T21:43:11","slug":"pesquisa-de-mercado-guam","status":"publish","type":"page","link":"https:\/\/www.sisinternational.com\/pt\/cobertura\/north-america\/cobertura-dos-eua\/pesquisa-de-mercado-guam\/","title":{"rendered":"Pesquisa de mercado em Guam"},"content":{"rendered":"<h1 class=\"wp-block-heading\">Pesquisa de mercado em Guam<\/h1>\n\n\n\n<figure class=\"gb-block-image gb-block-image-5fa47201\"><img loading=\"lazy\" decoding=\"async\" width=\"1456\" height=\"816\" class=\"gb-image gb-image-5fa47201\" src=\"https:\/\/www.sisinternational.com\/wp-content\/uploads\/2025\/09\/Guam-4.jpg\" alt=\"Pesquisa e Estrat\u00e9gia de Mercado Internacional da SIS\" title=\"Guam (4)\" srcset=\"https:\/\/www.sisinternational.com\/wp-content\/uploads\/2025\/09\/Guam-4.jpg 1456w, https:\/\/www.sisinternational.com\/wp-content\/uploads\/2025\/09\/Guam-4-300x168.jpg 300w, https:\/\/www.sisinternational.com\/wp-content\/uploads\/2025\/09\/Guam-4-1024x574.jpg 1024w, https:\/\/www.sisinternational.com\/wp-content\/uploads\/2025\/09\/Guam-4-768x430.jpg 768w, https:\/\/www.sisinternational.com\/wp-content\/uploads\/2025\/09\/Guam-4-18x10.jpg 18w\" sizes=\"auto, (max-width: 1456px) 100vw, 1456px\"><\/figure>\n\n\n\n<p><\/p>\n\n\n\n<hr class=\"wp-block-separator has-alpha-channel-opacity is-style-dots\"\/>\n\n\n\n<p>Embora autogovernado, Guam \u00e9 um territ\u00f3rio dos Estados Unidos. Sua localiza\u00e7\u00e3o \u00e9 no Oceano Pac\u00edfico Norte.<\/p>\n\n\n\n<h2 class=\"wp-block-heading\">Principais ind\u00fastrias<\/h2>\n\n\n\n<p>As For\u00e7as Armadas dos EUA est\u00e3o presentes na ilha e os gastos deste setor apoiam parcialmente a economia de Guam.<\/p>\n\n\n\n<p>O turismo \u00e9 o setor mais robusto do pa\u00eds. \u00c9 tamb\u00e9m o que mais cresce; o turismo proporciona milhares de empregos na ilha. Mais de um milh\u00e3o de turistas visitam o pa\u00eds todos os anos.<\/p>\n\n\n\n<p>These two <a href=\"https:\/\/www.sisinternational.com\/pt\/industry-forecast\/industrial-sector-forecast\/\" title=\"Industrial Sector Forecast\"  data-wpil-monitor-id=\"10145\">sectors also help the construction industry<\/a>. The construction sector benefits from the upkeep of the US military bases. It is also needed to build and maintain the hotels and resorts in Guam.<\/p>\n\n\n\n<p>Algumas outras ind\u00fastrias importantes em Guam s\u00e3o a avicultura e o acabamento de vestu\u00e1rio.<\/p>\n\n\n\n<p>As principais exporta\u00e7\u00f5es de Guam s\u00e3o sucata, baterias el\u00e9tricas e produtos de beleza. Os seus principais parceiros de exporta\u00e7\u00e3o s\u00e3o a Coreia do Sul, Hong Kong e a Austr\u00e1lia.<\/p>\n\n\n\n<p>Some of the country\u2019s <a href=\"https:\/\/www.sisinternational.com\/pt\/pericia\/industrias\/pesquisa-de-mercado-de-iluminacao-automotiva\/quao-importante-e-o-adas-para-motoristas-de-automoveis\/\" title=\"Qual a import\u00e2ncia dos ADAS para motoristas de autom\u00f3veis\"  data-wpil-monitor-id=\"1889\">imports are cars<\/a>, food, and oil. Some import partners are Japan, Malaysia, and Singapore.<\/p>\n\n\n\n<h2 class=\"wp-block-heading\">Bairros<\/h2>\n\n\n\n<p>A capital de Guam \u00e9 Hagatna e \u00e9 o centro da ilha. A sede dos tr\u00eas ramos do governo est\u00e1 l\u00e1. Hagatna \u00e9 tamb\u00e9m a sede da Igreja Cat\u00f3lica, que \u00e9 a principal religi\u00e3o da ilha.<\/p>\n\n\n\n<p>Dededo \u00e9 a segunda maior vila de Guam. Visitantes e moradores locais adoram visitar o parque de divers\u00f5es coberto e o shopping.<\/p>\n\n\n\n<h2 class=\"wp-block-heading\">Tend\u00eancias<\/h2>\n\n\n\n<p>O crescimento de Guam tem sido constante nos \u00faltimos dez anos. As bases dos EUA na ilha beneficiam tanto o sector p\u00fablico como o privado. Por exemplo, a Marinha dos EUA concede contratos ao sector da constru\u00e7\u00e3o. Eles tamb\u00e9m fornecem v\u00e1rios empregos aos cidad\u00e3os.<\/p>\n\n\n\n<p>Hoje em dia, h\u00e1 mais foco nas artes populares e no artesanato. Grupos p\u00fablicos e privados est\u00e3o a fazer mais para impulsionar este sector. Assim, tanto moradores quanto turistas v\u00e3o aos eventos e gastam com artesanato.<\/p>\n\n\n\n<p>Por fim, o n\u00edvel de desenvolvimento da ilha atrai muitos turistas da regi\u00e3o.<\/p>\n\n\n\n<h2 class=\"wp-block-heading\">Benef\u00edcios e pontos fortes no mercado<\/h2>\n\n\n\n<p>Guam tem uma economia est\u00e1vel. A moeda da ilha \u00e9 o d\u00f3lar americano.<\/p>\n\n\n\n<p>O governo de Guam quer preparar a sua ind\u00fastria do turismo para o futuro. Existem planos para fazer crescer este sector, para fazer de Guam uma atrac\u00e7\u00e3o tur\u00edstica privilegiada. O governo est\u00e1 trabalhando para transformar Hagatna na Aldeia Cultural. Depois de conclu\u00eddo, estar\u00e1 repleto de atividades para os turistas desfrutarem. Assim, investidores com ideias novas s\u00e3o bem-vindos.<\/p>\n\n\n\n<p>O mercado tamb\u00e9m \u00e9 diversificado. Existem muitos setores dos quais os investidores podem lucrar. Al\u00e9m disso, o governo possui um programa de incentivos aos investidores. Alguns dos incentivos s\u00e3o para impostos, com\u00e9rcio e turismo.<\/p>\n\n\n\n<h2 class=\"wp-block-heading\">Base de Consumidores<\/h2>\n\n\n\n<p>Cerca de um quarto da popula\u00e7\u00e3o vive abaixo da linha da pobreza.<\/p>\n\n\n\n<p>Apesar disso, a popula\u00e7\u00e3o de Guam tem muitos servi\u00e7os de sa\u00fade \u00e0 sua escolha. A ilha possui hospitais e cl\u00ednicas p\u00fablicas, privadas e militares.<\/p>\n\n\n\n<p>O pa\u00eds tamb\u00e9m \u00e9 seguro para moradores e visitantes.<\/p>\n\n\n\n<h2 class=\"wp-block-heading\">Reasons to Grow Your Business in Guam<\/h2>\n\n\n\n<p>Os edif\u00edcios e servi\u00e7os que existem em Guam atendem aos padr\u00f5es dos EUA. Os investidores t\u00eam acesso a bons servi\u00e7os de telecomunica\u00e7\u00f5es, financeiros e de transporte.<\/p>\n\n\n\n<p>A educa\u00e7\u00e3o \u00e9 gratuita dos 6 aos 16 anos. H\u00e1 tamb\u00e9m uma universidade que oferece programas de quatro anos e mestrado. Assim, Guam tem uma classe trabalhadora qualificada e educada.<\/p>\n\n\n\n<p>Finalmente, o seu mercado comercial \u00e9 amplo e est\u00e1vel. O governo tamb\u00e9m est\u00e1 aberto a investimentos, uma vez que fortalece setores e cria empregos para a popula\u00e7\u00e3o.<\/p>\n\n\n\n<h2 class=\"wp-block-heading\">Sobre pesquisa de mercado em Guam<\/h2>\n\n\n\n<p>Business owners and investors must do Strategic <a href=\"https:\/\/www.sisinternational.com\/pt\/pericia\/industrias\/pesquisa-de-mercado-de-moda-masculina\/\" title=\"Pesquisa de mercado de moda masculina\"  data-wpil-monitor-id=\"3722\">Research before they enter the market<\/a>. Doing <a href=\"https:\/\/www.sisinternational.com\/pt\/solucoes\/solucoes-de-pesquisa-quantitativa-qualitativa\/recrutamento-de-pesquisa-qualitativa\/\" title=\"Recrutamento de Pesquisa Qualitativa\"  data-wpil-monitor-id=\"10143\">Pesquisa qualitativa e quantitativa<\/a> allows one to make the best business choices.<\/p>\n\n\n\n<p>Guam is a very diverse island. Thus, a <a href=\"https:\/\/www.sisinternational.com\/pt\/top-5-benefits-of-qualitative-market-research-for-businesses\/\" title=\"Top 5 Benefits of Qualitative Market Research for Businesses\"  data-wpil-monitor-id=\"10146\">business owner will benefit<\/a> from Surveys, Focus Groups, and Interviews. These tools will give insight into the <a href=\"https:\/\/www.sisinternational.com\/pt\/pericia\/industrias\/pesquisa-de-mercado-sobre-povos-indigenas\/\" title=\"Pesquisa de mercado de povos ind\u00edgenas\"  data-wpil-monitor-id=\"10144\">market and the people<\/a>.<\/p>\n\n\n\n<p><\/p>","protected":false},"excerpt":{"rendered":"<p>Pesquisa de mercado em Guam Embora seja aut\u00f4nomo, Guam \u00e9 um territ\u00f3rio dos Estados Unidos. Sua localiza\u00e7\u00e3o \u00e9 no Oceano Pac\u00edfico Norte. Ind\u00fastrias-chave As For\u00e7as Armadas dos EUA est\u00e3o presentes na ilha e os gastos deste setor apoiam parcialmente a economia de Guam. O turismo \u00e9 o setor mais robusto do pa\u00eds. Isto \u2026 <a title=\"Pesquisa de mercado em Guam\" class=\"read-more\" href=\"https:\/\/www.sisinternational.com\/pt\/cobertura\/north-america\/cobertura-dos-eua\/pesquisa-de-mercado-guam\/\" aria-label=\"Leia mais sobre Pesquisa de Mercado em Guam\">Leia mais<\/a><\/p>","protected":false},"author":1,"featured_media":66541,"parent":19303,"menu_order":58,"comment_status":"closed","ping_status":"closed","template":"","meta":{"footnotes":""},"class_list":["post-39988","page","type-page","status-publish","has-post-thumbnail"],"_links":{"self":[{"href":"https:\/\/www.sisinternational.com\/pt\/wp-json\/wp\/v2\/pages\/39988","targetHints":{"allow":["GET"]}}],"collection":[{"href":"https:\/\/www.sisinternational.com\/pt\/wp-json\/wp\/v2\/pages"}],"about":[{"href":"https:\/\/www.sisinternational.com\/pt\/wp-json\/wp\/v2\/types\/page"}],"author":[{"embeddable":true,"href":"https:\/\/www.sisinternational.com\/pt\/wp-json\/wp\/v2\/users\/1"}],"replies":[{"embeddable":true,"href":"https:\/\/www.sisinternational.com\/pt\/wp-json\/wp\/v2\/comments?post=39988"}],"version-history":[{"count":5,"href":"https:\/\/www.sisinternational.com\/pt\/wp-json\/wp\/v2\/pages\/39988\/revisions"}],"predecessor-version":[{"id":81677,"href":"https:\/\/www.sisinternational.com\/pt\/wp-json\/wp\/v2\/pages\/39988\/revisions\/81677"}],"up":[{"embeddable":true,"href":"https:\/\/www.sisinternational.com\/pt\/wp-json\/wp\/v2\/pages\/19303"}],"wp:featuredmedia":[{"embeddable":true,"href":"https:\/\/www.sisinternational.com\/pt\/wp-json\/wp\/v2\/media\/66541"}],"wp:attachment":[{"href":"https:\/\/www.sisinternational.com\/pt\/wp-json\/wp\/v2\/media?parent=39988"}],"curies":[{"name":"wp","href":"https:\/\/api.w.org\/{rel}","templated":true}]}}