{"id":39909,"date":"2022-02-28T23:57:24","date_gmt":"2022-02-28T23:57:24","guid":{"rendered":"https:\/\/www.sisinternational.com\/?page_id=39909"},"modified":"2026-01-25T16:48:52","modified_gmt":"2026-01-25T21:48:52","slug":"pesquisa-de-mercado-petroquimico","status":"publish","type":"page","link":"https:\/\/www.sisinternational.com\/pt\/pericia\/pesquisa-de-mercado-petroquimico\/","title":{"rendered":"Pesquisa de mercado petroqu\u00edmico"},"content":{"rendered":"<h1 class=\"wp-block-heading\">Pesquisa de mercado petroqu\u00edmica<\/h1>\n\n\n\n<figure class=\"gb-block-image gb-block-image-b9db8642\"><img loading=\"lazy\" decoding=\"async\" width=\"1456\" height=\"816\" class=\"gb-image gb-image-b9db8642\" src=\"https:\/\/www.sisinternational.com\/wp-content\/uploads\/2025\/08\/Oit-petroleum-petrochemical-4.jpg\" alt=\"Pesquisa e Estrat\u00e9gia de Mercado Internacional da SIS\" title=\"Oit petroleum petrochemical (4)\" srcset=\"https:\/\/www.sisinternational.com\/wp-content\/uploads\/2025\/08\/Oit-petroleum-petrochemical-4.jpg 1456w, https:\/\/www.sisinternational.com\/wp-content\/uploads\/2025\/08\/Oit-petroleum-petrochemical-4-300x168.jpg 300w, https:\/\/www.sisinternational.com\/wp-content\/uploads\/2025\/08\/Oit-petroleum-petrochemical-4-1024x574.jpg 1024w, https:\/\/www.sisinternational.com\/wp-content\/uploads\/2025\/08\/Oit-petroleum-petrochemical-4-768x430.jpg 768w, https:\/\/www.sisinternational.com\/wp-content\/uploads\/2025\/08\/Oit-petroleum-petrochemical-4-18x10.jpg 18w\" sizes=\"auto, (max-width: 1456px) 100vw, 1456px\"><\/figure>\n\n\n\n<p><\/p>\n\n\n\n<h2 class=\"wp-block-heading\">O que s\u00e3o petroqu\u00edmicos?<\/h2>\n\n\n\n<p>Os petroqu\u00edmicos s\u00e3o um grande grupo de produtos qu\u00edmicos derivados do petr\u00f3leo e do g\u00e1s natural. N\u00f3s os usamos para diversos fins qu\u00edmicos. Na verdade, eles s\u00e3o muito importantes na vida cotidiana moderna. Eles est\u00e3o no centro de muitos setores, incluindo:<\/p>\n\n\n\n<ul class=\"wp-block-list\">\n<li>Pl\u00e1sticos<\/li>\n\n\n\n<li>Cosm\u00e9ticos<\/li>\n\n\n\n<li>T\u00eaxteis<\/li>\n\n\n\n<li>Embalagem<\/li>\n\n\n\n<li>Artigos de higiene pessoal<\/li>\n<\/ul>\n\n\n\n<h2 class=\"wp-block-heading\">Por que a pesquisa de mercado petroqu\u00edmico \u00e9 importante?<\/h2>\n\n\n\n<p>A demanda de diversas ind\u00fastrias de uso final tem apresentado tend\u00eancia ascendente. Essas ind\u00fastrias incluem constru\u00e7\u00e3o civil, aeroespacial, alimentos e bebidas e sa\u00fade. Assim, o mercado tem visto muito crescimento nas \u00faltimas d\u00e9cadas. No entanto, muitos expressaram preocupa\u00e7\u00e3o com o impacto dos pl\u00e1sticos. Assim, a procura de pl\u00e1sticos em v\u00e1rios sectores principais diminuiu. Assim, \u00e9 prov\u00e1vel que o crescimento do mercado desacelere em breve.<\/p>\n\n\n\n<p>A pesquisa de mercado \u00e9 essencial para que as empresas identifiquem tend\u00eancias como essas. Por exemplo, os mercados emergentes est\u00e3o a assistir a um aumento no n\u00famero de empresas petroqu\u00edmicas. Os analistas de mercado esperam que esta tend\u00eancia continue. A quest\u00e3o \u00e9 que esses dados s\u00e3o de grande ajuda para empresas existentes e aspirantes ao setor. E a Pesquisa de Mercado \u00e9 a melhor forma de obter esses dados.<\/p>\n\n\n\n<h2 class=\"wp-block-heading\">Por que as empresas precisam de pesquisas de mercado<\/h2>\n\n\n\n<p>Uma empresa precisa se comercializar para ter sucesso. Como vimos, a pesquisa de mercado re\u00fane dados para aprender sobre os consumidores-alvo. As empresas utilizam-no para saber onde vivem estes consumidores, como compram, a sua faixa de rendimentos. Essas pesquisas impulsionam as empresas ao sucesso de diversas maneiras. Ele fornece as respostas necess\u00e1rias para tomar decis\u00f5es que os levar\u00e3o adiante. A pesquisa de mercado \u00e9 uma parte vital de qualquer estrat\u00e9gia de neg\u00f3cios, seja ela grande ou pequena, B2B ou B2C, nova ou antiga.<\/p>\n\n\n\n<p>Fazer pesquisas de mercado regulares \u00e9 essencial para acompanhar as tend\u00eancias recentes. Tamb\u00e9m ajuda as empresas a competir. Eles podem identificar novos clientes e aprender sobre os existentes. Tamb\u00e9m os ajuda a definir metas vi\u00e1veis para os seus neg\u00f3cios e a desenvolver estrat\u00e9gias novas e eficazes, permitindo-lhes resolver os seus maiores desafios de mercado. Com a Pesquisa de Mercado, essas empresas ganham as ferramentas para buscar a expans\u00e3o. Eles tamb\u00e9m veem como podem expandir sua oferta de produtos.<\/p>\n\n\n\n<h2 class=\"wp-block-heading\">Principais cargos<\/h2>\n\n\n\n<p>Esta ind\u00fastria ainda \u00e9 um ator crucial no mix energ\u00e9tico. Os empregadores est\u00e3o investindo em novos funcion\u00e1rios, incluindo:<\/p>\n\n\n\n<ul class=\"wp-block-list\">\n<li>Engenheiros de Processo<\/li>\n\n\n\n<li>Engenheiros\/Especialistas em HVAC<\/li>\n\n\n\n<li>Engenheiros de equipamentos rotativos<\/li>\n<\/ul>\n\n\n\n<h2 class=\"wp-block-heading\">Principais fatores de sucesso<\/h2>\n\n\n\n<p>A localiza\u00e7\u00e3o costumava ser crucial para o sucesso neste setor. Mas a procura abrandou nas economias emergentes e as mat\u00e9rias-primas tornaram-se menos abundantes. Portanto, \u00e9 prov\u00e1vel que as empresas tenham de adotar uma abordagem disciplinada para a expans\u00e3o. Os intervenientes da ind\u00fastria tamb\u00e9m ter\u00e3o de trabalhar mais arduamente na estrat\u00e9gia. Eles precisar\u00e3o produzir mais nos projetos de grande escala da ind\u00fastria. Um dos m\u00e9todos que ajudar\u00e3o s\u00e3o as an\u00e1lises digitais e avan\u00e7adas para melhorar a produ\u00e7\u00e3o.<\/p>\n\n\n\n<h2 class=\"wp-block-heading\">Sobre pesquisa de mercado petroqu\u00edmico<\/h2>\n\n\n\n<p>A pesquisa de mercado pode parecer uma perspectiva assustadora para o empres\u00e1rio que est\u00e1 faminto de tempo. No entanto, tanto a investiga\u00e7\u00e3o qualitativa como a quantitativa t\u00eam os seus pontos fortes. Quando usados juntos, eles fornecem resultados valiosos de m\u00e9todos mistos. Esses resultados ajudam os participantes do setor a compreender as necessidades de seus clientes-alvo. Tamb\u00e9m os ajuda a avaliar a qualidade da concorr\u00eancia. Quando essas empresas acrescentam Pesquisa Estrat\u00e9gica, isso corrige seus pontos fracos. Assim, evitam deslizes que podem levar o neg\u00f3cio \u00e0 fal\u00eancia.<\/p>\n\n\n\n<p>Os pesquisadores t\u00eam diversas ferramentas \u00e0 sua disposi\u00e7\u00e3o para lidar com essa ind\u00fastria. Eles podem usar grupos focais para reunir ideias, opini\u00f5es e cren\u00e7as das pessoas. Esta ferramenta de pesquisa ajuda as empresas no desenvolvimento de novos produtos. Pesquisas e entrevistas tamb\u00e9m s\u00e3o ben\u00e9ficas. Depois que a empresa reunir os dados relevantes, ela poder\u00e1 ajustar seus produtos. Dessa forma, eles garantem que atendem \u00e0s necessidades dos clientes-alvo.<\/p>\n\n\n\n<h2 class=\"wp-block-heading\">Demanda por pesquisa de mercado petroqu\u00edmico<\/h2>\n\n\n\n<figure class=\"gb-block-image gb-block-image-6fa72726\"><img loading=\"lazy\" decoding=\"async\" width=\"1456\" height=\"816\" class=\"gb-image gb-image-6fa72726\" src=\"https:\/\/www.sisinternational.com\/wp-content\/uploads\/2025\/08\/Oit-petroleum-petrochemical-9.jpg\" alt=\"Pesquisa e Estrat\u00e9gia de Mercado Internacional da SIS\" title=\"Oit petroleum petrochemical (9)\" srcset=\"https:\/\/www.sisinternational.com\/wp-content\/uploads\/2025\/08\/Oit-petroleum-petrochemical-9.jpg 1456w, https:\/\/www.sisinternational.com\/wp-content\/uploads\/2025\/08\/Oit-petroleum-petrochemical-9-300x168.jpg 300w, https:\/\/www.sisinternational.com\/wp-content\/uploads\/2025\/08\/Oit-petroleum-petrochemical-9-1024x574.jpg 1024w, https:\/\/www.sisinternational.com\/wp-content\/uploads\/2025\/08\/Oit-petroleum-petrochemical-9-768x430.jpg 768w, https:\/\/www.sisinternational.com\/wp-content\/uploads\/2025\/08\/Oit-petroleum-petrochemical-9-18x10.jpg 18w\" sizes=\"auto, (max-width: 1456px) 100vw, 1456px\"><\/figure>\n\n\n\n<p><\/p>\n\n\n\n<p>Os petroqu\u00edmicos s\u00e3o produtos qu\u00edmicos derivados do petr\u00f3leo e do g\u00e1s natural e s\u00e3o componentes de muitos dos produtos mais populares do mundo. Os produtos petroqu\u00edmicos incluem etileno, propileno, butilenos, benzeno, tolueno e xilenos.<\/p>\n\n\n\n<p>O crescente crescimento da demanda por produtos petroqu\u00edmicos e seus derivados \u00e9 impulsionado pelo crescimento do consumo das fam\u00edlias, de produtos de higiene pessoal, de embalagens e de materiais de constru\u00e7\u00e3o.<\/p>\n\n\n\n<p>A procura petroqu\u00edmica global continua a crescer. Isto pode ser atribu\u00eddo ao aumento do consumo das fam\u00edlias, produtos de higiene pessoal, embalagens e materiais de constru\u00e7\u00e3o.<\/p>\n\n\n\n<p>Existem alguns impulsionadores do crescimento e da demanda da ind\u00fastria:<\/p>\n\n\n\n<ul class=\"wp-block-list\">\n<li><strong>O consumo das fam\u00edlias<\/strong>: A duplica\u00e7\u00e3o do n\u00famero de domic\u00edlios com pelo menos um carro contribuiu significativamente para o aumento do uso de gasolina. Al\u00e9m disso, os ve\u00edculos el\u00e9ctricos e outras novas tecnologias poder\u00e3o aumentar a utiliza\u00e7\u00e3o do diesel ao longo do tempo.<\/li>\n\n\n\n<li><strong>Produtos de cuidado pessoal<\/strong>: H\u00e1 uma demanda crescente por produtos para a pele, o que pode aumentar a demanda por produtos petroqu\u00edmicos. Entretanto, os dados identificaram a prefer\u00eancia dos baby boomers por produtos mais tradicionais, em vez de produtos que contenham ingredientes de origem animal.<\/li>\n<\/ul>\n\n\n\n<p>Existem novas oportunidades tanto para os novos participantes neste mercado como para as empresas estabelecidas que procuram expandir as suas opera\u00e7\u00f5es para novos mercados geogr\u00e1ficos onde possam satisfazer a procura.<\/p>\n\n\n\n<h2 class=\"wp-block-heading\">Decisores Petroqu\u00edmicos<\/h2>\n\n\n\n<p>A Pesquisa de Mercado Petroqu\u00edmico pode ser realizada na forma de entrevistas com as seguintes partes interessadas:<\/p>\n\n\n\n<ul class=\"wp-block-list\">\n<li>Engenheiros de Controles<\/li>\n\n\n\n<li>Analistas de Pol\u00edticas<\/li>\n\n\n\n<li>Gerentes de Sa\u00fade e Seguran\u00e7a Ambiental<\/li>\n\n\n\n<li>Gerentes de exporta\u00e7\u00e3o<\/li>\n\n\n\n<li>Consultores Petroqu\u00edmicos<\/li>\n\n\n\n<li>Especialistas no assunto<\/li>\n\n\n\n<li>Especialistas em refinaria<\/li>\n\n\n\n<li>Vendas de turbom\u00e1quinas<\/li>\n\n\n\n<li>Gerente de Seguran\u00e7a Petroqu\u00edmica<\/li>\n\n\n\n<li>Engenheiros de Otimiza\u00e7\u00e3o de Processos<\/li>\n\n\n\n<li>Engenheiros de garantia de qualidade<\/li>\n\n\n\n<li>Gerentes de Negocia\u00e7\u00e3o Petroqu\u00edmica<\/li>\n\n\n\n<li>Gerentes de Opera\u00e7\u00f5es Petroqu\u00edmicas de Petr\u00f3leo<\/li>\n\n\n\n<li>Engenheiros de Projeto<\/li>\n\n\n\n<li>T\u00e9cnicos de Instrumenta\u00e7\u00e3o e Metrologia<\/li>\n\n\n\n<li>Engenheiro Qu\u00edmico<\/li>\n\n\n\n<li>Engenheiros de automa\u00e7\u00e3o<\/li>\n\n\n\n<li>Engenheiros T\u00e9cnicos<\/li>\n\n\n\n<li>Gerentes de equipamentos e instala\u00e7\u00f5es<\/li>\n\n\n\n<li>Gerentes de f\u00e1brica<\/li>\n<\/ul>\n\n\n\n<h2 class=\"wp-block-heading\">Tend\u00eancias da ind\u00fastria<\/h2>\n\n\n\n<p>As principais tend\u00eancias no sector incluem a press\u00e3o competitiva para melhorar a efici\u00eancia operacional, reduzir os custos das mat\u00e9rias-primas e esfor\u00e7os de sustentabilidade.<br>The petrochemical industry is one of the most competitive industries in the world, with companies competing on a global scale. The sector experiences high levels of overcapacity and weak demand growth, resulting in a decline in its share price over the past few years. In addition to this, there are also increasing concerns about environmental protection around production sites, as well as energy conservation efforts made by governments to reduce carbon emissions.<\/p>\n\n\n\n<h2 class=\"wp-block-heading\">Sobre a ind\u00fastria petroqu\u00edmica do Oriente M\u00e9dio<\/h2>\n\n\n\n<p>O <a href=\"https:\/\/www.sisinternational.com\/pt\/pesquisa-de-mercado-no-oriente-medio\/\" title=\"Pesquisa de mercado no Oriente M\u00e9dio\"  data-wpil-monitor-id=\"2931\">Oriente M\u00e9dio<\/a> is one of the fastest-growing petrochemical markets in the world. The region produces one-third of the world&#8217;s polyethylene, which is used in everything from packaging to consumer goods.<\/p>\n\n\n\n<p>The rise of the Middle East\u2019s demand for petrochemical products involves a number of factors. This includes increasing disposable income levels across various countries such as Saudi Arabia and the United Arab Emirates (UAE). Also, the growing urbanization levels across these regions are noticeably significant. In fact, consumers\u2019 spending on cosmetics and toiletries snatched a large portion of this trend.<\/p>\n\n\n\n<p>A regi\u00e3o do M\u00e9dio Oriente tem estado em transi\u00e7\u00e3o. Para al\u00e9m da sua abundante oferta de petr\u00f3leo, os seus baixos custos laborais e regimes fiscais favor\u00e1veis permitiram que as instala\u00e7\u00f5es de produ\u00e7\u00e3o locais funcionassem de forma lucrativa.<\/p>\n\n\n\n<h3 class=\"wp-block-heading\">A participa\u00e7\u00e3o do M\u00e9dio Oriente na ind\u00fastria petroqu\u00edmica dever\u00e1 aumentar substancialmente.<\/h3>\n\n\n\n<p>Embora a maior parte do crescimento dos principais produtos petroqu\u00edmicos venha de economias emergentes como a \u00cdndia e a China, prev\u00ea-se um r\u00e1pido crescimento da procura petroqu\u00edmica no M\u00e9dio Oriente durante os pr\u00f3ximos cinco anos.<\/p>\n\n\n\n<h3 class=\"wp-block-heading\">A Ar\u00e1bia Saudita \u00e9 l\u00edder global na produ\u00e7\u00e3o de etileno e prev\u00ea expandir a sua capacidade de produ\u00e7\u00e3o de etileno nos anos seguintes.<\/h3>\n\n\n\n<p>A Ar\u00e1bia Saudita \u00e9 atualmente o maior produtor mundial de etileno. \u00c0 medida que os consumidores continuam a exigir cada vez mais pol\u00edmeros para os seus produtos, a Ar\u00e1bia Saudita planeia aumentar significativamente a sua capacidade de produ\u00e7\u00e3o atrav\u00e9s de projectos conjuntos com v\u00e1rios grandes produtores petroqu\u00edmicos internacionais. Espera-se que estes investimentos atraiam outros intervenientes na cadeia de valor dos pol\u00edmeros, tais como conversores e fabricantes de embalagens.<br>Isto significaria que a Ar\u00e1bia Saudita se tornaria um dos maiores exportadores de etileno, que \u00e9 utilizado para fabricar polietileno (o pl\u00e1stico mais utilizado, com uma vasta gama de aplica\u00e7\u00f5es, desde embalagens a bens de consumo).<\/p>\n\n\n\n<h2 class=\"wp-block-heading\">Sobre a pesquisa de mercado de polietileno<\/h2>\n\n\n\n<p>Polyethylene is an important material in the petrochemical industry. It plays a key role in manufacturing different types of chemicals, from plastics and paints to lubricants and sealants. The demand for this product has increased significantly because it can be produced at a lower cost than other materials such as petroleum-based ones or natural gas-based ones.<\/p>\n\n\n\n<p>This rise in demand for polyethylene has led many countries around world, including Saudi Arabia to invest heavily in their own production facilities. This does not only meet the domestic needs, but also exports them abroad where a huge potential market awaits just outside our borders.<\/p>\n\n\n\n<h2 class=\"wp-block-heading\">Sobre pesquisa de mercado petroqu\u00edmico<\/h2>\n\n\n\n<p>Petrochemicals affect many aspects of daily life. Market Research uncovers the data, insights, tools and strategies to be competitive in this strategically important industry. SIS provide Market Research worldwide especially in important economies in the industry such as Saudi Arabia, the <a href=\"https:\/\/www.sisinternational.com\/pt\/perspectivas-economicas-do-catar\/\" title=\"Perspectivas Econ\u00f4micas e Pesquisa de Mercado do Catar\"  data-wpil-monitor-id=\"3567\">Middle East and other markets<\/a>. We provide Qualitative <a href=\"https:\/\/www.sisinternational.com\/pt\/cobertura\/as-americas\/pesquisa-de-mercado-na-america-latina\/pesquisa-de-mercado-na-guiana-francesa\/\" title=\"Pesquisa de mercado na Guiana Francesa\"  data-wpil-monitor-id=\"3739\">Pesquisa de mercado<\/a>, Quantitative Market Research, Market Entry Consulting and Strategy Research. Contact us for your next Petrochemical Market Research project.<\/p>\n\n\n\n<p><\/p>","protected":false},"excerpt":{"rendered":"<p>Diversos setores, como constru\u00e7\u00e3o civil, aeroespacial, alimentos e bebidas e sa\u00fade, impulsionaram a demanda por produtos petroqu\u00edmicos.<\/p>","protected":false},"author":1,"featured_media":64288,"parent":14514,"menu_order":104,"comment_status":"closed","ping_status":"closed","template":"","meta":{"footnotes":""},"class_list":["post-39909","page","type-page","status-publish","has-post-thumbnail"],"_links":{"self":[{"href":"https:\/\/www.sisinternational.com\/pt\/wp-json\/wp\/v2\/pages\/39909","targetHints":{"allow":["GET"]}}],"collection":[{"href":"https:\/\/www.sisinternational.com\/pt\/wp-json\/wp\/v2\/pages"}],"about":[{"href":"https:\/\/www.sisinternational.com\/pt\/wp-json\/wp\/v2\/types\/page"}],"author":[{"embeddable":true,"href":"https:\/\/www.sisinternational.com\/pt\/wp-json\/wp\/v2\/users\/1"}],"replies":[{"embeddable":true,"href":"https:\/\/www.sisinternational.com\/pt\/wp-json\/wp\/v2\/comments?post=39909"}],"version-history":[{"count":6,"href":"https:\/\/www.sisinternational.com\/pt\/wp-json\/wp\/v2\/pages\/39909\/revisions"}],"predecessor-version":[{"id":77938,"href":"https:\/\/www.sisinternational.com\/pt\/wp-json\/wp\/v2\/pages\/39909\/revisions\/77938"}],"up":[{"embeddable":true,"href":"https:\/\/www.sisinternational.com\/pt\/wp-json\/wp\/v2\/pages\/14514"}],"wp:featuredmedia":[{"embeddable":true,"href":"https:\/\/www.sisinternational.com\/pt\/wp-json\/wp\/v2\/media\/64288"}],"wp:attachment":[{"href":"https:\/\/www.sisinternational.com\/pt\/wp-json\/wp\/v2\/media?parent=39909"}],"curies":[{"name":"wp","href":"https:\/\/api.w.org\/{rel}","templated":true}]}}