{"id":39905,"date":"2022-02-28T20:04:59","date_gmt":"2022-02-28T20:04:59","guid":{"rendered":"https:\/\/www.sisinternational.com\/?page_id=39905"},"modified":"2025-09-23T20:23:17","modified_gmt":"2025-09-24T00:23:17","slug":"pesquisa-de-mercado-tonga","status":"publish","type":"page","link":"https:\/\/www.sisinternational.com\/pt\/cobertura\/pesquisa-de-mercado-asia\/pesquisa-de-mercado-tonga\/","title":{"rendered":"Pesquisa de mercado em Tonga"},"content":{"rendered":"<h1 class=\"wp-block-heading\">Pesquisa de mercado em Tonga<\/h1>\n\n\n\n<figure class=\"gb-block-image gb-block-image-13d00d65\"><img loading=\"lazy\" decoding=\"async\" width=\"1456\" height=\"816\" class=\"gb-image gb-image-13d00d65\" src=\"https:\/\/www.sisinternational.com\/wp-content\/uploads\/2025\/09\/Tonga-2.jpg\" srcset=\"https:\/\/www.sisinternational.com\/wp-content\/uploads\/2025\/09\/Tonga-2.jpg 1456w, https:\/\/www.sisinternational.com\/wp-content\/uploads\/2025\/09\/Tonga-2-300x168.jpg 300w, https:\/\/www.sisinternational.com\/wp-content\/uploads\/2025\/09\/Tonga-2-1024x574.jpg 1024w, https:\/\/www.sisinternational.com\/wp-content\/uploads\/2025\/09\/Tonga-2-768x430.jpg 768w, https:\/\/www.sisinternational.com\/wp-content\/uploads\/2025\/09\/Tonga-2-18x10.jpg 18w\" sizes=\"auto, (max-width: 1456px) 100vw, 1456px\" alt=\"Pesquisa e Estrat\u00e9gia de Mercado Internacional da SIS\"><\/figure>\n\n\n\n<p><\/p>\n\n\n\n<hr class=\"wp-block-separator has-alpha-channel-opacity is-style-dots\"\/>\n\n\n\n<p>How can businesses truly understand the Tongan market and its unique consumer needs? For companies looking to expand into Tonga, conducting thorough market research in Tonga is essential. With a small but diverse population, varying cultural influences, and a growing interest in international products \u2212 and without proper research, businesses may miss out on key insights that could determine their success.<\/p>\n\n\n\n<h2 class=\"wp-block-heading\">What Is Market Research in Tonga?<\/h2>\n\n\n\n<p>Market research in Tonga analyzes the Tongan market to help businesses make informed decisions, understanding consumer behavior, industry trends, and competitive landscapes is crucial for businesses looking to enter or expand in the Tongan market.<\/p>\n\n\n\n<p>For example, <a href=\"https:\/\/www.linkedin.com\/pulse\/how-market-research-enables-growth-ruth-stanat-phekf\/\" target=\"_blank\" rel=\"noopener\"><span style=\"font-weight: 400;\">Pesquisa de mercado<\/span><\/a> in Tonga helps businesses identify key factors such as purchasing habits, product preferences, and the impact of cultural values on consumer choices. Tourism is a significant part of Tonga&#8217;s economy, so understanding the demands of both locals and international visitors is crucial.&nbsp;<\/p>\n\n\n\n<h2 class=\"wp-block-heading\">Why Do Businesses Need Market Research in Tonga?<\/h2>\n\n\n\n<p>Businesses looking to succeed in Tonga need market research in Tonga to navigate the region\u2019s unique economic and cultural landscape. Tonga&#8217;s small population, combined with its reliance on specific industries such as agriculture, fisheries, and tourism, presents distinct challenges for businesses that are unfamiliar with the local market. Without a clear understanding of these dynamics, businesses may struggle to target consumers or adapt their offerings to local needs effectively.<\/p>\n\n\n\n<p>That&#8217;s why market research in Tonga is essential for understanding consumer preferences, spending patterns, and regional demands. For instance, the Tongan economy is heavily influenced by remittances from overseas workers, which affects purchasing power and consumer behavior. Additionally, understanding the role of tradition and community in buying decisions is critical to developing marketing strategies that resonate with local consumers. With insights gained from comprehensive market research, businesses can develop targeted approaches that help them align with the needs of Tongan consumers and succeed in this unique market.<\/p>\n\n\n\n<h2 class=\"wp-block-heading\">Principais ind\u00fastrias<\/h2>\n\n\n\n<p>A agricultura \u00e9 uma parte vital da economia de Tonga, pois \u00e9 ao mesmo tempo uma fonte de empregos e de dinheiro estrangeiro. A agricultura \u00e9 uma pr\u00e1tica comum nas zonas rurais do pa\u00eds. Coco, feij\u00e3o, caf\u00e9 e taro s\u00e3o culturas cultivadas para o mercado local. As pessoas tamb\u00e9m usam esses produtos para consumo dom\u00e9stico. Al\u00e9m disso, as culturas de ra\u00edzes s\u00e3o as mais comuns nas ilhas, cobrindo cerca de dois ter\u00e7os das terras ar\u00e1veis. A cria\u00e7\u00e3o de gado, como aves e porcos, \u00e9 comum em Tonga. A quantidade de gado mantido no pa\u00eds cresceu, o que levou a uma diminui\u00e7\u00e3o nas importa\u00e7\u00f5es de carne bovina.<\/p>\n\n\n\n<h2 class=\"wp-block-heading\">Bairros<\/h2>\n\n\n\n<p>Tonga is a country in Oceania. This small island chain in the South Pacific Ocean, known as the Kingdom of Tonga, is northeast of Samoa, west of Vanuatu, and east of Niue. It is also northwest of Fiji and <a href=\"https:\/\/www.sisinternational.com\/pt\/cobertura\/pesquisa-de-mercado-asia\/pesquisa-de-mercado-wallis-futuna\/\" title=\"Pesquisa de mercado em Wallis e Futuna\" data-wpil-monitor-id=\"5711\">Wallis and Futuna<\/a> (France) and nearly two-thirds between Hawaii and New Zealand. It\u2019s about 1,100 miles east of Brisbane and about the same distance north of New Zealand\u2019s North Island. Nuku\u2019alofa is Tonga\u2019s largest city and capital.<\/p>\n\n\n\n<p>Tonga compreende 171 ilhas, das quais apenas 45 s\u00e3o habit\u00e1veis. A ilha de Tongatapu abriga dois ter\u00e7os da popula\u00e7\u00e3o. Fiji, Samoa e Samoa Americana est\u00e3o todas perto de Tonga.<\/p>\n\n\n\n<p>Nukualofa, capital e principal porto de Tonga, fica na costa norte da Ilha Tongatapu, no sudoeste do Oceano Pac\u00edfico. Os recifes protegem o porto de grande calado da cidade. Os T\u00famulos Reais e a Casa Real (1865 a 1867), resid\u00eancia da fam\u00edlia real de Tonga) ficam \u00e0 beira-mar, no final do antigo cais. Tamb\u00e9m se encontra a escola de forma\u00e7\u00e3o de professores e o Hospital Vaiola, localizados no munic\u00edpio. Os visitantes tamb\u00e9m encontrar\u00e3o uma grande igreja Wesleyana, um est\u00fadio de r\u00e1dio e, claro, uma pra\u00e7a da cidade. Fora da cidade existe um grande conjunto habitacional com obras de marcenaria e o Conselho Copra.<\/p>\n\n\n\n<h2 class=\"wp-block-heading\">Tend\u00eancias<\/h2>\n\n\n\n<p>A maior perspectiva de exporta\u00e7\u00e3o das empresas americanas para Tonga s\u00e3o as mat\u00e9rias-primas. O pa\u00eds tamb\u00e9m importa aves, bens essenciais e bens de capital.<\/p>\n\n\n\n<p>O n\u00famero de turistas que visitam Tonga aumentou. Ainda assim, por lei n\u00e3o \u00e9 permitido que estranhos possuam terras em Tonga. Os custos de frete tamb\u00e9m s\u00e3o muito elevados, por isso as empresas norte-americanas devem ter isto em mente. No entanto, \u00e9 essencial notar que os tonganeses procuram produtos americanos pela sua excelente qualidade.<\/p>\n\n\n\n<h2 class=\"wp-block-heading\">Opportunities in Market Research in Tonga<\/h2>\n\n\n\n<figure class=\"gb-block-image gb-block-image-1313b82d\"><img loading=\"lazy\" decoding=\"async\" width=\"1456\" height=\"816\" class=\"gb-image gb-image-1313b82d\" src=\"https:\/\/www.sisinternational.com\/wp-content\/uploads\/2025\/09\/Tonga-1.jpg\" alt=\"Pesquisa e Estrat\u00e9gia de Mercado Internacional da SIS\" title=\"Tonga (1)\" srcset=\"https:\/\/www.sisinternational.com\/wp-content\/uploads\/2025\/09\/Tonga-1.jpg 1456w, https:\/\/www.sisinternational.com\/wp-content\/uploads\/2025\/09\/Tonga-1-300x168.jpg 300w, https:\/\/www.sisinternational.com\/wp-content\/uploads\/2025\/09\/Tonga-1-1024x574.jpg 1024w, https:\/\/www.sisinternational.com\/wp-content\/uploads\/2025\/09\/Tonga-1-768x430.jpg 768w, https:\/\/www.sisinternational.com\/wp-content\/uploads\/2025\/09\/Tonga-1-18x10.jpg 18w\" sizes=\"auto, (max-width: 1456px) 100vw, 1456px\"><\/figure>\n\n\n\n<p><\/p>\n\n\n\n<p>One of the most significant opportunities lies in the tourism sector, which is a cornerstone of Tonga\u2019s economy. With stunning natural landscapes, rich cultural heritage, and rising interest from international tourists, businesses in hospitality, travel, and related industries can benefit greatly from data-driven insights into tourist preferences and market trends.<\/p>\n\n\n\n<p>Another opportunity identified through market research in Tonga is the increasing demand for imported goods, especially in areas like consumer electronics, packaged foods, and lifestyle products. As Tonga&#8217;s economy evolves and more Tongans have access to disposable income, understanding shifts in consumption patterns can help businesses cater to emerging needs in retail and consumer goods.<\/p>\n\n\n\n<p>In addition, the digital transformation offers opportunities for businesses in telecommunications and e-commerce, especially as more Tongans embrace online shopping and mobile technologies. Market research in Tonga can help businesses understand these emerging trends and develop strategies to harness the potential of these growing sectors.<\/p>\n\n\n\n<h2 class=\"wp-block-heading\">Base de Consumidores<\/h2>\n\n\n\n<p>Pesquisas de mercado mostram que o pre\u00e7o desempenha o papel mais vital na decis\u00e3o de compra.<\/p>\n\n\n\n<p>Outras pesquisas revelam um forte contraste. Aqueles que pertencem a grupos de renda mais alta e mais baixa t\u00eam h\u00e1bitos de compra diferentes. Os tonganeses compram e utilizam produtos com base no seu estatuto econ\u00f3mico e social e no seu acesso ao dinheiro. Eles tamb\u00e9m est\u00e3o mais dispostos a comprar alimentos locais do que alimentos importados.<\/p>\n\n\n\n<h2 class=\"wp-block-heading\">Raz\u00f5es para expandir seu neg\u00f3cio no mercado<\/h2>\n\n\n\n<p>Em 2010, o pa\u00eds assinou um plano para expandir o seu crescimento nos pr\u00f3ximos cinco anos. Os progressos posteriores reflectem o actual equil\u00edbrio pol\u00edtico do pa\u00eds. Por exemplo, o governo reconstruiu o sector empresarial de Nuku&#039;alofa depois de os manifestantes o terem destru\u00eddo.<\/p>\n\n\n\n<p>A corrup\u00e7\u00e3o pol\u00edtica \u00e9 um obst\u00e1culo ao com\u00e9rcio exterior. Mesmo assim, o Banco Mundial informa que Tonga fez muitos progressos na redu\u00e7\u00e3o da corrup\u00e7\u00e3o.<\/p>\n\n\n\n<p>Tonga tem migrado para a energia renov\u00e1vel com a ajuda da Nova Zel\u00e2ndia. Visa limitar a depend\u00eancia das importa\u00e7\u00f5es de petr\u00f3leo.<\/p>\n\n\n\n<h2 class=\"wp-block-heading\">How SIS International\u2019s Market Research in Tonga Helps Businesses<\/h2>\n\n\n\n<p><a href=\"https:\/\/www.linkedin.com\/company\/sisinternationalresearch\/\" target=\"_blank\" rel=\"noopener\"><span style=\"font-weight: 400;\">SIS Internacional<\/span><\/a>&nbsp;delivers tailored market research in Tonga to support businesses in overcoming challenges and tapping into growth opportunities. Our research offers valuable, actionable insights specific to the Tongan market, enabling informed business strategies. Key benefits include:<\/p>\n\n\n\n<ul class=\"wp-block-list\">\n<li><strong>Localized market insights<\/strong>: We provide detailed data on Tonga\u2019s consumer behavior, market trends, and competitive dynamics, helping businesses make well-informed decisions.<\/li>\n\n\n\n<li><strong>Industry expertise<\/strong>: Our research covers various sectors such as tourism, retail, and agriculture, identifying opportunities and growth potential in Tonga\u2019s key industries.<\/li>\n\n\n\n<li><strong>Comprehensive research methods<\/strong>: We use both qualitative and quantitative techniques, including surveys, focus groups, and competitor analysis, to offer a complete view of Tonga\u2019s market landscape.<\/li>\n\n\n\n<li><strong>Cultural alignment<\/strong>: We help businesses understand and integrate local customs, traditions, and consumer preferences into their strategies, ensuring resonance with Tongan consumers.<\/li>\n\n\n\n<li><strong>Navigating logistical and regulatory challenges<\/strong>: Our research assists businesses in managing distribution, supply chain issues, and compliance with Tonga\u2019s regulations, optimizing their market entry and operations.<\/li>\n\n\n\n<li><strong>Sustainable success<\/strong>: By leveraging SIS International\u2019s insights, businesses can create tailored strategies that ensure long-term success and growth in the Tongan market.<\/li>\n<\/ul>\n\n\n\n<h2 class=\"wp-block-heading\"><span style=\"font-weight: 400;\">Sobre SIS Internacional<\/span><\/h2>\n\n\n\n<p><a href=\"https:\/\/www.sisinternational.com\/pt\/\"><span style=\"font-weight: 400;\">SIS Internacional<\/span><\/a><span style=\"font-weight: 400;\"> oferece pesquisa quantitativa, qualitativa e estrat\u00e9gica. Fornecemos dados, ferramentas, estrat\u00e9gias, relat\u00f3rios e insights para a tomada de decis\u00f5es. Tamb\u00e9m realizamos entrevistas, pesquisas, grupos focais e outros m\u00e9todos e abordagens de Pesquisa de Mercado.<\/span><a href=\"https:\/\/www.sisinternational.com\/pt\/sobre-a-sis-international-research\/contact-sis-international-market-research\/\"><span style=\"font-weight: 400;\"> Entre em contato conosco<\/span><\/a><span style=\"font-weight: 400;\"> para o seu pr\u00f3ximo projeto de pesquisa de mercado.<\/span><\/p>\n\n\n\n<p><\/p>","protected":false},"excerpt":{"rendered":"<p>Market Research in Tonga How can businesses truly understand the Tongan market and its unique consumer needs? For companies looking to expand into Tonga, conducting thorough market research in Tonga is essential. With a small but diverse population, varying cultural influences, and a growing interest in international products \u2212 and without proper research, businesses may &#8230; <a title=\"Pesquisa de mercado em Tonga\" class=\"read-more\" href=\"https:\/\/www.sisinternational.com\/pt\/cobertura\/pesquisa-de-mercado-asia\/pesquisa-de-mercado-tonga\/\" aria-label=\"Leia mais sobre Pesquisa de Mercado em Tonga\">Leia mais<\/a><\/p>","protected":false},"author":1,"featured_media":65743,"parent":14508,"menu_order":41,"comment_status":"closed","ping_status":"closed","template":"","meta":{"_uag_custom_page_level_css":"","footnotes":""},"class_list":["post-39905","page","type-page","status-publish","has-post-thumbnail"],"uagb_featured_image_src":{"full":["https:\/\/www.sisinternational.com\/wp-content\/uploads\/2025\/09\/Tonga-2.jpg",1456,816,false],"thumbnail":["https:\/\/www.sisinternational.com\/wp-content\/uploads\/2025\/09\/Tonga-2-150x150.jpg",150,150,true],"medium":["https:\/\/www.sisinternational.com\/wp-content\/uploads\/2025\/09\/Tonga-2-300x168.jpg",300,168,true],"medium_large":["https:\/\/www.sisinternational.com\/wp-content\/uploads\/2025\/09\/Tonga-2-768x430.jpg",768,430,true],"large":["https:\/\/www.sisinternational.com\/wp-content\/uploads\/2025\/09\/Tonga-2-1024x574.jpg",1024,574,true],"1536x1536":["https:\/\/www.sisinternational.com\/wp-content\/uploads\/2025\/09\/Tonga-2.jpg",1456,816,false],"2048x2048":["https:\/\/www.sisinternational.com\/wp-content\/uploads\/2025\/09\/Tonga-2.jpg",1456,816,false],"trp-custom-language-flag":["https:\/\/www.sisinternational.com\/wp-content\/uploads\/2025\/09\/Tonga-2-18x10.jpg",18,10,true]},"uagb_author_info":{"display_name":"Ruth Stanat","author_link":"https:\/\/www.sisinternational.com\/pt\/author\/expert\/"},"uagb_comment_info":0,"uagb_excerpt":"Market Research in Tonga How can businesses truly understand the Tongan market and its unique consumer needs? For companies looking to expand into Tonga, conducting thorough market research in Tonga is essential. With a small but diverse population, varying cultural influences, and a growing interest in international products \u2212 and without proper research, businesses may&hellip;","_links":{"self":[{"href":"https:\/\/www.sisinternational.com\/pt\/wp-json\/wp\/v2\/pages\/39905","targetHints":{"allow":["GET"]}}],"collection":[{"href":"https:\/\/www.sisinternational.com\/pt\/wp-json\/wp\/v2\/pages"}],"about":[{"href":"https:\/\/www.sisinternational.com\/pt\/wp-json\/wp\/v2\/types\/page"}],"author":[{"embeddable":true,"href":"https:\/\/www.sisinternational.com\/pt\/wp-json\/wp\/v2\/users\/1"}],"replies":[{"embeddable":true,"href":"https:\/\/www.sisinternational.com\/pt\/wp-json\/wp\/v2\/comments?post=39905"}],"version-history":[{"count":5,"href":"https:\/\/www.sisinternational.com\/pt\/wp-json\/wp\/v2\/pages\/39905\/revisions"}],"predecessor-version":[{"id":79412,"href":"https:\/\/www.sisinternational.com\/pt\/wp-json\/wp\/v2\/pages\/39905\/revisions\/79412"}],"up":[{"embeddable":true,"href":"https:\/\/www.sisinternational.com\/pt\/wp-json\/wp\/v2\/pages\/14508"}],"wp:featuredmedia":[{"embeddable":true,"href":"https:\/\/www.sisinternational.com\/pt\/wp-json\/wp\/v2\/media\/65743"}],"wp:attachment":[{"href":"https:\/\/www.sisinternational.com\/pt\/wp-json\/wp\/v2\/media?parent=39905"}],"curies":[{"name":"wp","href":"https:\/\/api.w.org\/{rel}","templated":true}]}}