{"id":39903,"date":"2022-02-28T20:01:28","date_gmt":"2022-02-28T20:01:28","guid":{"rendered":"https:\/\/www.sisinternational.com\/?page_id=39903"},"modified":"2026-01-25T19:32:56","modified_gmt":"2026-01-26T00:32:56","slug":"pesquisa-de-mercado-samoa","status":"publish","type":"page","link":"https:\/\/www.sisinternational.com\/pt\/cobertura\/pesquisa-de-mercado-asia\/pesquisa-de-mercado-samoa\/","title":{"rendered":"Pesquisa de mercado em Samoa"},"content":{"rendered":"<h1 class=\"wp-block-heading\">Pesquisa de mercado em Samoa<\/h1>\n\n\n\n<figure class=\"gb-block-image gb-block-image-106664fb\"><img loading=\"lazy\" decoding=\"async\" width=\"1456\" height=\"816\" class=\"gb-image gb-image-106664fb\" src=\"https:\/\/www.sisinternational.com\/wp-content\/uploads\/2025\/09\/Samoa-4.jpg\" alt=\"Pesquisa e Estrat\u00e9gia de Mercado Internacional da SIS\" title=\"Samoa (4)\" srcset=\"https:\/\/www.sisinternational.com\/wp-content\/uploads\/2025\/09\/Samoa-4.jpg 1456w, https:\/\/www.sisinternational.com\/wp-content\/uploads\/2025\/09\/Samoa-4-300x168.jpg 300w, https:\/\/www.sisinternational.com\/wp-content\/uploads\/2025\/09\/Samoa-4-1024x574.jpg 1024w, https:\/\/www.sisinternational.com\/wp-content\/uploads\/2025\/09\/Samoa-4-768x430.jpg 768w, https:\/\/www.sisinternational.com\/wp-content\/uploads\/2025\/09\/Samoa-4-18x10.jpg 18w\" sizes=\"auto, (max-width: 1456px) 100vw, 1456px\"><\/figure>\n\n\n\n<p><\/p>\n\n\n\n<p>Located in the Pacific Ocean, the nation of Samoa comprises two large islands and four smaller ones. The islands in Samoa are of volcanic origin. They are also unlike other places in the world. For example, the entire country has only one city. Samoa has a relaxed vibe, which is excellent for tourism. But it has other key industries:<\/p>\n\n\n\n<h2 class=\"wp-block-heading\">What Is Market Research in Samoa?<\/h2>\n\n\n\n<p><a href=\"https:\/\/www.sisinternational.com\/pt\/cobertura\/pesquisa-de-mercado-africa\/pesquisa-de-mercado-nas-mauricias-africa\/\" title=\"Market Research in Mauritius \u2014 Island off Africa&#8217;s East Coast\"  data-wpil-monitor-id=\"5308\">Market research in Samoa<\/a> studies the economic and cultural context of this small island nation in the South Pacific, where community values and sustainability play a significant role in consumer behavior.<\/p>\n\n\n\n<p><strong>Aspectos principais:<\/strong><\/p>\n\n\n\n<ul class=\"wp-block-list\">\n<li><strong>Contexto econ\u00f4mico:<\/strong> The Samoan economy relies on agriculture, tourism, and remittances. Understanding the interplay between local traditions and modern consumer habits is crucial.<\/li>\n\n\n\n<li><strong>Metodologias:<\/strong> Qualitative approaches, including interviews and focus groups, are often utilized to gather insights into consumer preferences and cultural influences.<\/li>\n\n\n\n<li><strong>Desafios:<\/strong> The small population and geographic isolation can limit the scope of research and data availability.<\/li>\n\n\n\n<li><strong>Benef\u00edcios:<\/strong> Effective market research helps businesses identify opportunities for sustainable development and understand local consumer needs, allowing them to tailor offerings that resonate with the Samoan population.<\/li>\n<\/ul>\n\n\n\n<h2 class=\"wp-block-heading\">Principais ind\u00fastrias<\/h2>\n\n\n\n<p>A agricultura \u00e9 um componente essencial da economia de Samoa. Contribui para o crescimento do pa\u00eds, representando dois ter\u00e7os de toda a for\u00e7a de trabalho. A agricultura tamb\u00e9m fornece grande parte das mat\u00e9rias-primas para a ind\u00fastria transformadora de Samoa.<\/p>\n\n\n\n<p>A pesca \u00e9 essencial para os samoanos. O peixe \u00e9 uma fonte vital de alimento e um bem de exporta\u00e7\u00e3o. Cerca de um quarto das fam\u00edlias samoanas obt\u00e9m o seu rendimento desta ind\u00fastria. O peixe tamb\u00e9m \u00e9 uma parte cr\u00edtica da dieta de Samoa.<\/p>\n\n\n\n<h2 class=\"wp-block-heading\">Bairros<\/h2>\n\n\n\n<p>Apia \u00e9 a capital (e \u00fanica) cidade da na\u00e7\u00e3o de Samoa e fica a 40 quil\u00f4metros do aeroporto, na costa de Upolu. Esta pitoresca cidade \u00e9 o centro comercial, governamental e comercial de Samoa. \u00c9 tamb\u00e9m uma \u00f3tima \u00e1rea para visitar ou se hospedar enquanto explora a ilha. Embora Apia possa ser pequena, possui uma boa parcela de restaurantes, clubes, mercados e lojas. H\u00e1 tamb\u00e9m atra\u00e7\u00f5es culturais para manter os turistas divertidos e ocupados.<\/p>\n\n\n\n<h2 class=\"wp-block-heading\">Tend\u00eancias<\/h2>\n\n\n\n<p>Com o poder dos meios de comunica\u00e7\u00e3o de massa, o influxo de bens externos est\u00e1 a tornar-se um destino inevit\u00e1vel para Samoa. As importa\u00e7\u00f5es est\u00e3o a fluir para o pa\u00eds \u00e0 medida que as lacunas comerciais diminuem. Grandes empresas e at\u00e9 mesmo pequenas empresas trazem produtos estrangeiros. Desde a ades\u00e3o \u00e0 OMC, a importa\u00e7\u00e3o de mercadorias do exterior para o pa\u00eds aumentou. Essas mudan\u00e7as podem trazer h\u00e1bitos de consumo melhores e mais seguros ao p\u00fablico.<\/p>\n\n\n\n<h2 class=\"wp-block-heading\">Benef\u00edcios e pontos fortes no mercado<\/h2>\n\n\n\n<figure class=\"gb-block-image gb-block-image-359f3e64\"><img loading=\"lazy\" decoding=\"async\" width=\"1456\" height=\"816\" class=\"gb-image gb-image-359f3e64\" src=\"https:\/\/www.sisinternational.com\/wp-content\/uploads\/2025\/09\/Samoa-2.jpg\" alt=\"Pesquisa e Estrat\u00e9gia de Mercado Internacional da SIS\" title=\"Samoa (2)\" srcset=\"https:\/\/www.sisinternational.com\/wp-content\/uploads\/2025\/09\/Samoa-2.jpg 1456w, https:\/\/www.sisinternational.com\/wp-content\/uploads\/2025\/09\/Samoa-2-300x168.jpg 300w, https:\/\/www.sisinternational.com\/wp-content\/uploads\/2025\/09\/Samoa-2-1024x574.jpg 1024w, https:\/\/www.sisinternational.com\/wp-content\/uploads\/2025\/09\/Samoa-2-768x430.jpg 768w, https:\/\/www.sisinternational.com\/wp-content\/uploads\/2025\/09\/Samoa-2-18x10.jpg 18w\" sizes=\"auto, (max-width: 1456px) 100vw, 1456px\"><\/figure>\n\n\n\n<p><\/p>\n\n\n\n<p>The government of Samoa is trying to stir up foreign and local investment. It offers a stable political system based on strong social and cultural structures and values. Samoa also has a trained, productive, and adaptable workforce that communicates well in English. The economy is well-managed, with low labor costs and a favorable exchange rate. Samoa provides a good investment environment.<\/p>\n\n\n\n<h2 class=\"wp-block-heading\">Base de Consumidores<\/h2>\n\n\n\n<p>Ganhar poder impulsiona a demanda de produtos em Samoa. A capacidade dos samoanos de conquistar posi\u00e7\u00f5es privilegiadas e aumentar o tr\u00e1fego nas lojas tamb\u00e9m ajuda na obten\u00e7\u00e3o de lucros. As empresas precisam fornecer produtos de alta qualidade para garantir seu lugar no mercado. As pequenas empresas tamb\u00e9m podem ser uma amea\u00e7a para as maiores se produzirem itens exclusivos. Empresas com bom atendimento ao cliente tendem a ter uma m\u00e3o vencedora em seus neg\u00f3cios.<\/p>\n\n\n\n<h2 class=\"wp-block-heading\">Raz\u00e3o para expandir seus neg\u00f3cios no mercado de Samoa<\/h2>\n\n\n\n<p>Samoa \u00e9 um lugar ideal para investidores de todo o mundo. \u00c9 \u00f3timo para investimento. Na verdade, o mundo sabe que este pa\u00eds \u00e9 pac\u00edfico e que a economia est\u00e1 sempre est\u00e1vel. As leis de Samoa tamb\u00e9m ajudam a criar as melhores condi\u00e7\u00f5es para investidores em todo o mundo. Al\u00e9m disso, a sua localiza\u00e7\u00e3o no cora\u00e7\u00e3o do Pac\u00edfico torna-o uma liga\u00e7\u00e3o vital para os continentes da Austr\u00e1lia, \u00c1sia e Am\u00e9rica. Samoa ser\u00e1 o hotspot perfeito se voc\u00ea deseja expandir o mercado da sua empresa para a Oceania.<\/p>\n\n\n\n<h2 class=\"wp-block-heading\">How SIS International\u2019s Market Research in Samoa Helps Businesses<\/h2>\n\n\n\n<p>SIS International provides expert <a href=\"https:\/\/www.sisinternational.com\/pt\/cobertura\/pesquisa-de-mercado-asia\/pesquisa-de-mercado-nas-ilhas-cook\/\" title=\"Pesquisa de mercado nas Ilhas Cook\"  data-wpil-monitor-id=\"5739\">market research in Samoa<\/a> to help businesses navigate the unique opportunities and challenges of this Pacific Island nation. Samoa offers significant potential in tourism, agriculture, and sustainable development, and our market research ensures businesses have the insights needed to succeed. Here are the key benefits of working with SIS in Samoa:<\/p>\n\n\n\n<ul class=\"wp-block-list\">\n<li><strong>Planejamento Estrat\u00e9gico Aprimorado<\/strong>: Our market research in Samoa delivers crucial insights into local market trends, regulatory requirements, and consumer behaviors, helping businesses develop effective strategies that align with Samoa\u2019s market dynamics.<\/li>\n\n\n\n<li><strong>Aumento da receita<\/strong>: By identifying key growth sectors such as eco-tourism, agriculture, and renewable energy, SIS helps businesses optimize their market entry and revenue potential in Samoa\u2019s expanding economy.<\/li>\n\n\n\n<li><strong>Redu\u00e7\u00e3o de risco<\/strong>: Navigating the regulatory environment and understanding local cultural nuances can be challenging. SIS International provides in-depth knowledge of Samoa\u2019s legal and business landscape, minimizing risks for businesses entering this market.<\/li>\n\n\n\n<li><strong>Melhor efici\u00eancia de marketing<\/strong>: With a strong focus on eco-tourism and sustainability, market research in Samoa helps businesses craft targeted marketing strategies that resonate with both local consumers and international tourists.<\/li>\n\n\n\n<li><strong>Crescimento Acelerado e Inova\u00e7\u00e3o<\/strong>: Samoa\u2019s growing sectors, especially in sustainable tourism and agriculture, offer exciting opportunities for businesses. SIS helps companies identify these trends and innovate in line with local market needs.<\/li>\n\n\n\n<li><strong>ROI aumentado<\/strong>: By delivering actionable insights and tailored recommendations, SIS ensures businesses investing in Samoa maximize their return on investment, leading to sustainable and profitable growth.<\/li>\n<\/ul>\n\n\n\n<h2 class=\"wp-block-heading\"><strong>Sobre SIS Internacional<\/strong><\/h2>\n\n\n\n<p><a href=\"https:\/\/www.sisinternational.com\/pt\/\"><span style=\"font-weight: 400;\">SIS Internacional<\/span><\/a><span style=\"font-weight: 400;\"> oferece pesquisa quantitativa, qualitativa e estrat\u00e9gica. Fornecemos dados, ferramentas, estrat\u00e9gias, relat\u00f3rios e insights para a tomada de decis\u00f5es. Tamb\u00e9m realizamos entrevistas, pesquisas, grupos focais e outros m\u00e9todos e abordagens de Pesquisa de Mercado.<\/span><a href=\"https:\/\/www.sisinternational.com\/pt\/sobre-a-sis-international-research\/contact-sis-international-market-research\/\"><span style=\"font-weight: 400;\"> Entre em contato conosco<\/span><\/a><span style=\"font-weight: 400;\"> para o seu pr\u00f3ximo projeto de pesquisa de mercado.<\/span><\/p>\n\n\n\n<p><\/p>","protected":false},"excerpt":{"rendered":"<p>Market Research in Samoa Located in the Pacific Ocean, the nation of Samoa comprises two large islands and four smaller ones. The islands in Samoa are of volcanic origin. They are also unlike other places in the world. For example, the entire country has only one city. Samoa has a relaxed vibe, which is excellent &#8230; <a title=\"Pesquisa de mercado em Samoa\" class=\"read-more\" href=\"https:\/\/www.sisinternational.com\/pt\/cobertura\/pesquisa-de-mercado-asia\/pesquisa-de-mercado-samoa\/\" aria-label=\"Read more about Market Research in Samoa\">Leia mais<\/a><\/p>","protected":false},"author":1,"featured_media":65602,"parent":14508,"menu_order":40,"comment_status":"closed","ping_status":"closed","template":"","meta":{"footnotes":""},"class_list":["post-39903","page","type-page","status-publish","has-post-thumbnail"],"_links":{"self":[{"href":"https:\/\/www.sisinternational.com\/pt\/wp-json\/wp\/v2\/pages\/39903","targetHints":{"allow":["GET"]}}],"collection":[{"href":"https:\/\/www.sisinternational.com\/pt\/wp-json\/wp\/v2\/pages"}],"about":[{"href":"https:\/\/www.sisinternational.com\/pt\/wp-json\/wp\/v2\/types\/page"}],"author":[{"embeddable":true,"href":"https:\/\/www.sisinternational.com\/pt\/wp-json\/wp\/v2\/users\/1"}],"replies":[{"embeddable":true,"href":"https:\/\/www.sisinternational.com\/pt\/wp-json\/wp\/v2\/comments?post=39903"}],"version-history":[{"count":7,"href":"https:\/\/www.sisinternational.com\/pt\/wp-json\/wp\/v2\/pages\/39903\/revisions"}],"predecessor-version":[{"id":79430,"href":"https:\/\/www.sisinternational.com\/pt\/wp-json\/wp\/v2\/pages\/39903\/revisions\/79430"}],"up":[{"embeddable":true,"href":"https:\/\/www.sisinternational.com\/pt\/wp-json\/wp\/v2\/pages\/14508"}],"wp:featuredmedia":[{"embeddable":true,"href":"https:\/\/www.sisinternational.com\/pt\/wp-json\/wp\/v2\/media\/65602"}],"wp:attachment":[{"href":"https:\/\/www.sisinternational.com\/pt\/wp-json\/wp\/v2\/media?parent=39903"}],"curies":[{"name":"wp","href":"https:\/\/api.w.org\/{rel}","templated":true}]}}