{"id":39896,"date":"2022-02-28T19:28:37","date_gmt":"2022-02-28T19:28:37","guid":{"rendered":"https:\/\/www.sisinternational.com\/?page_id=39896"},"modified":"2025-09-23T20:41:42","modified_gmt":"2025-09-24T00:41:42","slug":"republica-quiribati","status":"publish","type":"page","link":"https:\/\/www.sisinternational.com\/pt\/cobertura\/pesquisa-de-mercado-asia\/republica-quiribati\/","title":{"rendered":"Pesquisa de Mercado na Rep\u00fablica de Kiribati"},"content":{"rendered":"<h1 class=\"wp-block-heading\">Pesquisa de Mercado na Rep\u00fablica de Kiribati<\/h1>\n\n\n\n<figure class=\"gb-block-image gb-block-image-4b3a7670\"><img loading=\"lazy\" decoding=\"async\" width=\"1456\" height=\"816\" class=\"gb-image gb-image-4b3a7670\" src=\"https:\/\/www.sisinternational.com\/wp-content\/uploads\/2025\/09\/Kiribati-4.jpg\" alt=\"Pesquisa e Estrat\u00e9gia de Mercado Internacional da SIS\" title=\"Kiribati (4)\" srcset=\"https:\/\/www.sisinternational.com\/wp-content\/uploads\/2025\/09\/Kiribati-4.jpg 1456w, https:\/\/www.sisinternational.com\/wp-content\/uploads\/2025\/09\/Kiribati-4-300x168.jpg 300w, https:\/\/www.sisinternational.com\/wp-content\/uploads\/2025\/09\/Kiribati-4-1024x574.jpg 1024w, https:\/\/www.sisinternational.com\/wp-content\/uploads\/2025\/09\/Kiribati-4-768x430.jpg 768w, https:\/\/www.sisinternational.com\/wp-content\/uploads\/2025\/09\/Kiribati-4-18x10.jpg 18w\" sizes=\"auto, (max-width: 1456px) 100vw, 1456px\"><\/figure>\n\n\n\n<p><\/p>\n\n\n\n<p>A Rep\u00fablica de Kiribati (Ki. ri. bas) \u00e9 uma na\u00e7\u00e3o insular no Oceano Pac\u00edfico. \u00c9 composto por 33 ilhas. Mas as pessoas vivem apenas com 20 deles. As pessoas vivem nas 16 Ilhas Gilbert e nas 3 Ilhas Line. As Ilhas Line s\u00e3o, em sua maior parte, recifes e at\u00f3is.<\/p>\n\n\n\n<h2 class=\"wp-block-heading\">Bairros<\/h2>\n\n\n\n<p>A capital de Kiribati \u00e9 Tarawa. \u00c9 um conjunto de ilhas ligadas por cal\u00e7adas e uma estrada. Tarawa \u00e9 a \u00e1rea mais desenvolvida entre as ilhas. Assim, muitas pessoas mudam-se das outras ilhas para a capital.<\/p>\n\n\n\n<p>In the urban areas, the people <a href=\"https:\/\/www.sisinternational.com\/pt\/pericia\/industrias\/pesquisa-de-mercado-de-materiais-de-construcao-verdes\/\" title=\"Pesquisa de mercado de materiais de constru\u00e7\u00e3o verdes\"  data-wpil-monitor-id=\"10295\">build their houses with materials<\/a> such as blocks and concrete. But in the villages, the houses have thatched roofs and raised floors. There are also Western-style churches and hospitals throughout the island.<\/p>\n\n\n\n<h2 class=\"wp-block-heading\">Principais ind\u00fastrias<\/h2>\n\n\n\n<p>A agricultura \u00e9 uma ind\u00fastria fundamental nas ilhas. Algumas das principais culturas cultivadas nas ilhas s\u00e3o a copra, a fruta-p\u00e3o e a batata-doce.<\/p>\n\n\n\n<p>Fishing is also one of the country&#8217;s most important jobs. In the Pacific Ocean, Kiribati is one of the best tuna sources. Finally, <a href=\"https:\/\/www.sisinternational.com\/pt\/solucoes\/pesquisa-de-mercado-de-ia-e-consultoria-estrategica\/adocao-de-ia-viagens-hospitalidade-turismo-consultoria-da-industria\/\" title=\"Ado\u00e7\u00e3o de IA em consultoria da ind\u00fastria de viagens, hotelaria e turismo\"  data-wpil-monitor-id=\"10296\">tourism is a major industry<\/a>. It creates thousands of jobs.<\/p>\n\n\n\n<p>As exporta\u00e7\u00f5es ajudam a apoiar a economia. Por exemplo, o governo \u00e9 dono da empresa agr\u00edcola mais proeminente da ilha. A copra \u00e9 a sua maior cultura de exporta\u00e7\u00e3o. Alguns dos pa\u00edses para os quais exportam s\u00e3o Taiwan, Austr\u00e1lia e Marrocos.<\/p>\n\n\n\n<p>Tamb\u00e9m \u00e9 essencial olhar para as importa\u00e7\u00f5es. O pa\u00eds traz muita comida. Petr\u00f3leo, arroz e ve\u00edculos s\u00e3o alguns dos itens mais populares. Eles importam de pa\u00edses como Austr\u00e1lia, Jap\u00e3o e Cingapura.<\/p>\n\n\n\n<h2 class=\"wp-block-heading\">Tend\u00eancias<\/h2>\n\n\n\n<p>Kiribati uses the Australian currency. There was strong fiscal growth in recent years, followed by a decline. The economy is trending upward again.<\/p>\n\n\n\n<p>The increased population has created a larger workforce. Yet, the country&#8217;s narrow economic base prevents job creation, resulting in many unemployed people.<\/p>\n\n\n\n<p>Furthermore, the country is near the equator, making it a good place for satellite telemetry and spacecraft launching. National and transnational space companies invest in space projects, which bring jobs and capital to the country.<\/p>\n\n\n\n<h2 class=\"wp-block-heading\">Benef\u00edcios e pontos fortes no mercado<\/h2>\n\n\n\n<figure class=\"gb-block-image gb-block-image-fb63ddf6\"><img loading=\"lazy\" decoding=\"async\" width=\"1456\" height=\"816\" class=\"gb-image gb-image-fb63ddf6\" src=\"https:\/\/www.sisinternational.com\/wp-content\/uploads\/2025\/09\/Kiribati-1.jpg\" alt=\"Pesquisa e Estrat\u00e9gia de Mercado Internacional da SIS\" title=\"Kiribati (1)\" srcset=\"https:\/\/www.sisinternational.com\/wp-content\/uploads\/2025\/09\/Kiribati-1.jpg 1456w, https:\/\/www.sisinternational.com\/wp-content\/uploads\/2025\/09\/Kiribati-1-300x168.jpg 300w, https:\/\/www.sisinternational.com\/wp-content\/uploads\/2025\/09\/Kiribati-1-1024x574.jpg 1024w, https:\/\/www.sisinternational.com\/wp-content\/uploads\/2025\/09\/Kiribati-1-768x430.jpg 768w, https:\/\/www.sisinternational.com\/wp-content\/uploads\/2025\/09\/Kiribati-1-18x10.jpg 18w\" sizes=\"auto, (max-width: 1456px) 100vw, 1456px\"><\/figure>\n\n\n\n<p><\/p>\n\n\n\n<p>As ind\u00fastrias do turismo, do artesanato e da pesca s\u00e3o a melhor porta de entrada para investidores.<\/p>\n\n\n\n<p>Some of the private sector entities on the island are small. With more investments, the clothing, furniture, and beverage industries will grow. This will also employ skilled people and create more jobs.<\/p>\n\n\n\n<p>Investment in the capital will promote the development of the other islands. It will also lead to better industries and more exports. Citizens will welcome commercial engagement in the public sector. It will give people more options and create healthy competition.<\/p>\n\n\n\n<h2 class=\"wp-block-heading\">Base de Consumidores<\/h2>\n\n\n\n<p>Kiribati is a lower-middle-income country. The island&#8217;s economy is reviving, and the government plans to <a href=\"https:\/\/www.sisinternational.com\/pt\/solucoes\/consultoria-em-hotelaria-e-turismo-em-viagens\/consultoria-em-desenvolvimento-turistico\/\" title=\"Consultoria em Desenvolvimento Tur\u00edstico\"  data-wpil-monitor-id=\"10298\">develop the tourism<\/a> sector.<\/p>\n\n\n\n<p>Still, close to a quarter of the people live below the poverty line. The country has few employment prospects. However, many people with jobs have started living an urban lifestyle, thus increasing the cost of living.<\/p>\n\n\n\n<h2 class=\"wp-block-heading\">Raz\u00f5es para expandir seu neg\u00f3cio<\/h2>\n\n\n\n<p>Kiribati has a large labor force for tourism investors. Furthermore, the islands in the chain bring all kinds of tourist attractions. There is a <a href=\"https:\/\/www.sisinternational.com\/pt\/tornando-se-um-campeao-oculto-em-marketing-de-nicho\/\" title=\"Estrat\u00e9gia de marketing de campe\u00f5es ocultos e marketing de nicho\"  data-wpil-monitor-id=\"10297\">market for both niche<\/a> and more common commercial attractions. The government is also raising the people&#8217;s education levels. This project will create a better workforce for investors.<\/p>\n\n\n\n<p>Finally, long-term investment is needed. Such investment will create more jobs, lower the poverty level, and increase the island&#8217;s development.<\/p>\n\n\n\n<h2 class=\"wp-block-heading\"><strong>Sobre SIS Internacional<\/strong><\/h2>\n\n\n\n<p><a href=\"https:\/\/www.sisinternational.com\/pt\/\"><span style=\"font-weight: 400;\">SIS Internacional<\/span><\/a><span style=\"font-weight: 400;\"> offers Quantitative, Qualitative, and Strategy Research. We provide data, tools, strategies, reports, and insights for decision-making. We also conduct interviews, surveys, focus groups, and other <a href=\"https:\/\/www.sisinternational.com\/pt\/quantitative-market-research-methods-and-techniques\/\" title=\"Quantitative Market Research Methods and Techniques\"  data-wpil-monitor-id=\"10294\">Market Research methods<\/a> and approaches.<\/span><a href=\"https:\/\/www.sisinternational.com\/pt\/sobre-a-sis-international-research\/contact-sis-international-market-research\/\"><span style=\"font-weight: 400;\"> Entre em contato conosco<\/span><\/a><span style=\"font-weight: 400;\"> para o seu pr\u00f3ximo projeto de pesquisa de mercado.<\/span><\/p>\n\n\n\n<p><\/p>","protected":false},"excerpt":{"rendered":"<p>Market Research in the Republic of Kiribati The Republic of Kiribati (Ki. ri. bas) is an island nation in the Pacific Ocean. It consists of 33 islands. But people only live on 20 of them. People live on the 16 Gilbert Islands and the 3 of the Line Islands. The Line Islands are, for the &#8230; <a title=\"Pesquisa de Mercado na Rep\u00fablica de Kiribati\" class=\"read-more\" href=\"https:\/\/www.sisinternational.com\/pt\/cobertura\/pesquisa-de-mercado-asia\/republica-quiribati\/\" aria-label=\"Leia mais sobre Pesquisa de Mercado na Rep\u00fablica de Kiribati\">Leia mais<\/a><\/p>","protected":false},"author":1,"featured_media":65691,"parent":14508,"menu_order":37,"comment_status":"closed","ping_status":"closed","template":"","meta":{"footnotes":""},"class_list":["post-39896","page","type-page","status-publish","has-post-thumbnail"],"_links":{"self":[{"href":"https:\/\/www.sisinternational.com\/pt\/wp-json\/wp\/v2\/pages\/39896","targetHints":{"allow":["GET"]}}],"collection":[{"href":"https:\/\/www.sisinternational.com\/pt\/wp-json\/wp\/v2\/pages"}],"about":[{"href":"https:\/\/www.sisinternational.com\/pt\/wp-json\/wp\/v2\/types\/page"}],"author":[{"embeddable":true,"href":"https:\/\/www.sisinternational.com\/pt\/wp-json\/wp\/v2\/users\/1"}],"replies":[{"embeddable":true,"href":"https:\/\/www.sisinternational.com\/pt\/wp-json\/wp\/v2\/comments?post=39896"}],"version-history":[{"count":4,"href":"https:\/\/www.sisinternational.com\/pt\/wp-json\/wp\/v2\/pages\/39896\/revisions"}],"predecessor-version":[{"id":81699,"href":"https:\/\/www.sisinternational.com\/pt\/wp-json\/wp\/v2\/pages\/39896\/revisions\/81699"}],"up":[{"embeddable":true,"href":"https:\/\/www.sisinternational.com\/pt\/wp-json\/wp\/v2\/pages\/14508"}],"wp:featuredmedia":[{"embeddable":true,"href":"https:\/\/www.sisinternational.com\/pt\/wp-json\/wp\/v2\/media\/65691"}],"wp:attachment":[{"href":"https:\/\/www.sisinternational.com\/pt\/wp-json\/wp\/v2\/media?parent=39896"}],"curies":[{"name":"wp","href":"https:\/\/api.w.org\/{rel}","templated":true}]}}