{"id":39892,"date":"2022-02-28T18:54:17","date_gmt":"2022-02-28T18:54:17","guid":{"rendered":"https:\/\/www.sisinternational.com\/?page_id=39892"},"modified":"2025-09-23T21:29:24","modified_gmt":"2025-09-24T01:29:24","slug":"consultoria-de-entrada-no-mercado-brasil","status":"publish","type":"page","link":"https:\/\/www.sisinternational.com\/pt\/cobertura\/latin-america\/pesquisa-de-mercado-na-america-latina\/consultoria-de-entrada-no-mercado-brasil\/","title":{"rendered":"Consultoria de entrada no mercado no Brasil"},"content":{"rendered":"<h1 class=\"wp-block-heading\">Consultoria de entrada no mercado no Brasil<\/h1>\n\n\n\n<figure class=\"gb-block-image gb-block-image-0d58bd31\"><img loading=\"lazy\" decoding=\"async\" width=\"1456\" height=\"816\" class=\"gb-image gb-image-0d58bd31\" src=\"https:\/\/www.sisinternational.com\/wp-content\/uploads\/2025\/09\/Brazil-2.jpg\" alt=\"Pesquisa e Estrat\u00e9gia de Mercado Internacional da SIS\" title=\"Brazil (2)\" srcset=\"https:\/\/www.sisinternational.com\/wp-content\/uploads\/2025\/09\/Brazil-2.jpg 1456w, https:\/\/www.sisinternational.com\/wp-content\/uploads\/2025\/09\/Brazil-2-300x168.jpg 300w, https:\/\/www.sisinternational.com\/wp-content\/uploads\/2025\/09\/Brazil-2-1024x574.jpg 1024w, https:\/\/www.sisinternational.com\/wp-content\/uploads\/2025\/09\/Brazil-2-768x430.jpg 768w, https:\/\/www.sisinternational.com\/wp-content\/uploads\/2025\/09\/Brazil-2-18x10.jpg 18w\" sizes=\"auto, (max-width: 1456px) 100vw, 1456px\"><\/figure>\n\n\n\n<p><\/p>\n\n\n\n<hr class=\"wp-block-separator has-alpha-channel-opacity is-style-dots\"\/>\n\n\n\n<p>Brazil has the most extensive consumer base and the highest GDP of any South American country. Thus, businesses from many other large economies like to partner with it. This diverse economy has been one of the biggest in the world for some time now. It has an attitude of friendly trade, which helps to drive its success. To add to that, its willingness to trade has led Brazil to become a commercial hub on the world stage. But, as one of the world\u2019s biggest economies, it is not very simple to enter the market. So, any business seeking to move into the Brazilian <a href=\"https:\/\/www.sisinternational.com\/pt\/solucoes\/consultoria-estrategica\/pesquisa-de-mercado-de-previsao-de-demanda\/\" title=\"Demand Forecasting Market Consulting\"  data-wpil-monitor-id=\"9160\">market needs proper consultation<\/a>. Market entrants need to know how to move around in this complex environment.<\/p>\n\n\n\n<h2 class=\"wp-block-heading\">Por que a consultoria de entrada no mercado no Brasil \u00e9 importante?<\/h2>\n\n\n\n<p>O grande e diversificado mercado do Brasil pode abrir portas para um novo neg\u00f3cio. No entanto, o tamanho e a complexidade da economia podem dificultar a sua evolu\u00e7\u00e3o. N\u00e3o entender o mercado pode ser pior para uma empresa do que n\u00e3o investir. Se sua empresa gastar tempo e energia nos lugares errados, isso poder\u00e1 impedir que voc\u00ea obtenha lucro.<\/p>\n\n\n\n<p>A lot of the complexity of the <a href=\"https:\/\/www.sisinternational.com\/pt\/pericia\/industrias\/pesquisa-de-mercado-de-pais-de-mercado-fronteirico\/\" title=\"Pesquisa de mercado do pa\u00eds de mercado fronteiri\u00e7o\"  data-wpil-monitor-id=\"9159\">market comes from the country\u2019s<\/a> tax situation. For example, tax rates can change state to state and city to city. Thus, it is essential that any new business stepping into the market work with a consultant. That consultant should understand the ins and outs of the system. Often, the government works to protect local companies over foreign investors. Knowing how to make the system work for you is a must for any business.<\/p>\n\n\n\n<h2 class=\"wp-block-heading\">Principais cargos<\/h2>\n\n\n\n<p>Alguns trabalhos not\u00e1veis incluem:<\/p>\n\n\n\n<ul class=\"wp-block-list\">\n<li><a href=\"https:\/\/www.sisinternational.com\/pt\/solucoes\/sis-crescimento-global\/consultoria-estrategica-em-mercados-emergentes\/\" title=\"Consultoria em Estrat\u00e9gia para Mercados Emergentes\"  data-wpil-monitor-id=\"9154\">Consultores de Estrat\u00e9gia de Mercado<\/a><\/li>\n\n\n\n<li>Analistas de pesquisa de mercado<\/li>\n\n\n\n<li>Tradutores<\/li>\n\n\n\n<li>Agentes Financeiros<\/li>\n<\/ul>\n\n\n\n<h2 class=\"wp-block-heading\">Por que as empresas precisam de consultoria de entrada no mercado no Brasil<\/h2>\n\n\n\n<p>Brazil has a massive economy and a good trade relationship with the US. These factors have allowed it to build up its business sector. Many companies from there have become very successful worldwide. And because of that, Brazil now has at least a dozen companies worth over&nbsp;1 billion dollars. In recent years, Brazil has started to move more pro-business. As a result, businesses should move into the Brazilian market. Still, the priority is on local firms, and it can be somewhat tricky for foreign firms to get adjusted. So, businesses need to do <a href=\"https:\/\/www.sisinternational.com\/pt\/solucoes\/sis-crescimento-global\/estrategia-de-entrada-no-mercado\/\" title=\"Consultoria de entrada no mercado\"  data-wpil-monitor-id=\"9153\">market entry consulting<\/a> for a smooth transition into Brazil. The ease of that will make or break a company\u2019s chances.<\/p>\n\n\n\n<h2 class=\"wp-block-heading\">Principais fatores de sucesso<\/h2>\n\n\n\n<p>As stated, Brazil is one of the largest economies in the world and is essential to the trade of many nations. Thus, many research firms have invested time and money researching its market. Any business looking to make an intelligent market strategy will need <a href=\"https:\/\/www.sisinternational.com\/pt\/pericia\/industrias\/dados-de-treinamento-pesquisa-de-mercado\/\" title=\"Pesquisa de mercado de dados de treinamento\"  data-wpil-monitor-id=\"9155\">market research data<\/a>. It\u2019s good to look upon what others may have found in their research, but it\u2019s also vital that you do your own. You can do it with your market surveys or by using the info from foreign trade firms.<\/p>\n\n\n\n<p>In the modern age, we have a lot more options. So, using advances in IT is going to be very helpful. A traditional <a href=\"https:\/\/www.sisinternational.com\/pt\/solucoes\/solucoes-de-pesquisa-quantitativa-qualitativa\/pesquisa-de-mercado-de-fatores-humanos\/\" title=\"Pesquisa de mercado de fatores humanos\"  data-wpil-monitor-id=\"9158\">market research project using humans<\/a> may take months. In contrast, an algorithm can finish it in a fraction of the time. It saves time, money, and effort, so there\u2019s plenty of reason to use it. The benefits are clear as day.<\/p>\n\n\n\n<h2 class=\"wp-block-heading\">Sobre Consultoria de Entrada no Mercado no Brasil<\/h2>\n\n\n\n<p>When doing market entry consulting in Brazil, there is a need to get a good idea of the marketplace. So, we would use <a href=\"https:\/\/www.sisinternational.com\/pt\/solucoes\/solucoes-de-pesquisa-quantitativa-qualitativa\/pesquisa-de-mercado-de-analise-chaid\/\" title=\"Pesquisa de mercado de an\u00e1lise CHAID\"  data-wpil-monitor-id=\"9157\">market research to get an in-depth analysis<\/a>. Using qualitative and <a href=\"https:\/\/www.sisinternational.com\/pt\/quantitative-market-research-methods-and-techniques\/\" title=\"Quantitative Market Research Methods and Techniques\"  data-wpil-monitor-id=\"9156\">quantitative research methods<\/a> is crucial to your success. Or, firms can take a more personal approach and use interviews, focus groups, and surveys. These tools will all give you a better idea of what the Brazilian customer wants.<\/p>\n\n\n\n<p><\/p>","protected":false},"excerpt":{"rendered":"<p>Market Entry Consulting in Brazil Brazil has the most extensive consumer base and the highest GDP of any South American country. Thus, businesses from many other large economies like to partner with it. This diverse economy has been one of the biggest in the world for some time now. It has an attitude of friendly &#8230; <a title=\"Consultoria de entrada no mercado no Brasil\" class=\"read-more\" href=\"https:\/\/www.sisinternational.com\/pt\/cobertura\/latin-america\/pesquisa-de-mercado-na-america-latina\/consultoria-de-entrada-no-mercado-brasil\/\" aria-label=\"Leia mais sobre Consultoria de Entrada de Mercado no Brasil\">Leia mais<\/a><\/p>","protected":false},"author":1,"featured_media":66216,"parent":14351,"menu_order":21,"comment_status":"closed","ping_status":"closed","template":"","meta":{"footnotes":""},"class_list":["post-39892","page","type-page","status-publish","has-post-thumbnail"],"_links":{"self":[{"href":"https:\/\/www.sisinternational.com\/pt\/wp-json\/wp\/v2\/pages\/39892","targetHints":{"allow":["GET"]}}],"collection":[{"href":"https:\/\/www.sisinternational.com\/pt\/wp-json\/wp\/v2\/pages"}],"about":[{"href":"https:\/\/www.sisinternational.com\/pt\/wp-json\/wp\/v2\/types\/page"}],"author":[{"embeddable":true,"href":"https:\/\/www.sisinternational.com\/pt\/wp-json\/wp\/v2\/users\/1"}],"replies":[{"embeddable":true,"href":"https:\/\/www.sisinternational.com\/pt\/wp-json\/wp\/v2\/comments?post=39892"}],"version-history":[{"count":3,"href":"https:\/\/www.sisinternational.com\/pt\/wp-json\/wp\/v2\/pages\/39892\/revisions"}],"predecessor-version":[{"id":81532,"href":"https:\/\/www.sisinternational.com\/pt\/wp-json\/wp\/v2\/pages\/39892\/revisions\/81532"}],"up":[{"embeddable":true,"href":"https:\/\/www.sisinternational.com\/pt\/wp-json\/wp\/v2\/pages\/14351"}],"wp:featuredmedia":[{"embeddable":true,"href":"https:\/\/www.sisinternational.com\/pt\/wp-json\/wp\/v2\/media\/66216"}],"wp:attachment":[{"href":"https:\/\/www.sisinternational.com\/pt\/wp-json\/wp\/v2\/media?parent=39892"}],"curies":[{"name":"wp","href":"https:\/\/api.w.org\/{rel}","templated":true}]}}