{"id":39890,"date":"2022-02-28T18:44:10","date_gmt":"2022-02-28T18:44:10","guid":{"rendered":"https:\/\/www.sisinternational.com\/?page_id=39890"},"modified":"2026-03-12T11:36:24","modified_gmt":"2026-03-12T15:36:24","slug":"pesquisa-de-mercado-de-design-industrial","status":"publish","type":"page","link":"https:\/\/www.sisinternational.com\/pt\/pericia\/pesquisa-de-mercado-industrial\/pesquisa-de-mercado-de-design-industrial\/","title":{"rendered":"Pesquisa de mercado de design industrial"},"content":{"rendered":"<h1 class=\"wp-block-heading\">Pesquisa de mercado de design industrial<\/h1>\n\n\n\n<figure class=\"gb-block-image gb-block-image-0dacd377\"><img loading=\"lazy\" decoding=\"async\" width=\"1456\" height=\"816\" class=\"gb-image gb-image-0dacd377\" src=\"https:\/\/www.sisinternational.com\/wp-content\/uploads\/2025\/08\/Industrial-design-4.jpg\" alt=\"Pesquisa e Estrat\u00e9gia de Mercado Internacional da SIS\" title=\"Industrial design (4)\" srcset=\"https:\/\/www.sisinternational.com\/wp-content\/uploads\/2025\/08\/Industrial-design-4.jpg 1456w, https:\/\/www.sisinternational.com\/wp-content\/uploads\/2025\/08\/Industrial-design-4-300x168.jpg 300w, https:\/\/www.sisinternational.com\/wp-content\/uploads\/2025\/08\/Industrial-design-4-1024x574.jpg 1024w, https:\/\/www.sisinternational.com\/wp-content\/uploads\/2025\/08\/Industrial-design-4-768x430.jpg 768w, https:\/\/www.sisinternational.com\/wp-content\/uploads\/2025\/08\/Industrial-design-4-18x10.jpg 18w\" sizes=\"auto, (max-width: 1456px) 100vw, 1456px\"><\/figure>\n\n\n\n<p><\/p>\n\n\n\n<h2 class=\"wp-block-heading\">O que \u00e9?<\/h2>\n\n\n\n<p>O design industrial \u00e9 um processo criativo. As empresas o utilizam para encontrar novas solu\u00e7\u00f5es para resolver problemas. Este processo envolve a concep\u00e7\u00e3o de produtos e servi\u00e7os utilizados no nosso dia-a-dia. Os designers desta \u00e1rea concentram-se em tr\u00eas caracter\u00edsticas principais, a primeira das quais \u00e9 a apar\u00eancia do produto. Outra \u00e9 qu\u00e3o bem funciona. A \u00faltima \u00e9 como \u00e9 f\u00e1cil de produzir.<\/p>\n\n\n\n<p>O processo de design \u00e9 diferente do processo de produ\u00e7\u00e3o real. \u00c9 diferente porque os designers se concentram na otimiza\u00e7\u00e3o do design do produto final. Assim, eles podem obter um bom feedback do cliente.<\/p>\n\n\n\n<h2 class=\"wp-block-heading\">Por que isso \u00e9 importante?<\/h2>\n\n\n\n<p>Cada objeto que usamos \u00e9 resultado de um processo de design. Isso inclui objetos encontrados em nossa casa, escrit\u00f3rio, escola ou espa\u00e7os p\u00fablicos. O design industrial busca melhorar nosso dia a dia com solu\u00e7\u00f5es criativas que assumem a forma de produtos utiliz\u00e1veis. Portanto, \u00e9 fundamental para empresas que fabricam produtos f\u00edsicos.<\/p>\n\n\n\n<p>Industrial <a href=\"https:\/\/www.sisinternational.com\/pt\/o-papel-do-desenvolvimento-de-processos-e-sistemas-no-sucesso-organizacional\/\" title=\"Pesquisa de mercado de design organizacional\"  data-wpil-monitor-id=\"2932\">design market research<\/a> is essential for many reasons. It allows the designers to maximize product sales. They can do so while using only a tiny amount of material. In this way, they use fewer resources to produce their goods. Also, this advanced design process helps ensure products are safe for use. With this research, a company can save money during the early stages as it develops a product. Hence, a company will last longer due to lower expenses.<\/p>\n\n\n\n<h2 class=\"wp-block-heading\">Principais cargos<\/h2>\n\n\n\n<p>Um Designer Industrial ajuda a desenvolver produtos. Eles ajudam a estabelecer a linguagem de design de um produto. Al\u00e9m disso, eles definem a marca e a identidade do produto.<\/p>\n\n\n\n<p>Profissionais nesta \u00e1rea podem se enquadrar em v\u00e1rios cargos. As tr\u00eas principais carreiras s\u00e3o:<\/p>\n\n\n\n<ul class=\"wp-block-list\">\n<li>Designer interno em uma empresa<\/li>\n\n\n\n<li>Designer freelancer \/ Propriet\u00e1rio de est\u00fadio de design<\/li>\n\n\n\n<li>Propriet\u00e1rio\/CEO: Neste caso, eles criam um produto e formam uma empresa<\/li>\n<\/ul>\n\n\n\n<h2 class=\"wp-block-heading\">Por que as empresas precisam de pesquisas de mercado de design industrial<\/h2>\n\n\n\n<p>A pesquisa de mercado permite que as empresas conhe\u00e7am seus clientes. Na verdade, com esse conhecimento, uma empresa pode projetar um produto que atenda \u00e0s necessidades espec\u00edficas de seus clientes. Assim, os produtos criados permanecer\u00e3o relevantes para o mercado.<\/p>\n\n\n\n<p>Uma pesquisa de mercado adequada ajuda a evitar o per\u00edodo de \u201ctentativa e erro\u201d. Esse per\u00edodo ocorre quando novos produtos chegam ao mercado. Assim, um produto ter\u00e1 um bom desempenho quando chegar ao mercado.<\/p>\n\n\n\n<p>Al\u00e9m disso, esta pesquisa permite que as empresas anunciem de forma inteligente. Eles podem investir em an\u00fancios direcionados. Assim, eles podem conservar recursos.<\/p>\n\n\n\n<p>Most products have rivals in the market. Good <a href=\"https:\/\/www.sisinternational.com\/pt\/pericia\/industrias\/pesquisa-de-mercado-para-empresa-de-design\/\" title=\"Pesquisa de mercado de empresa de design\"  data-wpil-monitor-id=\"5596\">market research helps inform design<\/a>. Thus, a business can gain more market share.<\/p>\n\n\n\n<h2 class=\"wp-block-heading\">Principais fatores de sucesso<\/h2>\n\n\n\n<p>Os designers t\u00eam de cumprir muitas condi\u00e7\u00f5es para garantir o sucesso dos seus produtos. Eles tamb\u00e9m precisam entender as necessidades de seus usu\u00e1rios. O Design Industrial pode contar uma hist\u00f3ria. Al\u00e9m disso, \u00e9 vital prever como algu\u00e9m reagir\u00e1 a alguma coisa. Assim, o designer pode saber se um produto ser\u00e1 popular. Uma empresa deve garantir que atende a essas condi\u00e7\u00f5es para garantir o sucesso.<\/p>\n\n\n\n<h2 class=\"wp-block-heading\">Sobre pesquisa de mercado de design industrial<\/h2>\n\n\n\n<p>\u00c9 sempre vital fazer pesquisas de mercado. \u00c9 t\u00e3o essencial na ci\u00eancia e na tecnologia como em qualquer outro campo. Para o design industrial, a pesquisa de mercado ajuda as empresas a conhecerem seus clientes. Por meio da pesquisa, eles podem aprender fatos importantes sobre onde um cliente mora. Os pesquisadores tamb\u00e9m podem aprender sobre seus h\u00e1bitos de consumo. Dessa forma, uma empresa pode chegar ao cliente com seu produto. Chegar ao cliente \u00e9 crucial para garantir o sucesso do produto.<\/p>\n\n\n\n<p>As empresas podem usar pesquisas quantitativas, qualitativas e estrat\u00e9gicas para conduzir pesquisas relevantes. Al\u00e9m disso, os m\u00e9todos de pesquisa podem assumir a forma de entrevistas, pesquisas ou grupos focais.<\/p>\n\n\n\n<p>For industrial design, this research can help businesses develop innovative solutions. Companies can determine the best way to <a href=\"https:\/\/www.sisinternational.com\/pt\/pericia\/industrias\/pesquisa-de-mercado-da-industria-fotografica\/\" title=\"Pesquisa de mercado da ind\u00fastria fotogr\u00e1fica\"  data-wpil-monitor-id=\"3212\">market these solutions through this research<\/a>.<\/p>\n\n\n\n<p><\/p>","protected":false},"excerpt":{"rendered":"<p>O desenho industrial \u00e9 um processo criativo que envolve a concep\u00e7\u00e3o de produtos e servi\u00e7os de uso di\u00e1rio, utilizados pelas empresas para resolver problemas.<\/p>","protected":false},"author":1,"featured_media":63537,"parent":14181,"menu_order":103,"comment_status":"closed","ping_status":"closed","template":"","meta":{"footnotes":""},"class_list":["post-39890","page","type-page","status-publish","has-post-thumbnail"],"_links":{"self":[{"href":"https:\/\/www.sisinternational.com\/pt\/wp-json\/wp\/v2\/pages\/39890","targetHints":{"allow":["GET"]}}],"collection":[{"href":"https:\/\/www.sisinternational.com\/pt\/wp-json\/wp\/v2\/pages"}],"about":[{"href":"https:\/\/www.sisinternational.com\/pt\/wp-json\/wp\/v2\/types\/page"}],"author":[{"embeddable":true,"href":"https:\/\/www.sisinternational.com\/pt\/wp-json\/wp\/v2\/users\/1"}],"replies":[{"embeddable":true,"href":"https:\/\/www.sisinternational.com\/pt\/wp-json\/wp\/v2\/comments?post=39890"}],"version-history":[{"count":6,"href":"https:\/\/www.sisinternational.com\/pt\/wp-json\/wp\/v2\/pages\/39890\/revisions"}],"predecessor-version":[{"id":79328,"href":"https:\/\/www.sisinternational.com\/pt\/wp-json\/wp\/v2\/pages\/39890\/revisions\/79328"}],"up":[{"embeddable":true,"href":"https:\/\/www.sisinternational.com\/pt\/wp-json\/wp\/v2\/pages\/14181"}],"wp:featuredmedia":[{"embeddable":true,"href":"https:\/\/www.sisinternational.com\/pt\/wp-json\/wp\/v2\/media\/63537"}],"wp:attachment":[{"href":"https:\/\/www.sisinternational.com\/pt\/wp-json\/wp\/v2\/media?parent=39890"}],"curies":[{"name":"wp","href":"https:\/\/api.w.org\/{rel}","templated":true}]}}