{"id":39829,"date":"2022-01-28T18:56:43","date_gmt":"2022-01-28T18:56:43","guid":{"rendered":"https:\/\/www.sisinternational.com\/?page_id=39829"},"modified":"2026-01-25T18:36:21","modified_gmt":"2026-01-25T23:36:21","slug":"pesquisa-de-mercado-em-zoologia","status":"publish","type":"page","link":"https:\/\/www.sisinternational.com\/pt\/pericia\/pesquisa-de-mercado-em-zoologia\/","title":{"rendered":"Pesquisa de mercado de zoologia"},"content":{"rendered":"<h1 class=\"wp-block-heading\">Pesquisa de mercado de zoologia<\/h1>\n\n\n\n<figure class=\"gb-block-image gb-block-image-aaeb69f3\"><img loading=\"lazy\" decoding=\"async\" width=\"1456\" height=\"816\" class=\"gb-image gb-image-aaeb69f3\" src=\"https:\/\/www.sisinternational.com\/wp-content\/uploads\/2025\/08\/Zoology-animals-6-2.jpg\" alt=\"Pesquisa e Estrat\u00e9gia de Mercado Internacional da SIS\" title=\"Zoology animals 6 (2)\" srcset=\"https:\/\/www.sisinternational.com\/wp-content\/uploads\/2025\/08\/Zoology-animals-6-2.jpg 1456w, https:\/\/www.sisinternational.com\/wp-content\/uploads\/2025\/08\/Zoology-animals-6-2-300x168.jpg 300w, https:\/\/www.sisinternational.com\/wp-content\/uploads\/2025\/08\/Zoology-animals-6-2-1024x574.jpg 1024w, https:\/\/www.sisinternational.com\/wp-content\/uploads\/2025\/08\/Zoology-animals-6-2-768x430.jpg 768w, https:\/\/www.sisinternational.com\/wp-content\/uploads\/2025\/08\/Zoology-animals-6-2-18x10.jpg 18w\" sizes=\"auto, (max-width: 1456px) 100vw, 1456px\"><\/figure>\n\n\n\n<p><\/p>\n\n\n\n<hr class=\"wp-block-separator has-alpha-channel-opacity is-style-dots\"\/>\n\n\n\n<h2 class=\"wp-block-heading\">O que \u00e9?<\/h2>\n\n\n\n<p>A zoologia, um ramo da biologia que alguns especialistas chamam de ci\u00eancia animal, estuda o reino animal e a vida animal. Apresenta informa\u00e7\u00f5es sobre a estrutura animal e composi\u00e7\u00e3o molecular. Tamb\u00e9m \u00e9 estudado como os animais se relacionam entre si, as plantas e os seres inanimados.<\/p>\n\n\n\n<p>A zoologia \u00e9 uma ci\u00eancia b\u00e1sica e aplicada. Os trabalhadores da ci\u00eancia b\u00e1sica concentram-se no conhecimento dos animais. Eles n\u00e3o est\u00e3o preocupados com o uso desse conhecimento. Mas a ci\u00eancia aplicada concentra-se nas maneiras pelas quais este estudo pode ajudar humanos e animais. Por exemplo, o campo da medicina utiliza ci\u00eancia aplicada.<\/p>\n\n\n\n<p>Neste amplo campo, existem muitas subdisciplinas. Eles se concentram em partes espec\u00edficas da vida animal. Por exemplo, a entomologia concentra-se nos insetos.<\/p>\n\n\n\n<h2 class=\"wp-block-heading\">Por que a pesquisa de mercado em zoologia \u00e9 importante?<\/h2>\n\n\n\n<p>The science of zoology helps humans understand the world around us. People who <a href=\"https:\/\/www.sisinternational.com\/pt\/estudo-de-caso-sis-em-insights-de-lojas-em-todo-o-mundo\/\" title=\"Insights do comprador na loja \u2013 estudo de caso de pesquisa de mercado\"  data-wpil-monitor-id=\"10288\">study animals gain critical insights<\/a>. They know the ways these animals interact with humans and the ways we relate to them. Also, this study helps improve our health and well-being. For instance, through this science, we may learn:<\/p>\n\n\n\n<ul class=\"wp-block-list\">\n<li>A causa das doen\u00e7as e formas de trat\u00e1-las e preveni-las<\/li>\n\n\n\n<li>Maneiras de prevenir doen\u00e7as causadas por animais<\/li>\n\n\n\n<li>Informa\u00e7\u00f5es sobre os paralelos entre doen\u00e7as animais e humanas<\/li>\n\n\n\n<li>Informa\u00e7\u00f5es sobre modelos animais de fun\u00e7\u00e3o humana anormal e normal<\/li>\n<\/ul>\n\n\n\n<p>A zoologia tamb\u00e9m nos ajuda a aumentar o n\u00famero e a melhorar a qualidade dos animais que nos fornecem ovos, carne e leite. Ele se cruza com a ind\u00fastria e nos ajuda a encontrar as melhores formas de utilizar produtos de origem animal.<\/p>\n\n\n\n<p>Al\u00e9m disso, esta ci\u00eancia beneficia a agricultura. Ajuda-nos a compreender os ciclos de vida dos insectos que s\u00e3o prejudiciais \u00e0s nossas culturas. Assim, podemos controlar esses insetos e proteger nossas lavouras com esse conhecimento.<\/p>\n\n\n\n<h2 class=\"wp-block-heading\">Principais cargos<\/h2>\n\n\n\n<p>There are many roles in the field of zoology. Yet, the most basic is a zoologist. Within this, many focus on different aspects of zoology. Some focus on the biology of a specific <a href=\"https:\/\/www.sisinternational.com\/pt\/solucoes\/grupos-de-foco\/instalacoes-de-grupos-focais-em-nova-york\/\" title=\"Instala\u00e7\u00f5es do Focus Group em Nova York\"  data-wpil-monitor-id=\"10289\">group<\/a> of animals. In contrast, others focus on the structure and function of animal bodies. Still, others study the emergence of new animals and their attributes.<\/p>\n\n\n\n<h3 class=\"wp-block-heading\">Outros trabalhos importantes incluem:<\/h3>\n\n\n\n<ul class=\"wp-block-list\">\n<li>Consultor Ambiental<\/li>\n\n\n\n<li>Nutricionista Animal<\/li>\n\n\n\n<li>Cientista Biom\u00e9dico<\/li>\n\n\n\n<li>Escritor cient\u00edfico<\/li>\n<\/ul>\n\n\n\n<h2 class=\"wp-block-heading\">Por que as empresas precisam de pesquisas de mercado em zoologia<\/h2>\n\n\n\n<p><a href=\"https:\/\/www.sisinternational.com\/pt\/pericia\/industrias\/pesquisa-de-mercado-de-ciencia-de-decisao\/\" title=\"Pesquisa de mercado de ci\u00eancia de decis\u00e3o\"  data-wpil-monitor-id=\"4990\">Market research into this branch of science<\/a> is helpful to particular business niches. For example, this is a crucial part of <a href=\"https:\/\/www.sisinternational.com\/pt\/pericia\/industrias\/solucoes-de-pesquisa-de-mercado-de-saude\/\" title=\"Empresa de pesquisa de mercado no setor de sa\u00fade\"  data-wpil-monitor-id=\"10285\">firms dealing with health and disease research<\/a>. Investments in science and tech often make profits for their investors.<\/p>\n\n\n\n<p>In the same way, market research in this field can help companies make wise choices. For example, a gap for disease prevention <a href=\"https:\/\/www.sisinternational.com\/pt\/pericia\/industrias\/pesquisa-de-mercado-de-medicamentos-orfaos\/\" title=\"Pesquisa de mercado de medicamentos \u00f3rf\u00e3os\"  data-wpil-monitor-id=\"10286\">drugs may exist in the market<\/a>. Knowledge of this helps more investments into zoology, which will, in turn, help fill the void.<\/p>\n\n\n\n<h3 class=\"wp-block-heading\">Principais fatores de sucesso<\/h3>\n\n\n\n<p>Um zo\u00f3logo de sucesso deve ter habilidades cr\u00edticas. Por exemplo, eles precisam ser bem versados em ci\u00eancia, pensamento e comunica\u00e7\u00e3o. Eles tamb\u00e9m precisam de paci\u00eancia e comprometimento. Saber analisar \u00e9 importante. Os zo\u00f3logos tamb\u00e9m devem ter experi\u00eancia em inform\u00e1tica. Esta carreira prospera com excelente lideran\u00e7a e capacidade de trabalhar bem em equipe.<\/p>\n\n\n\n<h2 class=\"wp-block-heading\">Sobre pesquisa de mercado de zoologia<\/h2>\n\n\n\n<p>It is always essential to do market research. It is as necessary for science and tech as in any other field. Businesses can use Quantitative, Qualitative, and Strategy <a href=\"https:\/\/www.sisinternational.com\/pt\/how-to-conduct-effective-desk-research\/\" title=\"Como conduzir uma pesquisa documental eficaz\"  data-wpil-monitor-id=\"10287\">research to conduct<\/a> relevant research. Also, research methods may take the form of Interviews, Surveys, or Focus Groups. In zoology, this research can aid potential investors in solving world health problems. Businesses can also determine the best way to <a href=\"https:\/\/www.sisinternational.com\/pt\/cobertura\/as-americas\/pesquisa-de-mercado-na-america-latina\/pesquisa-de-mercado-na-guiana-francesa\/\" title=\"Pesquisa de mercado na Guiana Francesa\"  data-wpil-monitor-id=\"3744\">market these solutions through this research<\/a>.<\/p>\n\n\n\n<p><\/p>","protected":false},"excerpt":{"rendered":"<p>Zoologia \u00e9 uma ci\u00eancia aplicada que se concentra nas maneiras pelas quais certos campos de estudo podem beneficiar humanos e animais. <\/p>","protected":false},"author":1,"featured_media":63473,"parent":14514,"menu_order":100,"comment_status":"closed","ping_status":"closed","template":"","meta":{"footnotes":""},"class_list":["post-39829","page","type-page","status-publish","has-post-thumbnail"],"_links":{"self":[{"href":"https:\/\/www.sisinternational.com\/pt\/wp-json\/wp\/v2\/pages\/39829","targetHints":{"allow":["GET"]}}],"collection":[{"href":"https:\/\/www.sisinternational.com\/pt\/wp-json\/wp\/v2\/pages"}],"about":[{"href":"https:\/\/www.sisinternational.com\/pt\/wp-json\/wp\/v2\/types\/page"}],"author":[{"embeddable":true,"href":"https:\/\/www.sisinternational.com\/pt\/wp-json\/wp\/v2\/users\/1"}],"replies":[{"embeddable":true,"href":"https:\/\/www.sisinternational.com\/pt\/wp-json\/wp\/v2\/comments?post=39829"}],"version-history":[{"count":5,"href":"https:\/\/www.sisinternational.com\/pt\/wp-json\/wp\/v2\/pages\/39829\/revisions"}],"predecessor-version":[{"id":81701,"href":"https:\/\/www.sisinternational.com\/pt\/wp-json\/wp\/v2\/pages\/39829\/revisions\/81701"}],"up":[{"embeddable":true,"href":"https:\/\/www.sisinternational.com\/pt\/wp-json\/wp\/v2\/pages\/14514"}],"wp:featuredmedia":[{"embeddable":true,"href":"https:\/\/www.sisinternational.com\/pt\/wp-json\/wp\/v2\/media\/63473"}],"wp:attachment":[{"href":"https:\/\/www.sisinternational.com\/pt\/wp-json\/wp\/v2\/media?parent=39829"}],"curies":[{"name":"wp","href":"https:\/\/api.w.org\/{rel}","templated":true}]}}