{"id":39823,"date":"2022-01-28T18:58:16","date_gmt":"2022-01-28T18:58:16","guid":{"rendered":"https:\/\/www.sisinternational.com\/?page_id=39823"},"modified":"2026-01-25T18:34:52","modified_gmt":"2026-01-25T23:34:52","slug":"pesquisa-de-mercado-de-tecnologia-de-agua","status":"publish","type":"page","link":"https:\/\/www.sisinternational.com\/pt\/pericia\/pesquisa-de-mercado-de-tecnologia-de-agua\/","title":{"rendered":"Pesquisa de mercado de tecnologia de \u00e1gua"},"content":{"rendered":"<h1 class=\"wp-block-heading\">Pesquisa de mercado de tecnologia de \u00e1gua<\/h1>\n\n\n\n<figure class=\"gb-block-image gb-block-image-a9891a6d\"><img loading=\"lazy\" decoding=\"async\" width=\"1456\" height=\"816\" class=\"gb-image gb-image-a9891a6d\" src=\"https:\/\/www.sisinternational.com\/wp-content\/uploads\/2025\/08\/Water-27.jpg\" alt=\"Pesquisa e Estrat\u00e9gia de Mercado Internacional da SIS\" title=\"Water (27)\" srcset=\"https:\/\/www.sisinternational.com\/wp-content\/uploads\/2025\/08\/Water-27.jpg 1456w, https:\/\/www.sisinternational.com\/wp-content\/uploads\/2025\/08\/Water-27-300x168.jpg 300w, https:\/\/www.sisinternational.com\/wp-content\/uploads\/2025\/08\/Water-27-1024x574.jpg 1024w, https:\/\/www.sisinternational.com\/wp-content\/uploads\/2025\/08\/Water-27-768x430.jpg 768w, https:\/\/www.sisinternational.com\/wp-content\/uploads\/2025\/08\/Water-27-18x10.jpg 18w\" sizes=\"auto, (max-width: 1456px) 100vw, 1456px\"><\/figure>\n\n\n\n<p><\/p>\n\n\n\n<hr class=\"wp-block-separator has-alpha-channel-opacity is-style-dots\"\/>\n\n\n\n<h2 class=\"wp-block-heading\">O que \u00e9 pesquisa de mercado de tecnologia de \u00e1gua?<\/h2>\n\n\n\n<p>A Water Tech Market Research \u00e9 um processo bastante novo. Atrav\u00e9s deste processo, os prestadores de servi\u00e7os oferecem \u00e0s pessoas servi\u00e7os de \u00e1gua de alta qualidade. H\u00e1 anos que dizemos \u201c\u00e1gua \u00e9 vida\u201d. Este ditado \u00e9 totalmente correto, pois humanos, plantas e animais n\u00e3o podem viver sem \u00e1gua. Assim, o prestador de servi\u00e7os deve limpar a \u00e1gua antes de canaliz\u00e1-la para as resid\u00eancias.<\/p>\n\n\n\n<h2 class=\"wp-block-heading\">Por que a pesquisa de mercado de tecnologia de \u00e1gua \u00e9 importante?<\/h2>\n\n\n\n<p>Water <a href=\"https:\/\/www.sisinternational.com\/pt\/pericia\/industrias\/tecnologia-medica-pesquisa-de-mercado-de-tecnologia-medica\/\" title=\"Pesquisa de mercado de tecnologia m\u00e9dica (Med Tech)\"  data-wpil-monitor-id=\"3766\">Tech Market Research<\/a> helps service providers put measures to avoid significant health risks. It removes pollutants from drinking water. These pollutants can cause severe and sometimes deadly illnesses. Water Techs must apply these measures in our dams and reservoirs, and, once installed, they can inspect the water. Also, they can treat and <a href=\"https:\/\/www.sisinternational.com\/pt\/solucoes\/solucoes-edtech-de-tecnologia-educacional\/sistemas-de-gerenciamento-de-aprendizagem-pesquisa-de-mercado-lms\/\" title=\"Pesquisa de mercado de sistemas de gerenciamento de aprendizagem (LMS)\"  data-wpil-monitor-id=\"10290\">manage filter systems<\/a>.<\/p>\n\n\n\n<p>Al\u00e9m disso, as medidas aplicadas ajudam a Water Techs a filtrar as \u00e1guas residuais das f\u00e1bricas. Somado a isso, os prestadores de servi\u00e7os podem armazenar \u00e1gua. Ent\u00e3o \u00e9 seguro para eles dar \u00e1gua limpa \u00e0s pessoas. Assim, os Water Techs devem saber a import\u00e2ncia dos sistemas. Eles podem ent\u00e3o garantir que as pessoas tenham acesso a \u00e1gua limpa suficiente para uso di\u00e1rio.<\/p>\n\n\n\n<h3 class=\"wp-block-heading\">Principais cargos<\/h3>\n\n\n\n<p>\u00b7 T\u00e9cnico de \u00c1gua<\/p>\n\n\n\n<p>\u00b7 Operador de Recupera\u00e7\u00e3o de Recursos H\u00eddricos (Tratamento de \u00c1guas Residuais)<\/p>\n\n\n\n<p>\u00b7 Operador de Tratamento de \u00c1gua Pot\u00e1vel<\/p>\n\n\n\n<p>\u00b7 Operador de Distribui\u00e7\u00e3o de \u00c1gua<\/p>\n\n\n\n<p>\u00b7 T\u00e9cnico de laborat\u00f3rio<\/p>\n\n\n\n<h2 class=\"wp-block-heading\">Por que as empresas precisam de pesquisa de mercado de tecnologia h\u00eddrica<\/h2>\n\n\n\n<p>Businesses need <a href=\"https:\/\/www.sisinternational.com\/pt\/pericia\/industrias\/pesquisa-de-mercado-de-agua-engarrafada\/\" title=\"Pesquisa de mercado de \u00e1gua engarrafada\"  data-wpil-monitor-id=\"4963\">Pesquisa de mercado de tecnologia de \u00e1gua<\/a> now more than ever. Around the globe, the amount of water consumed by people continues to increase. Yet, in some countries, water is scarce. In other countries, the population continues to grow, leading to an increase in water demand. That\u2019s where the term \u201csmart water management\u201d comes in. Many countries have considered using this approach.<\/p>\n\n\n\n<p>At\u00e9 agora, este novo sistema ajudou muitos locais de neg\u00f3cios. Isso lhes permite adotar uma abordagem proativa para reduzir o desperd\u00edcio de \u00e1gua. Muitas empresas tamb\u00e9m est\u00e3o usando esse sistema para conseguir um uso eficiente de energia. A \u201cgest\u00e3o inteligente da \u00e1gua\u201d utiliza hidr\u00f4metros, sensores e solu\u00e7\u00f5es.<\/p>\n\n\n\n<p>Today, bill payment is easier for many people in lesser developed countries. Before, they had to go into the service company to pay their bills. But, in the early 2020s, service providers relooked that system. They had to subscribe to ways where <a href=\"https:\/\/www.sisinternational.com\/pt\/estrategia-de-marketing-completa-para-uma-empresa-americana-de-financas-pessoais-online\/\" title=\"Estrat\u00e9gia de marketing completa para uma empresa americana de finan\u00e7as pessoais online\"  data-wpil-monitor-id=\"10293\">persons could pay their bills online<\/a>. Without a doubt, it worked out for the greater good as it reduced the long lines and the cluster of people.<\/p>\n\n\n\n<h2 class=\"wp-block-heading\">Principais fatores de sucesso<\/h2>\n\n\n\n<p>As regi\u00f5es desenvolvidas do mundo s\u00e3o pioneiras no tratamento de \u00e1guas residuais. No passado, muitas empresas instalaram um sistema manual de tratamento de \u00e1gua. Este sistema falhou ao longo do tempo, \u00e0 medida que a procura de \u00e1gua continua a aumentar. Portanto, \u00e9 dispendioso continuar a reparar estas estruturas obsoletas.<\/p>\n\n\n\n<h3 class=\"wp-block-heading\">Pelo lado positivo, estamos agora no auge da era da tecnologia. Assim, as empresas tiveram que:<\/h3>\n\n\n\n<ul class=\"wp-block-list\">\n<li>Procure maneiras de melhorar seus servi\u00e7os \u00e0s pessoas<\/li>\n\n\n\n<li>Adotar formas eficazes de gerir o abastecimento de \u00e1gua<\/li>\n\n\n\n<li>Busca de ideias para reduzir o alto custo de manuten\u00e7\u00e3o<\/li>\n<\/ul>\n\n\n\n<p>Likewise, many governments aim to use \u201csmart water management\u201d methods. These methods <a href=\"https:\/\/www.sisinternational.com\/pt\/pericia\/industrias\/pesquisa-de-mercado-de-loja-de-ferragens\/\" title=\"Pesquisa de mercado de lojas de ferragens e melhorias residenciais\"  data-wpil-monitor-id=\"10292\">improve their marketing<\/a>. They are confident that these methods will foster economic growth in their countries.<\/p>\n\n\n\n<h2 class=\"wp-block-heading\">Sobre a pesquisa de mercado de tecnologia de \u00e1gua<\/h2>\n\n\n\n<p>A economia e o sistema de sa\u00fade de um pa\u00eds n\u00e3o podem prosperar sem um sistema de \u00e1gua adequado. Com base nesse fato, a falta de um sistema de \u00e1gua adequado levar\u00e1 aos seguintes problemas: \u2013<\/p>\n\n\n\n<ul class=\"wp-block-list\">\n<li>Riscos graves para a sa\u00fade<\/li>\n\n\n\n<li>Seca e fome<\/li>\n\n\n\n<li>Desordem no setor de turismo<\/li>\n\n\n\n<li>Um terreno f\u00e9rtil para a pobreza e as doen\u00e7as<\/li>\n<\/ul>\n\n\n\n<p>We can solve this problem as we provide <a href=\"https:\/\/www.sisinternational.com\/pt\/how-to-design-effective-surveys-for-quantitative-research\/\" title=\"How to Design Effective Surveys for Quantitative Research\"  data-wpil-monitor-id=\"10291\">Pesquisa Quantitativa e Qualitativa<\/a> services. We also offer Surveys, Interviews, Focus Groups, and Strategy Research. Our tools work well. Contact us now for more info!<\/p>\n\n\n\n<p><\/p>","protected":false},"excerpt":{"rendered":"<p>A \u00e1gua \u00e9 vital para sustentar a vida, mas em muitos pa\u00edses a \u00e1gua doce \u00e9 escassa e contaminada. Em pa\u00edses desenvolvidos, governos e empresas iniciaram solu\u00e7\u00f5es de \u201cgest\u00e3o inteligente da \u00e1gua\u201d e sistemas de tratamento de \u00e1guas residuais.<\/p>","protected":false},"author":1,"featured_media":63550,"parent":14514,"menu_order":101,"comment_status":"closed","ping_status":"closed","template":"","meta":{"footnotes":""},"class_list":["post-39823","page","type-page","status-publish","has-post-thumbnail"],"_links":{"self":[{"href":"https:\/\/www.sisinternational.com\/pt\/wp-json\/wp\/v2\/pages\/39823","targetHints":{"allow":["GET"]}}],"collection":[{"href":"https:\/\/www.sisinternational.com\/pt\/wp-json\/wp\/v2\/pages"}],"about":[{"href":"https:\/\/www.sisinternational.com\/pt\/wp-json\/wp\/v2\/types\/page"}],"author":[{"embeddable":true,"href":"https:\/\/www.sisinternational.com\/pt\/wp-json\/wp\/v2\/users\/1"}],"replies":[{"embeddable":true,"href":"https:\/\/www.sisinternational.com\/pt\/wp-json\/wp\/v2\/comments?post=39823"}],"version-history":[{"count":5,"href":"https:\/\/www.sisinternational.com\/pt\/wp-json\/wp\/v2\/pages\/39823\/revisions"}],"predecessor-version":[{"id":81697,"href":"https:\/\/www.sisinternational.com\/pt\/wp-json\/wp\/v2\/pages\/39823\/revisions\/81697"}],"up":[{"embeddable":true,"href":"https:\/\/www.sisinternational.com\/pt\/wp-json\/wp\/v2\/pages\/14514"}],"wp:featuredmedia":[{"embeddable":true,"href":"https:\/\/www.sisinternational.com\/pt\/wp-json\/wp\/v2\/media\/63550"}],"wp:attachment":[{"href":"https:\/\/www.sisinternational.com\/pt\/wp-json\/wp\/v2\/media?parent=39823"}],"curies":[{"name":"wp","href":"https:\/\/api.w.org\/{rel}","templated":true}]}}