{"id":39820,"date":"2022-01-28T19:00:13","date_gmt":"2022-01-28T19:00:13","guid":{"rendered":"https:\/\/www.sisinternational.com\/?page_id=39820"},"modified":"2025-09-23T21:39:50","modified_gmt":"2025-09-24T01:39:50","slug":"pesquisa-de-mercado-mrna","status":"publish","type":"page","link":"https:\/\/www.sisinternational.com\/pt\/pericia\/pesquisa-de-mercado-mrna\/","title":{"rendered":"Pesquisa de mercado de mRNA"},"content":{"rendered":"<h1 class=\"wp-block-heading p1\"><span class=\"s1\">Pesquisa de mercado de mRNA<\/span><\/h1>\n\n\n\n<figure class=\"gb-block-image gb-block-image-2b2d6a3a\"><img loading=\"lazy\" decoding=\"async\" width=\"1456\" height=\"816\" class=\"gb-image gb-image-2b2d6a3a\" src=\"https:\/\/www.sisinternational.com\/wp-content\/uploads\/2025\/08\/DNA-genomics-genetics-3.jpg\" srcset=\"https:\/\/www.sisinternational.com\/wp-content\/uploads\/2025\/08\/DNA-genomics-genetics-3.jpg 1456w, https:\/\/www.sisinternational.com\/wp-content\/uploads\/2025\/08\/DNA-genomics-genetics-3-300x168.jpg 300w, https:\/\/www.sisinternational.com\/wp-content\/uploads\/2025\/08\/DNA-genomics-genetics-3-1024x574.jpg 1024w, https:\/\/www.sisinternational.com\/wp-content\/uploads\/2025\/08\/DNA-genomics-genetics-3-768x430.jpg 768w, https:\/\/www.sisinternational.com\/wp-content\/uploads\/2025\/08\/DNA-genomics-genetics-3-18x10.jpg 18w\" sizes=\"auto, (max-width: 1456px) 100vw, 1456px\" alt=\"Pesquisa e Estrat\u00e9gia de Mercado Internacional da SIS\"><\/figure>\n\n\n\n<p><\/p>\n\n\n\n<hr class=\"wp-block-separator has-alpha-channel-opacity is-style-dots\"\/>\n\n\n\n<h2 class=\"wp-block-heading p3\">O que \u00e9 mRNA?<\/h2>\n\n\n\n<p class=\"p4\">Os RNAs mensageiros, tamb\u00e9m conhecidos como mRNA, s\u00e3o mol\u00e9culas que existem h\u00e1 anos. A ascens\u00e3o da pandemia da COVID-19 empurrou este novo tipo de investiga\u00e7\u00e3o para o primeiro plano. Diariamente, os pesquisadores procuram novas formas de criar vacinas. As vacinas treinam o corpo para reconhecer v\u00edrus e bact\u00e9rias. Tamb\u00e9m ensina o corpo a responder \u00e0s prote\u00ednas dentro dele.<span class=\"Apple-converted-space\">&nbsp;<\/span><\/p>\n\n\n\n<p class=\"p4\">mRNA \u00e9 um tipo de RNA que aciona outras c\u00e9lulas para produzir prote\u00ednas no corpo humano. As prote\u00ednas imitam o comportamento do v\u00edrus COVID-19. O objetivo das vacinas de mRNA \u00e9 treinar o sistema imunol\u00f3gico de uma pessoa para reagir a um germe. Assim, assim que o corpo de uma pessoa for exposto ao v\u00edrus COVID-19, ele se preparar\u00e1 para combat\u00ea-lo.<span class=\"Apple-converted-space\">&nbsp;<\/span><\/p>\n\n\n\n<h2 class=\"wp-block-heading p3\">Por que a pesquisa de mercado de mRNA \u00e9 importante?<\/h2>\n\n\n\n<p class=\"p4\">Diariamente, o n\u00famero de casos de COVID-19 continua a aumentar. Al\u00e9m disso, o n\u00famero de cepas mutantes, como Delta e Omicron, mostrou um r\u00e1pido aumento. E por causa disso, os cientistas est\u00e3o realizando pesquisas de mRNA para combater o v\u00edrus. Al\u00e9m do v\u00edrus COVID-19, os cientistas pretendem usar mRNA para tratar c\u00e2ncer, mal\u00e1ria e gripe. Eles tamb\u00e9m planejam usar mRNA para tratar doen\u00e7as gen\u00e9ticas raras, gripe, zika, mal\u00e1ria e raiva. Al\u00e9m disso, est\u00e3o a ultrapassar os seus limites, pois desejam desenvolver vacinas para o VIH e as c\u00e9lulas falciformes.<span class=\"Apple-converted-space\">&nbsp;<\/span><\/p>\n\n\n\n<p class=\"p4\">Como sempre dizemos, \u201csa\u00fade \u00e9 riqueza\u201d. Assim, uma sociedade saud\u00e1vel promove o crescimento e a produ\u00e7\u00e3o. Mas uma comunidade insalubre desencadeia doen\u00e7as e problemas graves na economia. Por sua vez, isso reduz a expectativa de vida das pessoas. Como resultado, os governos de todo o mundo est\u00e3o a fazer o seu melhor para combater a propaga\u00e7\u00e3o de v\u00edrus. Esta necessidade de combater a propaga\u00e7\u00e3o \u00e9 a raz\u00e3o pela qual a Pesquisa de Mercado de mRNA \u00e9 essencial. As pessoas devem sentir-se confort\u00e1veis com o que est\u00e3o colocando em seus corpos. E os cientistas devem educar o p\u00fablico sobre os pr\u00f3s e os contras das vacinas. Cabe \u00e0 pessoa decidir se tomar\u00e1 a vacina ou n\u00e3o. As vacinas ajudam a diminuir o risco de uma pessoa contrair e espalhar v\u00edrus.<\/p>\n\n\n\n<h2 class=\"wp-block-heading p3\">Principais cargos<span class=\"Apple-converted-space\">&nbsp;<\/span><\/h2>\n\n\n\n<p class=\"p4\">\u2022 Pesquisadores<\/p>\n\n\n\n<p class=\"p4\">\u2022 Cientistas<\/p>\n\n\n\n<p class=\"p4\">\u2022 Microbiologista<\/p>\n\n\n\n<p class=\"p4\">\u2022 Especialista em Vacinas<\/p>\n\n\n\n<p class=\"p4\">\u2022 Volunt\u00e1rio em Ensaios Cl\u00ednicos<\/p>\n\n\n\n<h2 class=\"wp-block-heading p3\">Por que as empresas precisam de pesquisas de mercado de mRNA<\/h2>\n\n\n\n<p class=\"p4\">As vacinas tradicionais tiveram um desenvolvimento muito mais lento. Mas agora, as empresas podem criar vacinas num curto per\u00edodo devido \u00e0 tecnologia avan\u00e7ada. Atualmente, a vacina de mRNA est\u00e1 ganhando muita aten\u00e7\u00e3o. A vacina impressionou as empresas pelo seu tempo de resposta, velocidade de produ\u00e7\u00e3o e economia de custos. Al\u00e9m disso, \u00e9 \u00fanico e de grande interesse para os desenvolvedores de vacinas.<\/p>\n\n\n\n<h3 class=\"wp-block-heading p3\">Principais fatores de sucesso<\/h3>\n\n\n\n<p class=\"p4\">mRNA vaccines are now recognized and accepted. Many companies approved such vaccines and are <a href=\"https:\/\/www.sisinternational.com\/pt\/solucoes\/pesquisa-de-consultoria-em-estrategia-fintech\/fundos-de-hedge-e-pesquisa-de-mercado-de-investimento\/\" title=\"Pesquisa de fundos de hedge e mercado de investimento\"  data-wpil-monitor-id=\"8441\">investing and funding<\/a> the donors. As such, vaccine creators will keep the mRNA vaccine on the shelf.<\/p>\n\n\n\n<p class=\"p4\">Moreover, compared to traditional medicines, mRNA vaccines are more effective, advanced, and cost-effective. The delivery of the mRNA vaccine is creating a <a href=\"https:\/\/www.sisinternational.com\/pt\/solucoes\/solucoes-de-branding-e-pesquisa-de-clientes\/pesquisa-de-mercado-de-posicionamento-de-marca\/\" title=\"Pesquisa de mercado de posicionamento de marca\"  data-wpil-monitor-id=\"8440\">positive outlook on the market<\/a>. In conclusion, the mRNA vaccine helps with improving the healthcare system.<\/p>\n\n\n\n<h2 class=\"wp-block-heading p3\">Sobre a pesquisa de mercado de mRNA<\/h2>\n\n\n\n<p class=\"p4\">Muitas pessoas esperam voltar ao estado de normalidade. No entanto, os cientistas prev\u00eaem que a pandemia da COVID-19 continuar\u00e1 a coexistir com os humanos. As pessoas devem aceitar o facto de que a COVID-19 \u201cveio para ficar\u201d. Portanto, devem aderir \u00e0s seguintes medidas e protocolos: \u2013<\/p>\n\n\n\n<p class=\"p4\">\u2022 Aceita\u00e7\u00e3o de vacinas<\/p>\n\n\n\n<p class=\"p4\">\u2022 Uso frequente de desinfetantes<\/p>\n\n\n\n<p class=\"p4\">\u2022 O uso de m\u00e1scaras<\/p>\n\n\n\n<p class=\"p4\">\u2022 Teste, uma vez exposto ou comprometido pelo v\u00edrus<\/p>\n\n\n\n<p class=\"p4\">Our tools can help to flatten the COVID-19 curve. We provide <a href=\"https:\/\/www.sisinternational.com\/pt\/cobertura\/europa\/quantitative-research-in-london\/\" title=\"Quantitative Research in London\"  data-wpil-monitor-id=\"8439\">Pesquisa Quantitativa e Qualitativa<\/a> services and also surveys and interviews. <a href=\"https:\/\/www.sisinternational.com\/pt\/solucoes\/pesquisa-de-mercado-em-grupo-focal\/\" title=\"Pesquisa de mercado com grupo focal\"  data-wpil-monitor-id=\"8438\">Focus groups and Strategy Research<\/a> are also a part of our package. Contact us now for more info!<\/p>\n\n\n\n<p><\/p>","protected":false},"excerpt":{"rendered":"<p>Os pesquisadores est\u00e3o descobrindo novas maneiras de criar vacinas de mRNA. As vacinas condicionam o corpo a reconhecer v\u00edrus e bact\u00e9rias e a responder \u00e0s prote\u00ednas.<\/p>","protected":false},"author":1,"featured_media":63645,"parent":14514,"menu_order":102,"comment_status":"closed","ping_status":"closed","template":"","meta":{"footnotes":""},"class_list":["post-39820","page","type-page","status-publish","has-post-thumbnail"],"_links":{"self":[{"href":"https:\/\/www.sisinternational.com\/pt\/wp-json\/wp\/v2\/pages\/39820","targetHints":{"allow":["GET"]}}],"collection":[{"href":"https:\/\/www.sisinternational.com\/pt\/wp-json\/wp\/v2\/pages"}],"about":[{"href":"https:\/\/www.sisinternational.com\/pt\/wp-json\/wp\/v2\/types\/page"}],"author":[{"embeddable":true,"href":"https:\/\/www.sisinternational.com\/pt\/wp-json\/wp\/v2\/users\/1"}],"replies":[{"embeddable":true,"href":"https:\/\/www.sisinternational.com\/pt\/wp-json\/wp\/v2\/comments?post=39820"}],"version-history":[{"count":4,"href":"https:\/\/www.sisinternational.com\/pt\/wp-json\/wp\/v2\/pages\/39820\/revisions"}],"predecessor-version":[{"id":81415,"href":"https:\/\/www.sisinternational.com\/pt\/wp-json\/wp\/v2\/pages\/39820\/revisions\/81415"}],"up":[{"embeddable":true,"href":"https:\/\/www.sisinternational.com\/pt\/wp-json\/wp\/v2\/pages\/14514"}],"wp:featuredmedia":[{"embeddable":true,"href":"https:\/\/www.sisinternational.com\/pt\/wp-json\/wp\/v2\/media\/63645"}],"wp:attachment":[{"href":"https:\/\/www.sisinternational.com\/pt\/wp-json\/wp\/v2\/media?parent=39820"}],"curies":[{"name":"wp","href":"https:\/\/api.w.org\/{rel}","templated":true}]}}