{"id":39815,"date":"2022-01-28T18:52:57","date_gmt":"2022-01-28T18:52:57","guid":{"rendered":"https:\/\/www.sisinternational.com\/?page_id=39815"},"modified":"2026-01-26T16:54:15","modified_gmt":"2026-01-26T21:54:15","slug":"pesquisa-de-mercado-em-biologia","status":"publish","type":"page","link":"https:\/\/www.sisinternational.com\/pt\/pericia\/pesquisa-de-mercado-em-biologia\/","title":{"rendered":"Pesquisa de mercado de biologia"},"content":{"rendered":"<h1 class=\"wp-block-heading p1\"><span class=\"s1\">Pesquisa de mercado de biologia<\/span><\/h1>\n\n\n\n<figure class=\"gb-block-image gb-block-image-f720d27e\"><img loading=\"lazy\" decoding=\"async\" width=\"1456\" height=\"816\" class=\"gb-image gb-image-f720d27e\" src=\"https:\/\/www.sisinternational.com\/wp-content\/uploads\/2025\/08\/Hospitan-urgent-care-7.jpg\" alt=\"Pesquisa e Estrat\u00e9gia de Mercado Internacional da SIS\" title=\"Hospita\u00f1 urgent care (7)\" srcset=\"https:\/\/www.sisinternational.com\/wp-content\/uploads\/2025\/08\/Hospitan-urgent-care-7.jpg 1456w, https:\/\/www.sisinternational.com\/wp-content\/uploads\/2025\/08\/Hospitan-urgent-care-7-300x168.jpg 300w, https:\/\/www.sisinternational.com\/wp-content\/uploads\/2025\/08\/Hospitan-urgent-care-7-1024x574.jpg 1024w, https:\/\/www.sisinternational.com\/wp-content\/uploads\/2025\/08\/Hospitan-urgent-care-7-768x430.jpg 768w, https:\/\/www.sisinternational.com\/wp-content\/uploads\/2025\/08\/Hospitan-urgent-care-7-18x10.jpg 18w\" sizes=\"auto, (max-width: 1456px) 100vw, 1456px\"><\/figure>\n\n\n\n<p><\/p>\n\n\n\n<p class=\"p2\">A biologia lida com os seres vivos e seus processos vitais. Outra defini\u00e7\u00e3o poderia ser o estudo da vida. \u201cBiologia\u201d vem da palavra grega bios, que significa vida, e tamb\u00e9m logos, que significa estudo. Este prefixo e sufixo constituem a palavra que conhecemos hoje. Os seres vivos, neste caso, incluem criaturas com uma c\u00e9lula, como bact\u00e9rias e fungos.<\/p>\n\n\n\n<p class=\"p2\">This field is a natural science with a wide range of topics. Yet, it has several further themes. It covers conservation, ecology, evolution, genetics, marine biology, and more. Another <a href=\"https:\/\/www.sisinternational.com\/pt\/cobertura\/as-americas\/cobertura-dos-eua\/pesquisa-de-mercado-em-key-west-florida\/\" title=\"Pesquisa de mercado de Key West Fl\u00f3rida\"  data-wpil-monitor-id=\"9368\">key point is that research<\/a> now deals with the everyday habits of living things and their reactions towards cross disciplines.<\/p>\n\n\n\n<h2 class=\"wp-block-heading p3\">Por que a biologia \u00e9 importante?<\/h2>\n\n\n\n<p class=\"p2\">Este campo ajuda a melhorar a vida dos seres vivos. Al\u00e9m disso, este campo nos ajuda a compreender o mundo vivo e como ele se comporta e cresce. Na verdade, todo o pessoal m\u00e9dico, incluindo m\u00e9dicos e enfermeiros, tem que estudar nesta \u00e1rea. \u00c9 assim que eles aprendem a ajudar animais e humanos. \u00c9 essencial aprender tudo sobre as fun\u00e7\u00f5es internas do corpo. A biologia nos fala sobre \u00f3rg\u00e3os, sangue, reprodu\u00e7\u00e3o, desenvolvimento e doen\u00e7as. Precisamos desse conhecimento para encontrar curas e para futuras pesquisas. \u00c0 medida que este campo cresce, a qualidade da vida quotidiana tamb\u00e9m melhorar\u00e1.<\/p>\n\n\n\n<p class=\"p2\">Without biology, we would not understand how diseases and cells mesh. Moreover, without <a href=\"https:\/\/www.sisinternational.com\/pt\/solucoes\/solucoes-de-pesquisa-quantitativa-qualitativa\/pesquisa-de-mercado-de-servicos-de-campo\/\" title=\"Pesquisa de mercado de servi\u00e7os de campo\"  data-wpil-monitor-id=\"9367\">research in this field<\/a>, we would have relied on vague ideas of how plants and animals work. We wouldn\u2019t know how cells and bacteria work, so we would use outdated approaches to cure disease.<\/p>\n\n\n\n<h2 class=\"wp-block-heading p3\">Principais cargos<\/h2>\n\n\n\n<h3 class=\"wp-block-heading p2\">Alguns empregos que as pessoas podem realizar com um diploma nesta \u00e1rea:<\/h3>\n\n\n\n<ul class=\"wp-block-list ul1\">\n<li>Pesquisa cient\u00edfica<\/li>\n\n\n\n<li>Farmacologista<\/li>\n\n\n\n<li>Bi\u00f3logo<\/li>\n\n\n\n<li>Oficial de conserva\u00e7\u00e3o da natureza<\/li>\n\n\n\n<li>Trabalhador de ag\u00eancia governamental<\/li>\n<\/ul>\n\n\n\n<p class=\"p2\">A lista continua porque a biologia \u00e9 um dos assuntos mais amplos que existem para estudar. A biologia cont\u00e9m estudos desde o processo da vida, at\u00e9 o estudo da vida animal e vegetal. Por sua vez, est\u00e3o a surgir novos empregos e, tamb\u00e9m, os empregos agora est\u00e3o a melhorar.<\/p>\n\n\n\n<h2 class=\"wp-block-heading p3\">Por que as empresas precisam de pesquisas de mercado em biologia<\/h2>\n\n\n\n<p class=\"p2\">Biology, at its core, is a set of critical and necessary processes. In a way, it\u2019s like business processes. We can even build companies based on the basic principles of biology. At least, we can <a href=\"https:\/\/www.sisinternational.com\/pt\/pericia\/industrias\/pesquisa-de-mercado-de-loja-de-ferragens\/\" title=\"Pesquisa de mercado de lojas de ferragens e melhorias residenciais\"  data-wpil-monitor-id=\"9366\">improve several areas by the research<\/a> done in this field. Examples are contact systems, resource management, culture, and electing.<\/p>\n\n\n\n<p class=\"p2\"><a href=\"https:\/\/www.sisinternational.com\/pt\/publicacoes\/exportacao-do-mercado-intermediario-do-japao\/\" title=\"Expandindo seus neg\u00f3cios no Jap\u00e3o\"  data-wpil-monitor-id=\"9364\">Businesses are also constantly growing<\/a>. By the same token, new biotech businesses are starting up, and <a href=\"https:\/\/www.sisinternational.com\/pt\/solucoes\/solucoes-de-branding-e-pesquisa-de-clientes\/pesquisa-de-mercado-para-descoberta-de-clientes\/\" title=\"Pesquisa de mercado para descoberta de clientes\"  data-wpil-monitor-id=\"9365\">research on drug discovery<\/a> is improving. Market <a href=\"https:\/\/www.sisinternational.com\/pt\/pericia\/industrias\/pesquisa-de-mercado-de-intencao-do-comprador\/\" title=\"Pesquisa de mercado de inten\u00e7\u00e3o do comprador\"  data-wpil-monitor-id=\"6265\">Pesquisar<\/a> can help companies to find buyers for their products. It takes the guesswork out of buying and selling.<\/p>\n\n\n\n<h2 class=\"wp-block-heading p3\">Principais fatores de sucesso<\/h2>\n\n\n\n<p class=\"p2\">Success factors are required for a <a href=\"https:\/\/www.sisinternational.com\/pt\/solucoes\/consultoria-em-hotelaria-e-turismo-em-viagens\/pesquisa-de-mercado-de-empresa-de-guia-turistico\/\" title=\"Pesquisa de mercado da empresa de guia tur\u00edstico\"  data-wpil-monitor-id=\"9363\">company to compete in the target market<\/a>. They are also known as strategic postures. In simpler terms, it is what a company must do to be successful and achieve its goal. Biology has risen above views and is succeeding in every area. It continues to grow and grow by the day. It is finding new drugs coupled with solutions to diseases and ways to improve the lives of living things.<\/p>\n\n\n\n<h3 class=\"wp-block-heading p2\">Algumas das melhores descobertas da hist\u00f3ria da biologia:<\/h3>\n\n\n\n<ul class=\"wp-block-list ul1\">\n<li>Hereditariedade<\/li>\n\n\n\n<li>Antibi\u00f3ticos<\/li>\n\n\n\n<li>DNA polimerase<\/li>\n\n\n\n<li>Transcriptase reversa<\/li>\n\n\n\n<li>A estrutura do DNA<\/li>\n\n\n\n<li>S\u00edntese de insulina bacteriana<\/li>\n\n\n\n<li>Terapia de genes<\/li>\n\n\n\n<li>Organismos transg\u00eanicos<\/li>\n\n\n\n<li>Tecnologia de transplante<\/li>\n<\/ul>\n\n\n\n<h2 class=\"wp-block-heading p3\">Sobre pesquisa de mercado de biologia<\/h2>\n\n\n\n<p class=\"p2\">Criar um bom neg\u00f3cio em biologia pode ser f\u00e1cil. Nossa empresa entende a import\u00e2ncia deste campo para os seres humanos na vida di\u00e1ria. \u00c9 por isso que criamos grupos focais para fazer pesquisas estrat\u00e9gicas, qualitativas e quantitativas. Al\u00e9m disso, fazemos pesquisas e entrevistas. Nosso objetivo \u00e9 agrad\u00e1-lo ajudando seu neg\u00f3cio a brilhar. Tamb\u00e9m tratamos todos os clientes com o mesmo respeito. Por favor, n\u00e3o hesite em nos contatar.<\/p>\n\n\n\n<p class=\"p4\">Estamos ansiosos para trabalhar com voc\u00ea.<\/p>\n\n\n\n<p><\/p>","protected":false},"excerpt":{"rendered":"<p>O campo da Biologia \u00e9 uma ci\u00eancia natural com t\u00f3picos abrangentes. As empresas podem melhorar diversas \u00e1reas utilizando a Pesquisa de Mercado de Biologia. <\/p>","protected":false},"author":1,"featured_media":63574,"parent":14514,"menu_order":97,"comment_status":"closed","ping_status":"closed","template":"","meta":{"footnotes":""},"class_list":["post-39815","page","type-page","status-publish","has-post-thumbnail"],"_links":{"self":[{"href":"https:\/\/www.sisinternational.com\/pt\/wp-json\/wp\/v2\/pages\/39815","targetHints":{"allow":["GET"]}}],"collection":[{"href":"https:\/\/www.sisinternational.com\/pt\/wp-json\/wp\/v2\/pages"}],"about":[{"href":"https:\/\/www.sisinternational.com\/pt\/wp-json\/wp\/v2\/types\/page"}],"author":[{"embeddable":true,"href":"https:\/\/www.sisinternational.com\/pt\/wp-json\/wp\/v2\/users\/1"}],"replies":[{"embeddable":true,"href":"https:\/\/www.sisinternational.com\/pt\/wp-json\/wp\/v2\/comments?post=39815"}],"version-history":[{"count":5,"href":"https:\/\/www.sisinternational.com\/pt\/wp-json\/wp\/v2\/pages\/39815\/revisions"}],"predecessor-version":[{"id":81566,"href":"https:\/\/www.sisinternational.com\/pt\/wp-json\/wp\/v2\/pages\/39815\/revisions\/81566"}],"up":[{"embeddable":true,"href":"https:\/\/www.sisinternational.com\/pt\/wp-json\/wp\/v2\/pages\/14514"}],"wp:featuredmedia":[{"embeddable":true,"href":"https:\/\/www.sisinternational.com\/pt\/wp-json\/wp\/v2\/media\/63574"}],"wp:attachment":[{"href":"https:\/\/www.sisinternational.com\/pt\/wp-json\/wp\/v2\/media?parent=39815"}],"curies":[{"name":"wp","href":"https:\/\/api.w.org\/{rel}","templated":true}]}}