{"id":39800,"date":"2022-01-28T18:55:27","date_gmt":"2022-01-28T18:55:27","guid":{"rendered":"https:\/\/www.sisinternational.com\/?page_id=39800"},"modified":"2025-11-15T23:12:01","modified_gmt":"2025-11-16T04:12:01","slug":"pesquisa-de-mercado-agrotech","status":"publish","type":"page","link":"https:\/\/www.sisinternational.com\/pt\/pericia\/pesquisa-de-mercado-agrotech\/","title":{"rendered":"Pesquisa de Mercado Agritech"},"content":{"rendered":"<h1 class=\"wp-block-heading p1\"><span class=\"s1\">Pesquisa de Mercado Agritech<\/span><\/h1>\n\n\n\n<figure class=\"gb-block-image gb-block-image-e7b82a22\"><img loading=\"lazy\" decoding=\"async\" width=\"1456\" height=\"816\" class=\"gb-image gb-image-e7b82a22\" src=\"https:\/\/www.sisinternational.com\/wp-content\/uploads\/2025\/08\/Agriculture-1.jpg\" alt=\"Pesquisa e Estrat\u00e9gia de Mercado Internacional da SIS\" title=\"Agriculture (1)\" srcset=\"https:\/\/www.sisinternational.com\/wp-content\/uploads\/2025\/08\/Agriculture-1.jpg 1456w, https:\/\/www.sisinternational.com\/wp-content\/uploads\/2025\/08\/Agriculture-1-300x168.jpg 300w, https:\/\/www.sisinternational.com\/wp-content\/uploads\/2025\/08\/Agriculture-1-1024x574.jpg 1024w, https:\/\/www.sisinternational.com\/wp-content\/uploads\/2025\/08\/Agriculture-1-768x430.jpg 768w, https:\/\/www.sisinternational.com\/wp-content\/uploads\/2025\/08\/Agriculture-1-18x10.jpg 18w\" sizes=\"auto, (max-width: 1456px) 100vw, 1456px\"><\/figure>\n\n\n\n<p><\/p>\n\n\n\n<hr class=\"wp-block-separator has-alpha-channel-opacity is-style-dots\"\/>\n\n\n\n<h2 class=\"wp-block-heading p3\">O que \u00e9 Agritech?<\/h2>\n\n\n\n<p class=\"p4\">Todos os humanos precisam de comida. Ent\u00e3o, a produ\u00e7\u00e3o de alimentos tem que ser constante e suficiente para abastecer a todos. Os recursos s\u00e3o, obviamente, limitados. Devido a isto, os agricultores t\u00eam de desenvolver m\u00e9todos para garantir que produzem alimentos suficientes. Os processos tamb\u00e9m devem ser eficientes, seguros e limitar o desperd\u00edcio. Agritech, ou tecnologia agr\u00edcola, utiliza tecnologia para desenvolver o campo da gest\u00e3o de terras. Ele fornece uma melhoria em muitas \u00e1reas desse campo. Por exemplo, ajuda na prepara\u00e7\u00e3o da terra para a agricultura, no uso de fertilizantes e at\u00e9 na aquicultura. Os agricultores precisam de melhorar muitos dos m\u00e9todos antigos e a Agritech levar\u00e1 a ind\u00fastria para o futuro.<\/p>\n\n\n\n<h3 class=\"wp-block-heading p3\">Por que a Agritech \u00e9 importante?<\/h3>\n\n\n\n<p class=\"p4\">Produzir alimentos \u00e9 vital. Todos na Terra precisam comer! O n\u00famero de pessoas que vivem no planeta continua a crescer e cada pessoa precisa de alimentos.<span class=\"Apple-converted-space\">&nbsp;<\/span><\/p>\n\n\n\n<p class=\"p4\">Ainda assim, as coisas precisam mudar. Por que? Porque os agricultores n\u00e3o podem continuar com muitos dos m\u00e9todos agr\u00edcolas utilizados actualmente. Alguns s\u00e3o at\u00e9 prejudiciais. A Agritech fornece respostas para muitos dos problemas que enfrentamos hoje. Visa tamb\u00e9m prevenir os problemas alimentares que poderemos enfrentar no futuro. Assim, para cuidar do meio ambiente e dos nossos semelhantes, precisamos da Agritech.<\/p>\n\n\n\n<h2 class=\"wp-block-heading p3\">Principais cargos<\/h2>\n\n\n\n<figure class=\"gb-block-image gb-block-image-30b76141\"><img loading=\"lazy\" decoding=\"async\" width=\"1456\" height=\"816\" class=\"gb-image gb-image-30b76141\" src=\"https:\/\/www.sisinternational.com\/wp-content\/uploads\/2025\/08\/Agriculture-3.jpg\" alt=\"Pesquisa e Estrat\u00e9gia de Mercado Internacional da SIS\" title=\"Agriculture (3)\" srcset=\"https:\/\/www.sisinternational.com\/wp-content\/uploads\/2025\/08\/Agriculture-3.jpg 1456w, https:\/\/www.sisinternational.com\/wp-content\/uploads\/2025\/08\/Agriculture-3-300x168.jpg 300w, https:\/\/www.sisinternational.com\/wp-content\/uploads\/2025\/08\/Agriculture-3-1024x574.jpg 1024w, https:\/\/www.sisinternational.com\/wp-content\/uploads\/2025\/08\/Agriculture-3-768x430.jpg 768w, https:\/\/www.sisinternational.com\/wp-content\/uploads\/2025\/08\/Agriculture-3-18x10.jpg 18w\" sizes=\"auto, (max-width: 1456px) 100vw, 1456px\"><\/figure>\n\n\n\n<p><\/p>\n\n\n\n<p class=\"p4\">Muitas carreiras se unem na Agritech. \u00c9 necess\u00e1ria experi\u00eancia em agricultura e pecu\u00e1ria para algumas fun\u00e7\u00f5es. Mas muitos outros podem exigir habilidades em STEM ou neg\u00f3cios. \u00c0 medida que o campo se desenvolve, muitos mais cargos aparecer\u00e3o. Alguns dos principais cargos s\u00e3o:<\/p>\n\n\n\n<ul class=\"wp-block-list\">\n<li>Operador agr\u00edcola<\/li>\n\n\n\n<li>Operador Agritech<\/li>\n\n\n\n<li>Especialista em Agritech<\/li>\n\n\n\n<li>Gestor de projeto<\/li>\n\n\n\n<li>Analista de pesquisa<\/li>\n\n\n\n<li>Consultor de Inova\u00e7\u00e3o Agritech<\/li>\n\n\n\n<li>Consultor de Vendas\/Marketing<\/li>\n\n\n\n<li>Agr\u00f4nomo<\/li>\n\n\n\n<li>Especialista de Produto<\/li>\n<\/ul>\n\n\n\n<h2 class=\"wp-block-heading p3\">Por que as empresas precisam de pesquisas de mercado Agritech<\/h2>\n\n\n\n<p class=\"p4\">Aplicar pesticidas, fertilizantes e \u00e1gua uniformemente nos campos \u00e9 o padr\u00e3o antigo. Esse padr\u00e3o pode prejudicar a colheita e o meio ambiente. Em vez disso, com a Agritech, os agricultores podem visar por\u00e7\u00f5es de terra. Eles tamb\u00e9m podem usar as menores quantidades necess\u00e1rias. Eles podem at\u00e9 dar tratamentos diferentes para cada planta. As empresas agr\u00edcolas precisam da Agritech porque:<\/p>\n\n\n\n<ol class=\"wp-block-list ol1\">\n<li>Aumenta a produ\u00e7\u00e3o<\/li>\n\n\n\n<li>Reduz o impacto nos ecossistemas naturais<\/li>\n\n\n\n<li>Reduz os pre\u00e7os dos alimentos devido \u00e0 diminui\u00e7\u00e3o do uso de pesticidas, fertilizantes e \u00e1gua<\/li>\n\n\n\n<li>Aumenta a seguran\u00e7a do trabalhador<\/li>\n\n\n\n<li>Diminui o escoamento de produtos qu\u00edmicos para \u00e1guas subterr\u00e2neas e rios<\/li>\n<\/ol>\n\n\n\n<p><\/p>\n\n\n\n<!DOCTYPE html>\n<html lang=\"en\">\n<head>\n    <meta charset=\"UTF-8\">\n    <meta name=\"viewport\" content=\"width=device-width, initial-scale=1.0\">\n    <title>AI Blog Banner<\/title>\n    <style>\n        * {\n            margin: 0;\n            padding: 0;\n            box-sizing: border-box;\n        }\n\n        .banner {\n            position: relative;\n            width: 100%;\n            height: 350px;\n            overflow: hidden;\n            display: flex;\n            align-items: center;\n            justify-content: center;\n            font-family: 'Arial', sans-serif;\n            border-radius: 25px;\n        }\n\n        .animated-background {\n            position: absolute;\n            top: 0;\n            left: 0;\n            width: 100%;\n            height: 100%;\n            background: linear-gradient(45deg, #003f6b, #2d5a7b, #003f6b, #2d5a7b);\n            background-size: 400% 400%;\n            animation: gradientMove 8s ease-in-out infinite;\n        }\n\n        .ai-pattern {\n            position: absolute;\n            top: 0;\n            left: 0;\n            width: 100%;\n            height: 100%;\n            opacity: 0.1;\n            background-image: \n                radial-gradient(circle at 20% 20%, rgba(255,255,255,0.3) 2px, transparent 2px),\n                radial-gradient(circle at 80% 80%, rgba(255,255,255,0.2) 1px, transparent 1px),\n                radial-gradient(circle at 40% 60%, rgba(255,255,255,0.15) 1.5px, transparent 1.5px),\n                radial-gradient(circle at 60% 20%, rgba(255,255,255,0.25) 1px, transparent 1px),\n                radial-gradient(circle at 80% 40%, rgba(255,255,255,0.2) 2px, transparent 2px);\n            background-size: 100px 100px, 150px 150px, 80px 80px, 120px 120px, 90px 90px;\n            animation: patternFloat 12s linear infinite;\n        }\n\n        .neural-network {\n            position: absolute;\n            top: 0;\n            left: 0;\n            width: 100%;\n            height: 100%;\n            opacity: 0.08;\n        }\n\n        .neural-line {\n            position: absolute;\n            height: 1px;\n            background: linear-gradient(90deg, transparent, rgba(255,255,255,0.5), transparent);\n            animation: neuralPulse 6s ease-in-out infinite;\n        }\n\n        .neural-line:nth-child(1) {\n            top: 30%;\n            left: 0;\n            width: 60%;\n            animation-delay: 0s;\n        }\n\n        .neural-line:nth-child(2) {\n            top: 50%;\n            right: 0;\n            width: 70%;\n            animation-delay: 2s;\n        }\n\n        .neural-line:nth-child(3) {\n            top: 70%;\n            left: 20%;\n            width: 50%;\n            animation-delay: 4s;\n        }\n\n        .content {\n            position: relative;\n            z-index: 10;\n            text-align: center;\n            color: white !important;\n            max-width: 800px;\n            padding: 30px;\n        }\n\n        .content * {\n            color: white !important;\n        }\n\n        .cta-text {\n            font-size: 1.9rem;\n            font-weight: 700;\n            margin-bottom: 15px;\n            color: white !important;\n            background: linear-gradient(90deg, rgba(255,255,255,0.6), rgba(255,255,255,1), rgba(230,230,230,1), rgba(255,255,255,1), rgba(240,240,240,0.8), rgba(255,255,255,0.6));\n            background-size: 200% 100%;\n            -webkit-background-clip: text;\n            -webkit-text-fill-color: transparent;\n            background-clip: text;\n            animation: shineEffect 10s ease-in-out infinite;\n            line-height: 1.3;\n        }\n\n        .cta-subheading {\n            font-size: 1rem;\n            font-weight: 400;\n            margin-bottom: 25px;\n            color: white !important;\n            line-height: 1.6;\n            opacity: 0.95;\n        }\n\n        .cta-button {\n            background: linear-gradient(135deg, #8a6b0f, #bd9013, #d4a519);\n            border: 2px solid #8a6b0f;\n            color: white !important;\n            padding: 18px 40px;\n            font-size: 1.2rem;\n            font-weight: 600;\n            border-radius: 50px;\n            cursor: pointer;\n            transition: all 0.3s ease;\n            text-decoration: none;\n            display: inline-block;\n            position: relative;\n            overflow: hidden;\n        }\n\n        .cta-button::before {\n            content: '';\n            position: absolute;\n            top: 0;\n            left: -100%;\n            width: 100%;\n            height: 100%;\n            background: linear-gradient(90deg, \n                transparent 0%, \n                rgba(255, 255, 255, 0.3) 25%,\n                rgba(255, 255, 255, 0.6) 50%,\n                rgba(255, 255, 255, 0.3) 75%,\n                transparent 100%);\n            animation: shine 3s ease-in-out infinite;\n        }\n\n        .cta-button:hover {\n            transform: translateY(-3px);\n            box-shadow: 0 10px 25px rgba(0,0,0,0.2);\n            border-color: #bd9013;\n            background: linear-gradient(135deg, #bd9013, #d4a519, #e6b61f);\n        }\n\n        .floating-elements {\n            position: absolute;\n            top: 0;\n            left: 0;\n            width: 100%;\n            height: 100%;\n            pointer-events: none;\n        }\n\n        .floating-circle {\n            position: absolute;\n            border-radius: 50%;\n            background: rgba(255,255,255,0.1);\n            animation: float 8s ease-in-out infinite;\n        }\n\n        .floating-circle:nth-child(1) {\n            width: 80px;\n            height: 80px;\n            top: 20%;\n            left: 10%;\n            animation-delay: 0s;\n        }\n\n        .floating-circle:nth-child(2) {\n            width: 60px;\n            height: 60px;\n            top: 60%;\n            right: 15%;\n            animation-delay: 3s;\n        }\n\n        .floating-circle:nth-child(3) {\n            width: 40px;\n            height: 40px;\n            top: 80%;\n            left: 80%;\n            animation-delay: 6s;\n        }\n\n        .floating-circle:nth-child(4) {\n            width: 70px;\n            height: 70px;\n            top: 10%;\n            right: 20%;\n            animation-delay: 1.5s;\n        }\n\n        .floating-circle:nth-child(5) {\n            width: 50px;\n            height: 50px;\n            top: 75%;\n            left: 30%;\n            animation-delay: 4.5s;\n        }\n\n        @keyframes gradientMove {\n            0% { background-position: 0% 50%; }\n            25% { background-position: 100% 50%; }\n            50% { background-position: 100% 100%; }\n            75% { background-position: 0% 100%; }\n            100% { background-position: 0% 50%; }\n        }\n\n        @keyframes patternFloat {\n            0% { transform: translateX(0) translateY(0); }\n            33% { transform: translateX(30px) translateY(-20px); }\n            66% { transform: translateX(-20px) translateY(10px); }\n            100% { transform: translateX(0) translateY(0); }\n        }\n\n        @keyframes neuralPulse {\n            0%, 100% { opacity: 0.08; }\n            50% { opacity: 0.2; }\n        }\n\n        @keyframes shineEffect {\n            0% { background-position: 200% 0; }\n            100% { background-position: -200% 0; }\n        }\n\n        @keyframes shine {\n            0% {\n                left: -100%;\n            }\n            20%, 100% {\n                left: 100%;\n            }\n        }\n\n        @keyframes float {\n            0%, 100% { transform: translateY(0px) rotate(0deg); }\n            33% { transform: translateY(-30px) rotate(120deg); }\n            66% { transform: translateY(15px) rotate(240deg); }\n        }\n\n        @media (max-width: 768px) {\n            .banner {\n                height: 320px;\n                padding: 30px 0;\n            }\n            \n            .content {\n                padding: 40px 20px;\n            }\n            \n            .cta-text {\n                font-size: 1.3rem;\n                margin-bottom: 12px;\n            }\n            \n            .cta-subheading {\n                font-size: 0.85rem;\n                margin-bottom: 20px;\n            }\n            \n            .cta-button {\n                padding: 14px 28px;\n                font-size: 0.95rem;\n            }\n        }\n    <\/style>\n<\/head>\n<body>\n    <div class=\"banner\">\n        <div class=\"animated-background\"><\/div>\n        \n        <div class=\"ai-pattern\"><\/div>\n        \n        <div class=\"neural-network\">\n            <div class=\"neural-line\"><\/div>\n            <div class=\"neural-line\"><\/div>\n            <div class=\"neural-line\"><\/div>\n        <\/div>\n        \n        <div class=\"floating-elements\">\n            <div class=\"floating-circle\"><\/div>\n            <div class=\"floating-circle\"><\/div>\n            <div class=\"floating-circle\"><\/div>\n            <div class=\"floating-circle\"><\/div>\n            <div class=\"floating-circle\"><\/div>\n        <\/div>\n        \n        <div class=\"content\">\n            <div class=\"cta-text\">Ready to explore the insights that drive smarter decisions?<\/div>\n            <div class=\"cta-subheading\">Contact our Research experts today.<\/div>\n            <a href=\"mailto:Research@sisinternational.com\" class=\"cta-button\">Contact us now!<\/a>\n        <\/div>\n    <\/div>\n<\/body>\n<\/html>\n\n\n\n<p><\/p>\n\n\n\n<h3 class=\"wp-block-heading p3\">Principais fatores de sucesso<\/h3>\n\n\n\n<p class=\"p4\">Farmers need to keep a few things in mind to succeed in the Agritech field. For example, they need to be creative. Thus, coming up with good ideas that fix problems is the name of the game. Research is a big part of Agritech. If done well, one\u2019s business can thrive. Creating sensible solutions requires in-depth research. One needs to understand the problems and what is currently in demand. One also needs to narrow down the best way to meet these needs. Good marketing is essential to getting your products out there. Staying abreast with current issues in land management would enable one to keep a step ahead of the rest. Therefore, making efficient and safe systems will help one\u2019s business succeed.<\/p>\n\n\n\n<h2 class=\"wp-block-heading p3\">Sobre a Pesquisa de Mercado Agritech<\/h2>\n\n\n\n<figure class=\"gb-block-image gb-block-image-6d89d68c\"><img loading=\"lazy\" decoding=\"async\" width=\"1456\" height=\"816\" class=\"gb-image gb-image-6d89d68c\" src=\"https:\/\/www.sisinternational.com\/wp-content\/uploads\/2025\/08\/Agriculture-9.jpg\" alt=\"Pesquisa e Estrat\u00e9gia de Mercado Internacional da SIS\" title=\"Agriculture (9)\" srcset=\"https:\/\/www.sisinternational.com\/wp-content\/uploads\/2025\/08\/Agriculture-9.jpg 1456w, https:\/\/www.sisinternational.com\/wp-content\/uploads\/2025\/08\/Agriculture-9-300x168.jpg 300w, https:\/\/www.sisinternational.com\/wp-content\/uploads\/2025\/08\/Agriculture-9-1024x574.jpg 1024w, https:\/\/www.sisinternational.com\/wp-content\/uploads\/2025\/08\/Agriculture-9-768x430.jpg 768w, https:\/\/www.sisinternational.com\/wp-content\/uploads\/2025\/08\/Agriculture-9-18x10.jpg 18w\" sizes=\"auto, (max-width: 1456px) 100vw, 1456px\"><\/figure>\n\n\n\n<p><\/p>\n\n\n\n<p class=\"p5\">O campo da Agritech est\u00e1 crescendo rapidamente. Ainda assim, h\u00e1 muito espa\u00e7o para muito mais crescimento. A pesquisa \u00e9 a for\u00e7a motriz por tr\u00e1s deste campo. Novas ideias precisam de pesquisa. S\u00f3 ent\u00e3o os produtos tamb\u00e9m poder\u00e3o ter sucesso. Devido a isso, existem muitos tipos de pesquisa neste campo. Os exemplos incluem pesquisas quantitativas, qualitativas e estrat\u00e9gicas. Os pesquisadores tamb\u00e9m usam entrevistas, pesquisas, grupos focais e experimentos.<\/p>\n\n\n<h2>Localiza\u00e7\u00e3o de nossas instala\u00e7\u00f5es em Nova York<\/h2>\n<p><!-- \/wp:post-content --> <!-- wp:html --> <iframe loading=\"lazy\" src=\"https:\/\/www.google.com\/maps\/embed?pb=!1m18!1m12!1m3!1d3022.976188376966!2d-73.99130312499956!3d40.740549471389315!2m3!1f0!2f0!3f0!3m2!1i1024!2i768!4f13.1!3m3!1m2!1s0x89c259a15798c731%3A0xd695d09bdd495f25!2s11%20E%2022nd%20St%20FL%202%2C%20New%20York%2C%20NY%2010010%2C%20USA!5e0!3m2!1sen!2spe!4v1726171763526!5m2!1sen!2spe\" width=\"600\" height=\"450\" allowfullscreen=\"allowfullscreen\" data-mce-fragment=\"1\"><\/iframe> <!-- \/wp:html --> <!-- wp:paragraph --><\/p>\n<h3 class=\"wp-block-heading\">11 E 22nd Street, andar 2, Nova York, NY 10010 T: +1(212) 505-6805<\/h3>\n<hr \/>\n<h2><span style=\"font-weight: 400;\">Sobre SIS Internacional<\/span><\/h2>\n<p><a href=\"https:\/\/www.sisinternational.com\/pt\/\"><span style=\"font-weight: 400;\">SIS Internacional<\/span><\/a><span style=\"font-weight: 400;\"> oferece pesquisa quantitativa, qualitativa e estrat\u00e9gica. Fornecemos dados, ferramentas, estrat\u00e9gias, relat\u00f3rios e insights para a tomada de decis\u00f5es. Tamb\u00e9m realizamos entrevistas, pesquisas, grupos focais e outros m\u00e9todos e abordagens de Pesquisa de Mercado.<\/span><a href=\"https:\/\/www.sisinternational.com\/pt\/sobre-a-sis-international-research\/contact-sis-international-market-research\/\"><span style=\"font-weight: 400;\"> Entre em contato conosco<\/span><\/a><span style=\"font-weight: 400;\"> para o seu pr\u00f3ximo projeto de pesquisa de mercado.<\/span><\/p>\n<p>\u00a0<\/p>","protected":false},"excerpt":{"rendered":"<p>Ao melhorar ou descartar m\u00e9todos agr\u00edcolas antigos e prejudiciais com a Agritech, os agricultores conduzir\u00e3o a ind\u00fastria para um futuro limpo e sustent\u00e1vel.<\/p>","protected":false},"author":1,"featured_media":63125,"parent":14514,"menu_order":98,"comment_status":"closed","ping_status":"closed","template":"","meta":{"footnotes":""},"class_list":["post-39800","page","type-page","status-publish","has-post-thumbnail"],"_links":{"self":[{"href":"https:\/\/www.sisinternational.com\/pt\/wp-json\/wp\/v2\/pages\/39800","targetHints":{"allow":["GET"]}}],"collection":[{"href":"https:\/\/www.sisinternational.com\/pt\/wp-json\/wp\/v2\/pages"}],"about":[{"href":"https:\/\/www.sisinternational.com\/pt\/wp-json\/wp\/v2\/types\/page"}],"author":[{"embeddable":true,"href":"https:\/\/www.sisinternational.com\/pt\/wp-json\/wp\/v2\/users\/1"}],"replies":[{"embeddable":true,"href":"https:\/\/www.sisinternational.com\/pt\/wp-json\/wp\/v2\/comments?post=39800"}],"version-history":[{"count":7,"href":"https:\/\/www.sisinternational.com\/pt\/wp-json\/wp\/v2\/pages\/39800\/revisions"}],"predecessor-version":[{"id":73432,"href":"https:\/\/www.sisinternational.com\/pt\/wp-json\/wp\/v2\/pages\/39800\/revisions\/73432"}],"up":[{"embeddable":true,"href":"https:\/\/www.sisinternational.com\/pt\/wp-json\/wp\/v2\/pages\/14514"}],"wp:featuredmedia":[{"embeddable":true,"href":"https:\/\/www.sisinternational.com\/pt\/wp-json\/wp\/v2\/media\/63125"}],"wp:attachment":[{"href":"https:\/\/www.sisinternational.com\/pt\/wp-json\/wp\/v2\/media?parent=39800"}],"curies":[{"name":"wp","href":"https:\/\/api.w.org\/{rel}","templated":true}]}}